{"id":21237,"date":"2025-01-07T13:31:08","date_gmt":"2025-01-07T12:31:08","guid":{"rendered":"https:\/\/www.ada.at\/?post_type=product&#038;p=21237"},"modified":"2025-11-17T10:33:35","modified_gmt":"2025-11-17T09:33:35","slug":"lattenrost-2548","status":"publish","type":"product","link":"https:\/\/www.ada.at\/hu\/produkte\/alvas\/agyracsok\/lattenrost-2548\/","title":{"rendered":"2548"},"content":{"rendered":"<p><div class=\"fusion-fullwidth fullwidth-box fusion-builder-row-1 fusion-flex-container has-pattern-background has-mask-background nonhundred-percent-fullwidth non-hundred-percent-height-scrolling\" style=\"--awb-border-radius-top-left:0px;--awb-border-radius-top-right:0px;--awb-border-radius-bottom-right:0px;--awb-border-radius-bottom-left:0px;--awb-flex-wrap:wrap;\" ><div class=\"fusion-builder-row fusion-row fusion-flex-align-items-flex-start fusion-flex-content-wrap\" style=\"max-width:1248px;margin-left: calc(-4% \/ 2 );margin-right: calc(-4% \/ 2 );\"><div class=\"fusion-layout-column fusion_builder_column fusion-builder-column-0 fusion_builder_column_1_1 1_1 fusion-flex-column\" style=\"--awb-bg-size:cover;--awb-width-large:100%;--awb-margin-top-large:0px;--awb-spacing-right-large:1.92%;--awb-margin-bottom-large:20px;--awb-spacing-left-large:1.92%;--awb-width-medium:100%;--awb-order-medium:0;--awb-spacing-right-medium:1.92%;--awb-spacing-left-medium:1.92%;--awb-width-small:100%;--awb-order-small:0;--awb-spacing-right-small:1.92%;--awb-spacing-left-small:1.92%;\"><div class=\"fusion-column-wrapper fusion-column-has-shadow fusion-flex-justify-content-flex-start fusion-content-layout-column\"><div class=\"fusion-separator fusion-full-width-sep\" style=\"align-self: center;margin-left: auto;margin-right: auto;width:100%;\"><\/div><\/div><\/div><\/div><\/div><div class=\"fusion-fullwidth fullwidth-box fusion-builder-row-2 fusion-flex-container has-pattern-background has-mask-background nonhundred-percent-fullwidth non-hundred-percent-height-scrolling\" style=\"--awb-border-radius-top-left:0px;--awb-border-radius-top-right:0px;--awb-border-radius-bottom-right:0px;--awb-border-radius-bottom-left:0px;--awb-flex-wrap:wrap;\" ><div class=\"fusion-builder-row fusion-row fusion-flex-align-items-flex-start fusion-flex-content-wrap\" style=\"max-width:1248px;margin-left: calc(-4% \/ 2 );margin-right: calc(-4% \/ 2 );\"><div class=\"fusion-layout-column fusion_builder_column fusion-builder-column-1 fusion_builder_column_1_1 1_1 fusion-flex-column\" style=\"--awb-bg-size:cover;--awb-width-large:100%;--awb-margin-top-large:0px;--awb-spacing-right-large:1.92%;--awb-margin-bottom-large:20px;--awb-spacing-left-large:1.92%;--awb-width-medium:100%;--awb-order-medium:0;--awb-spacing-right-medium:1.92%;--awb-spacing-left-medium:1.92%;--awb-width-small:100%;--awb-order-small:0;--awb-spacing-right-small:1.92%;--awb-spacing-left-small:1.92%;\"><div class=\"fusion-column-wrapper fusion-column-has-shadow fusion-flex-justify-content-flex-start fusion-content-layout-column\"><div class=\"fusion-text fusion-text-1\"><p>Die Serie hat aber noch mehr zu bieten: Taillierte Latten in der Schulterzone. Warum ist das wichtig? Ganz einfach \u2013 taillierte Latten sind flexibler und passen sich besser an deinen K\u00f6rper an. Gerade in der Schulterzone bedeutet das mehr Bewegungsfreiheit und weniger Druckpunkte, wenn du seitlich liegst. So wirst du optimal gest\u00fctzt, der Druck verteilt und du wachst erholter auf.<\/p>\n<p>Und dann gibt es da noch die stufenlose H\u00e4rteverstellung im Beckenbereich. Damit kannst du die Festigkeit in diesem Bereich genau so einstellen, wie es f\u00fcr deinen R\u00fccken am angenehmsten ist. Dadurch bleibt deine Wirbels\u00e4ule auch im Schlaf in ihrer nat\u00fcrlichen Position. Mehr oder weniger St\u00fctze? Dein Lattenrost macht individuell mit.<\/p>\n<p>Die Lattenrostserie 2548 ist in verschiedenen Ausf\u00fchrungen erh\u00e4ltlich \u2013 fix, manuell oder motorisch verstellbar \u2013 f\u00fcr jenen Komfort, den du dir w\u00fcnschst.<\/p>\n<\/div><\/div><\/div><\/div><\/div><div class=\"fusion-fullwidth fullwidth-box fusion-builder-row-3 fusion-flex-container has-pattern-background has-mask-background nonhundred-percent-fullwidth non-hundred-percent-height-scrolling\" style=\"--awb-border-radius-top-left:0px;--awb-border-radius-top-right:0px;--awb-border-radius-bottom-right:0px;--awb-border-radius-bottom-left:0px;--awb-padding-top:50px;--awb-padding-bottom:50px;--awb-padding-left:0px;--awb-background-color:var(--awb-color6);--awb-flex-wrap:wrap;\" ><div class=\"fusion-builder-row fusion-row fusion-flex-align-items-flex-start fusion-flex-content-wrap\" style=\"max-width:1248px;margin-left: calc(-4% \/ 2 );margin-right: calc(-4% \/ 2 );\"><div class=\"fusion-layout-column fusion_builder_column fusion-builder-column-2 fusion_builder_column_1_1 1_1 fusion-flex-column\" style=\"--awb-bg-size:cover;--awb-width-large:100%;--awb-margin-top-large:0px;--awb-spacing-right-large:1.92%;--awb-margin-bottom-large:20px;--awb-spacing-left-large:1.92%;--awb-width-medium:100%;--awb-order-medium:0;--awb-spacing-right-medium:1.92%;--awb-spacing-left-medium:1.92%;--awb-width-small:100%;--awb-order-small:0;--awb-spacing-right-small:1.92%;--awb-spacing-left-small:1.92%;\"><div class=\"fusion-column-wrapper fusion-column-has-shadow fusion-flex-justify-content-flex-start fusion-content-layout-column\"><div class=\"accordian fusion-accordian\" style=\"--awb-border-size:1px;--awb-icon-size:16px;--awb-content-font-size:var(--awb-typography4-font-size);--awb-icon-alignment:right;--awb-hover-color:var(--awb-color2);--awb-border-color:var(--awb-color3);--awb-background-color:var(--awb-color1);--awb-divider-color:var(--awb-color3);--awb-divider-hover-color:var(--awb-color3);--awb-icon-color:var(--awb-color5);--awb-title-color:var(--awb-color5);--awb-content-color:var(--awb-color5);--awb-icon-box-color:var(--awb-color8);--awb-toggle-hover-accent-color:var(--awb-color5);--awb-toggle-active-accent-color:var(--awb-color5);--awb-title-font-family:&quot;sofia-pro&quot;;--awb-title-font-weight:700;--awb-title-font-style:normal;--awb-title-font-size:16px;--awb-content-font-family:&quot;sofia-pro&quot;;--awb-content-font-style:normal;--awb-content-font-weight:400;\"><div class=\"panel-group fusion-toggle-icon-right fusion-toggle-icon-unboxed\" id=\"accordion-21237-1\"><div class=\"fusion-panel panel-default panel-8d24e264a4b2ec282 fusion-toggle-has-divider\" style=\"--awb-title-color:var(--awb-color8);--awb-content-color:var(--awb-color8);\"><div class=\"panel-heading\"><h3 class=\"panel-title toggle\" id=\"toggle_8d24e264a4b2ec282\"><a aria-expanded=\"false\" aria-controls=\"8d24e264a4b2ec282\" role=\"button\" data-toggle=\"collapse\" data-parent=\"#accordion-21237-1\" data-target=\"#8d24e264a4b2ec282\" href=\"#8d24e264a4b2ec282\"><span class=\"fusion-toggle-icon-wrapper\" aria-hidden=\"true\"><i class=\"fa-fusion-box active-icon fa-angle-up fas\" aria-hidden=\"true\"><\/i><i class=\"fa-fusion-box inactive-icon fa-angle-down fas\" aria-hidden=\"true\"><\/i><\/span><span class=\"fusion-toggle-heading\">Lattenrostvarianten<\/span><\/a><\/h3><\/div><div id=\"8d24e264a4b2ec282\" class=\"panel-collapse collapse \" aria-labelledby=\"toggle_8d24e264a4b2ec282\"><div class=\"panel-body toggle-content fusion-clearfix\">\n<ul>\n<li>2548 NV: fixe Variante; H\u00f6he: 8 cm<\/li>\n<li>2548 KF: Kopf- und Fu\u00dfteil h\u00e4ndisch verstellbar; H\u00f6he: 9 cm<\/li>\n<li>2548 MO: mit Motor &amp; Funkfernbedienung; H\u00f6he: 10 cm<\/li>\n<\/ul>\n<\/div><\/div><\/div><div class=\"fusion-panel panel-default panel-ee64bec6e9293e0ea fusion-toggle-has-divider\" style=\"--awb-title-color:var(--awb-color8);--awb-content-color:var(--awb-color8);\"><div class=\"panel-heading\"><h3 class=\"panel-title toggle\" id=\"toggle_ee64bec6e9293e0ea\"><a aria-expanded=\"false\" aria-controls=\"ee64bec6e9293e0ea\" role=\"button\" data-toggle=\"collapse\" data-parent=\"#accordion-21237-1\" data-target=\"#ee64bec6e9293e0ea\" href=\"#ee64bec6e9293e0ea\"><span class=\"fusion-toggle-icon-wrapper\" aria-hidden=\"true\"><i class=\"fa-fusion-box active-icon fa-angle-up fas\" aria-hidden=\"true\"><\/i><i class=\"fa-fusion-box inactive-icon fa-angle-down fas\" aria-hidden=\"true\"><\/i><\/span><span class=\"fusion-toggle-heading\">Ma\u00dfe<\/span><\/a><\/h3><\/div><div id=\"ee64bec6e9293e0ea\" class=\"panel-collapse collapse \" aria-labelledby=\"toggle_ee64bec6e9293e0ea\"><div class=\"panel-body toggle-content fusion-clearfix\">\n<ul>\n<li>Standardma\u00dfe: 80\/90\/100\/120\/140 x 190\/200 cm<br \/>\nLattenrost 2548 MO in 140 x 190\/200 nicht erh\u00e4ltlich<\/li>\n<li>Sonderma\u00dfe auf Anfrage<\/li>\n<\/ul>\n<\/div><\/div><\/div><\/div><\/div><\/div><\/div><\/div><\/div><div class=\"fusion-fullwidth fullwidth-box fusion-builder-row-4 fusion-flex-container has-pattern-background has-mask-background nonhundred-percent-fullwidth non-hundred-percent-height-scrolling cp-textlogos\" style=\"--awb-border-radius-top-left:0px;--awb-border-radius-top-right:0px;--awb-border-radius-bottom-right:0px;--awb-border-radius-bottom-left:0px;--awb-padding-top:50px;--awb-padding-bottom:50px;--awb-flex-wrap:wrap;\" ><div class=\"fusion-builder-row fusion-row fusion-flex-align-items-center fusion-flex-justify-content-center fusion-flex-content-wrap\" style=\"max-width:1248px;margin-left: calc(-4% \/ 2 );margin-right: calc(-4% \/ 2 );\"><div class=\"fusion-layout-column fusion_builder_column fusion-builder-column-3 fusion_builder_column_1_3 1_3 fusion-flex-column fusion-flex-align-self-flex-start\" style=\"--awb-bg-color:var(--awb-color1);--awb-bg-color-hover:var(--awb-color1);--awb-bg-size:cover;--awb-width-large:33.333333333333%;--awb-margin-top-large:0px;--awb-spacing-right-large:5.76%;--awb-margin-bottom-large:20px;--awb-spacing-left-large:5.76%;--awb-width-medium:33.333333333333%;--awb-order-medium:0;--awb-spacing-right-medium:5.76%;--awb-spacing-left-medium:5.76%;--awb-width-small:100%;--awb-order-small:0;--awb-spacing-right-small:1.92%;--awb-spacing-left-small:1.92%;\" data-scroll-devices=\"small-visibility,medium-visibility,large-visibility\"><div class=\"fusion-column-wrapper fusion-column-has-shadow fusion-flex-justify-content-flex-start fusion-content-layout-column\"><div class=\"fusion-title title fusion-title-1 fusion-sep-none fusion-title-text fusion-title-size-two\" style=\"--awb-text-color:var(--awb-color5);--awb-margin-top-small:10px;--awb-margin-right-small:0px;--awb-margin-bottom-small:10px;--awb-margin-left-small:0px;\"><h2 class=\"fusion-title-heading title-heading-left\" style=\"margin:0;\"><strong>Aufeinander abgestimmt<\/strong><\/h2><\/div><\/div><\/div><div class=\"fusion-layout-column fusion_builder_column fusion-builder-column-4 fusion_builder_column_2_3 2_3 fusion-flex-column fusion-flex-align-self-flex-start\" style=\"--awb-bg-size:cover;--awb-width-large:66.666666666667%;--awb-margin-top-large:0px;--awb-spacing-right-large:2.88%;--awb-margin-bottom-large:20px;--awb-spacing-left-large:2.88%;--awb-width-medium:66.666666666667%;--awb-order-medium:0;--awb-spacing-right-medium:2.88%;--awb-spacing-left-medium:2.88%;--awb-width-small:100%;--awb-order-small:0;--awb-spacing-right-small:1.92%;--awb-spacing-left-small:1.92%;\" data-scroll-devices=\"small-visibility,medium-visibility,large-visibility\"><div class=\"fusion-column-wrapper fusion-column-has-shadow fusion-flex-justify-content-flex-start fusion-content-layout-column\"><div class=\"fusion-text fusion-text-2\" style=\"--awb-text-color:var(--awb-color5);\"><p>Hier treffen sich zwei: Zur Lattenrostserie 2548 empfehlen wir die <a href=\"https:\/\/www.ada.at\/hu\/?post_type=product&#038;p=21439\">Matratze LENITAS KS oder TF<\/a>. Die Matratze passt sich durch die aktive Schulterkomfortzone in diesem Bereich optimal an. So entsteht ein idealer Schlafkomfort f\u00fcr Menschen mit breiten Schultern, die gerne in Seitenlage schlafen. Tipp: Die zwei sind als Kombi wunderbar aufeinander abgestimmt \u2013 funktionieren aber auch einzeln bestens.<\/p>\n<\/div><\/div><\/div><\/div><\/div><div class=\"fusion-fullwidth fullwidth-box fusion-builder-row-5 fusion-flex-container has-pattern-background has-mask-background nonhundred-percent-fullwidth non-hundred-percent-height-scrolling fusion-no-small-visibility cp-vergleichstabelle top100 bottom100\" style=\"--awb-border-radius-top-left:0px;--awb-border-radius-top-right:0px;--awb-border-radius-bottom-right:0px;--awb-border-radius-bottom-left:0px;--awb-flex-wrap:wrap;\" ><div class=\"fusion-builder-row fusion-row fusion-flex-align-items-flex-start fusion-flex-content-wrap\" style=\"max-width:1248px;margin-left: calc(-4% \/ 2 );margin-right: calc(-4% \/ 2 );\"><div class=\"fusion-layout-column fusion_builder_column fusion-builder-column-5 fusion_builder_column_1_1 1_1 fusion-flex-column table-compare-hl\" style=\"--awb-bg-size:cover;--awb-width-large:100%;--awb-margin-top-large:0px;--awb-spacing-right-large:1.92%;--awb-margin-bottom-large:20px;--awb-spacing-left-large:1.92%;--awb-width-medium:100%;--awb-order-medium:0;--awb-spacing-right-medium:1.92%;--awb-spacing-left-medium:1.92%;--awb-width-small:100%;--awb-order-small:0;--awb-spacing-right-small:1.92%;--awb-spacing-left-small:1.92%;\" data-scroll-devices=\"small-visibility,medium-visibility,large-visibility\"><div class=\"fusion-column-wrapper fusion-column-has-shadow fusion-flex-justify-content-flex-start fusion-content-layout-column\"><div class=\"fusion-title title fusion-title-2 fusion-sep-none fusion-title-center fusion-title-text fusion-title-size-three\" style=\"--awb-text-color:var(--awb-color5);--awb-margin-top-small:10px;--awb-margin-right-small:0px;--awb-margin-bottom-small:10px;--awb-margin-left-small:0px;\"><h3 class=\"fusion-title-heading title-heading-center\" style=\"margin:0;\">Vergleiche das Lattenrost 2548 mit weiteren Produkten<\/h3><\/div><\/div><\/div><div class=\"fusion-layout-column fusion_builder_column fusion-builder-column-6 fusion_builder_column_1_1 1_1 fusion-flex-column table-compare-box\" style=\"--awb-bg-size:cover;--awb-width-large:100%;--awb-margin-top-large:0px;--awb-spacing-right-large:1.92%;--awb-margin-bottom-large:20px;--awb-spacing-left-large:1.92%;--awb-width-medium:100%;--awb-order-medium:0;--awb-spacing-right-medium:1.92%;--awb-spacing-left-medium:1.92%;--awb-width-small:100%;--awb-order-small:0;--awb-spacing-right-small:1.92%;--awb-spacing-left-small:1.92%;\" data-scroll-devices=\"small-visibility,medium-visibility,large-visibility\"><div class=\"fusion-column-wrapper fusion-column-has-shadow fusion-flex-justify-content-flex-start fusion-content-layout-column\">\n<div class=\"table-1 table-compare\">\n<table style=\"width: 100%; height: 552px;\" width=\"100%\">\n<thead>\n<tr style=\"height: 87px;\">\n<th style=\"width: 11.4065%; height: 87px;\" align=\"left\"><\/th>\n<th style=\"width: 20.3259%; height: 87px;\" align=\"left\"><img decoding=\"async\" class=\"alignnone wp-image-8616 size-full\" src=\"https:\/\/www.ada.at\/wp-content\/uploads\/2023\/11\/Hochwertiger-Lattenrost-2562-von-ADA-.-Mindful-Living-\u2013-100-in-Europa-gefertigt.jpg\" alt=\"Hochwertiger Lattenrost 2562 von ADA . Mindful Living \u2013 100% in Europa gefertigt\" width=\"300\" height=\"150\" \/><\/th>\n<th style=\"width: 37.2984%; height: 87px;\" align=\"left\"><img decoding=\"async\" class=\"alignnone wp-image-8615 size-full\" src=\"https:\/\/www.ada.at\/wp-content\/uploads\/2023\/11\/ADA-.-Mindful-Living-Lattenrost-2654-\u2013-Oesterreichische-Qualitaet-fuer-Ihr-Bett.jpg\" alt=\"ADA . Mindful Living Lattenrost 2654 \u2013 \u00d6sterreichische Qualit\u00e4t f\u00fcr Ihr Bett\" width=\"300\" height=\"150\" \/><\/th>\n<th style=\"width: 29.9401%; height: 87px;\" align=\"left\"><img decoding=\"async\" class=\"alignnone wp-image-8617 size-full\" src=\"https:\/\/www.ada.at\/wp-content\/uploads\/2023\/11\/Moderner-und-langlebiger-Lattenrost-STARFLEX-von-ADA-.-Mindful-Living-\u2013-Fuer-gesunden-Schlaf.jpg\" alt=\"Moderner und langlebiger Lattenrost STARFLEX von ADA . Mindful Living \u2013 F\u00fcr gesunden Schlaf\" width=\"300\" height=\"150\" \/><\/th>\n<\/tr>\n<\/thead>\n<tbody>\n<tr style=\"height: 24px;\">\n<td style=\"width: 11.4065%; height: 24px;\" align=\"left\"><strong>Modell<\/strong><\/td>\n<td style=\"width: 20.3259%; height: 24px;\" align=\"left\">2548<\/td>\n<td style=\"width: 37.2984%; height: 24px;\" align=\"left\">2564<\/td>\n<td style=\"width: 29.9401%; height: 24px;\" align=\"left\">Starflex<\/td>\n<\/tr>\n<tr style=\"height: 216px;\">\n<td style=\"width: 11.4065%; height: 216px;\"><strong>Kurzbeschreibung<\/strong><\/td>\n<td style=\"width: 20.3259%; height: 216px;\">Der Lattenrost 2548 hat eine gepolsterte Kopfteilplatte. Sie bietet deinem Kopf und Nacken extra St\u00fctze. Taillierte Latten in der Schulterzone sorgen f\u00fcr mehr Bewegungsfreiheit und weniger Druckpunkte in der seitlichen Lage.<\/td>\n<td style=\"width: 37.2984%; height: 216px;\">Der Lattenrost 2564 ist ideal f\u00fcr einen schwungvollen Einstieg ins Bett, mit Latten, die \u00fcber den Rahmen hinausragen und so eine gr\u00f6\u00dfere Federungsfl\u00e4che bieten. Dies erm\u00f6glicht ein besseres Federn und sanftes Schwingen, was den Liegekomfort steigert. Das Doppellatt-System reagiert auf verschiedene K\u00f6rperzonen wie Schulter, R\u00fccken und Becken, verteilt Druck gleichm\u00e4\u00dfiger und f\u00f6rdert eine angenehme K\u00f6rperbalance. Der Lattenrost bietet zudem die Option eines h\u00e4ndisch oder elektrisch verstellbaren Kopf- und Fu\u00dfbereichs.<\/td>\n<td style=\"width: 29.9401%; height: 216px;\">Der Lattenrost STARFLEX bietet herausragende Flexibilit\u00e4t und unterst\u00fctzt eine ergonomisch ideale K\u00f6rperhaltung, insbesondere f\u00fcr Seitenschl\u00e4fer mit breiten Schultern. Die innovative Nackenrast-Hochstellung erm\u00f6glicht es, den Kopf- und Nackenbereich manuell oder elektrisch anzuheben, um die Wirbels\u00e4ule auch in Seitenlage gerade zu halten. Diese Funktion kann bei Bedarf angepasst oder deaktiviert werden. Zus\u00e4tzlich bietet STARFLEX die M\u00f6glichkeit, Kopf- und Fu\u00dfbereiche individuell, entweder manuell oder elektrisch, zu verstellen.<\/td>\n<\/tr>\n<tr style=\"height: 176px;\">\n<td style=\"height: 176px;\"><strong>Besonderheiten<\/strong><\/td>\n<td style=\"height: 176px;\">\n<ul>\n<li>3 Varianten: fix, manuell oder motorisch verstellbar<\/li>\n<li>H\u00e4rtegradeinstellung im Beckenbereich<\/li>\n<li>Mit gepolsterter Kopfteilplatte f\u00fcr mehr St\u00fctze<\/li>\n<li>Taillierte Latten im Schulterbereich f\u00fcr mehr Flexibilit\u00e4t<\/li>\n<\/ul>\n<\/td>\n<td style=\"height: 176px;\">\n<ul>\n<li>Holm\u00fcberragende Latten<\/li>\n<li>H\u00e4rteverstellung beim Becken<\/li>\n<li>Kopf- und Fu\u00dfteil: starr oder flexibel<\/li>\n<\/ul>\n<\/td>\n<td style=\"height: 176px;\">\n<ul>\n<li>Sehr flexibler Schlafkomfort<\/li>\n<li>Mit Nackenrast-Hochstellung<\/li>\n<li>H\u00e4rteverstellung beim Becken<\/li>\n<\/ul>\n<\/td>\n<\/tr>\n<tr style=\"height: 24px;\">\n<td style=\"width: 11.4065%; height: 24px;\"><\/td>\n<td style=\"width: 20.3259%; height: 24px;\"><\/td>\n<td style=\"width: 37.2984%; height: 24px; text-align: left;\"><a class=\"button\" href=\"https:\/\/www.ada.at\/hu\/produkte\/alvas\/agyracsok\/agyracsok-2564\/\">Zum Produkt<\/a><\/td>\n<td style=\"width: 29.9401%; height: 24px; text-align: left;\"><a class=\"button\" href=\"https:\/\/www.ada.at\/hu\/produkte\/alvas\/agyracsok\/starflex\/\">Zum Produkt<\/a><\/td>\n<\/tr>\n<\/tbody>\n<\/table>\n<\/div>\n<\/div><\/div><\/div><\/div><\/p>\n","protected":false},"excerpt":{"rendered":"<p>Schlaf ist mehr als nur eine Pause \u2013 es ist die Basis f\u00fcr Wohlbefinden und Gesundheit. Damit du dich gut erholen kannst, spielt auch der richtige Lattenrost eine wichtige Rolle. Was macht hier die Lattenrostserie 2548 so besonders? Ganz klar: die gepolsterte Kopfteilplatte! Sie bietet deinem Kopf und Nacken extra St\u00fctze \u2013 mehr als standardisierte Latten. Ob du abends ein Buch liest, am Morgen einfach noch ein paar Extra-Minuten entspannen willst oder einfach schl\u00e4fst \u2013 diese Platte gibt dir den passenden Halt.<\/p>\n<ul>\n<li>Mit gepolsterter Kopfteilplatte f\u00fcr mehr St\u00fctze<\/li>\n<li>Taillierte Latten im Schulterbereich f\u00fcr mehr Flexibilit\u00e4t<\/li>\n<li>H\u00e4rtegradeinstellung im Beckenbereich<\/li>\n<li>3 Varianten: fix, manuell oder motorisch verstellbar<\/li>\n<\/ul>\n","protected":false},"featured_media":21239,"template":"","meta":{"_acf_changed":false},"product_brand":[],"product_cat":[571,551],"product_tag":[575,576,577,578,579,573,574,572,580,582,581],"class_list":{"0":"post-21237","1":"product","2":"type-product","3":"status-publish","4":"has-post-thumbnail","6":"product_cat-agyracsok","7":"product_cat-alvas","8":"product_tag-100cm-hu","9":"product_tag-120cm-hu-2","10":"product_tag-140cm-hu-3","11":"product_tag-190cm-hu-2","12":"product_tag-200cm-hu-3","13":"product_tag-80cm-hu","14":"product_tag-90cm-hu","15":"product_tag-agyracsok","16":"product_tag-allithato-fej-es-labzona","17":"product_tag-kemenyseg-beallitasa","18":"product_tag-motorral-allithato-hu","19":"post-status-publish","21":"first","22":"instock","23":"shipping-taxable","24":"product-type-simple","25":"add-to-wishlist-before_image"},"acf":[],"_links":{"self":[{"href":"https:\/\/www.ada.at\/hu\/wp-json\/wp\/v2\/product\/21237","targetHints":{"allow":["GET"]}}],"collection":[{"href":"https:\/\/www.ada.at\/hu\/wp-json\/wp\/v2\/product"}],"about":[{"href":"https:\/\/www.ada.at\/hu\/wp-json\/wp\/v2\/types\/product"}],"version-history":[{"count":4,"href":"https:\/\/www.ada.at\/hu\/wp-json\/wp\/v2\/product\/21237\/revisions"}],"predecessor-version":[{"id":24029,"href":"https:\/\/www.ada.at\/hu\/wp-json\/wp\/v2\/product\/21237\/revisions\/24029"}],"wp:featuredmedia":[{"embeddable":true,"href":"https:\/\/www.ada.at\/hu\/wp-json\/wp\/v2\/media\/21239"}],"wp:attachment":[{"href":"https:\/\/www.ada.at\/hu\/wp-json\/wp\/v2\/media?parent=21237"}],"wp:term":[{"taxonomy":"product_brand","embeddable":true,"href":"https:\/\/www.ada.at\/hu\/wp-json\/wp\/v2\/product_brand?post=21237"},{"taxonomy":"product_cat","embeddable":true,"href":"https:\/\/www.ada.at\/hu\/wp-json\/wp\/v2\/product_cat?post=21237"},{"taxonomy":"product_tag","embeddable":true,"href":"https:\/\/www.ada.at\/hu\/wp-json\/wp\/v2\/product_tag?post=21237"}],"curies":[{"name":"wp","href":"https:\/\/api.w.org\/{rel}","templated":true}]}}