{"id":15293,"date":"2023-07-20T18:41:34","date_gmt":"2023-07-20T16:41:34","guid":{"rendered":"https:\/\/www.ada.at\/produkte\/nem-kategorizalt\/roris\/"},"modified":"2025-09-22T10:40:29","modified_gmt":"2025-09-22T08:40:29","slug":"roris","status":"publish","type":"product","link":"https:\/\/www.ada.at\/hu\/produkte\/alvas\/agyak\/roris\/","title":{"rendered":"Roris"},"content":{"rendered":"<p><div class=\"fusion-fullwidth fullwidth-box fusion-builder-row-1 fusion-flex-container has-pattern-background has-mask-background nonhundred-percent-fullwidth non-hundred-percent-height-scrolling top50 bottom-200\" style=\"--awb-border-radius-top-left:0px;--awb-border-radius-top-right:0px;--awb-border-radius-bottom-right:0px;--awb-border-radius-bottom-left:0px;--awb-padding-bottom:90px;--awb-flex-wrap:wrap;\" ><div class=\"fusion-builder-row fusion-row fusion-flex-align-items-flex-start fusion-flex-content-wrap\" style=\"max-width:1248px;margin-left: calc(-4% \/ 2 );margin-right: calc(-4% \/ 2 );\"><div class=\"fusion-layout-column fusion_builder_column fusion-builder-column-0 fusion_builder_column_1_1 1_1 fusion-flex-column\" style=\"--awb-bg-size:cover;--awb-width-large:100%;--awb-margin-top-large:0px;--awb-spacing-right-large:1.92%;--awb-margin-bottom-large:20px;--awb-spacing-left-large:1.92%;--awb-width-medium:100%;--awb-order-medium:0;--awb-spacing-right-medium:1.92%;--awb-spacing-left-medium:1.92%;--awb-width-small:100%;--awb-order-small:0;--awb-spacing-right-small:1.92%;--awb-spacing-left-small:1.92%;\"><div class=\"fusion-column-wrapper fusion-column-has-shadow fusion-flex-justify-content-flex-start fusion-content-layout-column\"><div class=\"fusion-image-element \" style=\"--awb-caption-title-font-family:var(--h2_typography-font-family);--awb-caption-title-font-weight:var(--h2_typography-font-weight);--awb-caption-title-font-style:var(--h2_typography-font-style);--awb-caption-title-size:var(--h2_typography-font-size);--awb-caption-title-transform:var(--h2_typography-text-transform);--awb-caption-title-line-height:var(--h2_typography-line-height);--awb-caption-title-letter-spacing:var(--h2_typography-letter-spacing);\"><span class=\" fusion-imageframe imageframe-none imageframe-1 hover-type-none\"><img decoding=\"async\" width=\"1400\" height=\"800\" alt=\"rostbraunes Cord-Bett RORIS von ADA Mindful Living\" title=\"rostbraunes Cord-Bett RORIS von ADA Mindful Living\" src=\"https:\/\/www.ada.at\/wp-content\/uploads\/2024\/04\/3xl-RORIS.png\" class=\"img-responsive wp-image-16610\"\/><\/span><\/div><\/div><\/div><\/div><\/div><div class=\"fusion-fullwidth fullwidth-box fusion-builder-row-2 fusion-flex-container has-pattern-background has-mask-background fusion-parallax-none nonhundred-percent-fullwidth non-hundred-percent-height-scrolling cp-nachhaltigkeitselement cp-textlogos \" style=\"--awb-border-radius-top-left:0px;--awb-border-radius-top-right:0px;--awb-border-radius-bottom-right:0px;--awb-border-radius-bottom-left:0px;--awb-background-image:url(&quot;\/wp-content\/uploads\/2023\/08\/Ada-Hintergrund_dgrau_2.jpg&quot;);--awb-background-size:cover;--awb-flex-wrap:wrap;\" ><div class=\"fusion-builder-row fusion-row fusion-flex-align-items-flex-start fusion-flex-content-wrap\" style=\"max-width:1248px;margin-left: calc(-4% \/ 2 );margin-right: calc(-4% \/ 2 );\"><div class=\"fusion-layout-column fusion_builder_column fusion-builder-column-1 fusion_builder_column_1_3 1_3 fusion-flex-column\" style=\"--awb-padding-top:90px;--awb-bg-size:cover;--awb-width-large:33.333333333333%;--awb-margin-top-large:0px;--awb-spacing-right-large:5.76%;--awb-margin-bottom-large:20px;--awb-spacing-left-large:5.76%;--awb-width-medium:33.333333333333%;--awb-order-medium:0;--awb-spacing-right-medium:5.76%;--awb-spacing-left-medium:5.76%;--awb-width-small:100%;--awb-order-small:0;--awb-spacing-right-small:1.92%;--awb-spacing-left-small:1.92%;\"><div class=\"fusion-column-wrapper fusion-column-has-shadow fusion-flex-justify-content-flex-start fusion-content-layout-column\"><div class=\"fusion-title title fusion-title-1 fusion-sep-none fusion-title-text fusion-title-size-two\" style=\"--awb-text-color:var(--awb-color1);--awb-margin-top-small:10px;--awb-margin-right-small:0px;--awb-margin-bottom-small:10px;--awb-margin-left-small:0px;\"><h2 class=\"fusion-title-heading title-heading-left\" style=\"margin:0;\">Mit\u0151l k\u00fcl\u00f6nleges ez az \u00e1gy?<\/h2><\/div><\/div><\/div><div class=\"fusion-layout-column fusion_builder_column fusion-builder-column-2 fusion_builder_column_2_3 2_3 fusion-flex-column bottom350\" style=\"--awb-padding-top:90px;--awb-bg-size:cover;--awb-width-large:66.666666666667%;--awb-margin-top-large:0px;--awb-spacing-right-large:2.88%;--awb-margin-bottom-large:20px;--awb-spacing-left-large:2.88%;--awb-width-medium:66.666666666667%;--awb-order-medium:0;--awb-spacing-right-medium:2.88%;--awb-spacing-left-medium:2.88%;--awb-width-small:100%;--awb-order-small:0;--awb-spacing-right-small:1.92%;--awb-spacing-left-small:1.92%;\" data-scroll-devices=\"small-visibility,medium-visibility,large-visibility\"><div class=\"fusion-column-wrapper fusion-column-has-shadow fusion-flex-justify-content-flex-start fusion-content-layout-column\"><div class=\"fusion-text fusion-text-1\" style=\"--awb-text-color:var(--awb-color1);\"><p>A RORIS \u00e1gy a l\u00e9nyegre f\u00f3kusz\u00e1l &#8211; m\u00e9g olyan rejtett r\u00e9szletekkel is, mint az \u00e1gyr\u00e1cs alatti t\u00e1gas \u00e1gynem\u0171tart\u00f3val. Oldalr\u00f3l felemelheted az \u00e1gyr\u00e1csot, \u00e9s elf\u00e9r alatta az \u00e1gynem\u0171, az \u00e1gytakar\u00f3 \u00e9s az \u00fcl\u00e9sp\u00e1rn\u00e1k. Praktikus, hogy nyersz vele egy csom\u00f3 rakod\u00f3helyet otthon.<\/p>\n<p>Az \u00e1gy ugyanakkor nagyvonal\u00fa is: ha k\u00e9tszem\u00e9lyes matracot v\u00e1lasztasz hozz\u00e1, akkor nagy fel\u00fcletet nyersz, ha az egyik oldalr\u00f3l a m\u00e1sikra gurulsz. Ha viszont alv\u00e1s k\u00f6zben szeretn\u00e9l magadnak saj\u00e1t teret, ahov\u00e1 visszah\u00faz\u00f3dhatsz, akkor v\u00e1laszd a szimpla matracokat.<\/p>\n<\/div><\/div><\/div><\/div><\/div><div class=\"fusion-fullwidth fullwidth-box fusion-builder-row-3 fusion-flex-container has-pattern-background has-mask-background nonhundred-percent-fullwidth non-hundred-percent-height-scrolling cp-2images\" style=\"--awb-border-radius-top-left:0px;--awb-border-radius-top-right:0px;--awb-border-radius-bottom-right:0px;--awb-border-radius-bottom-left:0px;--awb-flex-wrap:wrap;\" ><div class=\"fusion-builder-row fusion-row fusion-flex-align-items-flex-start fusion-flex-content-wrap\" style=\"max-width:1248px;margin-left: calc(-4% \/ 2 );margin-right: calc(-4% \/ 2 );\"><div class=\"fusion-layout-column fusion_builder_column fusion-builder-column-3 fusion_builder_column_1_2 1_2 fusion-flex-column top-400\" style=\"--awb-bg-size:cover;--awb-width-large:50%;--awb-margin-top-large:0px;--awb-spacing-right-large:3.84%;--awb-margin-bottom-large:20px;--awb-spacing-left-large:3.84%;--awb-width-medium:50%;--awb-order-medium:0;--awb-spacing-right-medium:3.84%;--awb-spacing-left-medium:3.84%;--awb-width-small:100%;--awb-order-small:0;--awb-spacing-right-small:1.92%;--awb-spacing-left-small:1.92%;\" data-scroll-devices=\"small-visibility,medium-visibility,large-visibility\"><div class=\"fusion-column-wrapper fusion-column-has-shadow fusion-flex-justify-content-flex-start fusion-content-layout-column\"><div class=\"fusion-image-element \" style=\"--awb-caption-title-font-family:var(--h2_typography-font-family);--awb-caption-title-font-weight:var(--h2_typography-font-weight);--awb-caption-title-font-style:var(--h2_typography-font-style);--awb-caption-title-size:var(--h2_typography-font-size);--awb-caption-title-transform:var(--h2_typography-text-transform);--awb-caption-title-line-height:var(--h2_typography-line-height);--awb-caption-title-letter-spacing:var(--h2_typography-letter-spacing);\"><span class=\" fusion-imageframe imageframe-none imageframe-2 hover-type-none\" style=\"border-radius:8px;\"><img decoding=\"async\" width=\"522\" height=\"703\" title=\"ADA . Mindful Living Roris Bett \u2013 Synonym f\u00fcr \u00f6sterreichische Qualit\u00e4t\" src=\"https:\/\/www.ada.at\/wp-content\/uploads\/2023\/07\/ADA-.-Mindful-Living-Roris-Bett-\u2013-Synonym-fuer-oesterreichische-Qualitaet.jpg\" alt class=\"img-responsive wp-image-11848\"\/><\/span><\/div><\/div><\/div><div class=\"fusion-layout-column fusion_builder_column fusion-builder-column-4 fusion_builder_column_1_2 1_2 fusion-flex-column top-200\" style=\"--awb-bg-size:cover;--awb-width-large:50%;--awb-margin-top-large:0px;--awb-spacing-right-large:3.84%;--awb-margin-bottom-large:20px;--awb-spacing-left-large:3.84%;--awb-width-medium:50%;--awb-order-medium:0;--awb-spacing-right-medium:3.84%;--awb-spacing-left-medium:3.84%;--awb-width-small:100%;--awb-order-small:0;--awb-spacing-right-small:1.92%;--awb-spacing-left-small:1.92%;\" data-scroll-devices=\"small-visibility,medium-visibility,large-visibility\"><div class=\"fusion-column-wrapper fusion-column-has-shadow fusion-flex-justify-content-flex-start fusion-content-layout-column\"><div class=\"fusion-image-element \" style=\"--awb-caption-title-font-family:var(--h2_typography-font-family);--awb-caption-title-font-weight:var(--h2_typography-font-weight);--awb-caption-title-font-style:var(--h2_typography-font-style);--awb-caption-title-size:var(--h2_typography-font-size);--awb-caption-title-transform:var(--h2_typography-text-transform);--awb-caption-title-line-height:var(--h2_typography-line-height);--awb-caption-title-letter-spacing:var(--h2_typography-letter-spacing);\"><span class=\" fusion-imageframe imageframe-none imageframe-3 hover-type-none\" style=\"border-radius:8px;\"><img decoding=\"async\" width=\"768\" height=\"1024\" alt=\"rot-braunes Cord-Bett RORIS von ADA Mindful Living mit Stauraum\" title=\"rot-braunes Cord-Bett RORIS von ADA Mindful Living mit Stauraum\" src=\"https:\/\/www.ada.at\/wp-content\/uploads\/2024\/04\/2xl-RORIS.png\" class=\"img-responsive wp-image-16601\"\/><\/span><\/div><\/div><\/div><\/div><\/div><div class=\"fusion-fullwidth fullwidth-box fusion-builder-row-4 fusion-flex-container has-pattern-background has-mask-background nonhundred-percent-fullwidth non-hundred-percent-height-scrolling cp-textlogos\" style=\"--awb-border-radius-top-left:0px;--awb-border-radius-top-right:0px;--awb-border-radius-bottom-right:0px;--awb-border-radius-bottom-left:0px;--awb-padding-top:50px;--awb-padding-bottom:50px;--awb-flex-wrap:wrap;\" ><div class=\"fusion-builder-row fusion-row fusion-flex-align-items-center fusion-flex-justify-content-center fusion-flex-content-wrap\" style=\"max-width:1248px;margin-left: calc(-4% \/ 2 );margin-right: calc(-4% \/ 2 );\"><div class=\"fusion-layout-column fusion_builder_column fusion-builder-column-5 fusion_builder_column_1_3 1_3 fusion-flex-column fusion-flex-align-self-flex-start\" style=\"--awb-bg-color:var(--awb-color1);--awb-bg-color-hover:var(--awb-color1);--awb-bg-size:cover;--awb-width-large:33.333333333333%;--awb-margin-top-large:0px;--awb-spacing-right-large:5.76%;--awb-margin-bottom-large:20px;--awb-spacing-left-large:5.76%;--awb-width-medium:33.333333333333%;--awb-order-medium:0;--awb-spacing-right-medium:5.76%;--awb-spacing-left-medium:5.76%;--awb-width-small:100%;--awb-order-small:0;--awb-spacing-right-small:1.92%;--awb-spacing-left-small:1.92%;\" data-scroll-devices=\"small-visibility,medium-visibility,large-visibility\"><div class=\"fusion-column-wrapper fusion-column-has-shadow fusion-flex-justify-content-flex-start fusion-content-layout-column\"><div class=\"fusion-title title fusion-title-2 fusion-sep-none fusion-title-text fusion-title-size-two\" style=\"--awb-text-color:var(--awb-color5);--awb-margin-top-small:10px;--awb-margin-right-small:0px;--awb-margin-bottom-small:10px;--awb-margin-left-small:0px;\"><h2 class=\"fusion-title-heading title-heading-left\" style=\"margin:0;\">Stabil \u00e9s csod\u00e1latosan rugalmas<\/h2><\/div><\/div><\/div><div class=\"fusion-layout-column fusion_builder_column fusion-builder-column-6 fusion_builder_column_2_3 2_3 fusion-flex-column fusion-flex-align-self-flex-start\" style=\"--awb-bg-size:cover;--awb-width-large:66.666666666667%;--awb-margin-top-large:0px;--awb-spacing-right-large:2.88%;--awb-margin-bottom-large:20px;--awb-spacing-left-large:2.88%;--awb-width-medium:66.666666666667%;--awb-order-medium:0;--awb-spacing-right-medium:2.88%;--awb-spacing-left-medium:2.88%;--awb-width-small:100%;--awb-order-small:0;--awb-spacing-right-small:1.92%;--awb-spacing-left-small:1.92%;\" data-scroll-devices=\"small-visibility,medium-visibility,large-visibility\"><div class=\"fusion-column-wrapper fusion-column-has-shadow fusion-flex-justify-content-flex-start fusion-content-layout-column\"><div class=\"fusion-text fusion-text-2\" style=\"--awb-text-color:var(--awb-color5);\"><p>Az ADA \u00e1gyakn\u00e1l mindig fontos a v\u00e1laszt\u00e1s szabads\u00e1ga: a RORIS-n\u00e1l v\u00e1laszthatsz fix vagy \u00e1ll\u00edthat\u00f3 \u00e1gyr\u00e1csot, vagy az egyik \u00e1gyr\u00e1cs lehet fix, \u00e9s a m\u00e1sik \u00e1ll\u00edthat\u00f3. A r\u00f6gz\u00edtett \u00e1gyr\u00e1cs stabilit\u00e1st \u00e9s v\u00e9delmet k\u00edn\u00e1l, ami j\u00f3 \u00e1lapotott jelent a megfelel\u0151 alv\u00e1shoz. A motorosan \u00e1ll\u00edthat\u00f3 \u00e1gyr\u00e1cs rugalmass\u00e1got biztos\u00edt, mert k\u00fcl\u00f6nb\u00f6z\u0151 fekv\u00e9si poz\u00edci\u00f3kat tesz lehet\u0151v\u00e9. Figyelj egyszer\u0171en arra, hogy mi illik hozz\u00e1d.<\/p>\n<\/div><\/div><\/div><\/div><\/div><div class=\"fusion-fullwidth fullwidth-box fusion-builder-row-5 fusion-flex-container has-pattern-background has-mask-background nonhundred-percent-fullwidth non-hundred-percent-height-scrolling cp-nachhaltigkeitselement bg-gold\" style=\"--awb-border-radius-top-left:0px;--awb-border-radius-top-right:0px;--awb-border-radius-bottom-right:0px;--awb-border-radius-bottom-left:0px;--awb-flex-wrap:wrap;\" ><div class=\"fusion-builder-row fusion-row fusion-flex-align-items-flex-start fusion-flex-content-wrap\" style=\"max-width:1248px;margin-left: calc(-4% \/ 2 );margin-right: calc(-4% \/ 2 );\"><div class=\"fusion-layout-column fusion_builder_column fusion-builder-column-7 fusion_builder_column_1_1 1_1 fusion-flex-column\" style=\"--awb-bg-size:cover;--awb-width-large:100%;--awb-margin-top-large:0px;--awb-spacing-right-large:1.92%;--awb-margin-bottom-large:20px;--awb-spacing-left-large:1.92%;--awb-width-medium:100%;--awb-order-medium:0;--awb-spacing-right-medium:1.92%;--awb-spacing-left-medium:1.92%;--awb-width-small:100%;--awb-order-small:0;--awb-spacing-right-small:1.92%;--awb-spacing-left-small:1.92%;\" data-scroll-devices=\"small-visibility,medium-visibility,large-visibility\"><div class=\"fusion-column-wrapper fusion-column-has-shadow fusion-flex-justify-content-flex-start fusion-content-layout-column\"><div class=\"fusion-image-element \" style=\"text-align:center;--awb-caption-title-font-family:var(--h2_typography-font-family);--awb-caption-title-font-weight:var(--h2_typography-font-weight);--awb-caption-title-font-style:var(--h2_typography-font-style);--awb-caption-title-size:var(--h2_typography-font-size);--awb-caption-title-transform:var(--h2_typography-text-transform);--awb-caption-title-line-height:var(--h2_typography-line-height);--awb-caption-title-letter-spacing:var(--h2_typography-letter-spacing);\"><span class=\" fusion-imageframe imageframe-none imageframe-4 hover-type-none top-200 \" style=\"border-radius:8px;\"><img decoding=\"async\" width=\"1400\" height=\"800\" title=\"ADA . Mindful Living Bett Roris \u2013 Modern und im Boho Stil nach Westwing\" src=\"https:\/\/www.ada.at\/wp-content\/uploads\/2023\/07\/ADA-.-Mindful-Living-Bett-Roris-\u2013-Modern-und-im-Boho-Stil-nach-Westwing.jpg\" alt class=\"img-responsive wp-image-11854\"\/><\/span><\/div><\/div><\/div><\/div><\/div><div class=\"fusion-fullwidth fullwidth-box fusion-builder-row-6 fusion-flex-container has-pattern-background has-mask-background nonhundred-percent-fullwidth non-hundred-percent-height-scrolling fusion-no-small-visibility cp-vergleichstabelle top100 bottom100\" style=\"--awb-border-radius-top-left:0px;--awb-border-radius-top-right:0px;--awb-border-radius-bottom-right:0px;--awb-border-radius-bottom-left:0px;--awb-flex-wrap:wrap;\" ><div class=\"fusion-builder-row fusion-row fusion-flex-align-items-flex-start fusion-flex-content-wrap\" style=\"max-width:1248px;margin-left: calc(-4% \/ 2 );margin-right: calc(-4% \/ 2 );\"><div class=\"fusion-layout-column fusion_builder_column fusion-builder-column-8 fusion_builder_column_1_1 1_1 fusion-flex-column table-compare-hl\" style=\"--awb-bg-size:cover;--awb-width-large:100%;--awb-margin-top-large:0px;--awb-spacing-right-large:1.92%;--awb-margin-bottom-large:20px;--awb-spacing-left-large:1.92%;--awb-width-medium:100%;--awb-order-medium:0;--awb-spacing-right-medium:1.92%;--awb-spacing-left-medium:1.92%;--awb-width-small:100%;--awb-order-small:0;--awb-spacing-right-small:1.92%;--awb-spacing-left-small:1.92%;\" data-scroll-devices=\"small-visibility,medium-visibility,large-visibility\"><div class=\"fusion-column-wrapper fusion-column-has-shadow fusion-flex-justify-content-flex-start fusion-content-layout-column\"><div class=\"fusion-title title fusion-title-3 fusion-sep-none fusion-title-center fusion-title-text fusion-title-size-three\" style=\"--awb-text-color:var(--awb-color5);--awb-margin-top-small:10px;--awb-margin-right-small:0px;--awb-margin-bottom-small:10px;--awb-margin-left-small:0px;\"><h3 class=\"fusion-title-heading title-heading-center\" style=\"margin:0;\">A Roris \u00f6sszehasonl\u00edt\u00e1sa a t\u00f6bbi \u00e1gyunkkal<\/h3><\/div><\/div><\/div><div class=\"fusion-layout-column fusion_builder_column fusion-builder-column-9 fusion_builder_column_1_1 1_1 fusion-flex-column table-compare-box\" style=\"--awb-bg-size:cover;--awb-width-large:100%;--awb-margin-top-large:0px;--awb-spacing-right-large:1.92%;--awb-margin-bottom-large:20px;--awb-spacing-left-large:1.92%;--awb-width-medium:100%;--awb-order-medium:0;--awb-spacing-right-medium:1.92%;--awb-spacing-left-medium:1.92%;--awb-width-small:100%;--awb-order-small:0;--awb-spacing-right-small:1.92%;--awb-spacing-left-small:1.92%;\" data-scroll-devices=\"small-visibility,medium-visibility,large-visibility\"><div class=\"fusion-column-wrapper fusion-column-has-shadow fusion-flex-justify-content-flex-start fusion-content-layout-column\">\n<div class=\"table-1 table-compare\">\n<table style=\"width: 100%; height: 552px;\" width=\"100%\">\n<thead>\n<tr style=\"height: 87px;\">\n<th style=\"width: 11.4065%; height: 87px;\" align=\"left\"><\/th>\n<th style=\"width: 20.3259%; height: 87px;\" align=\"left\"><img decoding=\"async\" class=\"alignnone wp-image-8595 size-full\" src=\"https:\/\/www.ada.at\/wp-content\/uploads\/2023\/11\/Elegantes-Bett-RORIS-von-ADA-.-Mindful-Living-\u2013-Fuer-ein-achtsames-und-stilvolles-Wohnen.jpg\" alt=\"Elegantes Bett RORIS von ADA . Mindful Living \u2013 F\u00fcr ein achtsames und stilvolles Wohnen\" width=\"300\" height=\"150\" \/><\/th>\n<th style=\"width: 37.2984%; height: 87px;\" align=\"left\"><a href=\"https:\/\/www.ada.at\/wp-content\/uploads\/2023\/07\/md-Suavis_FB_SI11_SI50_TBG0_Freisteller_4.png\"><img decoding=\"async\" class=\"alignnone size-full wp-image-21092\" src=\"https:\/\/www.ada.at\/wp-content\/uploads\/2023\/07\/md-Suavis_FB_SI11_SI50_TBG0_Freisteller_4.png\" alt=\"\" width=\"300\" height=\"150\" \/><\/a><\/th>\n<th style=\"width: 29.9401%; height: 87px;\" align=\"left\"><img decoding=\"async\" class=\"alignnone wp-image-8592 size-full\" src=\"https:\/\/www.ada.at\/wp-content\/uploads\/2023\/11\/ADA-.-Mindful-Living-Bett-MITIS-\u2013-Europaeisches-Design-trifft-nachhaltige-Produktion.jpg\" alt=\"ADA . Mindful Living Bett MITIS \u2013 Europ\u00e4isches Design trifft nachhaltige Produktion\" width=\"300\" height=\"150\" \/><\/th>\n<\/tr>\n<\/thead>\n<tbody>\n<tr style=\"height: 24px;\">\n<td style=\"width: 11.4065%; height: 24px;\" align=\"left\"><strong>Modell<\/strong><\/td>\n<td style=\"width: 20.3259%; height: 24px;\" align=\"left\">Roris<\/td>\n<td style=\"width: 37.2984%; height: 24px;\" align=\"left\">Suavis<\/td>\n<td style=\"width: 29.9401%; height: 24px;\" align=\"left\">Mitis<\/td>\n<\/tr>\n<tr style=\"height: 216px;\">\n<td style=\"width: 11.4065%; height: 216px;\"><strong>R\u00f6vid le\u00edr\u00e1s<\/strong><\/td>\n<td style=\"width: 20.3259%; height: 216px;\">A RORIS a l\u00e9nyegre \u00f6sszpontos\u00edt\u00f3 \u00e1gy, ide\u00e1lis kompakt h\u00e1l\u00f3szob\u00e1kba, letisztult diz\u00e1jn \u00e9s kecses kont\u00farok jellemzik. Praktikus \u00e1gynem\u0171tart\u00f3ja van a v\u00e1laszthat\u00f3an fix vagy \u00e1ll\u00edthat\u00f3 \u00e1gyr\u00e1cs alatt. V\u00e1laszthat\u00f3 szimpla vagy dupla matraccal az egy\u00e9ni alv\u00e1si ig\u00e9nyekhez val\u00f3 igazod\u00e1s jegy\u00e9ben. Az \u00e1gy tart\u00f3s, v\u00e9detts\u00e9get sug\u00e1roz, de j\u00f3l alak\u00edthat\u00f3 az egy\u00e9ni ig\u00e9nyeknek megfelel\u0151en, \u00edgy azt\u00e1n kit\u0171n\u0151 v\u00e1laszt\u00e1s t\u00f6bb \u00e9letst\u00edlus eset\u00e9n is.<\/td>\n<td style=\"width: 37.2984%; height: 216px;\">A SUAVIS hangulatos boxspring \u00e1gy, amely v\u00e9detts\u00e9get \u00e9s k\u00e9nyelmet ny\u00fajt, k\u00f6zel van a padl\u00f3hoz, puha k\u00e1rpitoz\u00e1s\u00fa. A lekerek\u00edtett sarkok \u00e9s form\u00e1k a meghitts\u00e9g \u00e9rzet\u00e9t keltik. T\u00f6bbr\u00e9teg\u0171, l\u00e1gy rug\u00f3z\u00e1s\u00fa a fel\u00e9p\u00edt\u00e9s\u00fck, amely egy\u00e9nileg konfigur\u00e1lhat\u00f3, ez\u00e9rt felejthetetlen alv\u00e1s\u00e9lm\u00e9nyt ny\u00fajtanak. A fejr\u00e9sz k\u00e9t kialak\u00edt\u00e1ssal kaphat\u00f3: van kock\u00e1s \u00e9s steppelt varratos kivitel, a huzat pedig sokf\u00e9le nat\u00far sz\u00ednben is kaphat\u00f3. A SUAVIS egyszerre sug\u00e1roz v\u00e9detts\u00e9get \u00e9s k\u00f6nnyeds\u00e9get, megfelel az eg\u00e9szs\u00e9ges alv\u00e1s legszigor\u00fabb ig\u00e9nyeinek, ugyanakkor tart\u00f3s, ez\u00e9rt a pihentet\u0151 alv\u00e1s fenntarthat\u00f3 megold\u00e1sa.<\/td>\n<td style=\"width: 29.9401%; height: 216px;\">A MITIS sokoldal\u00fa \u00e9s tart\u00f3s \u00e1gyrendszer, \u00fagy k\u00e9nyelmes, hogy k\u00f6zben rugalmasan alkalmazkodik a k\u00fcl\u00f6nb\u00f6z\u0151 tev\u00e9kenys\u00e9gekhez, p\u00e9ld\u00e1ul lehet sorozatot n\u00e9zni, olvasni, pihenni, a fej- \u00e9s l\u00e1bz\u00f3n\u00e1ban opcion\u00e1lisan \u00e1ll\u00edthat\u00f3 az \u00e1gyr\u00e1cs. Sokf\u00e9le huzattal kaphat\u00f3, visszafogott \u00e9s modern a megjelen\u00e9se, magas l\u00e1bainak k\u00f6sz\u00f6nhet\u0151en nagy \u00e1gynem\u0171tart\u00f3ja van \u00e9s k\u00f6nny\u0171 alatta takar\u00edtani. A MITIS k\u00f6nnyen sz\u00e9tszerelhet\u0151 \u00e9s sz\u00e1ll\u00edthat\u00f3, nincs gond vele, ha k\u00f6lt\u00f6z\u00f6l, ez\u00e9rt igaz\u00e1n tart\u00f3s t\u00e1rsad lehet.<\/td>\n<\/tr>\n<tr style=\"height: 176px;\">\n<td style=\"height: 176px;\"><strong>Saj\u00e1toss\u00e1gok<\/strong><\/td>\n<td style=\"height: 176px;\">\n<ul>\n<li>Nagy \u00e1gynem\u0171tart\u00f3<\/li>\n<li>Fix vagy \u00e1ll\u00edthat\u00f3 \u00e1gyr\u00e1cs<\/li>\n<li>A fekv\u00e9si poz\u00edci\u00f3 \u00e1ll\u00edthat\u00f3 opcion\u00e1lisan motorral is<\/li>\n<\/ul>\n<\/td>\n<td style=\"height: 176px;\">\n<ul>\n<li>Lekerek\u00edtett, puha \u00e1gysarkok<\/li>\n<li>K\u00e1rpitoz\u00e1s steppelt varr\u00e1ssal<\/li>\n<li>Az \u00e1gy talpazata k\u00f6zel van a padl\u00f3hoz<\/li>\n<\/ul>\n<\/td>\n<td style=\"height: 176px;\">\n<ul>\n<li>Karcs\u00fa diz\u00e1jn<\/li>\n<li>Opcion\u00e1lisan \u00e1ll\u00edthat\u00f3 \u00e1gyr\u00e1cs<\/li>\n<li>Egyszer\u0171en sz\u00e9tszedhet\u0151 \u00e9s sz\u00e1ll\u00edthat\u00f3<\/li>\n<\/ul>\n<\/td>\n<\/tr>\n<tr style=\"height: 24px;\">\n<td style=\"width: 11.4065%; height: 24px;\"><\/td>\n<td style=\"width: 20.3259%; height: 24px;\"><\/td>\n<td style=\"width: 37.2984%; height: 24px; text-align: left;\"><a class=\"button\" href=\"https:\/\/www.ada.at\/hu\/produkte\/alvas\/agyak\/boxspring-agyak\/suavis\/\">Ugr\u00e1s a term\u00e9khez<\/a><\/td>\n<td style=\"width: 29.9401%; height: 24px; text-align: left;\"><a class=\"button\" href=\"https:\/\/www.ada.at\/hu\/produkte\/alvas\/agyak\/mitis\/\">Ugr\u00e1s a term\u00e9khez<\/a><\/td>\n<\/tr>\n<\/tbody>\n<\/table>\n<\/div>\n<\/div><\/div><\/div><\/div><\/p>\n","protected":false},"excerpt":{"rendered":"<p>A RORIS a te \u00e1gyad, ha a l\u00e9nyegre szeretn\u00e9l koncentr\u00e1lni: letisztult kialak\u00edt\u00e1s\u00e1val \u00e9s karcs\u00fa kont\u00farjaival j\u00f3l illeszkedik a kompakt h\u00e1l\u00f3szob\u00e1kba. A r\u00e1csos keret alatti t\u00e1gas \u00e1gynem\u0171tart\u00f3val is helyet nyersz. Ezek fix vagy \u00e1ll\u00edthat\u00f3 v\u00e1ltozatban v\u00e1laszthat\u00f3k. A fekv\u0151fel\u00fcletet illet\u0151en is van mozg\u00e1stered: v\u00e1laszthatsz egy k\u00e9tszem\u00e9lyes matrac vagy k\u00e9t k\u00fcl\u00f6n egyszem\u00e9lyes matrac k\u00f6z\u00f6tt. Sz\u00e1mos lehet\u0151s\u00e9g van teh\u00e1t \u2013 m\u00e1r csak v\u00e1lasztanod kell.<\/p>\n<ul>\n<li>Nagy \u00e1gynem\u0171tart\u00f3<\/li>\n<li>Fix vagy \u00e1ll\u00edthat\u00f3 \u00e1gyr\u00e1cs<\/li>\n<li>A fekv\u00e9si poz\u00edci\u00f3 \u00e1ll\u00edthat\u00f3 opcion\u00e1lisan motorral is<\/li>\n<li>Szimpla vagy dupla matrac<\/li>\n<\/ul>\n<p>&nbsp;<\/p>\n","protected":false},"featured_media":11278,"template":"","meta":{"_acf_changed":false},"product_brand":[],"product_cat":[550,549,551],"product_tag":[567,568,562,563,569,564,565,552],"class_list":{"0":"post-15293","1":"product","2":"type-product","3":"status-publish","4":"has-post-thumbnail","6":"product_cat-agy-agyraccsal","7":"product_cat-agyak","8":"product_cat-alvas","9":"product_tag-160cm-hu","10":"product_tag-180cm-hu","11":"product_tag-190cm-hu","12":"product_tag-200cm-hu","13":"product_tag-200cm-hu-2","14":"product_tag-210cm-hu","15":"product_tag-220cm-hu","16":"product_tag-uj","17":"post-status-publish","19":"first","20":"instock","21":"shipping-taxable","22":"product-type-simple","23":"add-to-wishlist-before_image"},"acf":[],"_links":{"self":[{"href":"https:\/\/www.ada.at\/hu\/wp-json\/wp\/v2\/product\/15293","targetHints":{"allow":["GET"]}}],"collection":[{"href":"https:\/\/www.ada.at\/hu\/wp-json\/wp\/v2\/product"}],"about":[{"href":"https:\/\/www.ada.at\/hu\/wp-json\/wp\/v2\/types\/product"}],"version-history":[{"count":2,"href":"https:\/\/www.ada.at\/hu\/wp-json\/wp\/v2\/product\/15293\/revisions"}],"predecessor-version":[{"id":23631,"href":"https:\/\/www.ada.at\/hu\/wp-json\/wp\/v2\/product\/15293\/revisions\/23631"}],"wp:featuredmedia":[{"embeddable":true,"href":"https:\/\/www.ada.at\/hu\/wp-json\/wp\/v2\/media\/11278"}],"wp:attachment":[{"href":"https:\/\/www.ada.at\/hu\/wp-json\/wp\/v2\/media?parent=15293"}],"wp:term":[{"taxonomy":"product_brand","embeddable":true,"href":"https:\/\/www.ada.at\/hu\/wp-json\/wp\/v2\/product_brand?post=15293"},{"taxonomy":"product_cat","embeddable":true,"href":"https:\/\/www.ada.at\/hu\/wp-json\/wp\/v2\/product_cat?post=15293"},{"taxonomy":"product_tag","embeddable":true,"href":"https:\/\/www.ada.at\/hu\/wp-json\/wp\/v2\/product_tag?post=15293"}],"curies":[{"name":"wp","href":"https:\/\/api.w.org\/{rel}","templated":true}]}}