{"id":15291,"date":"2023-07-28T23:08:06","date_gmt":"2023-07-28T21:08:06","guid":{"rendered":"https:\/\/www.ada.at\/produkte\/nem-kategorizalt\/cometa\/"},"modified":"2025-03-11T11:45:09","modified_gmt":"2025-03-11T10:45:09","slug":"cometa","status":"publish","type":"product","link":"https:\/\/www.ada.at\/hu\/produkte\/alvas\/agyak\/cometa\/","title":{"rendered":"Cometa"},"content":{"rendered":"<p><div class=\"fusion-fullwidth fullwidth-box fusion-builder-row-1 fusion-flex-container has-pattern-background has-mask-background nonhundred-percent-fullwidth non-hundred-percent-height-scrolling top50 bottom-200\" style=\"--awb-border-radius-top-left:0px;--awb-border-radius-top-right:0px;--awb-border-radius-bottom-right:0px;--awb-border-radius-bottom-left:0px;--awb-padding-bottom:90px;--awb-flex-wrap:wrap;\" ><div class=\"fusion-builder-row fusion-row fusion-flex-align-items-flex-start fusion-flex-content-wrap\" style=\"max-width:1248px;margin-left: calc(-4% \/ 2 );margin-right: calc(-4% \/ 2 );\"><div class=\"fusion-layout-column fusion_builder_column fusion-builder-column-0 fusion_builder_column_1_1 1_1 fusion-flex-column\" style=\"--awb-bg-size:cover;--awb-width-large:100%;--awb-margin-top-large:0px;--awb-spacing-right-large:1.92%;--awb-margin-bottom-large:20px;--awb-spacing-left-large:1.92%;--awb-width-medium:100%;--awb-order-medium:0;--awb-spacing-right-medium:1.92%;--awb-spacing-left-medium:1.92%;--awb-width-small:100%;--awb-order-small:0;--awb-spacing-right-small:1.92%;--awb-spacing-left-small:1.92%;\"><div class=\"fusion-column-wrapper fusion-column-has-shadow fusion-flex-justify-content-flex-start fusion-content-layout-column\"><div class=\"fusion-image-element \" style=\"--awb-caption-title-font-family:var(--h2_typography-font-family);--awb-caption-title-font-weight:var(--h2_typography-font-weight);--awb-caption-title-font-style:var(--h2_typography-font-style);--awb-caption-title-size:var(--h2_typography-font-size);--awb-caption-title-transform:var(--h2_typography-text-transform);--awb-caption-title-line-height:var(--h2_typography-line-height);--awb-caption-title-letter-spacing:var(--h2_typography-letter-spacing);\"><span class=\" fusion-imageframe imageframe-none imageframe-1 hover-type-none\" style=\"border-radius:8px;\"><img decoding=\"async\" width=\"1400\" height=\"800\" title=\"ADA . Mindful Living Cometa Bett \u2013 Nachhaltig und aus Europa\" src=\"https:\/\/www.ada.at\/wp-content\/uploads\/2023\/07\/ADA-.-Mindful-Living-Cometa-Bett-\u2013-Nachhaltig-und-aus-Europa.jpg\" alt class=\"img-responsive wp-image-11766\"\/><\/span><\/div><\/div><\/div><\/div><\/div><div class=\"fusion-fullwidth fullwidth-box fusion-builder-row-2 fusion-flex-container has-pattern-background has-mask-background fusion-parallax-none nonhundred-percent-fullwidth non-hundred-percent-height-scrolling cp-nachhaltigkeitselement cp-textlogos \" style=\"--awb-border-radius-top-left:0px;--awb-border-radius-top-right:0px;--awb-border-radius-bottom-right:0px;--awb-border-radius-bottom-left:0px;--awb-background-image:url(&quot;\/wp-content\/uploads\/2023\/08\/Ada-Hintergrund_dgrau_2.jpg&quot;);--awb-background-size:cover;--awb-flex-wrap:wrap;\" ><div class=\"fusion-builder-row fusion-row fusion-flex-align-items-flex-start fusion-flex-content-wrap\" style=\"max-width:1248px;margin-left: calc(-4% \/ 2 );margin-right: calc(-4% \/ 2 );\"><div class=\"fusion-layout-column fusion_builder_column fusion-builder-column-1 fusion_builder_column_1_3 1_3 fusion-flex-column\" style=\"--awb-padding-top:90px;--awb-bg-size:cover;--awb-width-large:33.333333333333%;--awb-margin-top-large:0px;--awb-spacing-right-large:5.76%;--awb-margin-bottom-large:20px;--awb-spacing-left-large:5.76%;--awb-width-medium:33.333333333333%;--awb-order-medium:0;--awb-spacing-right-medium:5.76%;--awb-spacing-left-medium:5.76%;--awb-width-small:100%;--awb-order-small:0;--awb-spacing-right-small:1.92%;--awb-spacing-left-small:1.92%;\"><div class=\"fusion-column-wrapper fusion-column-has-shadow fusion-flex-justify-content-flex-start fusion-content-layout-column\"><div class=\"fusion-title title fusion-title-1 fusion-sep-none fusion-title-text fusion-title-size-two\" style=\"--awb-text-color:var(--awb-color1);--awb-margin-top-small:10px;--awb-margin-right-small:0px;--awb-margin-bottom-small:10px;--awb-margin-left-small:0px;\"><h2 class=\"fusion-title-heading title-heading-left\" style=\"margin:0;\">Ez az \u00e1gy k\u00e9t v\u00e1gyat is teljes\u00edt egyszerre<\/h2><\/div><\/div><\/div><div class=\"fusion-layout-column fusion_builder_column fusion-builder-column-2 fusion_builder_column_2_3 2_3 fusion-flex-column bottom350\" style=\"--awb-padding-top:90px;--awb-bg-size:cover;--awb-width-large:66.666666666667%;--awb-margin-top-large:0px;--awb-spacing-right-large:2.88%;--awb-margin-bottom-large:20px;--awb-spacing-left-large:2.88%;--awb-width-medium:66.666666666667%;--awb-order-medium:0;--awb-spacing-right-medium:2.88%;--awb-spacing-left-medium:2.88%;--awb-width-small:100%;--awb-order-small:0;--awb-spacing-right-small:1.92%;--awb-spacing-left-small:1.92%;\" data-scroll-devices=\"small-visibility,medium-visibility,large-visibility\"><div class=\"fusion-column-wrapper fusion-column-has-shadow fusion-flex-justify-content-flex-start fusion-content-layout-column\"><div class=\"fusion-text fusion-text-1\" style=\"--awb-text-color:var(--awb-color1);\"><p>Rugalmas \u00e9letet szeretn\u00e9l? A COMETA \u00e1gynak mozgathat\u00f3 fej- \u00e9s l\u00e1bz\u00f3n\u00e1ja van. Az \u00e1gy mindk\u00e9t fele \u00e1ll\u00edthat\u00f3 motorikusan, \u00e9s lehet\u0151v\u00e9 tesz k\u00fcl\u00f6nb\u00f6z\u0151 fekv\u00e9si poz\u00edci\u00f3kat. Mindegy, hogy mit szeretn\u00e9l, sorozatot n\u00e9zel, zen\u00e9t hallgatsz, olvasol, lazulsz vagy alszol: a t\u00e1vir\u00e1ny\u00edt\u00f3 mindig k\u00e9zn\u00e9l van, mert r\u00f6gz\u00edtve van az \u00e1gyon, \u00e9s gombnyom\u00e1sra \u00e9ppen a megfelel\u0151 poz\u00edci\u00f3ra tudsz v\u00e1ltani egyszer\u0171en \u00e9s gyorsan. Az \u00e1gy v\u00e9g\u00e9n l\u00e9v\u0151 karcs\u00fa konzolok ugyanakkor v\u00e9detts\u00e9get sug\u00e1roznak: gondoskodnak arr\u00f3l, hogy a matracok stabilan form\u00e1ban maradjanak, \u00e9s te minden poz\u00edci\u00f3ban j\u00f3l \u00e9rezd magad.<\/p>\n<\/div><\/div><\/div><\/div><\/div><div class=\"fusion-fullwidth fullwidth-box fusion-builder-row-3 fusion-flex-container has-pattern-background has-mask-background nonhundred-percent-fullwidth non-hundred-percent-height-scrolling cp-2images\" style=\"--awb-border-radius-top-left:0px;--awb-border-radius-top-right:0px;--awb-border-radius-bottom-right:0px;--awb-border-radius-bottom-left:0px;--awb-flex-wrap:wrap;\" ><div class=\"fusion-builder-row fusion-row fusion-flex-align-items-flex-start fusion-flex-content-wrap\" style=\"max-width:1248px;margin-left: calc(-4% \/ 2 );margin-right: calc(-4% \/ 2 );\"><div class=\"fusion-layout-column fusion_builder_column fusion-builder-column-3 fusion_builder_column_1_2 1_2 fusion-flex-column top-400\" style=\"--awb-bg-size:cover;--awb-width-large:50%;--awb-margin-top-large:0px;--awb-spacing-right-large:3.84%;--awb-margin-bottom-large:20px;--awb-spacing-left-large:3.84%;--awb-width-medium:50%;--awb-order-medium:0;--awb-spacing-right-medium:3.84%;--awb-spacing-left-medium:3.84%;--awb-width-small:100%;--awb-order-small:0;--awb-spacing-right-small:1.92%;--awb-spacing-left-small:1.92%;\" data-scroll-devices=\"small-visibility,medium-visibility,large-visibility\"><div class=\"fusion-column-wrapper fusion-column-has-shadow fusion-flex-justify-content-flex-start fusion-content-layout-column\"><div class=\"fusion-image-element \" style=\"--awb-caption-title-font-family:var(--h2_typography-font-family);--awb-caption-title-font-weight:var(--h2_typography-font-weight);--awb-caption-title-font-style:var(--h2_typography-font-style);--awb-caption-title-size:var(--h2_typography-font-size);--awb-caption-title-transform:var(--h2_typography-text-transform);--awb-caption-title-line-height:var(--h2_typography-line-height);--awb-caption-title-letter-spacing:var(--h2_typography-letter-spacing);\"><span class=\" fusion-imageframe imageframe-none imageframe-2 hover-type-none\" style=\"border-radius:8px;\"><img decoding=\"async\" width=\"522\" height=\"703\" title=\"Stilvolles und helles Cometa Bett f\u00fcr modernes Wohnen von ADA . Mindful Living\" src=\"https:\/\/www.ada.at\/wp-content\/uploads\/2023\/07\/Stilvolles-und-helles-Cometa-Bett-fuer-modernes-Wohnen-von-ADA-.-Mindful-Living.jpg\" alt class=\"img-responsive wp-image-11770\"\/><\/span><\/div><\/div><\/div><div class=\"fusion-layout-column fusion_builder_column fusion-builder-column-4 fusion_builder_column_1_2 1_2 fusion-flex-column top-200\" style=\"--awb-bg-size:cover;--awb-width-large:50%;--awb-margin-top-large:0px;--awb-spacing-right-large:3.84%;--awb-margin-bottom-large:20px;--awb-spacing-left-large:3.84%;--awb-width-medium:50%;--awb-order-medium:0;--awb-spacing-right-medium:3.84%;--awb-spacing-left-medium:3.84%;--awb-width-small:100%;--awb-order-small:0;--awb-spacing-right-small:1.92%;--awb-spacing-left-small:1.92%;\" data-scroll-devices=\"small-visibility,medium-visibility,large-visibility\"><div class=\"fusion-column-wrapper fusion-column-has-shadow fusion-flex-justify-content-flex-start fusion-content-layout-column\"><div class=\"fusion-image-element \" style=\"--awb-caption-title-font-family:var(--h2_typography-font-family);--awb-caption-title-font-weight:var(--h2_typography-font-weight);--awb-caption-title-font-style:var(--h2_typography-font-style);--awb-caption-title-size:var(--h2_typography-font-size);--awb-caption-title-transform:var(--h2_typography-text-transform);--awb-caption-title-line-height:var(--h2_typography-line-height);--awb-caption-title-letter-spacing:var(--h2_typography-letter-spacing);\"><span class=\" fusion-imageframe imageframe-none imageframe-3 hover-type-none\" style=\"border-radius:8px;\"><img decoding=\"async\" width=\"522\" height=\"703\" title=\"Hochwertiges Cometa Bett von ADA . Mindful Living\" src=\"https:\/\/www.ada.at\/wp-content\/uploads\/2023\/07\/Hochwertiges-Cometa-Bett-von-ADA-.-Mindful-Living.jpg\" alt class=\"img-responsive wp-image-11768\"\/><\/span><\/div><\/div><\/div><\/div><\/div><div class=\"fusion-fullwidth fullwidth-box fusion-builder-row-4 fusion-flex-container has-pattern-background has-mask-background nonhundred-percent-fullwidth non-hundred-percent-height-scrolling cp-textlogos\" style=\"--awb-border-radius-top-left:0px;--awb-border-radius-top-right:0px;--awb-border-radius-bottom-right:0px;--awb-border-radius-bottom-left:0px;--awb-padding-top:50px;--awb-padding-bottom:50px;--awb-flex-wrap:wrap;\" ><div class=\"fusion-builder-row fusion-row fusion-flex-align-items-center fusion-flex-justify-content-center fusion-flex-content-wrap\" style=\"max-width:1248px;margin-left: calc(-4% \/ 2 );margin-right: calc(-4% \/ 2 );\"><div class=\"fusion-layout-column fusion_builder_column fusion-builder-column-5 fusion_builder_column_1_3 1_3 fusion-flex-column fusion-flex-align-self-flex-start\" style=\"--awb-bg-color:var(--awb-color1);--awb-bg-color-hover:var(--awb-color1);--awb-bg-size:cover;--awb-width-large:33.333333333333%;--awb-margin-top-large:0px;--awb-spacing-right-large:5.76%;--awb-margin-bottom-large:20px;--awb-spacing-left-large:5.76%;--awb-width-medium:33.333333333333%;--awb-order-medium:0;--awb-spacing-right-medium:5.76%;--awb-spacing-left-medium:5.76%;--awb-width-small:100%;--awb-order-small:0;--awb-spacing-right-small:1.92%;--awb-spacing-left-small:1.92%;\" data-scroll-devices=\"small-visibility,medium-visibility,large-visibility\"><div class=\"fusion-column-wrapper fusion-column-has-shadow fusion-flex-justify-content-flex-start fusion-content-layout-column\"><div class=\"fusion-title title fusion-title-2 fusion-sep-none fusion-title-text fusion-title-size-two\" style=\"--awb-text-color:var(--awb-color5);--awb-margin-top-small:10px;--awb-margin-right-small:0px;--awb-margin-bottom-small:10px;--awb-margin-left-small:0px;\"><h2 class=\"fusion-title-heading title-heading-left\" style=\"margin:0;\">Rendk\u00edv\u00fcl szem\u00e9lyes alv\u00e1s\u00e9lm\u00e9ny<\/h2><\/div><\/div><\/div><div class=\"fusion-layout-column fusion_builder_column fusion-builder-column-6 fusion_builder_column_2_3 2_3 fusion-flex-column fusion-flex-align-self-flex-start\" style=\"--awb-bg-size:cover;--awb-width-large:66.666666666667%;--awb-margin-top-large:0px;--awb-spacing-right-large:2.88%;--awb-margin-bottom-large:20px;--awb-spacing-left-large:2.88%;--awb-width-medium:66.666666666667%;--awb-order-medium:0;--awb-spacing-right-medium:2.88%;--awb-spacing-left-medium:2.88%;--awb-width-small:100%;--awb-order-small:0;--awb-spacing-right-small:1.92%;--awb-spacing-left-small:1.92%;\" data-scroll-devices=\"small-visibility,medium-visibility,large-visibility\"><div class=\"fusion-column-wrapper fusion-column-has-shadow fusion-flex-justify-content-flex-start fusion-content-layout-column\"><div class=\"fusion-text fusion-text-2\" style=\"--awb-text-color:var(--awb-color5);\"><p>A COMETA a boxspring \u00e1gyak felejthetetlen alv\u00e1s\u00e9lm\u00e9ny\u00e9t ny\u00fajtja, ezt a r\u00e9teges fel\u00e9p\u00edt\u00e9s teszi lehet\u0151v\u00e9: massz\u00edv l\u00e1bazaton, a dobozon l\u00e1gyan rug\u00f3z\u00f3 r\u00e9tegek vannak elhelyezve, mint a matrac \u00e9s opci\u00f3k\u00e9nt a fed\u0151matrac. Mindkett\u0151t egy\u00e9nileg tudod konfigur\u00e1lni. A fekv\u0151ter\u00fclet pontosan idomul a testedhez, tehermentes\u00edti, de ugyanakkor t\u00e1maszt is ad neki &#8211; egy felejthetetlen alv\u00e1s\u00e9lm\u00e9ny!<\/p>\n<\/div><\/div><\/div><\/div><\/div><div class=\"fusion-fullwidth fullwidth-box fusion-builder-row-5 fusion-flex-container has-pattern-background has-mask-background fusion-parallax-none nonhundred-percent-fullwidth non-hundred-percent-height-scrolling cp-nachhaltigkeitselement\" style=\"--awb-border-radius-top-left:0px;--awb-border-radius-top-right:0px;--awb-border-radius-bottom-right:0px;--awb-border-radius-bottom-left:0px;--awb-padding-top:0px;--awb-margin-top:62px;--awb-background-image:url(&quot;\/wp-content\/uploads\/2023\/09\/Ada-Hintergrund_blau.jpg&quot;);--awb-background-size:cover;--awb-flex-wrap:wrap;\" ><div class=\"fusion-builder-row fusion-row fusion-flex-align-items-flex-start fusion-flex-content-wrap\" style=\"max-width:1248px;margin-left: calc(-4% \/ 2 );margin-right: calc(-4% \/ 2 );\"><div class=\"fusion-layout-column fusion_builder_column fusion-builder-column-7 fusion_builder_column_1_1 1_1 fusion-flex-column\" style=\"--awb-bg-size:cover;--awb-width-large:100%;--awb-margin-top-large:0px;--awb-spacing-right-large:1.92%;--awb-margin-bottom-large:20px;--awb-spacing-left-large:1.92%;--awb-width-medium:100%;--awb-order-medium:0;--awb-spacing-right-medium:1.92%;--awb-spacing-left-medium:1.92%;--awb-width-small:100%;--awb-order-small:0;--awb-spacing-right-small:1.92%;--awb-spacing-left-small:1.92%;\" data-scroll-devices=\"small-visibility,medium-visibility,large-visibility\"><div class=\"fusion-column-wrapper fusion-column-has-shadow fusion-flex-justify-content-flex-start fusion-content-layout-column\"><div class=\"fusion-image-element \" style=\"text-align:center;--awb-caption-title-font-family:var(--h2_typography-font-family);--awb-caption-title-font-weight:var(--h2_typography-font-weight);--awb-caption-title-font-style:var(--h2_typography-font-style);--awb-caption-title-size:var(--h2_typography-font-size);--awb-caption-title-transform:var(--h2_typography-text-transform);--awb-caption-title-line-height:var(--h2_typography-line-height);--awb-caption-title-letter-spacing:var(--h2_typography-letter-spacing);\"><span class=\" fusion-imageframe imageframe-none imageframe-4 hover-type-none top-200 \" style=\"border-radius:8px;\"><img decoding=\"async\" width=\"1400\" height=\"800\" title=\"ADA . Mindful Living Cometa Bett \u2013 Synonym f\u00fcr \u00f6sterreichische Qualit\u00e4t\" src=\"https:\/\/www.ada.at\/wp-content\/uploads\/2023\/11\/ADA-.-Mindful-Living-Cometa-Bett-\u2013-Synonym-fuer-oesterreichische-Qualitaet.jpg\" alt class=\"img-responsive wp-image-11772\"\/><\/span><\/div><\/div><\/div><\/div><\/div><div class=\"fusion-fullwidth fullwidth-box fusion-builder-row-6 fusion-flex-container has-pattern-background has-mask-background nonhundred-percent-fullwidth non-hundred-percent-height-scrolling fusion-no-small-visibility cp-vergleichstabelle top100 bottom100\" style=\"--awb-border-radius-top-left:0px;--awb-border-radius-top-right:0px;--awb-border-radius-bottom-right:0px;--awb-border-radius-bottom-left:0px;--awb-flex-wrap:wrap;\" ><div class=\"fusion-builder-row fusion-row fusion-flex-align-items-flex-start fusion-flex-content-wrap\" style=\"max-width:1248px;margin-left: calc(-4% \/ 2 );margin-right: calc(-4% \/ 2 );\"><div class=\"fusion-layout-column fusion_builder_column fusion-builder-column-8 fusion_builder_column_1_1 1_1 fusion-flex-column table-compare-hl\" style=\"--awb-bg-size:cover;--awb-width-large:100%;--awb-margin-top-large:0px;--awb-spacing-right-large:1.92%;--awb-margin-bottom-large:20px;--awb-spacing-left-large:1.92%;--awb-width-medium:100%;--awb-order-medium:0;--awb-spacing-right-medium:1.92%;--awb-spacing-left-medium:1.92%;--awb-width-small:100%;--awb-order-small:0;--awb-spacing-right-small:1.92%;--awb-spacing-left-small:1.92%;\" data-scroll-devices=\"small-visibility,medium-visibility,large-visibility\"><div class=\"fusion-column-wrapper fusion-column-has-shadow fusion-flex-justify-content-flex-start fusion-content-layout-column\"><div class=\"fusion-title title fusion-title-3 fusion-sep-none fusion-title-center fusion-title-text fusion-title-size-three\" style=\"--awb-text-color:var(--awb-color5);--awb-margin-top-small:10px;--awb-margin-right-small:0px;--awb-margin-bottom-small:10px;--awb-margin-left-small:0px;\"><h3 class=\"fusion-title-heading title-heading-center\" style=\"margin:0;\"><p>A Cometa \u00f6sszehasonl\u00edt\u00e1sa a t\u00f6bbi<br \/>\n\u00e1gyunkkal<\/p><\/h3><\/div><\/div><\/div><div class=\"fusion-layout-column fusion_builder_column fusion-builder-column-9 fusion_builder_column_1_1 1_1 fusion-flex-column table-compare-box\" style=\"--awb-bg-size:cover;--awb-width-large:100%;--awb-margin-top-large:0px;--awb-spacing-right-large:1.92%;--awb-margin-bottom-large:20px;--awb-spacing-left-large:1.92%;--awb-width-medium:100%;--awb-order-medium:0;--awb-spacing-right-medium:1.92%;--awb-spacing-left-medium:1.92%;--awb-width-small:100%;--awb-order-small:0;--awb-spacing-right-small:1.92%;--awb-spacing-left-small:1.92%;\" data-scroll-devices=\"small-visibility,medium-visibility,large-visibility\"><div class=\"fusion-column-wrapper fusion-column-has-shadow fusion-flex-justify-content-flex-start fusion-content-layout-column\">\n<div class=\"table-1 table-compare\">\n<table style=\"width: 100%; height: 552px;\" width=\"100%\">\n<thead>\n<tr style=\"height: 87px;\">\n<th style=\"width: 11.4065%; height: 87px;\" align=\"left\"><\/th>\n<th style=\"width: 20.3259%; height: 87px;\" align=\"left\"><img decoding=\"async\" class=\"alignnone wp-image-8603 size-full\" src=\"https:\/\/www.ada.at\/wp-content\/uploads\/2023\/11\/ADA-.-Mindful-Living-Bett-COMETA-\u2013-komplett-in-Europa-gefertigt-fuer-hoechste-Qualitaet.jpg\" alt=\"ADA . Mindful Living Bett COMETA \u2013 komplett in Europa gefertigt f\u00fcr h\u00f6chste Qualit\u00e4t\" width=\"300\" height=\"150\" \/><\/th>\n<th style=\"width: 37.2984%; height: 87px;\" align=\"left\"><img decoding=\"async\" class=\"alignnone wp-image-8596 size-full\" src=\"https:\/\/www.ada.at\/wp-content\/uploads\/2023\/11\/Entspanntes-Leben-mit-dem-luxurioesen-Bett-LIBRA-von-ADA-.-Mindful-Living.jpg\" alt=\"Entspanntes Leben mit dem luxuri\u00f6sen Bett LIBRA von ADA . Mindful Living\" width=\"300\" height=\"150\" \/><\/th>\n<th style=\"width: 29.9401%; height: 87px;\" align=\"left\"><img decoding=\"async\" class=\"alignnone wp-image-8600 size-full\" src=\"https:\/\/www.ada.at\/wp-content\/uploads\/2023\/11\/Nachhaltig-produziertes-Bett-Calabria-von-ADA-.-Mindful-Living-\u2013-Fuer-achtsames-Schlafen.jpg\" alt=\"Nachhaltig produziertes Bett Calabria von ADA . Mindful Living \u2013 F\u00fcr achtsames Schlafen\" width=\"300\" height=\"150\" \/><\/th>\n<\/tr>\n<\/thead>\n<tbody>\n<tr style=\"height: 24px;\">\n<td style=\"width: 11.4065%; height: 24px;\" align=\"left\"><strong>Modell<\/strong><\/td>\n<td style=\"width: 20.3259%; height: 24px;\" align=\"left\">Cometa<\/td>\n<td style=\"width: 37.2984%; height: 24px;\" align=\"left\">Libra<\/td>\n<td style=\"width: 29.9401%; height: 24px;\" align=\"left\">Calabria<\/td>\n<\/tr>\n<tr style=\"height: 216px;\">\n<td style=\"width: 11.4065%; height: 216px;\"><strong>R\u00f6vid le\u00edr\u00e1s<\/strong><\/td>\n<td style=\"width: 20.3259%; height: 216px;\">A COMETA a j\u00f3 \u00e1gyv\u00e1laszt\u00e1s akkor, ha v\u00e9detts\u00e9gre \u00e9s rugalmass\u00e1gra v\u00e1gysz egyszerre: a fej-\u00e9s a l\u00e1bz\u00f3na mozgathat\u00f3, \u00e9s t\u00e1vir\u00e1ny\u00edt\u00f3val ir\u00e1ny\u00edthat\u00f3 az \u00e1gy k\u00e9t oldal\u00e1n. A COMETA a boxspring \u00e1gyak felejthetetlen alv\u00e1s\u00e9lm\u00e9ny\u00e9t ny\u00fajtja, ezt a r\u00e9teges fel\u00e9p\u00edt\u00e9s teszi lehet\u0151v\u00e9: massz\u00edv l\u00e1bazaton l\u00e1gyan rug\u00f3z\u00f3 r\u00e9tegek vannak elhelyezve, mint a matrac \u00e9s opci\u00f3k\u00e9nt a fed\u0151matrac.<\/td>\n<td style=\"width: 37.2984%; height: 216px;\">A LIBRA boxspring \u00e1gy sokf\u00e9le kialak\u00edt\u00e1si lehet\u0151s\u00e9get biztos\u00edt, van hat fejt\u00e1mla h\u00e1rom k\u00fcl\u00f6nb\u00f6z\u0151 magass\u00e1ggal, f\u00e1b\u00f3l, sz\u00f6vettel vagy b\u0151rrel, vannak k\u00fcl\u00f6nf\u00e9le \u00e1gykeretek \u00e9s \u00e1gyl\u00e1bak. A t\u00f6m\u00f6r fa als\u00f3 r\u00e9sz karakteres jellemz\u0151je a LIBRA \u00e1gynak, amely pihentet\u0151 l\u00e9gk\u00f6rt teremt a h\u00e1l\u00f3sz\u00f3b\u00e1ban. A r\u00e9teges fel\u00e9p\u00edt\u00e9shez sz\u00fcks\u00e9ges matrac \u00e9s fed\u0151matrac egy\u00e9nileg konfigur\u00e1lhat\u00f3, \u00edgy az \u00e1gy ig\u00e9ny szerinti k\u00e9nyelmet biztos\u00edt. A LIBRA t\u00f6bbf\u00e9le kialak\u00edt\u00e1si lehet\u0151s\u00e9get egyes\u00edt mag\u00e1ban, hogy egyszerre legyen term\u00e9szetes \u00e9s egy\u00e9ni a st\u00edlus az otthonodban.<\/td>\n<td style=\"width: 29.9401%; height: 216px;\">A CALABRIA \u00e1gynak k\u00e9t v\u00e1ltozata van: az egyik az \u00e1gyr\u00e1csos v\u00e1ltozat t\u00e1gas \u00e1gynem\u0171tart\u00f3val, \u00e9s van egy t\u00f6bbr\u00e9teg\u0171 boxspring \u00e1gyv\u00e1ltozat egyedileg megv\u00e1laszthat\u00f3 r\u00e9tegekkel az egy\u00e9ni alv\u00e1skomforthoz; mindkett\u0151 olyan extr\u00e1kkal eg\u00e9sz\u00fcl ki, mint a mozgathat\u00f3 fej- \u00e9s l\u00e1bz\u00f3na, sokf\u00e9le v\u00e1laszthat\u00f3 anyag \u00e9s a st\u00edlusos diz\u00e1jn.<\/td>\n<\/tr>\n<tr style=\"height: 176px;\">\n<td style=\"height: 176px;\"><strong>Saj\u00e1toss\u00e1gok<\/strong><\/td>\n<td style=\"height: 176px;\">\n<ul>\n<li>Boxspring \u00e1gy magas alv\u00e1si komforttal<\/li>\n<li>Motorral \u00e1ll\u00edthat\u00f3 fej- \u00e9s l\u00e1bz\u00f3na<\/li>\n<li>Az \u00e1gy k\u00e9t oldal\u00e1n k\u00fcl\u00f6n \u00e1ll\u00edthat\u00f3<\/li>\n<\/ul>\n<\/td>\n<td style=\"height: 176px;\">\n<ul>\n<li>T\u00f6m\u00f6r fa als\u00f3 r\u00e9sz k\u00e9t v\u00e1ltozatban<\/li>\n<li>fix \u00e9s motorral \u00e1ll\u00edthat\u00f3 fejt\u00e1mla \u00e9s l\u00e1br\u00e9sz<\/li>\n<li>hat k\u00fcl\u00f6nb\u00f6z\u0151 fejt\u00e1mla 3 magass\u00e1gban<\/li>\n<\/ul>\n<\/td>\n<td style=\"height: 176px;\">\n<ul>\n<li>Kaphat\u00f3 \u00e1gyr\u00e1ccsal vagy boxspring kivitelben<\/li>\n<li>Hatalmas v\u00e1laszt\u00e9k nat\u00far sz\u00ednekb\u0151l<\/li>\n<li>Praktikus \u00e1gynem\u0171tart\u00f3 az \u00e1gyr\u00e1cs alartt<\/li>\n<\/ul>\n<\/td>\n<\/tr>\n<tr style=\"height: 24px;\">\n<td style=\"width: 11.4065%; height: 24px;\"><\/td>\n<td style=\"width: 20.3259%; height: 24px;\"><\/td>\n<td style=\"width: 37.2984%; height: 24px; text-align: left;\"><a class=\"button\" href=\"https:\/\/www.ada.at\/hu\/produkte\/alvas\/agyak\/boxspring-agyak\/libra\/\">Ugr\u00e1s a term\u00e9khez<\/a><\/td>\n<td style=\"width: 29.9401%; height: 24px; text-align: left;\"><a class=\"button\" href=\"https:\/\/www.ada.at\/hu\/produkte\/alvas\/agyak\/agy-agyraccsal\/calabria\/\">Ugr\u00e1s a term\u00e9khez<\/a><\/td>\n<\/tr>\n<\/tbody>\n<\/table>\n<\/div>\n<\/div><\/div><\/div><\/div><\/p>\n","protected":false},"excerpt":{"rendered":"<p>A COMETA a j\u00f3 \u00e1gyv\u00e1laszt\u00e1s akkor, ha v\u00e9detts\u00e9gre \u00e9s rugalmass\u00e1gra v\u00e1gysz egyszerre: a fej-\u00e9s a l\u00e1bz\u00f3na mozgathat\u00f3, \u00e9s t\u00e1vir\u00e1ny\u00edt\u00f3val ir\u00e1ny\u00edthat\u00f3 az \u00e1gy k\u00e9t oldal\u00e1n, \u00e9s k\u00fcl\u00f6nb\u00f6z\u0151 fekv\u00e9si poz\u00edci\u00f3kat tudsz lehet\u0151v\u00e9 tenni. Az \u00e1gy v\u00e9g\u00e9n l\u00e9v\u0151 konzolok gondoskodnak arr\u00f3l, hogy a matracok sz\u00e9pen form\u00e1ban maradjanak, \u00e9s hogy minden poz\u00edci\u00f3ban a legjobban v\u00e9dve \u00e9rezd magad. Ezt az \u00e9rz\u00e9st er\u0151s\u00edti az egy\u00e9nileg konfigur\u00e1lhat\u00f3 boxspring \u00e1gy felejthetetlen alv\u00e1si komfortja is.<\/p>\n<ul>\n<li>Boxspring \u00e1gy magas alv\u00e1si komforttal<\/li>\n<li>Motorral \u00e1ll\u00edthat\u00f3 fej- \u00e9s l\u00e1bz\u00f3na<\/li>\n<li>K\u00fcl\u00f6nb\u00f6z\u0151 fekv\u00e9si poz\u00edci\u00f3k lehets\u00e9gesek<\/li>\n<li>Az \u00e1gy k\u00e9t oldal\u00e1n k\u00fcl\u00f6n \u00e1ll\u00edthat\u00f3<\/li>\n<li>Kiz\u00e1r\u00f3lag eur\u00f3pai gy\u00e1rt\u00e1sban k\u00e9sz\u00fcl<\/li>\n<\/ul>\n","protected":false},"featured_media":9722,"template":"","meta":{"_acf_changed":false},"product_brand":[],"product_cat":[549,551,633],"product_tag":[567,568,562,563,569,564,565,555,634,559,570,552],"class_list":{"0":"post-15291","1":"product","2":"type-product","3":"status-publish","4":"has-post-thumbnail","6":"product_cat-agyak","7":"product_cat-alvas","8":"product_cat-boxspring-agyak","9":"product_tag-160cm-hu","10":"product_tag-180cm-hu","11":"product_tag-190cm-hu","12":"product_tag-200cm-hu","13":"product_tag-200cm-hu-2","14":"product_tag-210cm-hu","15":"product_tag-220cm-hu","16":"product_tag-karpitozott","17":"product_tag-karpitozott-hu","18":"product_tag-motorral-allithato","19":"product_tag-nem-koezvetlenuel-a-foeldoen-all","20":"product_tag-uj","21":"post-status-publish","23":"first","24":"instock","25":"shipping-taxable","26":"product-type-simple","27":"add-to-wishlist-before_image"},"acf":[],"_links":{"self":[{"href":"https:\/\/www.ada.at\/hu\/wp-json\/wp\/v2\/product\/15291","targetHints":{"allow":["GET"]}}],"collection":[{"href":"https:\/\/www.ada.at\/hu\/wp-json\/wp\/v2\/product"}],"about":[{"href":"https:\/\/www.ada.at\/hu\/wp-json\/wp\/v2\/types\/product"}],"version-history":[{"count":0,"href":"https:\/\/www.ada.at\/hu\/wp-json\/wp\/v2\/product\/15291\/revisions"}],"wp:featuredmedia":[{"embeddable":true,"href":"https:\/\/www.ada.at\/hu\/wp-json\/wp\/v2\/media\/9722"}],"wp:attachment":[{"href":"https:\/\/www.ada.at\/hu\/wp-json\/wp\/v2\/media?parent=15291"}],"wp:term":[{"taxonomy":"product_brand","embeddable":true,"href":"https:\/\/www.ada.at\/hu\/wp-json\/wp\/v2\/product_brand?post=15291"},{"taxonomy":"product_cat","embeddable":true,"href":"https:\/\/www.ada.at\/hu\/wp-json\/wp\/v2\/product_cat?post=15291"},{"taxonomy":"product_tag","embeddable":true,"href":"https:\/\/www.ada.at\/hu\/wp-json\/wp\/v2\/product_tag?post=15291"}],"curies":[{"name":"wp","href":"https:\/\/api.w.org\/{rel}","templated":true}]}}