{"id":15288,"date":"2023-07-28T23:26:32","date_gmt":"2023-07-28T21:26:32","guid":{"rendered":"https:\/\/www.ada.at\/produkte\/nem-kategorizalt\/levia\/"},"modified":"2025-09-22T10:39:37","modified_gmt":"2025-09-22T08:39:37","slug":"levia","status":"publish","type":"product","link":"https:\/\/www.ada.at\/hu\/produkte\/alvas\/agyak\/levia\/","title":{"rendered":"Levia"},"content":{"rendered":"<p><div class=\"fusion-fullwidth fullwidth-box fusion-builder-row-1 fusion-flex-container has-pattern-background has-mask-background nonhundred-percent-fullwidth non-hundred-percent-height-scrolling top50 bottom-200\" style=\"--awb-border-radius-top-left:0px;--awb-border-radius-top-right:0px;--awb-border-radius-bottom-right:0px;--awb-border-radius-bottom-left:0px;--awb-padding-bottom:90px;--awb-flex-wrap:wrap;\" ><div class=\"fusion-builder-row fusion-row fusion-flex-align-items-flex-start fusion-flex-content-wrap\" style=\"max-width:1248px;margin-left: calc(-4% \/ 2 );margin-right: calc(-4% \/ 2 );\"><div class=\"fusion-layout-column fusion_builder_column fusion-builder-column-0 fusion_builder_column_1_1 1_1 fusion-flex-column\" style=\"--awb-bg-size:cover;--awb-width-large:100%;--awb-margin-top-large:0px;--awb-spacing-right-large:1.92%;--awb-margin-bottom-large:20px;--awb-spacing-left-large:1.92%;--awb-width-medium:100%;--awb-order-medium:0;--awb-spacing-right-medium:1.92%;--awb-spacing-left-medium:1.92%;--awb-width-small:100%;--awb-order-small:0;--awb-spacing-right-small:1.92%;--awb-spacing-left-small:1.92%;\"><div class=\"fusion-column-wrapper fusion-column-has-shadow fusion-flex-justify-content-flex-start fusion-content-layout-column\"><div class=\"fusion-image-element \" style=\"--awb-caption-title-font-family:var(--h2_typography-font-family);--awb-caption-title-font-weight:var(--h2_typography-font-weight);--awb-caption-title-font-style:var(--h2_typography-font-style);--awb-caption-title-size:var(--h2_typography-font-size);--awb-caption-title-transform:var(--h2_typography-text-transform);--awb-caption-title-line-height:var(--h2_typography-line-height);--awb-caption-title-letter-spacing:var(--h2_typography-letter-spacing);\"><span class=\" fusion-imageframe imageframe-none imageframe-1 hover-type-none\" style=\"border-radius:8px;\"><img decoding=\"async\" width=\"1400\" height=\"800\" title=\"Ein Bett f\u00fcr verliebte Paare &#8211; ADA . Mindful Living Levia Bett \u2013 F\u00fcr ein achtsames Zuhause\" src=\"https:\/\/www.ada.at\/wp-content\/uploads\/2023\/07\/Ein-Bett-fuer-verliebte-Paare-ADA-.-Mindful-Living-Levia-Bett-\u2013-Fuer-ein-achtsames-Zuhause.jpg\" alt class=\"img-responsive wp-image-11844\"\/><\/span><\/div><\/div><\/div><\/div><\/div><div class=\"fusion-fullwidth fullwidth-box fusion-builder-row-2 fusion-flex-container has-pattern-background has-mask-background fusion-parallax-none nonhundred-percent-fullwidth non-hundred-percent-height-scrolling cp-nachhaltigkeitselement cp-textlogos \" style=\"--awb-border-radius-top-left:0px;--awb-border-radius-top-right:0px;--awb-border-radius-bottom-right:0px;--awb-border-radius-bottom-left:0px;--awb-background-image:url(&quot;\/wp-content\/uploads\/2023\/08\/Ada-Hintergrund_dgrau_2.jpg&quot;);--awb-background-size:cover;--awb-flex-wrap:wrap;\" ><div class=\"fusion-builder-row fusion-row fusion-flex-align-items-flex-start fusion-flex-content-wrap\" style=\"max-width:1248px;margin-left: calc(-4% \/ 2 );margin-right: calc(-4% \/ 2 );\"><div class=\"fusion-layout-column fusion_builder_column fusion-builder-column-1 fusion_builder_column_1_3 1_3 fusion-flex-column\" style=\"--awb-padding-top:90px;--awb-bg-size:cover;--awb-width-large:33.333333333333%;--awb-margin-top-large:0px;--awb-spacing-right-large:5.76%;--awb-margin-bottom-large:20px;--awb-spacing-left-large:5.76%;--awb-width-medium:33.333333333333%;--awb-order-medium:0;--awb-spacing-right-medium:5.76%;--awb-spacing-left-medium:5.76%;--awb-width-small:100%;--awb-order-small:0;--awb-spacing-right-small:1.92%;--awb-spacing-left-small:1.92%;\"><div class=\"fusion-column-wrapper fusion-column-has-shadow fusion-flex-justify-content-flex-start fusion-content-layout-column\"><div class=\"fusion-title title fusion-title-1 fusion-sep-none fusion-title-text fusion-title-size-two\" style=\"--awb-text-color:var(--awb-color1);--awb-margin-top-small:10px;--awb-margin-right-small:0px;--awb-margin-bottom-small:10px;--awb-margin-left-small:0px;\"><h2 class=\"fusion-title-heading title-heading-left\" style=\"margin:0;\">Kir\u00e1ndul\u00e1s \u00e1lomorsz\u00e1gba<\/h2><\/div><\/div><\/div><div class=\"fusion-layout-column fusion_builder_column fusion-builder-column-2 fusion_builder_column_2_3 2_3 fusion-flex-column bottom350\" style=\"--awb-padding-top:90px;--awb-bg-size:cover;--awb-width-large:66.666666666667%;--awb-margin-top-large:0px;--awb-spacing-right-large:2.88%;--awb-margin-bottom-large:20px;--awb-spacing-left-large:2.88%;--awb-width-medium:66.666666666667%;--awb-order-medium:0;--awb-spacing-right-medium:2.88%;--awb-spacing-left-medium:2.88%;--awb-width-small:100%;--awb-order-small:0;--awb-spacing-right-small:1.92%;--awb-spacing-left-small:1.92%;\" data-scroll-devices=\"small-visibility,medium-visibility,large-visibility\"><div class=\"fusion-column-wrapper fusion-column-has-shadow fusion-flex-justify-content-flex-start fusion-content-layout-column\"><div class=\"fusion-text fusion-text-1\" style=\"--awb-text-color:var(--awb-color1);\"><p>A boxspring \u00e1gy t\u00f6bb r\u00e9tegb\u0151l \u00e1ll: egy talapzaton t\u00f6bb l\u00e1gyan rug\u00f3z\u00f3 r\u00e9teg van egym\u00e1son, mint p\u00e9ld\u00e1ul a matrac \u00e9s a fed\u0151matrac. Ezek k\u00f6vetik a mozg\u00e1sod, megt\u00e1masztj\u00e1k \u00e9s tehermentes\u00edtik a testet. A fel\u00e9p\u00edt\u00e9st m\u00e1r egy\u00e9nileg tudod konfigur\u00e1lni, \u00edgy azt\u00e1n nagyon szem\u00e9lyes alv\u00e1s\u00e9lm\u00e9ny j\u00f6n l\u00e9tre \u2013 \u00e9ppen megfelel\u0151 a kir\u00e1ndul\u00e1shoz \u00e1lomorsz\u00e1gba.<\/p>\n<p>Az \u00e1gy fel\u00e9p\u00edt\u00e9se hat\u00e1ssal van az alv\u00e1sra: v\u00e1laszthatsz k\u00fcl\u00f6nf\u00e9le min\u0151s\u00e9g\u0171 matracok k\u00f6z\u00fcl, mert a matrac lehet t\u00f6m\u00f6rebb vagy \u00e9ppen rugalmasabb, \u00e9s v\u00e1laszthatsz k\u00fcl\u00f6nb\u00f6z\u0151 kem\u00e9nys\u00e9gi szintek k\u00f6z\u00f6tt. Az\u00e9rt, hogy az \u00e1gyad igaz\u00e1n tessen neked, hatalmas v\u00e1laszt\u00e9kban k\u00edn\u00e1lunk nat\u00far sz\u00edn\u0171 sz\u00f6vetet \u00e9s b\u0151rt a huzathoz.<\/p>\n<\/div><\/div><\/div><\/div><\/div><div class=\"fusion-fullwidth fullwidth-box fusion-builder-row-3 fusion-flex-container has-pattern-background has-mask-background nonhundred-percent-fullwidth non-hundred-percent-height-scrolling cp-2images\" style=\"--awb-border-radius-top-left:0px;--awb-border-radius-top-right:0px;--awb-border-radius-bottom-right:0px;--awb-border-radius-bottom-left:0px;--awb-flex-wrap:wrap;\" ><div class=\"fusion-builder-row fusion-row fusion-flex-align-items-flex-start fusion-flex-content-wrap\" style=\"max-width:1248px;margin-left: calc(-4% \/ 2 );margin-right: calc(-4% \/ 2 );\"><div class=\"fusion-layout-column fusion_builder_column fusion-builder-column-3 fusion_builder_column_1_2 1_2 fusion-flex-column top-400\" style=\"--awb-bg-size:cover;--awb-width-large:50%;--awb-margin-top-large:0px;--awb-spacing-right-large:3.84%;--awb-margin-bottom-large:20px;--awb-spacing-left-large:3.84%;--awb-width-medium:50%;--awb-order-medium:0;--awb-spacing-right-medium:3.84%;--awb-spacing-left-medium:3.84%;--awb-width-small:100%;--awb-order-small:0;--awb-spacing-right-small:1.92%;--awb-spacing-left-small:1.92%;\" data-scroll-devices=\"small-visibility,medium-visibility,large-visibility\"><div class=\"fusion-column-wrapper fusion-column-has-shadow fusion-flex-justify-content-flex-start fusion-content-layout-column\"><div class=\"fusion-image-element \" style=\"--awb-caption-title-font-family:var(--h2_typography-font-family);--awb-caption-title-font-weight:var(--h2_typography-font-weight);--awb-caption-title-font-style:var(--h2_typography-font-style);--awb-caption-title-size:var(--h2_typography-font-size);--awb-caption-title-transform:var(--h2_typography-text-transform);--awb-caption-title-line-height:var(--h2_typography-line-height);--awb-caption-title-letter-spacing:var(--h2_typography-letter-spacing);\"><span class=\" fusion-imageframe imageframe-none imageframe-2 hover-type-none\" style=\"border-radius:8px;\"><img decoding=\"async\" width=\"522\" height=\"703\" title=\"Nachhaltig produzierte Betten von ADA . Mindful Living fu\u0308r das moderne schlafzimmer im Stil von westwing\" src=\"https:\/\/www.ada.at\/wp-content\/uploads\/2023\/07\/Nachhaltig-produzierte-Betten-von-ADA-.-Mindful-Living-fuer-das-moderne-schlafzimmer-im-Stil-von-westwing.jpg\" alt class=\"img-responsive wp-image-11808\"\/><\/span><\/div><\/div><\/div><div class=\"fusion-layout-column fusion_builder_column fusion-builder-column-4 fusion_builder_column_1_2 1_2 fusion-flex-column top-200\" style=\"--awb-bg-size:cover;--awb-width-large:50%;--awb-margin-top-large:0px;--awb-spacing-right-large:3.84%;--awb-margin-bottom-large:20px;--awb-spacing-left-large:3.84%;--awb-width-medium:50%;--awb-order-medium:0;--awb-spacing-right-medium:3.84%;--awb-spacing-left-medium:3.84%;--awb-width-small:100%;--awb-order-small:0;--awb-spacing-right-small:1.92%;--awb-spacing-left-small:1.92%;\" data-scroll-devices=\"small-visibility,medium-visibility,large-visibility\"><div class=\"fusion-column-wrapper fusion-column-has-shadow fusion-flex-justify-content-flex-start fusion-content-layout-column\"><div class=\"fusion-image-element \" style=\"--awb-caption-title-font-family:var(--h2_typography-font-family);--awb-caption-title-font-weight:var(--h2_typography-font-weight);--awb-caption-title-font-style:var(--h2_typography-font-style);--awb-caption-title-size:var(--h2_typography-font-size);--awb-caption-title-transform:var(--h2_typography-text-transform);--awb-caption-title-line-height:var(--h2_typography-line-height);--awb-caption-title-letter-spacing:var(--h2_typography-letter-spacing);\"><span class=\" fusion-imageframe imageframe-none imageframe-3 hover-type-none\" style=\"border-radius:8px;\"><img decoding=\"async\" width=\"522\" height=\"703\" title=\"Couch von ADA . Mindful Living \u2013 Stilvoll und achtsam produziert\" src=\"https:\/\/www.ada.at\/wp-content\/uploads\/2023\/07\/Couch-von-ADA-.-Mindful-Living-\u2013-Stilvoll-und-achtsam-produziert.jpg\" alt class=\"img-responsive wp-image-11806\"\/><\/span><\/div><\/div><\/div><\/div><\/div><div class=\"fusion-fullwidth fullwidth-box fusion-builder-row-4 fusion-flex-container has-pattern-background has-mask-background nonhundred-percent-fullwidth non-hundred-percent-height-scrolling cp-textlogos\" style=\"--awb-border-radius-top-left:0px;--awb-border-radius-top-right:0px;--awb-border-radius-bottom-right:0px;--awb-border-radius-bottom-left:0px;--awb-padding-top:50px;--awb-padding-bottom:50px;--awb-flex-wrap:wrap;\" ><div class=\"fusion-builder-row fusion-row fusion-flex-align-items-center fusion-flex-justify-content-center fusion-flex-content-wrap\" style=\"max-width:1248px;margin-left: calc(-4% \/ 2 );margin-right: calc(-4% \/ 2 );\"><div class=\"fusion-layout-column fusion_builder_column fusion-builder-column-5 fusion_builder_column_1_3 1_3 fusion-flex-column fusion-flex-align-self-flex-start\" style=\"--awb-bg-color:var(--awb-color1);--awb-bg-color-hover:var(--awb-color1);--awb-bg-size:cover;--awb-width-large:33.333333333333%;--awb-margin-top-large:0px;--awb-spacing-right-large:5.76%;--awb-margin-bottom-large:20px;--awb-spacing-left-large:5.76%;--awb-width-medium:33.333333333333%;--awb-order-medium:0;--awb-spacing-right-medium:5.76%;--awb-spacing-left-medium:5.76%;--awb-width-small:100%;--awb-order-small:0;--awb-spacing-right-small:1.92%;--awb-spacing-left-small:1.92%;\" data-scroll-devices=\"small-visibility,medium-visibility,large-visibility\"><div class=\"fusion-column-wrapper fusion-column-has-shadow fusion-flex-justify-content-flex-start fusion-content-layout-column\"><div class=\"fusion-title title fusion-title-2 fusion-sep-none fusion-title-text fusion-title-size-two\" style=\"--awb-text-color:var(--awb-color5);--awb-margin-top-small:10px;--awb-margin-right-small:0px;--awb-margin-bottom-small:10px;--awb-margin-left-small:0px;\"><h2 class=\"fusion-title-heading title-heading-left\" style=\"margin:0;\">J\u00f3 nap, j\u00f3 \u00e9jszaka<\/h2><\/div><\/div><\/div><div class=\"fusion-layout-column fusion_builder_column fusion-builder-column-6 fusion_builder_column_2_3 2_3 fusion-flex-column fusion-flex-align-self-flex-start\" style=\"--awb-bg-size:cover;--awb-width-large:66.666666666667%;--awb-margin-top-large:0px;--awb-spacing-right-large:2.88%;--awb-margin-bottom-large:20px;--awb-spacing-left-large:2.88%;--awb-width-medium:66.666666666667%;--awb-order-medium:0;--awb-spacing-right-medium:2.88%;--awb-spacing-left-medium:2.88%;--awb-width-small:100%;--awb-order-small:0;--awb-spacing-right-small:1.92%;--awb-spacing-left-small:1.92%;\" data-scroll-devices=\"small-visibility,medium-visibility,large-visibility\"><div class=\"fusion-column-wrapper fusion-column-has-shadow fusion-flex-justify-content-flex-start fusion-content-layout-column\"><div class=\"fusion-text fusion-text-2\" style=\"--awb-text-color:var(--awb-color5);\"><p>Az ADA \u00e1gyak maxim\u00e1lis v\u00e9detts\u00e9get ny\u00fajtanak sokf\u00e9le v\u00e1laszt\u00e1si lehet\u0151s\u00e9ggel \u2013 \u00e9s tart\u00f3san leny\u0171g\u00f6znek. Az \u00f6sszes \u00e1gy megfelel az eg\u00e9szs\u00e9ges alv\u00e1s legszigor\u00fabb ig\u00e9nyeinek, minden \u00e1gyunk min\u0151s\u00e9gi term\u00e9k, kimondottan tart\u00f3s \u00e9s hossz\u00fa \u00e9vekig veled maradhat. \u00cdgy jobban \u00e9lvezed az \u00e9letet, mert a j\u00f3 nap voltak\u00e9ppen a j\u00f3 \u00e9jszak\u00e1val kezd\u0151dik.<\/p>\n<\/div><\/div><\/div><\/div><\/div><div class=\"fusion-fullwidth fullwidth-box fusion-builder-row-5 fusion-flex-container has-pattern-background has-mask-background nonhundred-percent-fullwidth non-hundred-percent-height-scrolling fusion-no-small-visibility cp-vergleichstabelle top100 bottom100\" style=\"--awb-border-radius-top-left:0px;--awb-border-radius-top-right:0px;--awb-border-radius-bottom-right:0px;--awb-border-radius-bottom-left:0px;--awb-flex-wrap:wrap;\" ><div class=\"fusion-builder-row fusion-row fusion-flex-align-items-flex-start fusion-flex-content-wrap\" style=\"max-width:1248px;margin-left: calc(-4% \/ 2 );margin-right: calc(-4% \/ 2 );\"><div class=\"fusion-layout-column fusion_builder_column fusion-builder-column-7 fusion_builder_column_1_1 1_1 fusion-flex-column table-compare-hl\" style=\"--awb-bg-size:cover;--awb-width-large:100%;--awb-margin-top-large:0px;--awb-spacing-right-large:1.92%;--awb-margin-bottom-large:20px;--awb-spacing-left-large:1.92%;--awb-width-medium:100%;--awb-order-medium:0;--awb-spacing-right-medium:1.92%;--awb-spacing-left-medium:1.92%;--awb-width-small:100%;--awb-order-small:0;--awb-spacing-right-small:1.92%;--awb-spacing-left-small:1.92%;\" data-scroll-devices=\"small-visibility,medium-visibility,large-visibility\"><div class=\"fusion-column-wrapper fusion-column-has-shadow fusion-flex-justify-content-flex-start fusion-content-layout-column\"><div class=\"fusion-title title fusion-title-3 fusion-sep-none fusion-title-center fusion-title-text fusion-title-size-three\" style=\"--awb-text-color:var(--awb-color5);--awb-margin-top-small:10px;--awb-margin-right-small:0px;--awb-margin-bottom-small:10px;--awb-margin-left-small:0px;\"><h3 class=\"fusion-title-heading title-heading-center\" style=\"margin:0;\">A Levia \u00f6sszehasonl\u00edt\u00e1sa a t\u00f6bbi \u00e1gyunkkal<\/h3><\/div><\/div><\/div><div class=\"fusion-layout-column fusion_builder_column fusion-builder-column-8 fusion_builder_column_1_1 1_1 fusion-flex-column table-compare-box\" style=\"--awb-bg-size:cover;--awb-width-large:100%;--awb-margin-top-large:0px;--awb-spacing-right-large:1.92%;--awb-margin-bottom-large:20px;--awb-spacing-left-large:1.92%;--awb-width-medium:100%;--awb-order-medium:0;--awb-spacing-right-medium:1.92%;--awb-spacing-left-medium:1.92%;--awb-width-small:100%;--awb-order-small:0;--awb-spacing-right-small:1.92%;--awb-spacing-left-small:1.92%;\" data-scroll-devices=\"small-visibility,medium-visibility,large-visibility\"><div class=\"fusion-column-wrapper fusion-column-has-shadow fusion-flex-justify-content-flex-start fusion-content-layout-column\">\n<div class=\"table-1 table-compare\">\n<table style=\"width: 100%; height: 552px;\" width=\"100%\">\n<thead>\n<tr style=\"height: 87px;\">\n<th style=\"width: 11.4065%; height: 87px;\" align=\"left\"><\/th>\n<th style=\"width: 20.3259%; height: 87px;\" align=\"left\"><a href=\"https:\/\/www.ada.at\/wp-content\/uploads\/2023\/11\/ADA-.-Mindful-Living-Bett-LEVIA-\u2013-Sorgfaeltig-hergestellt-fuer-langlebigen-Komfort.jpg\"><img decoding=\"async\" class=\"alignnone wp-image-8591 size-full\" src=\"https:\/\/www.ada.at\/wp-content\/uploads\/2023\/11\/ADA-.-Mindful-Living-Bett-LEVIA-\u2013-Sorgfaeltig-hergestellt-fuer-langlebigen-Komfort.jpg\" alt=\"ADA . Mindful Living Bett LEVIA \u2013 Sorgf\u00e4ltig hergestellt f\u00fcr langlebigen Komfort\" width=\"300\" height=\"150\" \/><\/a><\/th>\n<th style=\"width: 37.2984%; height: 87px;\" align=\"left\"><img decoding=\"async\" class=\"alignnone wp-image-8598 size-full\" src=\"https:\/\/www.ada.at\/wp-content\/uploads\/2023\/11\/Herausragende-Qualitaet-im-ADA-.-Mindful-Living-Bett-NIRINA-\u2013-Fuer-ein-stilvolles-Zuhause.jpg\" alt=\"Herausragende Qualit\u00e4t im ADA . Mindful Living Bett NIRINA \u2013 F\u00fcr ein stilvolles Zuhause\" width=\"300\" height=\"150\" \/><\/th>\n<th style=\"width: 29.9401%; height: 87px;\" align=\"left\"><a href=\"https:\/\/www.ada.at\/wp-content\/uploads\/2023\/07\/md-Suavis_FB_SI11_SI50_TBG0_Freisteller_4.png\"><img decoding=\"async\" class=\"alignnone size-full wp-image-21092\" src=\"https:\/\/www.ada.at\/wp-content\/uploads\/2023\/07\/md-Suavis_FB_SI11_SI50_TBG0_Freisteller_4.png\" alt=\"\" width=\"300\" height=\"150\" \/><\/a><\/th>\n<\/tr>\n<\/thead>\n<tbody>\n<tr style=\"height: 24px;\">\n<td style=\"width: 11.4065%; height: 24px;\" align=\"left\"><strong>Modell<\/strong><\/td>\n<td style=\"width: 20.3259%; height: 24px;\" align=\"left\">Levia<\/td>\n<td style=\"width: 37.2984%; height: 24px;\" align=\"left\">Nirina<\/td>\n<td style=\"width: 29.9401%; height: 24px;\" align=\"left\">Suavis<\/td>\n<\/tr>\n<tr style=\"height: 216px;\">\n<td style=\"width: 11.4065%; height: 216px;\"><strong>R\u00f6vid le\u00edr\u00e1s<\/strong><\/td>\n<td style=\"width: 20.3259%; height: 216px;\">A LEVIA boxspring \u00e1gy, amely diz\u00e1jnj\u00e1nak k\u00f6sz\u00f6nhet\u0151en k\u00f6nnyeds\u00e9get sug\u00e1roz, egyenesvonal\u00fa keret, lekerek\u00edtett kont\u00farok \u00e9s s\u00fcllyesztett l\u00e1bai jellemzik, az \u00e1gy szinte lebeg. T\u00f6bbr\u00e9teg\u0171, egyedileg konfigur\u00e1lhat\u00f3 szerkezetet k\u00edn\u00e1l a szem\u00e9lyre szabott alv\u00e1si k\u00e9nyelem \u00e9rdek\u00e9ben, amelyet olyan k\u00e9zzel k\u00e9sz\u00edtett r\u00e9szletek eg\u00e9sz\u00edtenek ki, mint a fejt\u00e1ml\u00e1n tal\u00e1lhat\u00f3 k\u00e9der \u00e9s a sz\u00f6vet vagy b\u0151r huzatok sz\u00e9les v\u00e1laszt\u00e9ka, amelyek ide\u00e1lisak a pihentet\u0151 alv\u00e1shoz.<\/td>\n<td style=\"width: 37.2984%; height: 216px;\">A NIRINA gy\u00f6ny\u00f6r\u0171 boxspring \u00e1gy egy nagy, puh\u00e1n k\u00e1rpitozott fejt\u00e1ml\u00e1val, \u00e9s egy sz\u00f6gletes \u00e9s m\u00e9retes \u00e1gydobozzal, amelyek egy\u00fctt egy b\u00e9k\u00e9s szigetet alkotnak a h\u00e1l\u00f3szob\u00e1ban. Praktikus rekeszeket rejt a sz\u00fcks\u00e9ges apr\u00f3s\u00e1goknak, k\u00e9zm\u0171vestechnik\u00e1val kidolgozott finom r\u00e9szleteket, mint a k\u00e9dert \u00e9s a m\u00edvesen steppelt d\u00edszvarratokat ny\u00fajt. A karcs\u00fa \u00e1gyl\u00e1bak finom kontrasztot alkotva k\u00f6nnyeds\u00e9get k\u00f6lcs\u00f6n\u00f6znek az \u00e1gynak, amely szinte lebeg. A t\u00f6bbr\u00e9teg\u0171 szerkezet a matraccal \u00e9s a topperrel testre szabhat\u00f3 k\u00e9nyelmet \u00e9s al\u00e1t\u00e1maszt\u00e1st biztos\u00edt, ide\u00e1lis a pihentet\u0151 alv\u00e1shoz.<\/td>\n<td style=\"width: 29.9401%; height: 216px;\">A SUAVIS hangulatos boxspring \u00e1gy, amely v\u00e9detts\u00e9get \u00e9s k\u00e9nyelmet ny\u00fajt, k\u00f6zel van a padl\u00f3hoz, puha k\u00e1rpitoz\u00e1s\u00fa. A lekerek\u00edtett sarkok \u00e9s form\u00e1k a meghitts\u00e9g \u00e9rzet\u00e9t keltik. T\u00f6bbr\u00e9teg\u0171, l\u00e1gy rug\u00f3z\u00e1s\u00fa a fel\u00e9p\u00edt\u00e9s\u00fck, amely egy\u00e9nileg konfigur\u00e1lhat\u00f3, ez\u00e9rt felejthetetlen alv\u00e1s\u00e9lm\u00e9nyt ny\u00fajtanak. A fejr\u00e9sz k\u00e9t kialak\u00edt\u00e1ssal kaphat\u00f3: van kock\u00e1s \u00e9s steppelt varratos kivitel, a huzat pedig sokf\u00e9le nat\u00far sz\u00ednben is kaphat\u00f3. A SUAVIS egyszerre sug\u00e1roz v\u00e9detts\u00e9get \u00e9s k\u00f6nnyeds\u00e9get, megfelel az eg\u00e9szs\u00e9ges alv\u00e1s legszigor\u00fabb ig\u00e9nyeinek, ugyanakkor tart\u00f3s, ez\u00e9rt a pihentet\u0151 alv\u00e1s fenntarthat\u00f3 megold\u00e1sa.<\/td>\n<\/tr>\n<tr style=\"height: 176px;\">\n<td style=\"height: 176px;\"><strong>Saj\u00e1toss\u00e1gok<\/strong><\/td>\n<td style=\"height: 176px;\">\n<ul>\n<li>Boxspring \u00e1gy karcs\u00fa form\u00e1kkal<\/li>\n<li>A l\u00e1bak szinte lebeg\u0151 hat\u00e1st keltenek<\/li>\n<li>M\u00edves k\u00e9der varrat a fejt\u00e1ml\u00e1n<\/li>\n<\/ul>\n<\/td>\n<td style=\"height: 176px;\">\n<ul>\n<li>K\u00e9nyelmes, vastag fejt\u00e1mla<\/li>\n<li>Karcs\u00fa \u00e1gyl\u00e1bak a kontraszt miatt<\/li>\n<li>Hatalmas v\u00e1laszt\u00e9k sz\u00ednekb\u0151l<\/li>\n<\/ul>\n<\/td>\n<td style=\"height: 176px;\">\n<ul>\n<li>Lekerek\u00edtett, puha \u00e1gysarkok<\/li>\n<li>K\u00e1rpitoz\u00e1s steppelt varr\u00e1ssal<\/li>\n<li>Az \u00e1gy talpazata k\u00f6zel van a padl\u00f3hoz<\/li>\n<\/ul>\n<\/td>\n<\/tr>\n<tr style=\"height: 24px;\">\n<td style=\"width: 11.4065%; height: 24px;\"><\/td>\n<td style=\"width: 20.3259%; height: 24px;\"><\/td>\n<td style=\"width: 37.2984%; height: 24px; text-align: left;\"><a class=\"button\" href=\"https:\/\/www.ada.at\/hu\/produkte\/alvas\/agyak\/boxspring-agyak\/nirina\/\">Ugr\u00e1s a term\u00e9khez<\/a><\/td>\n<td style=\"width: 29.9401%; height: 24px; text-align: left;\"><a class=\"button\" href=\"https:\/\/www.ada.at\/hu\/produkte\/alvas\/agyak\/boxspring-agyak\/suavis\/\">Ugr\u00e1s a term\u00e9khez<\/a><\/td>\n<\/tr>\n<\/tbody>\n<\/table>\n<\/div>\n<\/div><\/div><\/div><\/div><\/p>\n","protected":false},"excerpt":{"rendered":"<p>A LEVIA k\u00f6nnyeds\u00e9get hoz az \u00e9letedbe. Ez is boxspring \u00e1gy, de kev\u00e9sb\u00e9 terjedelmes kivitelben. Az egyenes vonal\u00fa keret, a lekerek\u00edtett form\u00e1k \u00e9s visszah\u00fazott l\u00e1bak k\u00f6nnyednek, szinte lebeg\u0151nek mutatj\u00e1k az \u00e1gyat &#8211; ez \u00e9ppen j\u00f3 \u00e9rz\u00e9s az \u00e1lomorsz\u00e1gba val\u00f3 utaz\u00e1shoz. M\u00edves r\u00e9szlet a k\u00e9der a fejt\u00e1ml\u00e1n: a varrat meger\u0151s\u00edt\u00e9se a szeg\u00e9lyen, amely k\u00e9zzel k\u00e9sz\u00fcl.<\/p>\n<ul>\n<li>Boxspring \u00e1gy karcs\u00fa form\u00e1kkal<\/li>\n<li>A l\u00e1bak szinte lebeg\u0151 hat\u00e1st keltenek<\/li>\n<li>K\u00e9zm\u0171ves munka: k\u00e9der varrat a fejt\u00e1ml\u00e1n<\/li>\n<li>Sz\u00f6vet vagy b\u0151r nat\u00far sz\u00ednekben<\/li>\n<li>Kiz\u00e1r\u00f3lag eur\u00f3pai gy\u00e1rt\u00e1sban k\u00e9sz\u00fcl<\/li>\n<\/ul>\n<p>&nbsp;<\/p>\n","protected":false},"featured_media":9766,"template":"","meta":{"_acf_changed":false},"product_brand":[],"product_cat":[331,549,551,633],"product_tag":[566,567,568,563,569,555,634,570,637,552],"class_list":{"0":"post-15288","1":"product","2":"type-product","3":"status-publish","4":"has-post-thumbnail","6":"product_cat-ada-hu","7":"product_cat-agyak","8":"product_cat-alvas","9":"product_cat-boxspring-agyak","10":"product_tag-140cm-hu-2","11":"product_tag-160cm-hu","12":"product_tag-180cm-hu","13":"product_tag-200cm-hu","14":"product_tag-200cm-hu-2","15":"product_tag-karpitozott","16":"product_tag-karpitozott-hu","17":"product_tag-nem-koezvetlenuel-a-foeldoen-all","18":"product_tag-szinte-lebeg","19":"product_tag-uj","20":"post-status-publish","22":"first","23":"instock","24":"shipping-taxable","25":"product-type-simple","26":"add-to-wishlist-before_image"},"acf":[],"_links":{"self":[{"href":"https:\/\/www.ada.at\/hu\/wp-json\/wp\/v2\/product\/15288","targetHints":{"allow":["GET"]}}],"collection":[{"href":"https:\/\/www.ada.at\/hu\/wp-json\/wp\/v2\/product"}],"about":[{"href":"https:\/\/www.ada.at\/hu\/wp-json\/wp\/v2\/types\/product"}],"version-history":[{"count":2,"href":"https:\/\/www.ada.at\/hu\/wp-json\/wp\/v2\/product\/15288\/revisions"}],"predecessor-version":[{"id":23629,"href":"https:\/\/www.ada.at\/hu\/wp-json\/wp\/v2\/product\/15288\/revisions\/23629"}],"wp:featuredmedia":[{"embeddable":true,"href":"https:\/\/www.ada.at\/hu\/wp-json\/wp\/v2\/media\/9766"}],"wp:attachment":[{"href":"https:\/\/www.ada.at\/hu\/wp-json\/wp\/v2\/media?parent=15288"}],"wp:term":[{"taxonomy":"product_brand","embeddable":true,"href":"https:\/\/www.ada.at\/hu\/wp-json\/wp\/v2\/product_brand?post=15288"},{"taxonomy":"product_cat","embeddable":true,"href":"https:\/\/www.ada.at\/hu\/wp-json\/wp\/v2\/product_cat?post=15288"},{"taxonomy":"product_tag","embeddable":true,"href":"https:\/\/www.ada.at\/hu\/wp-json\/wp\/v2\/product_tag?post=15288"}],"curies":[{"name":"wp","href":"https:\/\/api.w.org\/{rel}","templated":true}]}}