{"id":15287,"date":"2023-07-28T23:29:23","date_gmt":"2023-07-28T21:29:23","guid":{"rendered":"https:\/\/www.ada.at\/produkte\/nem-kategorizalt\/libra\/"},"modified":"2025-08-25T14:32:22","modified_gmt":"2025-08-25T12:32:22","slug":"libra","status":"publish","type":"product","link":"https:\/\/www.ada.at\/hu\/produkte\/alvas\/agyak\/libra\/","title":{"rendered":"Libra"},"content":{"rendered":"<p><div class=\"fusion-fullwidth fullwidth-box fusion-builder-row-1 fusion-flex-container has-pattern-background has-mask-background nonhundred-percent-fullwidth non-hundred-percent-height-scrolling top150 bg-grau\" style=\"--awb-border-radius-top-left:0px;--awb-border-radius-top-right:0px;--awb-border-radius-bottom-right:0px;--awb-border-radius-bottom-left:0px;--awb-padding-bottom:90px;--awb-flex-wrap:wrap;\" ><div class=\"fusion-builder-row fusion-row fusion-flex-align-items-flex-start fusion-flex-content-wrap\" style=\"max-width:1248px;margin-left: calc(-4% \/ 2 );margin-right: calc(-4% \/ 2 );\"><div class=\"fusion-layout-column fusion_builder_column fusion-builder-column-0 fusion_builder_column_1_1 1_1 fusion-flex-column\" style=\"--awb-bg-size:cover;--awb-width-large:100%;--awb-margin-top-large:0px;--awb-spacing-right-large:1.92%;--awb-margin-bottom-large:20px;--awb-spacing-left-large:1.92%;--awb-width-medium:100%;--awb-order-medium:0;--awb-spacing-right-medium:1.92%;--awb-spacing-left-medium:1.92%;--awb-width-small:100%;--awb-order-small:0;--awb-spacing-right-small:1.92%;--awb-spacing-left-small:1.92%;\"><div class=\"fusion-column-wrapper fusion-column-has-shadow fusion-flex-justify-content-flex-start fusion-content-layout-column\"><div class=\"fusion-image-element \" style=\"--awb-caption-title-font-family:var(--h2_typography-font-family);--awb-caption-title-font-weight:var(--h2_typography-font-weight);--awb-caption-title-font-style:var(--h2_typography-font-style);--awb-caption-title-size:var(--h2_typography-font-size);--awb-caption-title-transform:var(--h2_typography-text-transform);--awb-caption-title-line-height:var(--h2_typography-line-height);--awb-caption-title-letter-spacing:var(--h2_typography-letter-spacing);\"><span class=\" fusion-imageframe imageframe-none imageframe-1 hover-type-none top-100\" style=\"border-radius:8px;\"><img decoding=\"async\" width=\"1400\" height=\"800\" title=\"Europa\u0308isches Libra Bett von ADA . Mindful Living fu\u0308r achtsames Wohnen im modernen und zeitlosen design\" src=\"https:\/\/www.ada.at\/wp-content\/uploads\/2023\/11\/Europaeisches-Libra-Bett-von-ADA-.-Mindful-Living-fuer-achtsames-Wohnen-im-modernen-und-zeitlosen-design.jpg\" alt class=\"img-responsive wp-image-11812\"\/><\/span><\/div><\/div><\/div><\/div><\/div><div class=\"fusion-fullwidth fullwidth-box fusion-builder-row-2 fusion-flex-container has-pattern-background has-mask-background nonhundred-percent-fullwidth non-hundred-percent-height-scrolling cp-nachhaltigkeitselement cp-textlogos \" style=\"--awb-border-radius-top-left:0px;--awb-border-radius-top-right:0px;--awb-border-radius-bottom-right:0px;--awb-border-radius-bottom-left:0px;--awb-padding-bottom:0px;--awb-margin-bottom:0px;--awb-flex-wrap:wrap;\" ><div class=\"fusion-builder-row fusion-row fusion-flex-align-items-flex-start fusion-flex-content-wrap\" style=\"max-width:1248px;margin-left: calc(-4% \/ 2 );margin-right: calc(-4% \/ 2 );\"><div class=\"fusion-layout-column fusion_builder_column fusion-builder-column-1 fusion_builder_column_1_3 1_3 fusion-flex-column\" style=\"--awb-bg-size:cover;--awb-width-large:33.333333333333%;--awb-margin-top-large:0px;--awb-spacing-right-large:5.76%;--awb-margin-bottom-large:0px;--awb-spacing-left-large:5.76%;--awb-width-medium:33.333333333333%;--awb-order-medium:0;--awb-spacing-right-medium:5.76%;--awb-spacing-left-medium:5.76%;--awb-width-small:100%;--awb-order-small:0;--awb-spacing-right-small:1.92%;--awb-spacing-left-small:1.92%;\"><div class=\"fusion-column-wrapper fusion-column-has-shadow fusion-flex-justify-content-flex-start fusion-content-layout-column\"><div class=\"fusion-title title fusion-title-1 fusion-sep-none fusion-title-text fusion-title-size-two\" style=\"--awb-text-color:var(--awb-color5);--awb-margin-top-small:10px;--awb-margin-right-small:0px;--awb-margin-bottom-small:10px;--awb-margin-left-small:0px;\"><h2 class=\"fusion-title-heading title-heading-left\" style=\"margin:0;\">Pihen\u00e9s vagy lebeg\u00e9s? Egyszerre mindkett\u0151!<\/h2><\/div><\/div><\/div><div class=\"fusion-layout-column fusion_builder_column fusion-builder-column-2 fusion_builder_column_2_3 2_3 fusion-flex-column\" style=\"--awb-padding-bottom:50px;--awb-bg-size:cover;--awb-width-large:66.666666666667%;--awb-margin-top-large:0px;--awb-spacing-right-large:2.88%;--awb-margin-bottom-large:0px;--awb-spacing-left-large:2.88%;--awb-width-medium:66.666666666667%;--awb-order-medium:0;--awb-spacing-right-medium:2.88%;--awb-spacing-left-medium:2.88%;--awb-width-small:100%;--awb-order-small:0;--awb-spacing-right-small:1.92%;--awb-spacing-left-small:1.92%;\" data-scroll-devices=\"small-visibility,medium-visibility,large-visibility\"><div class=\"fusion-column-wrapper fusion-column-has-shadow fusion-flex-justify-content-flex-start fusion-content-layout-column\"><div class=\"fusion-text fusion-text-1\" style=\"--awb-text-color:var(--awb-color1);\"><p><span style=\"color: var(--awb-color5);\">A LIBRA ismertet\u0151jegye a t\u00f6m\u00f6r f\u00e1b\u00f3l k\u00e9sz\u00fclt \u00e1gytalapzat, amelyet k\u00e9t v\u00e1ltozatban is megrendelhetsz. Ezennel a boxspring \u00e1gy olyan lesz, mint egy nyugalmas sziget, ezzel j\u00f3 alapotott biztos\u00edtva \u00e9leted kikapcsol\u00f3d\u00f3s r\u00e9sz\u00e9hez. A talapzatra fekszik fel az \u00e1gy, majd erre ker\u00fcl r\u00e1 az \u00fagynevezett \u00e1gydoboz, \u00e9s erre j\u00f6nnek m\u00e9g a rugalmas r\u00e9tegek, mint a matrac \u00e9s a fed\u0151matrac. Ezek k\u00f6vetik a mozg\u00e1sod, megt\u00e1masztj\u00e1k \u00e9s tehermentes\u00edtik a testet. Az \u00e1gy t\u00f6bbr\u00e9teg\u0171 fel\u00e9p\u00edt\u00e9se egy\u00e9nileg konfigur\u00e1lhat\u00f3, ez a szem\u00e9lyes alv\u00e1si \u00e9lm\u00e9ny titka. <\/span><\/p>\n<\/div><\/div><\/div><\/div><\/div><div class=\"fusion-fullwidth fullwidth-box fusion-builder-row-3 fusion-flex-container has-pattern-background has-mask-background nonhundred-percent-fullwidth non-hundred-percent-height-scrolling bg-gold\" style=\"--link_color: var(--awb-color5);--awb-border-radius-top-left:0px;--awb-border-radius-top-right:0px;--awb-border-radius-bottom-right:0px;--awb-border-radius-bottom-left:0px;--awb-padding-top:100px;--awb-padding-bottom:0px;--awb-margin-top:22px;--awb-margin-bottom:30px;--awb-flex-wrap:wrap;\" ><div class=\"fusion-builder-row fusion-row fusion-flex-align-items-flex-start fusion-flex-content-wrap\" style=\"max-width:1248px;margin-left: calc(-4% \/ 2 );margin-right: calc(-4% \/ 2 );\"><div class=\"fusion-layout-column fusion_builder_column fusion-builder-column-3 fusion_builder_column_1_2 1_2 fusion-flex-column\" style=\"--awb-bg-size:cover;--awb-width-large:50%;--awb-margin-top-large:0px;--awb-spacing-right-large:3.84%;--awb-margin-bottom-large:20px;--awb-spacing-left-large:3.84%;--awb-width-medium:50%;--awb-order-medium:0;--awb-spacing-right-medium:3.84%;--awb-spacing-left-medium:3.84%;--awb-width-small:100%;--awb-order-small:0;--awb-spacing-right-small:1.92%;--awb-spacing-left-small:1.92%;\"><div class=\"fusion-column-wrapper fusion-column-has-shadow fusion-flex-justify-content-flex-start fusion-content-layout-column\"><div class=\"fusion-image-element \" style=\"--awb-caption-title-font-family:var(--h2_typography-font-family);--awb-caption-title-font-weight:var(--h2_typography-font-weight);--awb-caption-title-font-style:var(--h2_typography-font-style);--awb-caption-title-size:var(--h2_typography-font-size);--awb-caption-title-transform:var(--h2_typography-text-transform);--awb-caption-title-line-height:var(--h2_typography-line-height);--awb-caption-title-letter-spacing:var(--h2_typography-letter-spacing);\"><span class=\" fusion-imageframe imageframe-none imageframe-2 hover-type-none top-200\" style=\"border-radius:8px;\"><img decoding=\"async\" width=\"522\" height=\"703\" title=\"Nachhaltig produziertes Libra Bett von ADA . Mindful Living\" src=\"https:\/\/www.ada.at\/wp-content\/uploads\/2023\/11\/Nachhaltig-produziertes-Libra-Bett-von-ADA-.-Mindful-Living.jpg\" alt class=\"img-responsive wp-image-11814\"\/><\/span><\/div><\/div><\/div><div class=\"fusion-layout-column fusion_builder_column fusion-builder-column-4 fusion_builder_column_1_2 1_2 fusion-flex-column\" style=\"--awb-bg-size:cover;--awb-width-large:50%;--awb-margin-top-large:0px;--awb-spacing-right-large:3.84%;--awb-margin-bottom-large:20px;--awb-spacing-left-large:3.84%;--awb-width-medium:50%;--awb-order-medium:0;--awb-spacing-right-medium:3.84%;--awb-spacing-left-medium:3.84%;--awb-width-small:100%;--awb-order-small:0;--awb-spacing-right-small:1.92%;--awb-spacing-left-small:1.92%;\"><div class=\"fusion-column-wrapper fusion-column-has-shadow fusion-flex-justify-content-flex-start fusion-content-layout-column\"><div class=\"fusion-title title fusion-title-2 fusion-sep-none fusion-title-text fusion-title-size-three bottom50\" style=\"--awb-text-color:var(--awb-color5);--awb-margin-top-small:10px;--awb-margin-right-small:0px;--awb-margin-bottom-small:10px;--awb-margin-left-small:0px;\"><h3 class=\"fusion-title-heading title-heading-left\" style=\"margin:0;\">A szabads\u00e1g a v\u00e1laszt\u00e1s szabads\u00e1g\u00e1t jelenti.<\/h3><\/div><\/div><\/div><div class=\"fusion-layout-column fusion_builder_column fusion-builder-column-5 fusion_builder_column_1_2 1_2 fusion-flex-column\" style=\"--awb-padding-top:200px;--awb-bg-size:cover;--awb-border-color:var(--awb-color5);--awb-border-style:solid;--awb-width-large:50%;--awb-margin-top-large:-200px;--awb-spacing-right-large:3.84%;--awb-margin-bottom-large:100px;--awb-spacing-left-large:3.84%;--awb-width-medium:50%;--awb-order-medium:0;--awb-spacing-right-medium:3.84%;--awb-spacing-left-medium:3.84%;--awb-width-small:100%;--awb-order-small:0;--awb-spacing-right-small:1.92%;--awb-spacing-left-small:1.92%;\" data-scroll-devices=\"small-visibility,medium-visibility,large-visibility\"><div class=\"fusion-column-wrapper fusion-column-has-shadow fusion-flex-justify-content-flex-start fusion-content-layout-column\"><\/div><\/div><div class=\"fusion-layout-column fusion_builder_column fusion-builder-column-6 fusion_builder_column_1_2 1_2 fusion-flex-column\" style=\"--awb-padding-top:20px;--awb-bg-size:cover;--awb-border-color:var(--awb-color5);--awb-border-style:solid;--awb-width-large:50%;--awb-margin-top-large:0px;--awb-spacing-right-large:3.84%;--awb-margin-bottom-large:20px;--awb-spacing-left-large:3.84%;--awb-width-medium:50%;--awb-order-medium:0;--awb-spacing-right-medium:3.84%;--awb-spacing-left-medium:3.84%;--awb-width-small:100%;--awb-order-small:0;--awb-spacing-right-small:1.92%;--awb-spacing-left-small:1.92%;\" data-scroll-devices=\"small-visibility,medium-visibility,large-visibility\"><div class=\"fusion-column-wrapper fusion-column-has-shadow fusion-flex-justify-content-flex-start fusion-content-layout-column\"><div class=\"fusion-text fusion-text-2\" style=\"--awb-text-color:var(--awb-color5);--awb-margin-top:-450px;\"><p>&nbsp;<\/p>\n<p>A LIBRA boxspring \u00e1gy igaz\u00e1n szabad ebben az \u00e9rtelemben, ez k\u00fcl\u00f6n\u00f6sen megmutatkozik a sarkokon \u00e9s az \u00e1gyv\u00e9geken: k\u00fcl\u00f6nf\u00e9le huzatok az \u00e1gykereten, k\u00fcl\u00f6nb\u00f6z\u0151 form\u00e1j\u00fa \u00e1gyl\u00e1bak \u00e9s hatf\u00e9le kialak\u00edt\u00e1s\u00fa fejt\u00e1mla.<\/p>\n<p>Szeretn\u00e9l faanyagb\u00f3l k\u00e9sz\u00fclt fejt\u00e1ml\u00e1t? Akkor v\u00e1laszthatod a vadt\u00f6lgyet, a cirboly\u00e1t vagy a vadb\u00fckk\u00f6t. Alapvet\u0151en osztr\u00e1k erd\u0151kb\u0151l sz\u00e1rmazik a faanyag, amely term\u00e9szetess\u00e9get k\u00f6lcs\u00f6n\u00f6z az otthonodnak. Ha viszont a puha \u00e1gyat szereted, akkor jobban illik hozz\u00e1d a k\u00e1rpitozott fejt\u00e1mla. N\u00e9gyf\u00e9le steppelt varr\u00e1sb\u00f3l v\u00e1laszthatsz &#8211; d\u00f6ntsd el magad, melyik mint\u00e1val \u00e9rzed magad a legjobban a h\u00e1l\u00f3szob\u00e1ban. M\u00e9g t\u00f6bb vari\u00e1ci\u00f3t szeretn\u00e9l a fejt\u00e1mla megv\u00e1laszt\u00e1s\u00e1ban? Akkor kombin\u00e1ld a kett\u0151t: legyen faanyag \u00e9s k\u00e1rpit!<\/p>\n<\/div><\/div><\/div><\/div><\/div><div class=\"fusion-fullwidth fullwidth-box fusion-builder-row-4 fusion-flex-container has-pattern-background has-mask-background nonhundred-percent-fullwidth non-hundred-percent-height-scrolling cp-nachhaltigkeitselement\" style=\"--awb-border-radius-top-left:0px;--awb-border-radius-top-right:0px;--awb-border-radius-bottom-right:0px;--awb-border-radius-bottom-left:0px;--awb-padding-top:0px;--awb-margin-top:0px;--awb-flex-wrap:wrap;\" ><div class=\"fusion-builder-row fusion-row fusion-flex-align-items-flex-start fusion-flex-content-wrap\" style=\"max-width:1248px;margin-left: calc(-4% \/ 2 );margin-right: calc(-4% \/ 2 );\"><div class=\"fusion-layout-column fusion_builder_column fusion-builder-column-7 fusion_builder_column_1_1 1_1 fusion-flex-column\" style=\"--awb-bg-size:cover;--awb-width-large:100%;--awb-margin-top-large:0px;--awb-spacing-right-large:1.92%;--awb-margin-bottom-large:20px;--awb-spacing-left-large:1.92%;--awb-width-medium:100%;--awb-order-medium:0;--awb-spacing-right-medium:1.92%;--awb-spacing-left-medium:1.92%;--awb-width-small:100%;--awb-order-small:0;--awb-spacing-right-small:1.92%;--awb-spacing-left-small:1.92%;\" data-scroll-devices=\"small-visibility,medium-visibility,large-visibility\"><div class=\"fusion-column-wrapper fusion-column-has-shadow fusion-flex-justify-content-flex-start fusion-content-layout-column\"><div class=\"fusion-image-element \" style=\"text-align:center;--awb-caption-title-font-family:var(--h2_typography-font-family);--awb-caption-title-font-weight:var(--h2_typography-font-weight);--awb-caption-title-font-style:var(--h2_typography-font-style);--awb-caption-title-size:var(--h2_typography-font-size);--awb-caption-title-transform:var(--h2_typography-text-transform);--awb-caption-title-line-height:var(--h2_typography-line-height);--awb-caption-title-letter-spacing:var(--h2_typography-letter-spacing);\"><span class=\" fusion-imageframe imageframe-none imageframe-3 hover-type-none\" style=\"border-radius:8px;\"><img decoding=\"async\" width=\"1400\" height=\"800\" title=\"Hochwertiges Libra Bett, sorgfa\u0308ltig gefertigt von ADA . Mindful Living\" src=\"https:\/\/www.ada.at\/wp-content\/uploads\/2023\/11\/Hochwertiges-Libra-Bett-sorgfaeltig-gefertigt-von-ADA-.-Mindful-Living.jpg\" alt class=\"img-responsive wp-image-11810\"\/><\/span><\/div><\/div><\/div><\/div><\/div><div class=\"fusion-fullwidth fullwidth-box fusion-builder-row-5 fusion-flex-container has-pattern-background has-mask-background nonhundred-percent-fullwidth non-hundred-percent-height-scrolling fusion-no-small-visibility cp-vergleichstabelle top100 bottom100\" style=\"--awb-border-radius-top-left:0px;--awb-border-radius-top-right:0px;--awb-border-radius-bottom-right:0px;--awb-border-radius-bottom-left:0px;--awb-flex-wrap:wrap;\" ><div class=\"fusion-builder-row fusion-row fusion-flex-align-items-flex-start fusion-flex-content-wrap\" style=\"max-width:1248px;margin-left: calc(-4% \/ 2 );margin-right: calc(-4% \/ 2 );\"><div class=\"fusion-layout-column fusion_builder_column fusion-builder-column-8 fusion_builder_column_1_1 1_1 fusion-flex-column table-compare-hl\" style=\"--awb-bg-size:cover;--awb-width-large:100%;--awb-margin-top-large:0px;--awb-spacing-right-large:1.92%;--awb-margin-bottom-large:20px;--awb-spacing-left-large:1.92%;--awb-width-medium:100%;--awb-order-medium:0;--awb-spacing-right-medium:1.92%;--awb-spacing-left-medium:1.92%;--awb-width-small:100%;--awb-order-small:0;--awb-spacing-right-small:1.92%;--awb-spacing-left-small:1.92%;\" data-scroll-devices=\"small-visibility,medium-visibility,large-visibility\"><div class=\"fusion-column-wrapper fusion-column-has-shadow fusion-flex-justify-content-flex-start fusion-content-layout-column\"><div class=\"fusion-title title fusion-title-3 fusion-sep-none fusion-title-center fusion-title-text fusion-title-size-three\" style=\"--awb-text-color:var(--awb-color5);--awb-margin-top-small:10px;--awb-margin-right-small:0px;--awb-margin-bottom-small:10px;--awb-margin-left-small:0px;\"><h3 class=\"fusion-title-heading title-heading-center\" style=\"margin:0;\"><p>A Libra \u00f6sszehasonl\u00edt\u00e1sa a t\u00f6bbi<br \/>\n\u00e1gyunkkal<\/p><\/h3><\/div><\/div><\/div><div class=\"fusion-layout-column fusion_builder_column fusion-builder-column-9 fusion_builder_column_1_1 1_1 fusion-flex-column table-compare-box\" style=\"--awb-bg-size:cover;--awb-width-large:100%;--awb-margin-top-large:0px;--awb-spacing-right-large:1.92%;--awb-margin-bottom-large:20px;--awb-spacing-left-large:1.92%;--awb-width-medium:100%;--awb-order-medium:0;--awb-spacing-right-medium:1.92%;--awb-spacing-left-medium:1.92%;--awb-width-small:100%;--awb-order-small:0;--awb-spacing-right-small:1.92%;--awb-spacing-left-small:1.92%;\" data-scroll-devices=\"small-visibility,medium-visibility,large-visibility\"><div class=\"fusion-column-wrapper fusion-column-has-shadow fusion-flex-justify-content-flex-start fusion-content-layout-column\">\n<div class=\"table-1 table-compare\">\n<table style=\"width: 100%; height: 552px;\" width=\"100%\">\n<thead>\n<tr style=\"height: 87px;\">\n<th style=\"width: 11.4065%; height: 87px;\" align=\"left\"><\/th>\n<th style=\"width: 20.3259%; height: 87px;\" align=\"left\"><img decoding=\"async\" class=\"alignnone wp-image-8596 size-full\" src=\"https:\/\/www.ada.at\/wp-content\/uploads\/2023\/11\/Entspanntes-Leben-mit-dem-luxurioesen-Bett-LIBRA-von-ADA-.-Mindful-Living.jpg\" alt=\"Entspanntes Leben mit dem luxuri\u00f6sen Bett LIBRA von ADA . Mindful Living\" width=\"300\" height=\"150\" \/><\/th>\n<th style=\"width: 37.2984%; height: 87px;\" align=\"left\"><img decoding=\"async\" class=\"alignnone size-full wp-image-8602\" src=\"https:\/\/www.ada.at\/wp-content\/uploads\/2023\/11\/Praemiertes-Design-Bett-von-schoener-Wohnen-STELLA-ALPINA-von-ADA-Mindful-Living-\u2013-Oesterreichische-Handwerkskunst-in-Ihrem-Schlafzimmer.jpg\" alt=\"Pr\u00e4miertes Design-Bett von sch\u00f6ner Wohnen STELLA ALPINA von ADA Mindful Living \u2013 \u00d6sterreichische Handwerkskunst in Ihrem Schlafzimmer\" width=\"300\" height=\"150\" \/><\/th>\n<th style=\"width: 29.9401%; height: 87px;\" align=\"left\"><img decoding=\"async\" class=\"alignnone wp-image-8600 size-full\" src=\"https:\/\/www.ada.at\/wp-content\/uploads\/2023\/11\/Nachhaltig-produziertes-Bett-Calabria-von-ADA-.-Mindful-Living-\u2013-Fuer-achtsames-Schlafen.jpg\" alt=\"Nachhaltig produziertes Bett Calabria von ADA . Mindful Living \u2013 F\u00fcr achtsames Schlafen\" width=\"300\" height=\"150\" \/><\/th>\n<\/tr>\n<\/thead>\n<tbody>\n<tr style=\"height: 24px;\">\n<td style=\"width: 11.4065%; height: 24px;\" align=\"left\"><strong>Modell<\/strong><\/td>\n<td style=\"width: 20.3259%; height: 24px;\" align=\"left\">Libra<\/td>\n<td style=\"width: 37.2984%; height: 24px;\" align=\"left\">Stella Alpina<\/td>\n<td style=\"width: 29.9401%; height: 24px;\" align=\"left\">Calabria<\/td>\n<\/tr>\n<tr style=\"height: 216px;\">\n<td style=\"width: 11.4065%; height: 216px;\"><strong>R\u00f6vid le\u00edr\u00e1s<\/strong><\/td>\n<td style=\"width: 20.3259%; height: 216px;\">A LIBRA boxspring \u00e1gy sokf\u00e9le kialak\u00edt\u00e1si lehet\u0151s\u00e9get biztos\u00edt, van hat fejt\u00e1mla h\u00e1rom k\u00fcl\u00f6nb\u00f6z\u0151 magass\u00e1ggal, f\u00e1b\u00f3l, sz\u00f6vettel vagy b\u0151rrel, vannak k\u00fcl\u00f6nf\u00e9le \u00e1gykeretek \u00e9s \u00e1gyl\u00e1bak. A t\u00f6m\u00f6r fa als\u00f3 r\u00e9sz karakteres jellemz\u0151je a LIBRA \u00e1gynak, amely pihentet\u0151 l\u00e9gk\u00f6rt teremt a h\u00e1l\u00f3sz\u00f3b\u00e1ban. A r\u00e9teges fel\u00e9p\u00edt\u00e9shez sz\u00fcks\u00e9ges matrac \u00e9s fed\u0151matrac egy\u00e9nileg konfigur\u00e1lhat\u00f3, \u00edgy az \u00e1gy ig\u00e9ny szerinti k\u00e9nyelmet biztos\u00edt. A LIBRA t\u00f6bbf\u00e9le kialak\u00edt\u00e1si lehet\u0151s\u00e9get egyes\u00edt mag\u00e1ban, hogy egyszerre legyen term\u00e9szetes \u00e9s egy\u00e9ni a st\u00edlus az otthonodban.<\/td>\n<td style=\"width: 37.2984%; height: 216px;\">A STELLA ALPINA olyan boxspring \u00e1gy, amely a term\u00e9szetes sz\u00e9ps\u00e9get \u00e9s az egyedis\u00e9get t\u00f6m\u00f6r fakerettel \u00e9s karakteres erezettel egyes\u00edti mag\u00e1ban, ami\u00e9rt megkapta a SCH\u00d6NER WOHNEN Best of Design Award 2022 d\u00edj\u00e1t. Az \u00e1gy, amelynek a neve csillagot jelent, v\u00e1laszt\u00e1si lehet\u0151s\u00e9get k\u00edn\u00e1l a fenntarthat\u00f3 erd\u0151gazd\u00e1lkod\u00e1sb\u00f3l sz\u00e1rmaz\u00f3 vadt\u00f6lgy, cirbolya \u00e9s vadb\u00fckk k\u00f6z\u00f6tt. De van lehet\u0151s\u00e9g arra is, hogy a fejt\u00e1ml\u00e1t vagy az \u00e1gy als\u00f3 r\u00e9sz\u00e9t sz\u00f6vet- vagy b\u0151rhuzattal rendeld meg, \u00e9s hogy egy k\u00f6nnyedebb, \u00fcltetett \u00e1gydiz\u00e1jnt v\u00e1lassz. A t\u00f6bbr\u00e9teg\u0171, egyedileg kialak\u00edthat\u00f3 fel\u00e9p\u00edt\u00e9s az egy\u00e9ni \u00edzl\u00e9snek megfelel\u0151 komfortot \u00e9s pihen\u00e9st biztos\u00edt, ide\u00e1lis a term\u00e9szettel harm\u00f3ni\u00e1ban l\u00e9v\u0151 nyugalmas \u00e9jszak\u00e1khoz.<\/td>\n<td style=\"width: 29.9401%; height: 216px;\">A CALABRIA \u00e1gynak k\u00e9t v\u00e1ltozata van: az egyik az \u00e1gyr\u00e1csos v\u00e1ltozat t\u00e1gas \u00e1gynem\u0171tart\u00f3val, \u00e9s van egy t\u00f6bbr\u00e9teg\u0171 boxspring \u00e1gyv\u00e1ltozat egyedileg megv\u00e1laszthat\u00f3 r\u00e9tegekkel az egy\u00e9ni alv\u00e1skomforthoz; mindkett\u0151 olyan extr\u00e1kkal eg\u00e9sz\u00fcl ki, mint a mozgathat\u00f3 fej- \u00e9s l\u00e1bz\u00f3na, sokf\u00e9le v\u00e1laszthat\u00f3 anyag \u00e9s a st\u00edlusos diz\u00e1jn.<\/td>\n<\/tr>\n<tr style=\"height: 176px;\">\n<td style=\"height: 176px; width: 11.4065%;\"><strong>Saj\u00e1toss\u00e1gok<\/strong><\/td>\n<td style=\"height: 176px; width: 20.3259%;\">\n<ul>\n<li>T\u00f6m\u00f6r fa als\u00f3 r\u00e9sz k\u00e9t v\u00e1ltozatban<\/li>\n<li>fix \u00e9s motorral \u00e1ll\u00edthat\u00f3 fejt\u00e1mla \u00e9s l\u00e1br\u00e9sz<\/li>\n<li>hat k\u00fcl\u00f6nb\u00f6z\u0151 fejt\u00e1mla 3 magass\u00e1gban<\/li>\n<li><\/li>\n<\/ul>\n<\/td>\n<td style=\"height: 176px; width: 37.2984%;\">\n<ul>\n<li>Kaphat\u00f3 vadt\u00f6lgy, cirbolya vagy vadb\u00fckk kivitelben<\/li>\n<li>A f\u00e1k fenntarthat\u00f3 erd\u0151gazd\u00e1lkod\u00e1sb\u00f3l sz\u00e1rmaznak<\/li>\n<li>Megkapta a SCH\u00d6NER WOHNEN Best of Design Award 2022 d\u00edj\u00e1t<\/li>\n<\/ul>\n<\/td>\n<td style=\"height: 176px; width: 29.9401%;\">\n<ul>\n<li>Kaphat\u00f3 \u00e1gyr\u00e1ccsal vagy boxspring kivitelben<\/li>\n<li>Hatalmas v\u00e1laszt\u00e9k nat\u00far sz\u00ednekb\u0151l<\/li>\n<li>Praktikus \u00e1gynem\u0171tart\u00f3 az \u00e1gyr\u00e1cs alartt<\/li>\n<\/ul>\n<\/td>\n<\/tr>\n<tr style=\"height: 24px;\">\n<td style=\"width: 11.4065%; height: 24px;\"><\/td>\n<td style=\"width: 20.3259%; height: 24px;\"><\/td>\n<td style=\"width: 37.2984%; height: 24px; text-align: left;\"><a class=\"button\" href=\"https:\/\/www.ada.at\/hu\/produkte\/alvas\/agyak\/boxspring-agyak\/stella-alpina\/\">Ugr\u00e1s a term\u00e9khez<\/a><\/td>\n<td style=\"width: 29.9401%; height: 24px; text-align: left;\"><a class=\"button\" href=\"https:\/\/www.ada.at\/hu\/produkte\/alvas\/agyak\/agy-agyraccsal\/calabria\/\">Ugr\u00e1s a term\u00e9khez<\/a><\/td>\n<\/tr>\n<\/tbody>\n<\/table>\n<\/div>\n<\/div><\/div><\/div><\/div><\/p>\n","protected":false},"excerpt":{"rendered":"<p>A LIBRA boxspring \u00e1gy sok szabads\u00e1got k\u00edn\u00e1l. V\u00e1laszthatsz hatf\u00e9le fejt\u00e1mla k\u00f6z\u00fcl h\u00e1romf\u00e9le magass\u00e1ggal \u00e9s h\u00e1romf\u00e9le anyagb\u00f3l, fa, sz\u00f6vet vagy b\u0151r. Az \u00e1gykerethez \u00e9s az \u00e1gyl\u00e1bakhoz is k\u00fcl\u00f6nb\u00f6z\u0151 huzatokat \u00e9s form\u00e1kat v\u00e1laszthatsz. Sok minden lehets\u00e9ges, egy valami azonban biztos: a boxspring \u00e1gy minden \u00e9rtelemben rugalmas. Ugyanakkor \u00fagy mutat a hal\u00f3szob\u00e1ban, mint valami sziget. Az \u00e1gy als\u00f3 r\u00e9sze \u2013 ez a LIBRA ismertet\u0151jegye \u2013 j\u00f3 alapotott biztos\u00edt az \u00e9leted kikapcsol\u00f3d\u00f3s r\u00e9sz\u00e9hez.<\/p>\n<ul>\n<li>T\u00f6m\u00f6r fa als\u00f3 r\u00e9sz k\u00e9t v\u00e1ltozatban<\/li>\n<li>fix \u00e9s motorral \u00e1ll\u00edthat\u00f3 fejt\u00e1mla \u00e9s l\u00e1br\u00e9sz<\/li>\n<li>hat k\u00fcl\u00f6nb\u00f6z\u0151 fejt\u00e1mla 3 magass\u00e1gban<\/li>\n<li>Faanyag: vadt\u00f6lgy, cirbolya, vadb\u00fckk<\/li>\n<li>A huzat lehet sz\u00f6vet vagy b\u0151r<\/li>\n<li>\u00c1gyl\u00e1bak t\u00f6bbf\u00e9le form\u00e1ban<\/li>\n<li>Kiz\u00e1r\u00f3lag eur\u00f3pai gy\u00e1rt\u00e1sban k\u00e9sz\u00fcl<\/li>\n<\/ul>\n","protected":false},"featured_media":21764,"template":"","meta":{"_acf_changed":false},"product_brand":[],"product_cat":[331,549,551,633],"product_tag":[635,636,566,567,568,562,563,569,564,565,638,555,634,559,570,637,554,552,558,557],"class_list":{"0":"post-15287","1":"product","2":"type-product","3":"status-publish","4":"has-post-thumbnail","6":"product_cat-ada-hu","7":"product_cat-agyak","8":"product_cat-alvas","9":"product_cat-boxspring-agyak","10":"product_tag-100cm-hu-3","11":"product_tag-120cm-hu-4","12":"product_tag-140cm-hu-2","13":"product_tag-160cm-hu","14":"product_tag-180cm-hu","15":"product_tag-190cm-hu","16":"product_tag-200cm-hu","17":"product_tag-200cm-hu-2","18":"product_tag-210cm-hu","19":"product_tag-220cm-hu","20":"product_tag-cirbolyafenyo","21":"product_tag-karpitozott","22":"product_tag-karpitozott-hu","23":"product_tag-motorral-allithato","24":"product_tag-nem-koezvetlenuel-a-foeldoen-all","25":"product_tag-szinte-lebeg","26":"product_tag-toemoer-fa-hu","27":"product_tag-uj","28":"product_tag-vadbuekk","29":"product_tag-vadtoelgy","30":"post-status-publish","32":"first","33":"instock","34":"shipping-taxable","35":"product-type-simple","36":"add-to-wishlist-before_image"},"acf":[],"_links":{"self":[{"href":"https:\/\/www.ada.at\/hu\/wp-json\/wp\/v2\/product\/15287","targetHints":{"allow":["GET"]}}],"collection":[{"href":"https:\/\/www.ada.at\/hu\/wp-json\/wp\/v2\/product"}],"about":[{"href":"https:\/\/www.ada.at\/hu\/wp-json\/wp\/v2\/types\/product"}],"version-history":[{"count":1,"href":"https:\/\/www.ada.at\/hu\/wp-json\/wp\/v2\/product\/15287\/revisions"}],"predecessor-version":[{"id":23385,"href":"https:\/\/www.ada.at\/hu\/wp-json\/wp\/v2\/product\/15287\/revisions\/23385"}],"wp:featuredmedia":[{"embeddable":true,"href":"https:\/\/www.ada.at\/hu\/wp-json\/wp\/v2\/media\/21764"}],"wp:attachment":[{"href":"https:\/\/www.ada.at\/hu\/wp-json\/wp\/v2\/media?parent=15287"}],"wp:term":[{"taxonomy":"product_brand","embeddable":true,"href":"https:\/\/www.ada.at\/hu\/wp-json\/wp\/v2\/product_brand?post=15287"},{"taxonomy":"product_cat","embeddable":true,"href":"https:\/\/www.ada.at\/hu\/wp-json\/wp\/v2\/product_cat?post=15287"},{"taxonomy":"product_tag","embeddable":true,"href":"https:\/\/www.ada.at\/hu\/wp-json\/wp\/v2\/product_tag?post=15287"}],"curies":[{"name":"wp","href":"https:\/\/api.w.org\/{rel}","templated":true}]}}