{"id":15286,"date":"2023-07-28T23:32:18","date_gmt":"2023-07-28T21:32:18","guid":{"rendered":"https:\/\/www.ada.at\/produkte\/nem-kategorizalt\/mitis\/"},"modified":"2026-02-09T14:03:01","modified_gmt":"2026-02-09T13:03:01","slug":"mitis","status":"publish","type":"product","link":"https:\/\/www.ada.at\/hu\/produkte\/alvas\/agyak\/mitis\/","title":{"rendered":"Mitis"},"content":{"rendered":"<p><div class=\"fusion-fullwidth fullwidth-box fusion-builder-row-1 fusion-flex-container has-pattern-background has-mask-background nonhundred-percent-fullwidth non-hundred-percent-height-scrolling top50 bottom-200\" style=\"--awb-border-radius-top-left:0px;--awb-border-radius-top-right:0px;--awb-border-radius-bottom-right:0px;--awb-border-radius-bottom-left:0px;--awb-padding-bottom:90px;--awb-flex-wrap:wrap;\" ><div class=\"fusion-builder-row fusion-row fusion-flex-align-items-flex-start fusion-flex-content-wrap\" style=\"max-width:1248px;margin-left: calc(-4% \/ 2 );margin-right: calc(-4% \/ 2 );\"><div class=\"fusion-layout-column fusion_builder_column fusion-builder-column-0 fusion_builder_column_1_1 1_1 fusion-flex-column\" style=\"--awb-bg-size:cover;--awb-width-large:100%;--awb-margin-top-large:0px;--awb-spacing-right-large:1.92%;--awb-margin-bottom-large:20px;--awb-spacing-left-large:1.92%;--awb-width-medium:100%;--awb-order-medium:0;--awb-spacing-right-medium:1.92%;--awb-spacing-left-medium:1.92%;--awb-width-small:100%;--awb-order-small:0;--awb-spacing-right-small:1.92%;--awb-spacing-left-small:1.92%;\"><div class=\"fusion-column-wrapper fusion-column-has-shadow fusion-flex-justify-content-flex-start fusion-content-layout-column\"><div class=\"fusion-image-element \" style=\"--awb-caption-title-font-family:var(--h2_typography-font-family);--awb-caption-title-font-weight:var(--h2_typography-font-weight);--awb-caption-title-font-style:var(--h2_typography-font-style);--awb-caption-title-size:var(--h2_typography-font-size);--awb-caption-title-transform:var(--h2_typography-text-transform);--awb-caption-title-line-height:var(--h2_typography-line-height);--awb-caption-title-letter-spacing:var(--h2_typography-letter-spacing);\"><span class=\" fusion-imageframe imageframe-none imageframe-1 hover-type-none\" style=\"border-radius:8px;\"><img decoding=\"async\" width=\"1400\" height=\"800\" title=\"ADA . Mindful Living Mitis Betten \u2013 Synonym fu\u0308r o\u0308sterreichische Qualita\u0308t und modernes Design\" src=\"https:\/\/www.ada.at\/wp-content\/uploads\/2023\/11\/ADA-.-Mindful-Living-Mitis-Betten-\u2013-Synonym-fuer-oesterreichische-Qualitaet-und-modernes-Design.jpg\" alt class=\"img-responsive wp-image-11816\"\/><\/span><\/div><\/div><\/div><\/div><\/div><div class=\"fusion-fullwidth fullwidth-box fusion-builder-row-2 fusion-flex-container has-pattern-background has-mask-background fusion-parallax-none nonhundred-percent-fullwidth non-hundred-percent-height-scrolling cp-nachhaltigkeitselement cp-textlogos \" style=\"--awb-border-radius-top-left:0px;--awb-border-radius-top-right:0px;--awb-border-radius-bottom-right:0px;--awb-border-radius-bottom-left:0px;--awb-background-image:url(&quot;\/wp-content\/uploads\/2023\/08\/Ada-Hintergrund_dgrau_2.jpg&quot;);--awb-background-size:cover;--awb-flex-wrap:wrap;\" ><div class=\"fusion-builder-row fusion-row fusion-flex-align-items-flex-start fusion-flex-content-wrap\" style=\"max-width:1248px;margin-left: calc(-4% \/ 2 );margin-right: calc(-4% \/ 2 );\"><div class=\"fusion-layout-column fusion_builder_column fusion-builder-column-1 fusion_builder_column_1_3 1_3 fusion-flex-column\" style=\"--awb-padding-top:90px;--awb-bg-size:cover;--awb-width-large:33.333333333333%;--awb-margin-top-large:0px;--awb-spacing-right-large:5.76%;--awb-margin-bottom-large:20px;--awb-spacing-left-large:5.76%;--awb-width-medium:33.333333333333%;--awb-order-medium:0;--awb-spacing-right-medium:5.76%;--awb-spacing-left-medium:5.76%;--awb-width-small:100%;--awb-order-small:0;--awb-spacing-right-small:1.92%;--awb-spacing-left-small:1.92%;\"><div class=\"fusion-column-wrapper fusion-column-has-shadow fusion-flex-justify-content-flex-start fusion-content-layout-column\"><div class=\"fusion-title title fusion-title-1 fusion-sep-none fusion-title-text fusion-title-size-two\" style=\"--awb-text-color:var(--awb-color1);--awb-margin-top-small:10px;--awb-margin-right-small:0px;--awb-margin-bottom-small:10px;--awb-margin-left-small:0px;\"><h2 class=\"fusion-title-heading title-heading-left\" style=\"margin:0;\">Ugr\u00e1s az \u00e1gyba!<\/h2><\/div><\/div><\/div><div class=\"fusion-layout-column fusion_builder_column fusion-builder-column-2 fusion_builder_column_2_3 2_3 fusion-flex-column bottom350\" style=\"--awb-padding-top:90px;--awb-bg-size:cover;--awb-width-large:66.666666666667%;--awb-margin-top-large:0px;--awb-spacing-right-large:2.88%;--awb-margin-bottom-large:20px;--awb-spacing-left-large:2.88%;--awb-width-medium:66.666666666667%;--awb-order-medium:0;--awb-spacing-right-medium:2.88%;--awb-spacing-left-medium:2.88%;--awb-width-small:100%;--awb-order-small:0;--awb-spacing-right-small:1.92%;--awb-spacing-left-small:1.92%;\" data-scroll-devices=\"small-visibility,medium-visibility,large-visibility\"><div class=\"fusion-column-wrapper fusion-column-has-shadow fusion-flex-justify-content-flex-start fusion-content-layout-column\"><div class=\"fusion-text fusion-text-1\" style=\"--awb-text-color:var(--awb-color1);\"><p>Az ADA \u00e1gyak v\u00e9detts\u00e9get ny\u00fajtanak sokf\u00e9le v\u00e1laszt\u00e1si lehet\u0151s\u00e9ggel \u2013 \u00e9s arra cs\u00e1b\u00edtanak, hogy b\u00fajj gyorsan \u00e1gyba. Mert a MITIS \u00e9s m\u00e1s modellek megfelelnek az eg\u00e9szs\u00e9ges alv\u00e1s legszigor\u00fabb ig\u00e9nyeinek, min\u0151s\u00e9gi term\u00e9kek, kimondottan tart\u00f3sak, ez\u00e9rt hossz\u00fa \u00e9vekig veled maradhatnak. Ez az igazi fenntarthat\u00f3s\u00e1g.<\/p>\n<\/div><\/div><\/div><\/div><\/div><div class=\"fusion-fullwidth fullwidth-box fusion-builder-row-3 fusion-flex-container has-pattern-background has-mask-background nonhundred-percent-fullwidth non-hundred-percent-height-scrolling cp-2images\" style=\"--awb-border-radius-top-left:0px;--awb-border-radius-top-right:0px;--awb-border-radius-bottom-right:0px;--awb-border-radius-bottom-left:0px;--awb-flex-wrap:wrap;\" ><div class=\"fusion-builder-row fusion-row fusion-flex-align-items-flex-start fusion-flex-content-wrap\" style=\"max-width:1248px;margin-left: calc(-4% \/ 2 );margin-right: calc(-4% \/ 2 );\"><div class=\"fusion-layout-column fusion_builder_column fusion-builder-column-3 fusion_builder_column_1_2 1_2 fusion-flex-column top-400\" style=\"--awb-bg-size:cover;--awb-width-large:50%;--awb-margin-top-large:0px;--awb-spacing-right-large:3.84%;--awb-margin-bottom-large:20px;--awb-spacing-left-large:3.84%;--awb-width-medium:50%;--awb-order-medium:0;--awb-spacing-right-medium:3.84%;--awb-spacing-left-medium:3.84%;--awb-width-small:100%;--awb-order-small:0;--awb-spacing-right-small:1.92%;--awb-spacing-left-small:1.92%;\" data-scroll-devices=\"small-visibility,medium-visibility,large-visibility\"><div class=\"fusion-column-wrapper fusion-column-has-shadow fusion-flex-justify-content-flex-start fusion-content-layout-column\"><div class=\"fusion-image-element \" style=\"--awb-caption-title-font-family:var(--h2_typography-font-family);--awb-caption-title-font-weight:var(--h2_typography-font-weight);--awb-caption-title-font-style:var(--h2_typography-font-style);--awb-caption-title-size:var(--h2_typography-font-size);--awb-caption-title-transform:var(--h2_typography-text-transform);--awb-caption-title-line-height:var(--h2_typography-line-height);--awb-caption-title-letter-spacing:var(--h2_typography-letter-spacing);\"><span class=\" fusion-imageframe imageframe-none imageframe-2 hover-type-none\" style=\"border-radius:8px;\"><img decoding=\"async\" width=\"522\" height=\"703\" title=\"Entspanntes Schlafen mit dem ADA . Mindful Living Mitis Bett\" src=\"https:\/\/www.ada.at\/wp-content\/uploads\/2023\/11\/Entspanntes-Schlafen-mit-dem-ADA-.-Mindful-Living-Mitis-Bett.jpg\" alt class=\"img-responsive wp-image-11820\"\/><\/span><\/div><\/div><\/div><div class=\"fusion-layout-column fusion_builder_column fusion-builder-column-4 fusion_builder_column_1_2 1_2 fusion-flex-column top-200\" style=\"--awb-bg-size:cover;--awb-width-large:50%;--awb-margin-top-large:0px;--awb-spacing-right-large:3.84%;--awb-margin-bottom-large:20px;--awb-spacing-left-large:3.84%;--awb-width-medium:50%;--awb-order-medium:0;--awb-spacing-right-medium:3.84%;--awb-spacing-left-medium:3.84%;--awb-width-small:100%;--awb-order-small:0;--awb-spacing-right-small:1.92%;--awb-spacing-left-small:1.92%;\" data-scroll-devices=\"small-visibility,medium-visibility,large-visibility\"><div class=\"fusion-column-wrapper fusion-column-has-shadow fusion-flex-justify-content-flex-start fusion-content-layout-column\"><div class=\"fusion-image-element \" style=\"--awb-caption-title-font-family:var(--h2_typography-font-family);--awb-caption-title-font-weight:var(--h2_typography-font-weight);--awb-caption-title-font-style:var(--h2_typography-font-style);--awb-caption-title-size:var(--h2_typography-font-size);--awb-caption-title-transform:var(--h2_typography-text-transform);--awb-caption-title-line-height:var(--h2_typography-line-height);--awb-caption-title-letter-spacing:var(--h2_typography-letter-spacing);\"><span class=\" fusion-imageframe imageframe-none imageframe-3 hover-type-none\" style=\"border-radius:8px;\"><img decoding=\"async\" width=\"522\" height=\"703\" title=\"ADA . Mindful Living Mitis Bett \u2013 in Europa gefertigt\" src=\"https:\/\/www.ada.at\/wp-content\/uploads\/2023\/11\/ADA-.-Mindful-Living-Mitis-Bett-\u2013-in-Europa-gefertigt.jpg\" alt class=\"img-responsive wp-image-11822\"\/><\/span><\/div><\/div><\/div><\/div><\/div><div class=\"fusion-fullwidth fullwidth-box fusion-builder-row-4 fusion-flex-container has-pattern-background has-mask-background nonhundred-percent-fullwidth non-hundred-percent-height-scrolling cp-textlogos\" style=\"--awb-border-radius-top-left:0px;--awb-border-radius-top-right:0px;--awb-border-radius-bottom-right:0px;--awb-border-radius-bottom-left:0px;--awb-padding-top:50px;--awb-padding-bottom:50px;--awb-flex-wrap:wrap;\" ><div class=\"fusion-builder-row fusion-row fusion-flex-align-items-center fusion-flex-justify-content-center fusion-flex-content-wrap\" style=\"max-width:1248px;margin-left: calc(-4% \/ 2 );margin-right: calc(-4% \/ 2 );\"><div class=\"fusion-layout-column fusion_builder_column fusion-builder-column-5 fusion_builder_column_1_3 1_3 fusion-flex-column fusion-flex-align-self-flex-start\" style=\"--awb-bg-color:var(--awb-color1);--awb-bg-color-hover:var(--awb-color1);--awb-bg-size:cover;--awb-width-large:33.333333333333%;--awb-margin-top-large:0px;--awb-spacing-right-large:5.76%;--awb-margin-bottom-large:20px;--awb-spacing-left-large:5.76%;--awb-width-medium:33.333333333333%;--awb-order-medium:0;--awb-spacing-right-medium:5.76%;--awb-spacing-left-medium:5.76%;--awb-width-small:100%;--awb-order-small:0;--awb-spacing-right-small:1.92%;--awb-spacing-left-small:1.92%;\" data-scroll-devices=\"small-visibility,medium-visibility,large-visibility\"><div class=\"fusion-column-wrapper fusion-column-has-shadow fusion-flex-justify-content-flex-start fusion-content-layout-column\"><div class=\"fusion-title title fusion-title-2 fusion-sep-none fusion-title-text fusion-title-size-two\" style=\"--awb-text-color:var(--awb-color5);--awb-margin-top-small:10px;--awb-margin-right-small:0px;--awb-margin-bottom-small:10px;--awb-margin-left-small:0px;\"><h2 class=\"fusion-title-heading title-heading-left\" style=\"margin:0;\">Hatalmas v\u00e1laszt\u00e9k<\/h2><\/div><\/div><\/div><div class=\"fusion-layout-column fusion_builder_column fusion-builder-column-6 fusion_builder_column_2_3 2_3 fusion-flex-column fusion-flex-align-self-flex-start\" style=\"--awb-bg-size:cover;--awb-width-large:66.666666666667%;--awb-margin-top-large:0px;--awb-spacing-right-large:2.88%;--awb-margin-bottom-large:20px;--awb-spacing-left-large:2.88%;--awb-width-medium:66.666666666667%;--awb-order-medium:0;--awb-spacing-right-medium:2.88%;--awb-spacing-left-medium:2.88%;--awb-width-small:100%;--awb-order-small:0;--awb-spacing-right-small:1.92%;--awb-spacing-left-small:1.92%;\" data-scroll-devices=\"small-visibility,medium-visibility,large-visibility\"><div class=\"fusion-column-wrapper fusion-column-has-shadow fusion-flex-justify-content-flex-start fusion-content-layout-column\"><div class=\"fusion-text fusion-text-2\" style=\"--awb-text-color:var(--awb-color5);\"><p>A MITIS \u00e1gyrendszer hagy neked mozg\u00e1steret: p\u00e9ld\u00e1ul \u00f6nmag\u00e1ban is hatalmas a v\u00e1laszt\u00e9k a nat\u00far sz\u00ednekben pomp\u00e1z\u00f3 sz\u00f6vetekb\u0151l, ha huzatot keresel. Ha elk\u00f6lt\u00f6z\u00f6l, akkor ezt az \u00e1gyat igaz\u00e1n egyszer\u0171en elviheted magaddal. Sz\u00e9tszedhet\u0151 praktikus m\u00e9ret\u0171 elemekre, j\u00f3l sz\u00e1ll\u00edthat\u00f3, \u00e9s azt\u00e1n k\u00f6nnyen \u00f6ssze is lehet rakni.<\/p>\n<p>Karcs\u00fa forma, puha \u00e1gysz\u00e9lek: a MITIS diz\u00e1jnja modern \u00e9s visszafogott. \u00cdgy t\u00f6bb tered marad. Ez\u00e9rt a l\u00e1bak is egy kicsit magasabbra vannak \u00e1ll\u00edtva. Az \u00e1gy alatti hely \u00fcgyesen kihaszn\u00e1lhat\u00f3, \u00e9s a takar\u00edt\u00e1s is szuper k\u00f6nnyen megy.<\/p>\n<\/div><\/div><\/div><\/div><\/div><div class=\"fusion-fullwidth fullwidth-box fusion-builder-row-5 fusion-flex-container has-pattern-background has-mask-background fusion-parallax-none nonhundred-percent-fullwidth non-hundred-percent-height-scrolling cp-nachhaltigkeitselement\" style=\"--awb-border-radius-top-left:0px;--awb-border-radius-top-right:0px;--awb-border-radius-bottom-right:0px;--awb-border-radius-bottom-left:0px;--awb-background-image:url(&quot;\/wp-content\/uploads\/2023\/09\/Ada-Hintergrund_blau.jpg&quot;);--awb-background-size:cover;--awb-flex-wrap:wrap;\" ><div class=\"fusion-builder-row fusion-row fusion-flex-align-items-flex-start fusion-flex-content-wrap\" style=\"max-width:1248px;margin-left: calc(-4% \/ 2 );margin-right: calc(-4% \/ 2 );\"><div class=\"fusion-layout-column fusion_builder_column fusion-builder-column-7 fusion_builder_column_1_1 1_1 fusion-flex-column\" style=\"--awb-bg-size:cover;--awb-width-large:100%;--awb-margin-top-large:0px;--awb-spacing-right-large:1.92%;--awb-margin-bottom-large:20px;--awb-spacing-left-large:1.92%;--awb-width-medium:100%;--awb-order-medium:0;--awb-spacing-right-medium:1.92%;--awb-spacing-left-medium:1.92%;--awb-width-small:100%;--awb-order-small:0;--awb-spacing-right-small:1.92%;--awb-spacing-left-small:1.92%;\" data-scroll-devices=\"small-visibility,medium-visibility,large-visibility\"><div class=\"fusion-column-wrapper fusion-column-has-shadow fusion-flex-justify-content-flex-start fusion-content-layout-column\"><div class=\"fusion-image-element \" style=\"text-align:center;--awb-caption-title-font-family:var(--h2_typography-font-family);--awb-caption-title-font-weight:var(--h2_typography-font-weight);--awb-caption-title-font-style:var(--h2_typography-font-style);--awb-caption-title-size:var(--h2_typography-font-size);--awb-caption-title-transform:var(--h2_typography-text-transform);--awb-caption-title-line-height:var(--h2_typography-line-height);--awb-caption-title-letter-spacing:var(--h2_typography-letter-spacing);\"><span class=\" fusion-imageframe imageframe-none imageframe-4 hover-type-none top-200 \" style=\"border-radius:8px;\"><img decoding=\"async\" width=\"1400\" height=\"800\" title=\"Entspanntes Schlafen mit dem ADA . Mindful Living Qualita\u0308tsbett &#8211; Mitis Bett\" src=\"https:\/\/www.ada.at\/wp-content\/uploads\/2023\/07\/Entspanntes-Schlafen-mit-dem-ADA-.-Mindful-Living-Qualitaetsbett-Mitis-Bett.jpg\" alt class=\"img-responsive wp-image-11824\"\/><\/span><\/div><\/div><\/div><\/div><\/div><div class=\"fusion-fullwidth fullwidth-box fusion-builder-row-6 fusion-flex-container has-pattern-background has-mask-background nonhundred-percent-fullwidth non-hundred-percent-height-scrolling fusion-no-small-visibility cp-vergleichstabelle top100 bottom100\" style=\"--awb-border-radius-top-left:0px;--awb-border-radius-top-right:0px;--awb-border-radius-bottom-right:0px;--awb-border-radius-bottom-left:0px;--awb-flex-wrap:wrap;\" ><div class=\"fusion-builder-row fusion-row fusion-flex-align-items-flex-start fusion-flex-content-wrap\" style=\"max-width:1248px;margin-left: calc(-4% \/ 2 );margin-right: calc(-4% \/ 2 );\"><div class=\"fusion-layout-column fusion_builder_column fusion-builder-column-8 fusion_builder_column_1_1 1_1 fusion-flex-column table-compare-hl\" style=\"--awb-bg-size:cover;--awb-width-large:100%;--awb-margin-top-large:0px;--awb-spacing-right-large:1.92%;--awb-margin-bottom-large:20px;--awb-spacing-left-large:1.92%;--awb-width-medium:100%;--awb-order-medium:0;--awb-spacing-right-medium:1.92%;--awb-spacing-left-medium:1.92%;--awb-width-small:100%;--awb-order-small:0;--awb-spacing-right-small:1.92%;--awb-spacing-left-small:1.92%;\" data-scroll-devices=\"small-visibility,medium-visibility,large-visibility\"><div class=\"fusion-column-wrapper fusion-column-has-shadow fusion-flex-justify-content-flex-start fusion-content-layout-column\"><div class=\"fusion-title title fusion-title-3 fusion-sep-none fusion-title-center fusion-title-text fusion-title-size-three\" style=\"--awb-text-color:var(--awb-color5);--awb-margin-top-small:10px;--awb-margin-right-small:0px;--awb-margin-bottom-small:10px;--awb-margin-left-small:0px;\"><h3 class=\"fusion-title-heading title-heading-center\" style=\"margin:0;\">A Mitis \u00f6sszehasonl\u00edt\u00e1sa a t\u00f6bbi \u00e1gyunkkal<\/h3><\/div><\/div><\/div><div class=\"fusion-layout-column fusion_builder_column fusion-builder-column-9 fusion_builder_column_1_1 1_1 fusion-flex-column table-compare-box\" style=\"--awb-bg-size:cover;--awb-width-large:100%;--awb-margin-top-large:0px;--awb-spacing-right-large:1.92%;--awb-margin-bottom-large:20px;--awb-spacing-left-large:1.92%;--awb-width-medium:100%;--awb-order-medium:0;--awb-spacing-right-medium:1.92%;--awb-spacing-left-medium:1.92%;--awb-width-small:100%;--awb-order-small:0;--awb-spacing-right-small:1.92%;--awb-spacing-left-small:1.92%;\" data-scroll-devices=\"small-visibility,medium-visibility,large-visibility\"><div class=\"fusion-column-wrapper fusion-column-has-shadow fusion-flex-justify-content-flex-start fusion-content-layout-column\">\n<div class=\"table-1 table-compare\">\n<table style=\"width: 100%; height: 552px;\" width=\"100%\">\n<thead>\n<tr style=\"height: 87px;\">\n<th style=\"width: 11.4065%; height: 87px;\" align=\"left\"><\/th>\n<th style=\"width: 20.3259%; height: 87px;\" align=\"left\"><img decoding=\"async\" class=\"alignnone wp-image-8592 size-full\" src=\"https:\/\/www.ada.at\/wp-content\/uploads\/2023\/11\/ADA-.-Mindful-Living-Bett-MITIS-\u2013-Europaeisches-Design-trifft-nachhaltige-Produktion.jpg\" alt=\"ADA . Mindful Living Bett MITIS \u2013 Europ\u00e4isches Design trifft nachhaltige Produktion\" width=\"300\" height=\"150\" \/><\/th>\n<th style=\"width: 37.2984%; height: 87px;\" align=\"left\"><img decoding=\"async\" class=\"alignnone wp-image-8601 size-full\" src=\"https:\/\/www.ada.at\/wp-content\/uploads\/2023\/11\/Oesterreichische-Qualitaet-in-jedem-ADA-.-Mindful-Living-Bett-DECURO-\u2013-Modern-und-komfortabel.jpg\" alt=\"\u00d6sterreichische Qualit\u00e4t in jedem ADA . Mindful Living Bett DECURO \u2013 Modern und komfortabel\" width=\"300\" height=\"150\" \/><\/th>\n<th style=\"width: 29.9401%; height: 87px;\" align=\"left\"><img decoding=\"async\" class=\"alignnone wp-image-8595 size-full\" src=\"https:\/\/www.ada.at\/wp-content\/uploads\/2023\/11\/Elegantes-Bett-RORIS-von-ADA-.-Mindful-Living-\u2013-Fuer-ein-achtsames-und-stilvolles-Wohnen.jpg\" alt=\"Elegantes Bett RORIS von ADA . Mindful Living \u2013 F\u00fcr ein achtsames und stilvolles Wohnen\" width=\"300\" height=\"150\" \/><\/th>\n<\/tr>\n<\/thead>\n<tbody>\n<tr style=\"height: 24px;\">\n<td style=\"width: 11.4065%; height: 24px;\" align=\"left\"><strong>Modell<\/strong><\/td>\n<td style=\"width: 20.3259%; height: 24px;\" align=\"left\">Mitis<\/td>\n<td style=\"width: 37.2984%; height: 24px;\" align=\"left\">Decuro<\/td>\n<td style=\"width: 29.9401%; height: 24px;\" align=\"left\">Roris<\/td>\n<\/tr>\n<tr style=\"height: 216px;\">\n<td style=\"width: 11.4065%; height: 216px;\"><strong>R\u00f6vid le\u00edr\u00e1s<\/strong><\/td>\n<td style=\"width: 20.3259%; height: 216px;\">A MITIS sokoldal\u00fa \u00e9s tart\u00f3s \u00e1gyrendszer, \u00fagy k\u00e9nyelmes, hogy k\u00f6zben rugalmasan alkalmazkodik a k\u00fcl\u00f6nb\u00f6z\u0151 tev\u00e9kenys\u00e9gekhez, p\u00e9ld\u00e1ul lehet sorozatot n\u00e9zni, olvasni, pihenni, a fej- \u00e9s l\u00e1bz\u00f3n\u00e1ban opcion\u00e1lisan \u00e1ll\u00edthat\u00f3 az \u00e1gyr\u00e1cs. Sokf\u00e9le huzattal kaphat\u00f3, visszafogott \u00e9s modern a megjelen\u00e9se, magas l\u00e1bainak k\u00f6sz\u00f6nhet\u0151en nagy \u00e1gynem\u0171tart\u00f3ja van \u00e9s k\u00f6nny\u0171 alatta takar\u00edtani. A MITIS k\u00f6nnyen sz\u00e9tszerelhet\u0151 \u00e9s sz\u00e1ll\u00edthat\u00f3, nincs gond vele, ha k\u00f6lt\u00f6z\u00f6l, ez\u00e9rt igaz\u00e1n tart\u00f3s t\u00e1rsad lehet.<\/td>\n<td style=\"width: 37.2984%; height: 216px;\">Az ICONIC Awards 2023: Innovative Interior d\u00edjjal jutalmazott DECURO \u00e1gy sokf\u00e9le kialak\u00edt\u00e1si lehet\u0151s\u00e9get k\u00edn\u00e1l, bele\u00e9rtve a fejt\u00e1mla k\u00fcl\u00f6nb\u00f6z\u0151 forgathat\u00f3 p\u00e1rn\u00e1it, valamint az \u00e1gyr\u00e1cs \u00e9s a boxspring bet\u00e9t k\u00f6z\u00f6tti v\u00e1laszt\u00e1si lehet\u0151s\u00e9get, az \u00f6sszhat\u00e1st a letisztult vonalvezet\u00e9ssel \u00e9s kecses kont\u00farokkal oper\u00e1l\u00f3, mark\u00e1ns diz\u00e1jn eg\u00e9sz\u00edt ki.<\/td>\n<td style=\"width: 29.9401%; height: 216px;\">A RORIS a l\u00e9nyegre \u00f6sszpontos\u00edt\u00f3t \u00e1gy, ide\u00e1lis kompakt h\u00e1l\u00f3szob\u00e1kba, letisztult diz\u00e1jn \u00e9s kecses kont\u00farok jellemzik. Praktikus \u00e1gynem\u0171tart\u00f3ja van a v\u00e1laszthat\u00f3an fix vagy \u00e1ll\u00edthat\u00f3 \u00e1gyr\u00e1cs alatt. V\u00e1laszthat\u00f3 szimpla vagy dupla matraccal az egy\u00e9ni alv\u00e1si ig\u00e9nyekhez val\u00f3 igazod\u00e1s jegy\u00e9ben. Az \u00e1gy tart\u00f3s, v\u00e9detts\u00e9get sug\u00e1roz, de j\u00f3l alak\u00edthat\u00f3 az egy\u00e9ni ig\u00e9nyeknek megfelel\u0151en, \u00edgy azt\u00e1n kit\u0171n\u0151 v\u00e1laszt\u00e1s t\u00f6bb \u00e9letst\u00edlus eset\u00e9n is.<\/td>\n<\/tr>\n<tr style=\"height: 176px;\">\n<td style=\"height: 176px;\"><strong>Saj\u00e1toss\u00e1gok<\/strong><\/td>\n<td style=\"height: 176px;\">\n<ul>\n<li>Karcs\u00fa diz\u00e1jn<\/li>\n<li>Opcion\u00e1lisan \u00e1ll\u00edthat\u00f3 \u00e1gyr\u00e1cs<\/li>\n<li>Egyszer\u0171en sz\u00e9tszedhet\u0151 \u00e9s sz\u00e1ll\u00edthat\u00f3<\/li>\n<\/ul>\n<\/td>\n<td style=\"height: 176px;\">\n<ul>\n<li>Kaphat\u00f3 \u00e1gyr\u00e1ccsal vagy boxspring kivitelben<\/li>\n<li>A fejt\u00e1ml\u00e1n opcion\u00e1lis forgathat\u00f3 p\u00e1rna<\/li>\n<li>Kialak\u00edthat\u00f3 \u00fagy, hogy m\u00e1s legyen az el\u00fcls\u0151 \u00e9s a h\u00e1ts\u00f3 oldala<\/li>\n<\/ul>\n<\/td>\n<td style=\"height: 176px;\">\n<ul>\n<li>Nagy \u00e1gynem\u0171tart\u00f3<\/li>\n<li>Fix vagy \u00e1ll\u00edthat\u00f3 \u00e1gyr\u00e1cs<\/li>\n<li>A fekv\u00e9si poz\u00edci\u00f3 \u00e1ll\u00edthat\u00f3 opcion\u00e1lisan motorral is<\/li>\n<\/ul>\n<\/td>\n<\/tr>\n<tr style=\"height: 24px;\">\n<td style=\"width: 11.4065%; height: 24px;\"><\/td>\n<td style=\"width: 20.3259%; height: 24px;\"><\/td>\n<td style=\"width: 37.2984%; height: 24px; text-align: left;\"><a class=\"button\" href=\"https:\/\/www.ada.at\/hu\/produkte\/alvas\/agyak\/agy-agyraccsal\/decuro\/\">Ugr\u00e1s a term\u00e9khez<\/a><\/td>\n<td style=\"width: 29.9401%; height: 24px; text-align: left;\"><a class=\"button\" href=\"https:\/\/www.ada.at\/hu\/produkte\/alvas\/agyak\/agy-agyraccsal\/roris\/\">Ugr\u00e1s a term\u00e9khez<\/a><\/td>\n<\/tr>\n<\/tbody>\n<\/table>\n<\/div>\n<\/div><\/div><\/div><\/div><\/p>\n","protected":false},"excerpt":{"rendered":"<p>Ez az \u00e1gy j\u00f3 lehet ezeregy \u00e9jszak\u00e1ra &#8211; \u00e9s legal\u00e1bb annyi nappalra, ah\u00e1nyat csak benne szeretn\u00e9l t\u00f6lteni: lehet benne \u00f3r\u00e1kig sorozatot n\u00e9zni, \u00f6sszeb\u00fajni, streamelni, olvasni, mailezni vagy \u00e9ppen \u00e1lmodozni. A MITIS \u00e1ggyal mindez lehets\u00e9ges! Az \u00e1gyr\u00e1cs opcion\u00e1lisan \u00e1ll\u00edthat\u00f3 a fej- \u00e9s a l\u00e1bz\u00f3n\u00e1ban, ez\u00e9rt mindig a j\u00f3 poz\u00edci\u00f3ban leszel. De ez az \u00e1gy csod\u00e1latos t\u00e1rs a szundik\u00e1l\u00e1shoz, b\u00f3biskol\u00e1shoz \u00e9s alv\u00e1shoz is. Van v\u00e1laszt\u00e1sod \u2013 \u00e9s a v\u00e1laszt\u00e1s lehet\u0151s\u00e9ge \u00f6nmag\u00e1ban is \u00e9lm\u00e9ny.<\/p>\n<ul>\n<li>Karcs\u00fa diz\u00e1jn<\/li>\n<li>Opcion\u00e1lisan \u00e1ll\u00edthat\u00f3 \u00e1gyr\u00e1cs<\/li>\n<li>Hatalmas v\u00e1laszt\u00e9k nat\u00far sz\u00ednekb\u0151l<\/li>\n<li>Sz\u00e9tszedhet\u0151 t\u00f6bb r\u00e9szre<\/li>\n<li>Kiz\u00e1r\u00f3lag eur\u00f3pai gy\u00e1rt\u00e1sban k\u00e9sz\u00fcl<\/li>\n<\/ul>\n","protected":false},"featured_media":9786,"template":"","meta":{"_acf_changed":false},"product_brand":[],"product_cat":[331,550,549,551],"product_tag":[635,636,566,567,568,562,563,569,564,565,555,559,570,561,552],"class_list":{"0":"post-15286","1":"product","2":"type-product","3":"status-publish","4":"has-post-thumbnail","6":"product_cat-ada-hu","7":"product_cat-agy-agyraccsal","8":"product_cat-agyak","9":"product_cat-alvas","10":"product_tag-100cm-hu-3","11":"product_tag-120cm-hu-4","12":"product_tag-140cm-hu-2","13":"product_tag-160cm-hu","14":"product_tag-180cm-hu","15":"product_tag-190cm-hu","16":"product_tag-200cm-hu","17":"product_tag-200cm-hu-2","18":"product_tag-210cm-hu","19":"product_tag-220cm-hu","20":"product_tag-karpitozott","21":"product_tag-motorral-allithato","22":"product_tag-nem-koezvetlenuel-a-foeldoen-all","23":"product_tag-szetszedheto","24":"product_tag-uj","25":"post-status-publish","27":"first","28":"instock","29":"shipping-taxable","30":"product-type-simple","31":"add-to-wishlist-before_image"},"acf":[],"_links":{"self":[{"href":"https:\/\/www.ada.at\/hu\/wp-json\/wp\/v2\/product\/15286","targetHints":{"allow":["GET"]}}],"collection":[{"href":"https:\/\/www.ada.at\/hu\/wp-json\/wp\/v2\/product"}],"about":[{"href":"https:\/\/www.ada.at\/hu\/wp-json\/wp\/v2\/types\/product"}],"version-history":[{"count":2,"href":"https:\/\/www.ada.at\/hu\/wp-json\/wp\/v2\/product\/15286\/revisions"}],"predecessor-version":[{"id":25609,"href":"https:\/\/www.ada.at\/hu\/wp-json\/wp\/v2\/product\/15286\/revisions\/25609"}],"wp:featuredmedia":[{"embeddable":true,"href":"https:\/\/www.ada.at\/hu\/wp-json\/wp\/v2\/media\/9786"}],"wp:attachment":[{"href":"https:\/\/www.ada.at\/hu\/wp-json\/wp\/v2\/media?parent=15286"}],"wp:term":[{"taxonomy":"product_brand","embeddable":true,"href":"https:\/\/www.ada.at\/hu\/wp-json\/wp\/v2\/product_brand?post=15286"},{"taxonomy":"product_cat","embeddable":true,"href":"https:\/\/www.ada.at\/hu\/wp-json\/wp\/v2\/product_cat?post=15286"},{"taxonomy":"product_tag","embeddable":true,"href":"https:\/\/www.ada.at\/hu\/wp-json\/wp\/v2\/product_tag?post=15286"}],"curies":[{"name":"wp","href":"https:\/\/api.w.org\/{rel}","templated":true}]}}