{"id":15282,"date":"2023-07-28T23:59:54","date_gmt":"2023-07-28T21:59:54","guid":{"rendered":"https:\/\/www.ada.at\/produkte\/nem-kategorizalt\/suavis\/"},"modified":"2025-02-18T13:35:07","modified_gmt":"2025-02-18T12:35:07","slug":"suavis","status":"publish","type":"product","link":"https:\/\/www.ada.at\/hu\/produkte\/alvas\/agyak\/suavis\/","title":{"rendered":"Suavis"},"content":{"rendered":"<p><div class=\"fusion-fullwidth fullwidth-box fusion-builder-row-1 fusion-flex-container has-pattern-background has-mask-background nonhundred-percent-fullwidth non-hundred-percent-height-scrolling top50 bottom-200\" style=\"--awb-border-radius-top-left:0px;--awb-border-radius-top-right:0px;--awb-border-radius-bottom-right:0px;--awb-border-radius-bottom-left:0px;--awb-padding-bottom:90px;--awb-flex-wrap:wrap;\" ><div class=\"fusion-builder-row fusion-row fusion-flex-align-items-flex-start fusion-flex-content-wrap\" style=\"max-width:1248px;margin-left: calc(-4% \/ 2 );margin-right: calc(-4% \/ 2 );\"><div class=\"fusion-layout-column fusion_builder_column fusion-builder-column-0 fusion_builder_column_1_1 1_1 fusion-flex-column\" style=\"--awb-bg-size:cover;--awb-width-large:100%;--awb-margin-top-large:0px;--awb-spacing-right-large:1.92%;--awb-margin-bottom-large:20px;--awb-spacing-left-large:1.92%;--awb-width-medium:100%;--awb-order-medium:0;--awb-spacing-right-medium:1.92%;--awb-spacing-left-medium:1.92%;--awb-width-small:100%;--awb-order-small:0;--awb-spacing-right-small:1.92%;--awb-spacing-left-small:1.92%;\"><div class=\"fusion-column-wrapper fusion-column-has-shadow fusion-flex-justify-content-flex-start fusion-content-layout-column\"><div class=\"fusion-image-element \" style=\"--awb-caption-title-font-family:var(--h2_typography-font-family);--awb-caption-title-font-weight:var(--h2_typography-font-weight);--awb-caption-title-font-style:var(--h2_typography-font-style);--awb-caption-title-size:var(--h2_typography-font-size);--awb-caption-title-transform:var(--h2_typography-text-transform);--awb-caption-title-line-height:var(--h2_typography-line-height);--awb-caption-title-letter-spacing:var(--h2_typography-letter-spacing);\"><span class=\" fusion-imageframe imageframe-none imageframe-1 hover-type-none\" style=\"border-radius:8px;\"><img decoding=\"async\" width=\"1400\" height=\"800\" alt=\"Suavis boxspring \u00e1gyak, ADA b\u00fator - Mindful Living. \" title=\"Familie im Boxspringbett SUAVIS von ADA M\u00f6bel in wei\u00dfem Boucle Stoff\" src=\"https:\/\/www.ada.at\/wp-content\/uploads\/2024\/04\/3xl-Suavis_FB_SI11_SI50_TBG0_Details_08.png\" class=\"img-responsive wp-image-16622\"\/><\/span><\/div><\/div><\/div><\/div><\/div><div class=\"fusion-fullwidth fullwidth-box fusion-builder-row-2 fusion-flex-container has-pattern-background has-mask-background fusion-parallax-none nonhundred-percent-fullwidth non-hundred-percent-height-scrolling cp-nachhaltigkeitselement cp-textlogos \" style=\"--awb-border-radius-top-left:0px;--awb-border-radius-top-right:0px;--awb-border-radius-bottom-right:0px;--awb-border-radius-bottom-left:0px;--awb-background-image:url(&quot;\/wp-content\/uploads\/2023\/08\/Ada-Hintergrund_dgrau_2.jpg&quot;);--awb-background-size:cover;--awb-flex-wrap:wrap;\" ><div class=\"fusion-builder-row fusion-row fusion-flex-align-items-flex-start fusion-flex-content-wrap\" style=\"max-width:1248px;margin-left: calc(-4% \/ 2 );margin-right: calc(-4% \/ 2 );\"><div class=\"fusion-layout-column fusion_builder_column fusion-builder-column-1 fusion_builder_column_1_3 1_3 fusion-flex-column\" style=\"--awb-padding-top:90px;--awb-bg-size:cover;--awb-width-large:33.333333333333%;--awb-margin-top-large:0px;--awb-spacing-right-large:5.76%;--awb-margin-bottom-large:20px;--awb-spacing-left-large:5.76%;--awb-width-medium:33.333333333333%;--awb-order-medium:0;--awb-spacing-right-medium:5.76%;--awb-spacing-left-medium:5.76%;--awb-width-small:100%;--awb-order-small:0;--awb-spacing-right-small:1.92%;--awb-spacing-left-small:1.92%;\"><div class=\"fusion-column-wrapper fusion-column-has-shadow fusion-flex-justify-content-flex-start fusion-content-layout-column\"><div class=\"fusion-title title fusion-title-1 fusion-sep-none fusion-title-text fusion-title-size-two\" style=\"--awb-text-color:var(--awb-color1);--awb-margin-top-small:10px;--awb-margin-right-small:0px;--awb-margin-bottom-small:10px;--awb-margin-left-small:0px;\"><h2 class=\"fusion-title-heading title-heading-left\" style=\"margin:0;\">Im\u00e1dnival\u00f3 legyen vagy \u00e9ppen tekint\u00e9lyparancsol\u00f3?<\/h2><\/div><\/div><\/div><div class=\"fusion-layout-column fusion_builder_column fusion-builder-column-2 fusion_builder_column_2_3 2_3 fusion-flex-column bottom350\" style=\"--awb-padding-top:90px;--awb-bg-size:cover;--awb-width-large:66.666666666667%;--awb-margin-top-large:0px;--awb-spacing-right-large:2.88%;--awb-margin-bottom-large:20px;--awb-spacing-left-large:2.88%;--awb-width-medium:66.666666666667%;--awb-order-medium:0;--awb-spacing-right-medium:2.88%;--awb-spacing-left-medium:2.88%;--awb-width-small:100%;--awb-order-small:0;--awb-spacing-right-small:1.92%;--awb-spacing-left-small:1.92%;\" data-scroll-devices=\"small-visibility,medium-visibility,large-visibility\"><div class=\"fusion-column-wrapper fusion-column-has-shadow fusion-flex-justify-content-flex-start fusion-content-layout-column\"><div class=\"fusion-text fusion-text-1\" style=\"--awb-text-color:var(--awb-color1);\"><p>A SUAVIS boxspring \u00e1gy teljes eg\u00e9sz\u00e9ben egy olyan komfortz\u00f3na, ahol teljesen otthon \u00e9rezheted magad. Az\u00e9rt, hogy az \u00e1gy maga is j\u00f3l passzoljon az otthonodhoz, t\u00f6bb m\u00e9ret k\u00f6z\u00fcl is v\u00e1laszthatsz. A fejt\u00e1mla k\u00e9tf\u00e9le kivitelben is k\u00e9sz\u00fclhet: lehet im\u00e1dnival\u00f3 kock\u00e1s vagy szigor\u00fa steppelt varrat \u2013 a huzat maga egy\u00e9bk\u00e9nt t\u00f6bbf\u00e9le nat\u00far sz\u00ednben kaphat\u00f3, a v\u00e1laszt\u00e9k \u00f3ri\u00e1si!<\/p>\n<p>Felejthetetlen az alv\u00e1s\u00e9lm\u00e9ny a boxspring \u00e1gyban. T\u00f6bb l\u00e1gyan rug\u00f3z\u00f3 r\u00e9teg van egym\u00e1son, p\u00e9ld\u00e1ul matrac \u00e9s fed\u0151matrac. Ezek pontosan k\u00f6vetik a mozg\u00e1sod, megt\u00e1masztj\u00e1k \u00e9s tehermentes\u00edtik a testet. Ett\u0151l v\u00e9dettnek \u00e9s k\u00f6nnyednek fogod \u00e9rezni magad.<\/p>\n<\/div><\/div><\/div><\/div><\/div><div class=\"fusion-fullwidth fullwidth-box fusion-builder-row-3 fusion-flex-container has-pattern-background has-mask-background nonhundred-percent-fullwidth non-hundred-percent-height-scrolling cp-2images\" style=\"--awb-border-radius-top-left:0px;--awb-border-radius-top-right:0px;--awb-border-radius-bottom-right:0px;--awb-border-radius-bottom-left:0px;--awb-flex-wrap:wrap;\" ><div class=\"fusion-builder-row fusion-row fusion-flex-align-items-flex-start fusion-flex-content-wrap\" style=\"max-width:1248px;margin-left: calc(-4% \/ 2 );margin-right: calc(-4% \/ 2 );\"><div class=\"fusion-layout-column fusion_builder_column fusion-builder-column-3 fusion_builder_column_1_2 1_2 fusion-flex-column top-400\" style=\"--awb-bg-size:cover;--awb-width-large:50%;--awb-margin-top-large:0px;--awb-spacing-right-large:3.84%;--awb-margin-bottom-large:20px;--awb-spacing-left-large:3.84%;--awb-width-medium:50%;--awb-order-medium:0;--awb-spacing-right-medium:3.84%;--awb-spacing-left-medium:3.84%;--awb-width-small:100%;--awb-order-small:0;--awb-spacing-right-small:1.92%;--awb-spacing-left-small:1.92%;\" data-scroll-devices=\"small-visibility,medium-visibility,large-visibility\"><div class=\"fusion-column-wrapper fusion-column-has-shadow fusion-flex-justify-content-flex-start fusion-content-layout-column\"><div class=\"fusion-image-element \" style=\"--awb-caption-title-font-family:var(--h2_typography-font-family);--awb-caption-title-font-weight:var(--h2_typography-font-weight);--awb-caption-title-font-style:var(--h2_typography-font-style);--awb-caption-title-size:var(--h2_typography-font-size);--awb-caption-title-transform:var(--h2_typography-text-transform);--awb-caption-title-line-height:var(--h2_typography-line-height);--awb-caption-title-letter-spacing:var(--h2_typography-letter-spacing);\"><span class=\" fusion-imageframe imageframe-none imageframe-2 hover-type-none\" style=\"border-radius:8px;\"><img decoding=\"async\" width=\"1114\" height=\"1440\" alt=\"Boxspringbett SUAVIS von ADA M\u00f6bel in wei\u00dfem Boucle Stoff\" title=\"Boxspringbett SUAVIS von ADA M\u00f6bel in wei\u00dfem Boucle Stoff\" src=\"https:\/\/www.ada.at\/wp-content\/uploads\/2024\/04\/3xl-Suavis_FB_SI11_SI50_TBG0_HF_01_Model.png\" class=\"img-responsive wp-image-16625\"\/><\/span><\/div><\/div><\/div><div class=\"fusion-layout-column fusion_builder_column fusion-builder-column-4 fusion_builder_column_1_2 1_2 fusion-flex-column top-200\" style=\"--awb-bg-size:cover;--awb-width-large:50%;--awb-margin-top-large:0px;--awb-spacing-right-large:3.84%;--awb-margin-bottom-large:20px;--awb-spacing-left-large:3.84%;--awb-width-medium:50%;--awb-order-medium:0;--awb-spacing-right-medium:3.84%;--awb-spacing-left-medium:3.84%;--awb-width-small:100%;--awb-order-small:0;--awb-spacing-right-small:1.92%;--awb-spacing-left-small:1.92%;\" data-scroll-devices=\"small-visibility,medium-visibility,large-visibility\"><div class=\"fusion-column-wrapper fusion-column-has-shadow fusion-flex-justify-content-flex-start fusion-content-layout-column\"><div class=\"fusion-image-element \" style=\"--awb-caption-title-font-family:var(--h2_typography-font-family);--awb-caption-title-font-weight:var(--h2_typography-font-weight);--awb-caption-title-font-style:var(--h2_typography-font-style);--awb-caption-title-size:var(--h2_typography-font-size);--awb-caption-title-transform:var(--h2_typography-text-transform);--awb-caption-title-line-height:var(--h2_typography-line-height);--awb-caption-title-letter-spacing:var(--h2_typography-letter-spacing);\"><span class=\" fusion-imageframe imageframe-none imageframe-3 hover-type-none\" style=\"border-radius:8px;\"><img decoding=\"async\" width=\"1080\" height=\"1440\" alt=\"Boxspringbett SUAVIS mit Kopfhaupt im Detail von ADA M\u00f6bel in wei\u00dfem Boucle Stoff\" title=\"Boxspringbett SUAVIS mit Kopfhaupt im Detail von ADA M\u00f6bel in wei\u00dfem Boucle Stoff\" src=\"https:\/\/www.ada.at\/wp-content\/uploads\/2024\/04\/3xl-Suavis_FB_SI11_SI50_TBG0_Details_27.png\" class=\"img-responsive wp-image-16628\"\/><\/span><\/div><\/div><\/div><\/div><\/div><div class=\"fusion-fullwidth fullwidth-box fusion-builder-row-4 fusion-flex-container has-pattern-background has-mask-background nonhundred-percent-fullwidth non-hundred-percent-height-scrolling cp-textlogos\" style=\"--awb-border-radius-top-left:0px;--awb-border-radius-top-right:0px;--awb-border-radius-bottom-right:0px;--awb-border-radius-bottom-left:0px;--awb-padding-top:50px;--awb-padding-bottom:77px;--awb-margin-bottom:60px;--awb-flex-wrap:wrap;\" ><div class=\"fusion-builder-row fusion-row fusion-flex-align-items-center fusion-flex-justify-content-center fusion-flex-content-wrap\" style=\"max-width:1248px;margin-left: calc(-4% \/ 2 );margin-right: calc(-4% \/ 2 );\"><div class=\"fusion-layout-column fusion_builder_column fusion-builder-column-5 fusion_builder_column_1_3 1_3 fusion-flex-column fusion-flex-align-self-flex-start\" style=\"--awb-bg-color:var(--awb-color1);--awb-bg-color-hover:var(--awb-color1);--awb-bg-size:cover;--awb-width-large:33.333333333333%;--awb-margin-top-large:0px;--awb-spacing-right-large:5.76%;--awb-margin-bottom-large:20px;--awb-spacing-left-large:5.76%;--awb-width-medium:33.333333333333%;--awb-order-medium:0;--awb-spacing-right-medium:5.76%;--awb-spacing-left-medium:5.76%;--awb-width-small:100%;--awb-order-small:0;--awb-spacing-right-small:1.92%;--awb-spacing-left-small:1.92%;\" data-scroll-devices=\"small-visibility,medium-visibility,large-visibility\"><div class=\"fusion-column-wrapper fusion-column-has-shadow fusion-flex-justify-content-flex-start fusion-content-layout-column\"><div class=\"fusion-title title fusion-title-2 fusion-sep-none fusion-title-text fusion-title-size-two\" style=\"--awb-text-color:var(--awb-color5);--awb-margin-top-small:10px;--awb-margin-right-small:0px;--awb-margin-bottom-small:10px;--awb-margin-left-small:0px;\"><h2 class=\"fusion-title-heading title-heading-left\" style=\"margin:0;\">Legyen az \u00e9let \u00e9lvezetesebb<\/h2><\/div><\/div><\/div><div class=\"fusion-layout-column fusion_builder_column fusion-builder-column-6 fusion_builder_column_2_3 2_3 fusion-flex-column fusion-flex-align-self-flex-start\" style=\"--awb-bg-size:cover;--awb-width-large:66.666666666667%;--awb-margin-top-large:0px;--awb-spacing-right-large:2.88%;--awb-margin-bottom-large:20px;--awb-spacing-left-large:2.88%;--awb-width-medium:66.666666666667%;--awb-order-medium:0;--awb-spacing-right-medium:2.88%;--awb-spacing-left-medium:2.88%;--awb-width-small:100%;--awb-order-small:0;--awb-spacing-right-small:1.92%;--awb-spacing-left-small:1.92%;\" data-scroll-devices=\"small-visibility,medium-visibility,large-visibility\"><div class=\"fusion-column-wrapper fusion-column-has-shadow fusion-flex-justify-content-flex-start fusion-content-layout-column\"><div class=\"fusion-text fusion-text-2\" style=\"--awb-text-color:var(--awb-color5);\"><p>Az ADA \u00e1gyakban mindig ott a lehet\u0151s\u00e9g \u2013 tart\u00f3san le fognak ny\u0171g\u00f6zni. Megfelelnek az eg\u00e9szs\u00e9ges alv\u00e1s legszigor\u00fabb ig\u00e9nyeinek, min\u0151s\u00e9gi term\u00e9kek, tart\u00f3sak \u00e9s hossz\u00fa \u00e9vekig veled maradhatnak. Ez az igazi fenntarthat\u00f3s\u00e1g.<\/p>\n<\/div><\/div><\/div><\/div><\/div><div class=\"fusion-fullwidth fullwidth-box fusion-builder-row-5 fusion-flex-container has-pattern-background has-mask-background fusion-parallax-none nonhundred-percent-fullwidth non-hundred-percent-height-scrolling cp-nachhaltigkeitselement\" style=\"--awb-border-radius-top-left:0px;--awb-border-radius-top-right:0px;--awb-border-radius-bottom-right:0px;--awb-border-radius-bottom-left:0px;--awb-background-image:url(&quot;\/wp-content\/uploads\/2023\/09\/Ada-Hintergrund_blau.jpg&quot;);--awb-background-size:cover;--awb-flex-wrap:wrap;\" ><div class=\"fusion-builder-row fusion-row fusion-flex-align-items-flex-start fusion-flex-content-wrap\" style=\"max-width:1248px;margin-left: calc(-4% \/ 2 );margin-right: calc(-4% \/ 2 );\"><div class=\"fusion-layout-column fusion_builder_column fusion-builder-column-7 fusion_builder_column_1_1 1_1 fusion-flex-column\" style=\"--awb-bg-size:cover;--awb-width-large:100%;--awb-margin-top-large:0px;--awb-spacing-right-large:1.92%;--awb-margin-bottom-large:20px;--awb-spacing-left-large:1.92%;--awb-width-medium:100%;--awb-order-medium:0;--awb-spacing-right-medium:1.92%;--awb-spacing-left-medium:1.92%;--awb-width-small:100%;--awb-order-small:0;--awb-spacing-right-small:1.92%;--awb-spacing-left-small:1.92%;\" data-scroll-devices=\"small-visibility,medium-visibility,large-visibility\"><div class=\"fusion-column-wrapper fusion-column-has-shadow fusion-flex-justify-content-flex-start fusion-content-layout-column\"><div class=\"fusion-image-element \" style=\"text-align:center;--awb-caption-title-font-family:var(--h2_typography-font-family);--awb-caption-title-font-weight:var(--h2_typography-font-weight);--awb-caption-title-font-style:var(--h2_typography-font-style);--awb-caption-title-size:var(--h2_typography-font-size);--awb-caption-title-transform:var(--h2_typography-text-transform);--awb-caption-title-line-height:var(--h2_typography-line-height);--awb-caption-title-letter-spacing:var(--h2_typography-letter-spacing);\"><span class=\" fusion-imageframe imageframe-none imageframe-4 hover-type-none top-200 \" style=\"border-radius:8px;\"><img decoding=\"async\" width=\"1400\" height=\"803\" alt=\"Bett Suavis mit wei\u00dfem Boucl\u00e9-Stoff\" title=\"Bett Suavis mit wei\u00dfem Boucl\u00e9-Stoff\" src=\"https:\/\/www.ada.at\/wp-content\/uploads\/2023\/07\/3xl-Suavis_FB_SI11_SI50_TBG0_Details_31.png\" class=\"img-responsive wp-image-18740\"\/><\/span><\/div><\/div><\/div><\/div><\/div><div class=\"fusion-fullwidth fullwidth-box fusion-builder-row-6 fusion-flex-container has-pattern-background has-mask-background nonhundred-percent-fullwidth non-hundred-percent-height-scrolling fusion-no-small-visibility cp-vergleichstabelle top100 bottom100\" style=\"--awb-border-radius-top-left:0px;--awb-border-radius-top-right:0px;--awb-border-radius-bottom-right:0px;--awb-border-radius-bottom-left:0px;--awb-flex-wrap:wrap;\" ><div class=\"fusion-builder-row fusion-row fusion-flex-align-items-flex-start fusion-flex-content-wrap\" style=\"max-width:1248px;margin-left: calc(-4% \/ 2 );margin-right: calc(-4% \/ 2 );\"><div class=\"fusion-layout-column fusion_builder_column fusion-builder-column-8 fusion_builder_column_1_1 1_1 fusion-flex-column table-compare-hl\" style=\"--awb-bg-size:cover;--awb-width-large:100%;--awb-margin-top-large:0px;--awb-spacing-right-large:1.92%;--awb-margin-bottom-large:20px;--awb-spacing-left-large:1.92%;--awb-width-medium:100%;--awb-order-medium:0;--awb-spacing-right-medium:1.92%;--awb-spacing-left-medium:1.92%;--awb-width-small:100%;--awb-order-small:0;--awb-spacing-right-small:1.92%;--awb-spacing-left-small:1.92%;\" data-scroll-devices=\"small-visibility,medium-visibility,large-visibility\"><div class=\"fusion-column-wrapper fusion-column-has-shadow fusion-flex-justify-content-flex-start fusion-content-layout-column\"><div class=\"fusion-title title fusion-title-3 fusion-sep-none fusion-title-center fusion-title-text fusion-title-size-three\" style=\"--awb-text-color:var(--awb-color5);--awb-margin-top-small:10px;--awb-margin-right-small:0px;--awb-margin-bottom-small:10px;--awb-margin-left-small:0px;\"><h3 class=\"fusion-title-heading title-heading-center\" style=\"margin:0;\">A SUAVIS \u00f6sszehasonl\u00edt\u00e1sa a t\u00f6bbi \u00e1gyunkkal<\/h3><\/div><\/div><\/div><div class=\"fusion-layout-column fusion_builder_column fusion-builder-column-9 fusion_builder_column_1_1 1_1 fusion-flex-column table-compare-box\" style=\"--awb-bg-size:cover;--awb-width-large:100%;--awb-margin-top-large:0px;--awb-spacing-right-large:1.92%;--awb-margin-bottom-large:20px;--awb-spacing-left-large:1.92%;--awb-width-medium:100%;--awb-order-medium:0;--awb-spacing-right-medium:1.92%;--awb-spacing-left-medium:1.92%;--awb-width-small:100%;--awb-order-small:0;--awb-spacing-right-small:1.92%;--awb-spacing-left-small:1.92%;\" data-scroll-devices=\"small-visibility,medium-visibility,large-visibility\"><div class=\"fusion-column-wrapper fusion-column-has-shadow fusion-flex-justify-content-flex-start fusion-content-layout-column\">\n<div class=\"table-1 table-compare\">\n<table style=\"width: 100%; height: 552px;\" width=\"100%\">\n<thead>\n<tr style=\"height: 87px;\">\n<th style=\"width: 11.4065%; height: 87px;\" align=\"left\"><\/th>\n<th style=\"width: 20.3259%; height: 87px;\" align=\"left\"><a href=\"https:\/\/www.ada.at\/wp-content\/uploads\/2023\/07\/md-Suavis_FB_SI11_SI50_TBG0_Freisteller_4.png\"><img decoding=\"async\" class=\"alignnone size-full wp-image-21092\" src=\"https:\/\/www.ada.at\/wp-content\/uploads\/2023\/07\/md-Suavis_FB_SI11_SI50_TBG0_Freisteller_4.png\" alt=\"\" width=\"300\" height=\"150\" \/><\/a><\/th>\n<th style=\"width: 37.2984%; height: 87px;\" align=\"left\"><a href=\"https:\/\/www.ada.at\/wp-content\/uploads\/2023\/11\/Nachhaltig-produziertes-Bett-Calabria-von-ADA-.-Mindful-Living-\u2013-Fuer-achtsames-Schlafen.jpg\"><img decoding=\"async\" class=\"alignnone size-full wp-image-12040\" src=\"https:\/\/www.ada.at\/wp-content\/uploads\/2023\/11\/Nachhaltig-produziertes-Bett-Calabria-von-ADA-.-Mindful-Living-\u2013-Fuer-achtsames-Schlafen.jpg\" alt=\"Nachhaltig produziertes Bett Calabria von ADA Mindful Living \u2013 F\u00fcr achtsames Schlafen\" width=\"300\" height=\"150\" \/><\/a><\/th>\n<th style=\"width: 29.9401%; height: 87px;\" align=\"left\"><img decoding=\"async\" class=\"alignnone wp-image-8603 size-full\" src=\"https:\/\/www.ada.at\/wp-content\/uploads\/2023\/11\/ADA-.-Mindful-Living-Bett-COMETA-\u2013-komplett-in-Europa-gefertigt-fuer-hoechste-Qualitaet.jpg\" alt=\"ADA . Mindful Living Bett COMETA \u2013 komplett in Europa gefertigt f\u00fcr h\u00f6chste Qualit\u00e4t\" width=\"300\" height=\"150\" \/><\/th>\n<\/tr>\n<\/thead>\n<tbody>\n<tr style=\"height: 24px;\">\n<td style=\"width: 11.4065%; height: 24px;\" align=\"left\"><strong>Modell<\/strong><\/td>\n<td style=\"width: 20.3259%; height: 24px;\" align=\"left\">Suavis<\/td>\n<td style=\"width: 37.2984%; height: 24px;\" align=\"left\">Calabria<\/td>\n<td style=\"width: 29.9401%; height: 24px;\" align=\"left\">Cometa<\/td>\n<\/tr>\n<tr style=\"height: 216px;\">\n<td style=\"width: 11.4065%; height: 216px;\"><strong>R\u00f6vid le\u00edr\u00e1s<\/strong><\/td>\n<td style=\"width: 20.3259%; height: 216px;\">A SUAVIS hangulatos boxspring \u00e1gy, amely v\u00e9detts\u00e9get \u00e9s k\u00e9nyelmet ny\u00fajt, k\u00f6zel van a padl\u00f3hoz, puha k\u00e1rpitoz\u00e1s\u00fa. A lekerek\u00edtett sarkok \u00e9s form\u00e1k a meghitts\u00e9g \u00e9rzet\u00e9t keltik. T\u00f6bbr\u00e9teg\u0171, l\u00e1gy rug\u00f3z\u00e1s\u00fa a fel\u00e9p\u00edt\u00e9s\u00fck, amely egy\u00e9nileg konfigur\u00e1lhat\u00f3, ez\u00e9rt felejthetetlen alv\u00e1s\u00e9lm\u00e9nyt ny\u00fajtanak. A fejr\u00e9sz k\u00e9t kialak\u00edt\u00e1ssal kaphat\u00f3: van kock\u00e1s \u00e9s steppelt varratos kivitel, a huzat pedig sokf\u00e9le nat\u00far sz\u00ednben is kaphat\u00f3. A SUAVIS egyszerre sug\u00e1roz v\u00e9detts\u00e9get \u00e9s k\u00f6nnyeds\u00e9get, megfelel az eg\u00e9szs\u00e9ges alv\u00e1s legszigor\u00fabb ig\u00e9nyeinek, ugyanakkor tart\u00f3s, ez\u00e9rt a pihentet\u0151 alv\u00e1s fenntarthat\u00f3 megold\u00e1sa.<\/td>\n<td style=\"width: 37.2984%; height: 216px;\">A CALABRIA \u00e1gynak k\u00e9t v\u00e1ltozata van: az egyik az \u00e1gyr\u00e1csos v\u00e1ltozat t\u00e1gas \u00e1gynem\u0171tart\u00f3val, \u00e9s van egy t\u00f6bbr\u00e9teg\u0171 boxspring \u00e1gyv\u00e1ltozat egyedileg megv\u00e1laszthat\u00f3 r\u00e9tegekkel az egy\u00e9ni alv\u00e1skomforthoz; mindkett\u0151 olyan extr\u00e1kkal eg\u00e9sz\u00fcl ki, mint a mozgathat\u00f3 fej- \u00e9s l\u00e1bz\u00f3na, sokf\u00e9le v\u00e1laszthat\u00f3 anyag \u00e9s a st\u00edlusos diz\u00e1jn.<\/td>\n<td style=\"width: 29.9401%; height: 216px;\">A COMETA a j\u00f3 \u00e1gyv\u00e1laszt\u00e1s akkor, ha v\u00e9detts\u00e9gre \u00e9s rugalmass\u00e1gra v\u00e1gysz egyszerre: a fej-\u00e9s a l\u00e1bz\u00f3na mozgathat\u00f3, \u00e9s t\u00e1vir\u00e1ny\u00edt\u00f3val ir\u00e1ny\u00edthat\u00f3 az \u00e1gy k\u00e9t oldal\u00e1n. A COMETA a boxspring \u00e1gyak felejthetetlen alv\u00e1s\u00e9lm\u00e9ny\u00e9t ny\u00fajtja, ezt a r\u00e9teges fel\u00e9p\u00edt\u00e9s teszi lehet\u0151v\u00e9: massz\u00edv l\u00e1bazaton l\u00e1gyan rug\u00f3z\u00f3 r\u00e9tegek vannak elhelyezve, mint a matrac \u00e9s opci\u00f3k\u00e9nt a fed\u0151matrac.<\/td>\n<\/tr>\n<tr style=\"height: 176px;\">\n<td style=\"height: 176px;\"><strong>Saj\u00e1toss\u00e1gok<\/strong><\/td>\n<td style=\"height: 176px;\">\n<ul>\n<li>Lekerek\u00edtett, puha \u00e1gysarkok<\/li>\n<li>K\u00e1rpitoz\u00e1s steppelt varr\u00e1ssal<\/li>\n<li>Az \u00e1gy talpazata k\u00f6zel van a padl\u00f3hoz<\/li>\n<\/ul>\n<\/td>\n<td style=\"height: 176px;\">\n<ul>\n<li>Kaphat\u00f3 \u00e1gyr\u00e1ccsal vagy boxspring kivitelben<\/li>\n<li>Hatalmas v\u00e1laszt\u00e9k nat\u00far sz\u00ednekb\u0151l<\/li>\n<li>Praktikus \u00e1gynem\u0171tart\u00f3 az \u00e1gyr\u00e1cs alartt<\/li>\n<\/ul>\n<\/td>\n<td style=\"height: 176px;\">\n<ul>\n<li>Boxspring \u00e1gy magas alv\u00e1si komforttal<\/li>\n<li>Motorral \u00e1ll\u00edthat\u00f3 fej- \u00e9s l\u00e1bz\u00f3na<\/li>\n<li>Az \u00e1gy k\u00e9t oldal\u00e1n k\u00fcl\u00f6n \u00e1ll\u00edthat\u00f3<\/li>\n<\/ul>\n<\/td>\n<\/tr>\n<tr style=\"height: 24px;\">\n<td style=\"width: 11.4065%; height: 24px;\"><\/td>\n<td style=\"width: 20.3259%; height: 24px;\"><\/td>\n<td style=\"width: 37.2984%; height: 24px; text-align: left;\"><a class=\"button\" href=\"https:\/\/www.ada.at\/hu\/produkte\/alvas\/agyak\/agy-agyraccsal\/calabria\/\">Ugr\u00e1s a term\u00e9khez<\/a><\/td>\n<td style=\"width: 29.9401%; height: 24px; text-align: left;\"><a class=\"button\" href=\"https:\/\/www.ada.at\/hu\/produkte\/alvas\/agyak\/cometa\/\">Ugr\u00e1s a term\u00e9khez<\/a><\/td>\n<\/tr>\n<\/tbody>\n<\/table>\n<\/div>\n<\/div><\/div><\/div><\/div><\/p>\n","protected":false},"excerpt":{"rendered":"<p>A SUAVIS egy boxspring \u00e1gy, amelyben v\u00e9dettnek \u00e9rzed magad k\u00f6r\u00f6s-k\u00f6r\u00fcl: k\u00f6zvetlen\u00fcl a f\u00f6ldr\u0151l indul a lekerek\u00edtett sark\u00fa, puh\u00e1n k\u00e1rpitozott \u00e1gy, amely szinte simogat, ha meg\u00e9rinted. A kerekded form\u00e1k nem csak meghittnek t\u0171nnek, hanem val\u00f3ban lak\u00e1lyosak. A v\u00e9detts\u00e9g \u00e9rz\u00e9s\u00e9r\u0151l ezenk\u00edv\u00fcl a boxspring \u00e1gy t\u00f6bbr\u00e9teg\u0171, l\u00e1gyan rug\u00f3z\u00f3 fel\u00e9p\u00edt\u00e9s gondoskodik, amely egyedileg konfigur\u00e1lhat\u00f3, felejthetetlen alv\u00e1si \u00e9lm\u00e9nyt ny\u00fajt.<\/p>\n<ul>\n<li>Puha, im\u00e1dnival\u00f3 diz\u00e1jn<\/li>\n<li>Lekerek\u00edtett, puha \u00e1gysarkok<\/li>\n<li>K\u00e1rpitoz\u00e1s steppelt varr\u00e1ssal<\/li>\n<li>Az \u00e1gy talpazata k\u00f6zel van a padl\u00f3hoz<\/li>\n<li>Kiz\u00e1r\u00f3lag eur\u00f3pai gy\u00e1rt\u00e1sban k\u00e9sz\u00fcl<\/li>\n<\/ul>\n","protected":false},"featured_media":17927,"template":"","meta":{"_acf_changed":false},"product_brand":[],"product_cat":[331,549,551,633],"product_tag":[635,636,566,567,568,562,563,569,564,565,555,634,637,552],"class_list":{"0":"post-15282","1":"product","2":"type-product","3":"status-publish","4":"has-post-thumbnail","6":"product_cat-ada-hu","7":"product_cat-agyak","8":"product_cat-alvas","9":"product_cat-boxspring-agyak","10":"product_tag-100cm-hu-3","11":"product_tag-120cm-hu-4","12":"product_tag-140cm-hu-2","13":"product_tag-160cm-hu","14":"product_tag-180cm-hu","15":"product_tag-190cm-hu","16":"product_tag-200cm-hu","17":"product_tag-200cm-hu-2","18":"product_tag-210cm-hu","19":"product_tag-220cm-hu","20":"product_tag-karpitozott","21":"product_tag-karpitozott-hu","22":"product_tag-szinte-lebeg","23":"product_tag-uj","24":"post-status-publish","26":"first","27":"instock","28":"shipping-taxable","29":"product-type-simple","30":"add-to-wishlist-before_image"},"acf":[],"_links":{"self":[{"href":"https:\/\/www.ada.at\/hu\/wp-json\/wp\/v2\/product\/15282","targetHints":{"allow":["GET"]}}],"collection":[{"href":"https:\/\/www.ada.at\/hu\/wp-json\/wp\/v2\/product"}],"about":[{"href":"https:\/\/www.ada.at\/hu\/wp-json\/wp\/v2\/types\/product"}],"version-history":[{"count":0,"href":"https:\/\/www.ada.at\/hu\/wp-json\/wp\/v2\/product\/15282\/revisions"}],"wp:featuredmedia":[{"embeddable":true,"href":"https:\/\/www.ada.at\/hu\/wp-json\/wp\/v2\/media\/17927"}],"wp:attachment":[{"href":"https:\/\/www.ada.at\/hu\/wp-json\/wp\/v2\/media?parent=15282"}],"wp:term":[{"taxonomy":"product_brand","embeddable":true,"href":"https:\/\/www.ada.at\/hu\/wp-json\/wp\/v2\/product_brand?post=15282"},{"taxonomy":"product_cat","embeddable":true,"href":"https:\/\/www.ada.at\/hu\/wp-json\/wp\/v2\/product_cat?post=15282"},{"taxonomy":"product_tag","embeddable":true,"href":"https:\/\/www.ada.at\/hu\/wp-json\/wp\/v2\/product_tag?post=15282"}],"curies":[{"name":"wp","href":"https:\/\/api.w.org\/{rel}","templated":true}]}}