{"id":15122,"date":"2023-09-27T16:34:50","date_gmt":"2023-09-27T14:34:50","guid":{"rendered":"https:\/\/www.ada.at\/produkte\/nem-kategorizalt\/almere\/"},"modified":"2026-03-23T14:17:27","modified_gmt":"2026-03-23T13:17:27","slug":"almere","status":"publish","type":"product","link":"https:\/\/www.ada.at\/hu\/produkte\/lakik\/kanapek\/almere\/","title":{"rendered":"Almere"},"content":{"rendered":"<p><div class=\"fusion-fullwidth fullwidth-box fusion-builder-row-1 fusion-flex-container has-pattern-background has-mask-background nonhundred-percent-fullwidth non-hundred-percent-height-scrolling top50 bottom-100\" style=\"--awb-border-radius-top-left:0px;--awb-border-radius-top-right:0px;--awb-border-radius-bottom-right:0px;--awb-border-radius-bottom-left:0px;--awb-flex-wrap:wrap;\" ><div class=\"fusion-builder-row fusion-row fusion-flex-align-items-flex-start fusion-flex-content-wrap\" style=\"max-width:1248px;margin-left: calc(-4% \/ 2 );margin-right: calc(-4% \/ 2 );\"><div class=\"fusion-layout-column fusion_builder_column fusion-builder-column-0 fusion_builder_column_1_1 1_1 fusion-flex-column\" style=\"--awb-bg-size:cover;--awb-width-large:100%;--awb-margin-top-large:0px;--awb-spacing-right-large:1.92%;--awb-margin-bottom-large:20px;--awb-spacing-left-large:1.92%;--awb-width-medium:100%;--awb-order-medium:0;--awb-spacing-right-medium:1.92%;--awb-spacing-left-medium:1.92%;--awb-width-small:100%;--awb-order-small:0;--awb-spacing-right-small:1.92%;--awb-spacing-left-small:1.92%;\"><div class=\"fusion-column-wrapper fusion-column-has-shadow fusion-flex-justify-content-flex-start fusion-content-layout-column\"><div class=\"fusion-image-element \" style=\"--awb-caption-title-font-family:var(--h2_typography-font-family);--awb-caption-title-font-weight:var(--h2_typography-font-weight);--awb-caption-title-font-style:var(--h2_typography-font-style);--awb-caption-title-size:var(--h2_typography-font-size);--awb-caption-title-transform:var(--h2_typography-text-transform);--awb-caption-title-line-height:var(--h2_typography-line-height);--awb-caption-title-letter-spacing:var(--h2_typography-letter-spacing);\"><span class=\" fusion-imageframe imageframe-none imageframe-1 hover-type-none\" style=\"border-radius:8px;\"><img decoding=\"async\" width=\"1400\" height=\"800\" alt=\"Graues Sofa in einem schlichten Wohnzimmer mit Winterlandschaft vor dem Fenster\" title=\"ada mindful living &#8211; Relaxfunktion Sofa almere\" src=\"https:\/\/www.ada.at\/wp-content\/uploads\/2023\/10\/ada-mindful-living-Relaxfunktion-Sofa-almere.jpg\" class=\"img-responsive wp-image-11636\"\/><\/span><\/div><\/div><\/div><\/div><\/div><div class=\"fusion-fullwidth fullwidth-box fusion-builder-row-2 fusion-flex-container has-pattern-background has-mask-background fusion-parallax-none nonhundred-percent-fullwidth non-hundred-percent-height-scrolling cp-nachhaltigkeitselement cp-textlogos\" style=\"--awb-border-radius-top-left:0px;--awb-border-radius-top-right:0px;--awb-border-radius-bottom-right:0px;--awb-border-radius-bottom-left:0px;--awb-padding-top:0px;--awb-background-image:url(&quot;\/wp-content\/uploads\/2023\/08\/Ada-Hintergrund_dgrau_2.jpg&quot;);--awb-background-size:cover;--awb-flex-wrap:wrap;\" ><div class=\"fusion-builder-row fusion-row fusion-flex-align-items-flex-start fusion-flex-content-wrap\" style=\"max-width:1248px;margin-left: calc(-4% \/ 2 );margin-right: calc(-4% \/ 2 );\"><div class=\"fusion-layout-column fusion_builder_column fusion-builder-column-1 fusion_builder_column_1_3 1_3 fusion-flex-column\" style=\"--awb-padding-top:50px;--awb-bg-size:cover;--awb-width-large:33.333333333333%;--awb-margin-top-large:0px;--awb-spacing-right-large:5.76%;--awb-margin-bottom-large:20px;--awb-spacing-left-large:5.76%;--awb-width-medium:33.333333333333%;--awb-order-medium:0;--awb-spacing-right-medium:5.76%;--awb-spacing-left-medium:5.76%;--awb-width-small:100%;--awb-order-small:0;--awb-spacing-right-small:1.92%;--awb-spacing-left-small:1.92%;\"><div class=\"fusion-column-wrapper fusion-column-has-shadow fusion-flex-justify-content-flex-start fusion-content-layout-column\"><div class=\"fusion-title title fusion-title-1 fusion-sep-none fusion-title-text fusion-title-size-two\" style=\"--awb-text-color:var(--awb-color1);--awb-margin-top-small:10px;--awb-margin-right-small:0px;--awb-margin-bottom-small:10px;--awb-margin-left-small:0px;\"><h2 class=\"fusion-title-heading title-heading-left\" style=\"margin:0;\">Pihentet\u0151 relax poz\u00edci\u00f3<\/h2><\/div><\/div><\/div><div class=\"fusion-layout-column fusion_builder_column fusion-builder-column-2 fusion_builder_column_2_3 2_3 fusion-flex-column bottom350\" style=\"--awb-padding-top:50px;--awb-bg-size:cover;--awb-width-large:66.666666666667%;--awb-margin-top-large:0px;--awb-spacing-right-large:2.88%;--awb-margin-bottom-large:20px;--awb-spacing-left-large:2.88%;--awb-width-medium:66.666666666667%;--awb-order-medium:0;--awb-spacing-right-medium:2.88%;--awb-spacing-left-medium:2.88%;--awb-width-small:100%;--awb-order-small:0;--awb-spacing-right-small:1.92%;--awb-spacing-left-small:1.92%;\" data-scroll-devices=\"small-visibility,medium-visibility,large-visibility\"><div class=\"fusion-column-wrapper fusion-column-has-shadow fusion-flex-justify-content-flex-start fusion-content-layout-column\"><div class=\"fusion-text fusion-text-1\" style=\"--awb-text-color:var(--awb-color1);\"><p>Az ALMERE kanap\u00e9 sz\u00e1mos \u00e1ll\u00edthat\u00f3 elem\u00e9vel j\u00f3l illeszkedik az ig\u00e9nyeidhez. A Wall Free funkci\u00f3val lehets\u00e9ges, hogy a kanap\u00e9 a faln\u00e1l \u00e1lljon az \u00e1talak\u00edthat\u00f3s\u00e1g \u00e9s a m\u00e9rete ellen\u00e9re. Helyk\u00edm\u00e9l\u0151 megold\u00e1s a be\u00e9p\u00edtett asztal is: a rakod\u00f3helyr\u0151l kinyithat\u00f3 egy t\u00f6m\u00f6r t\u00f6lgy- vagy di\u00f3fa asztallap, \u00e9s az \u00fcl\u0151fel\u00fclet fel\u00e9 forgathat\u00f3. Az USB-csatlakoz\u00f3val \u00e9s a tablettart\u00f3val a kanap\u00e9t haszn\u00e1lhatod home office-k\u00e9nt.<\/p>\n<p>Az ALMERE h\u00edvogat\u00f3, p\u00e1ratlan az \u00fcl\u00e9skomfortja. A k\u00e1rpitoz\u00e1s puha \u00e9s k\u00e9nyelmes, de tart\u00e1st ad. Mik\u00e9nt a mozgathat\u00f3 nyakt\u00e1masszal ell\u00e1tott h\u00e1tt\u00e1mla \u00e9s az el\u0151recs\u00fasztathat\u00f3, gyorsan teljes \u00e9rt\u00e9k\u0171 fekv\u0151fel\u00fclett\u00e9 alak\u00edthat\u00f3 fekv\u0151hely. Az \u00fcl\u00e9sek gombnyom\u00e1sra pihentet\u0151 relax poz\u00edci\u00f3ba \u00e1llnak. Ha a l\u00e1bad magasabban van a sz\u00edvedn\u00e9l, akkor ez j\u00f3 a v\u00e9rkering\u00e9snek \u2013 r\u00e1ad\u00e1sul nem is kell \u00e9rte semmit tenn\u00fcnk.<\/p>\n<\/div><\/div><\/div><\/div><\/div><div class=\"fusion-fullwidth fullwidth-box fusion-builder-row-3 fusion-flex-container has-pattern-background has-mask-background nonhundred-percent-fullwidth non-hundred-percent-height-scrolling cp-2images\" style=\"--awb-border-radius-top-left:0px;--awb-border-radius-top-right:0px;--awb-border-radius-bottom-right:0px;--awb-border-radius-bottom-left:0px;--awb-margin-bottom:50px;--awb-flex-wrap:wrap;\" ><div class=\"fusion-builder-row fusion-row fusion-flex-align-items-flex-start fusion-flex-content-wrap\" style=\"max-width:1248px;margin-left: calc(-4% \/ 2 );margin-right: calc(-4% \/ 2 );\"><div class=\"fusion-layout-column fusion_builder_column fusion-builder-column-3 fusion_builder_column_1_2 1_2 fusion-flex-column top-400\" style=\"--awb-bg-size:cover;--awb-width-large:50%;--awb-margin-top-large:0px;--awb-spacing-right-large:3.84%;--awb-margin-bottom-large:20px;--awb-spacing-left-large:3.84%;--awb-width-medium:50%;--awb-order-medium:0;--awb-spacing-right-medium:3.84%;--awb-spacing-left-medium:3.84%;--awb-width-small:100%;--awb-order-small:0;--awb-spacing-right-small:1.92%;--awb-spacing-left-small:1.92%;\" data-scroll-devices=\"small-visibility,medium-visibility,large-visibility\"><div class=\"fusion-column-wrapper fusion-column-has-shadow fusion-flex-justify-content-flex-start fusion-content-layout-column\"><div class=\"fusion-image-element \" style=\"--awb-caption-title-font-family:var(--h2_typography-font-family);--awb-caption-title-font-weight:var(--h2_typography-font-weight);--awb-caption-title-font-style:var(--h2_typography-font-style);--awb-caption-title-size:var(--h2_typography-font-size);--awb-caption-title-transform:var(--h2_typography-text-transform);--awb-caption-title-line-height:var(--h2_typography-line-height);--awb-caption-title-letter-spacing:var(--h2_typography-letter-spacing);\"><span class=\" fusion-imageframe imageframe-none imageframe-2 hover-type-none\" style=\"border-radius:8px;\"><img decoding=\"async\" width=\"522\" height=\"703\" title=\"sitzgruppe-almere-grau_relax-liege\" src=\"https:\/\/www.ada.at\/wp-content\/uploads\/2023\/10\/sitzgruppe-almere-grau_relax-liege.jpg\" alt class=\"img-responsive wp-image-11634\"\/><\/span><\/div><\/div><\/div><div class=\"fusion-layout-column fusion_builder_column fusion-builder-column-4 fusion_builder_column_1_2 1_2 fusion-flex-column top-200\" style=\"--awb-bg-size:cover;--awb-width-large:50%;--awb-margin-top-large:0px;--awb-spacing-right-large:3.84%;--awb-margin-bottom-large:20px;--awb-spacing-left-large:3.84%;--awb-width-medium:50%;--awb-order-medium:0;--awb-spacing-right-medium:3.84%;--awb-spacing-left-medium:3.84%;--awb-width-small:100%;--awb-order-small:0;--awb-spacing-right-small:1.92%;--awb-spacing-left-small:1.92%;\" data-scroll-devices=\"small-visibility,medium-visibility,large-visibility\"><div class=\"fusion-column-wrapper fusion-column-has-shadow fusion-flex-justify-content-flex-start fusion-content-layout-column\"><div class=\"fusion-image-element \" style=\"--awb-caption-title-font-family:var(--h2_typography-font-family);--awb-caption-title-font-weight:var(--h2_typography-font-weight);--awb-caption-title-font-style:var(--h2_typography-font-style);--awb-caption-title-size:var(--h2_typography-font-size);--awb-caption-title-transform:var(--h2_typography-text-transform);--awb-caption-title-line-height:var(--h2_typography-line-height);--awb-caption-title-letter-spacing:var(--h2_typography-letter-spacing);\"><span class=\" fusion-imageframe imageframe-none imageframe-3 hover-type-none\" style=\"border-radius:8px;\"><img decoding=\"async\" width=\"522\" height=\"703\" alt=\"Sitzgruppe Almere in Grau mit Relaxfunktion\" title=\"sitzgruppe-almere-grau_relax-funktion\" src=\"https:\/\/www.ada.at\/wp-content\/uploads\/2023\/10\/sitzgruppe-almere-grau_relax-funktion.jpg\" class=\"img-responsive wp-image-11632\"\/><\/span><\/div><\/div><\/div><\/div><\/div><div class=\"fusion-fullwidth fullwidth-box fusion-builder-row-4 fusion-flex-container has-pattern-background has-mask-background nonhundred-percent-fullwidth non-hundred-percent-height-scrolling cp-vergleichstabelle top100 bottom100\" style=\"--awb-border-radius-top-left:0px;--awb-border-radius-top-right:0px;--awb-border-radius-bottom-right:0px;--awb-border-radius-bottom-left:0px;--awb-flex-wrap:wrap;\" ><div class=\"fusion-builder-row fusion-row fusion-flex-align-items-flex-start fusion-flex-content-wrap\" style=\"max-width:1248px;margin-left: calc(-4% \/ 2 );margin-right: calc(-4% \/ 2 );\"><div class=\"fusion-layout-column fusion_builder_column fusion-builder-column-5 fusion_builder_column_1_1 1_1 fusion-flex-column table-compare-hl\" style=\"--awb-bg-size:cover;--awb-width-large:100%;--awb-margin-top-large:0px;--awb-spacing-right-large:1.92%;--awb-margin-bottom-large:20px;--awb-spacing-left-large:1.92%;--awb-width-medium:100%;--awb-order-medium:0;--awb-spacing-right-medium:1.92%;--awb-spacing-left-medium:1.92%;--awb-width-small:100%;--awb-order-small:0;--awb-spacing-right-small:1.92%;--awb-spacing-left-small:1.92%;\" data-scroll-devices=\"small-visibility,medium-visibility,large-visibility\"><div class=\"fusion-column-wrapper fusion-column-has-shadow fusion-flex-justify-content-flex-start fusion-content-layout-column\"><div class=\"fusion-title title fusion-title-2 fusion-sep-none fusion-title-center fusion-title-text fusion-title-size-three\" style=\"--awb-text-color:var(--awb-color5);--awb-margin-top-small:10px;--awb-margin-right-small:0px;--awb-margin-bottom-small:10px;--awb-margin-left-small:0px;\"><h3 class=\"fusion-title-heading title-heading-center\" style=\"margin:0;\"><p>Hasonl\u00edtsd \u00f6sszes az Almere kanap\u00e9t<br \/>\nm\u00e1s kanap\u00e9inkkal<\/p><\/h3><\/div><\/div><\/div><div class=\"fusion-layout-column fusion_builder_column fusion-builder-column-6 fusion_builder_column_1_1 1_1 fusion-flex-column table-compare-box\" style=\"--awb-bg-size:cover;--awb-width-large:100%;--awb-margin-top-large:0px;--awb-spacing-right-large:1.92%;--awb-margin-bottom-large:20px;--awb-spacing-left-large:1.92%;--awb-width-medium:100%;--awb-order-medium:0;--awb-spacing-right-medium:1.92%;--awb-spacing-left-medium:1.92%;--awb-width-small:100%;--awb-order-small:0;--awb-spacing-right-small:1.92%;--awb-spacing-left-small:1.92%;\" data-scroll-devices=\"small-visibility,medium-visibility,large-visibility\"><div class=\"fusion-column-wrapper fusion-column-has-shadow fusion-flex-justify-content-flex-start fusion-content-layout-column\">\n<div class=\"table-1 table-compare\">\n<table style=\"width: 100%; height: 552px;\" width=\"100%\">\n<thead>\n<tr style=\"height: 87px;\">\n<th style=\"width: 11.4065%; height: 87px;\" align=\"left\"><\/th>\n<th style=\"width: 20.3259%; height: 87px;\" align=\"left\"><img decoding=\"async\" class=\"alignnone wp-image-8440 size-full\" src=\"https:\/\/www.ada.at\/wp-content\/uploads\/2023\/11\/sofa-alemere.jpg\" alt=\"sofa ADA alemere\" width=\"300\" height=\"150\" \/><\/th>\n<th style=\"width: 37.2984%; height: 87px;\" align=\"left\"><img decoding=\"async\" src=\"https:\/\/www.ada.at\/wp-content\/uploads\/2023\/11\/couch-asarina.jpg\" alt=\"\" \/><\/th>\n<th style=\"width: 29.9401%; height: 87px;\" align=\"left\"><img decoding=\"async\" src=\"https:\/\/www.ada.at\/wp-content\/uploads\/2023\/11\/couch-salvia.jpg\" alt=\"\" \/><\/th>\n<\/tr>\n<\/thead>\n<tbody>\n<tr style=\"height: 24px;\">\n<td style=\"width: 11.4065%; height: 24px;\" align=\"left\"><strong>Modell<\/strong><\/td>\n<td style=\"width: 20.3259%; height: 24px;\" align=\"left\">Almere<\/td>\n<td style=\"width: 37.2984%; height: 24px;\" align=\"left\">Asarina<\/td>\n<td style=\"width: 29.9401%; height: 24px;\" align=\"left\">Salvia<\/td>\n<\/tr>\n<tr style=\"height: 216px;\">\n<td style=\"width: 11.4065%; height: 216px;\"><strong>R\u00f6vid le\u00edr\u00e1s<\/strong><\/td>\n<td style=\"width: 20.3259%; height: 216px;\">Az ALMERE kanap\u00e9 egyszerre k\u00e9nyelmes \u00e9s praktikus, puha, de m\u00e9gis tart\u00e1s ad\u00f3 k\u00e1rpitoz\u00e1ssal, mozgathat\u00f3 elemekkel az optim\u00e1lis pihen\u00e9s\u00e9rt, h\u00edvogat\u00f3 fekv\u0151fel\u00fclettel \u00e9s a kering\u00e9st t\u00e1mogat\u00f3 relax poz\u00edci\u00f3val.<\/td>\n<td style=\"width: 37.2984%; height: 216px;\">Az ASARINA kanap\u00e9 egyes\u00edti mag\u00e1ban a rugalmasan alak\u00edthat\u00f3 cs\u00facskateg\u00f3ri\u00e1s funkci\u00f3kat \u00e9s a letisztult diz\u00e1jnt; a teljes k\u00e9nyelem \u00e9rdek\u00e9ben mozgathat\u00f3 h\u00e1tt\u00e1ml\u00e1t \u00e9s fekv\u0151helyet k\u00edn\u00e1l, be\u00e9p\u00edtett home office opci\u00f3kat is biztos\u00edt, ugyanakkor fenntarthat\u00f3 \u00e9s tart\u00f3s.<\/td>\n<td style=\"width: 29.9401%; height: 216px;\">A SALVIA egyszerre k\u00e9nyelmes \u00e9s praktikus: az \u00fcl\u00e9sek \u00e9s t\u00e1ml\u00e1k gombnyom\u00e1sra mozgathat\u00f3k, a helytakar\u00e9kos Wall Free funkci\u00f3 \u00e9s a kieg\u00e9sz\u00edt\u0151 fejt\u00e1mla ide\u00e1lis az otthoni ellazul\u00e1shoz \u00e9s a gyors szuny\u00f3k\u00e1l\u00e1shoz.<\/td>\n<\/tr>\n<tr style=\"height: 176px;\">\n<td style=\"height: 176px;\"><strong>Saj\u00e1toss\u00e1gok<\/strong><\/td>\n<td style=\"height: 176px;\">\n<ul>\n<li>Mozgathat\u00f3 h\u00e1tt\u00e1mla \u00e9s nyakt\u00e1masz<\/li>\n<li>T\u00f6m\u00f6rfa t\u00e1rol\u00f3 a Home Office-ben v\u00e9gzend\u0151 munk\u00e1hoz<\/li>\n<li>Praktikus tart\u00f3 USB-porttal<\/li>\n<\/ul>\n<\/td>\n<td style=\"height: 176px;\">\n<ul>\n<li>Cs\u00facsmin\u0151s\u00e9g\u0171 relax\u00e1ci\u00f3s funkci\u00f3k<\/li>\n<li>\u00c1ll\u00edthat\u00f3 h\u00e1tt\u00e1mla nyakt\u00e1masszal<\/li>\n<li>Kinyithat\u00f3 asztalka a home office-hoz<\/li>\n<\/ul>\n<\/td>\n<td style=\"height: 176px;\">\n<ul>\n<li>Fokozat n\u00e9lk\u00fcl \u00e1ll\u00edthat\u00f3 kart\u00e1masz<\/li>\n<li>Szint\u00e9n \u00e1ll\u00edthat\u00f3 fejt\u00e1masz<\/li>\n<li>LETICIA fotel mint t\u00f6k\u00e9letes kieg\u00e9sz\u00edt\u0151<\/li>\n<\/ul>\n<\/td>\n<\/tr>\n<tr style=\"height: 24px;\">\n<td style=\"width: 11.4065%; height: 24px;\"><\/td>\n<td style=\"width: 20.3259%; height: 24px;\"><\/td>\n<td style=\"width: 37.2984%; height: 24px; text-align: left;\"><a class=\"button\" href=\"https:\/\/www.ada.at\/hu\/produkte\/lakik\/kanapek\/i-forma\/asarina\/\">Ugr\u00e1s a term\u00e9khez<\/a><\/td>\n<td style=\"width: 29.9401%; height: 24px; text-align: left;\"><a class=\"button\" href=\"https:\/\/www.ada.at\/hu\/produkte\/lakik\/kanapek\/i-forma\/salvia\/\">Ugr\u00e1s a term\u00e9khez<\/a><\/td>\n<\/tr>\n<\/tbody>\n<\/table>\n<\/div>\n<\/div><\/div><\/div><\/div><\/p>\n","protected":false},"excerpt":{"rendered":"<div class=\"einleitung-text\">Ez a kanap\u00e9 igaz\u00e1n h\u00edvogat\u00f3. Az ALMERE kanap\u00e9 sok egyedi elemmel igazodik a k\u00edv\u00e1ns\u00e1gaidhoz \u2013 szinte minden \u00e1ll\u00edthat\u00f3. Az \u00fcl\u00e9sek gombnyom\u00e1sra pihentet\u0151 relax poz\u00edci\u00f3ba \u00e1llnak, m\u00edg a mozgathat\u00f3 t\u00e1mla \u00e9s nyakt\u00e1masz lehet\u0151v\u00e9 teszi, hogy a fejed k\u00e9nyelmesen pihenjen. Vagy elmer\u00fclhetsz \u00e1lomorsz\u00e1gban a fekv\u0151hely el\u0151recs\u00fasztat\u00e1s\u00e1val. Ezen a kanap\u00e9n azt\u00e1n el lehet lenni eg\u00e9sz nap \u00e9s f\u00e9l \u00e9jszaka.<\/div>\n<ul>\n<li>Helyk\u00edm\u00e9l\u0151 Wall Free funkci\u00f3<\/li>\n<li>Mozgathat\u00f3 h\u00e1tt\u00e1mla \u00e9s nyakt\u00e1masz<\/li>\n<li>T\u00f6m\u00f6rfa t\u00e1rol\u00f3 a Home Office-hoz<\/li>\n<li>Praktikus t\u00e1rol\u00f3rekeszek \u00e9s t\u00f6lt\u0151<\/li>\n<li>Kiz\u00e1r\u00f3lag eur\u00f3pai gy\u00e1rt\u00e1sban k\u00e9sz\u00fcl<\/li>\n<\/ul>\n","protected":false},"featured_media":9474,"template":"","meta":{"_acf_changed":false},"product_brand":[],"product_cat":[331,520,517,518,519],"product_tag":[532,533,530,531,529,522,525,528,527,545,547,523,543,521,524],"class_list":{"0":"post-15122","1":"product","2":"type-product","3":"status-publish","4":"has-post-thumbnail","6":"product_cat-ada-hu","7":"product_cat-i-forma","8":"product_cat-kanapek","9":"product_cat-l-forma","10":"product_cat-u-forma","11":"product_tag-130cm-hu","12":"product_tag-140cm-hu","13":"product_tag-allithato-hattamla-hatparna","14":"product_tag-asztal-tarolofunkcio","15":"product_tag-asztal-tarolo","16":"product_tag-bor","17":"product_tag-buekk","18":"product_tag-kemeny","19":"product_tag-koezepes","20":"product_tag-mozgathato-fejtamaszok","21":"product_tag-relaxacios-funkcio","22":"product_tag-textil-hu","23":"product_tag-toelgy","24":"product_tag-uelogarniturak","25":"product_tag-vegan-bor","26":"post-status-publish","28":"first","29":"instock","30":"shipping-taxable","31":"product-type-simple","32":"add-to-wishlist-before_image"},"acf":[],"_links":{"self":[{"href":"https:\/\/www.ada.at\/hu\/wp-json\/wp\/v2\/product\/15122","targetHints":{"allow":["GET"]}}],"collection":[{"href":"https:\/\/www.ada.at\/hu\/wp-json\/wp\/v2\/product"}],"about":[{"href":"https:\/\/www.ada.at\/hu\/wp-json\/wp\/v2\/types\/product"}],"version-history":[{"count":4,"href":"https:\/\/www.ada.at\/hu\/wp-json\/wp\/v2\/product\/15122\/revisions"}],"predecessor-version":[{"id":26178,"href":"https:\/\/www.ada.at\/hu\/wp-json\/wp\/v2\/product\/15122\/revisions\/26178"}],"wp:featuredmedia":[{"embeddable":true,"href":"https:\/\/www.ada.at\/hu\/wp-json\/wp\/v2\/media\/9474"}],"wp:attachment":[{"href":"https:\/\/www.ada.at\/hu\/wp-json\/wp\/v2\/media?parent=15122"}],"wp:term":[{"taxonomy":"product_brand","embeddable":true,"href":"https:\/\/www.ada.at\/hu\/wp-json\/wp\/v2\/product_brand?post=15122"},{"taxonomy":"product_cat","embeddable":true,"href":"https:\/\/www.ada.at\/hu\/wp-json\/wp\/v2\/product_cat?post=15122"},{"taxonomy":"product_tag","embeddable":true,"href":"https:\/\/www.ada.at\/hu\/wp-json\/wp\/v2\/product_tag?post=15122"}],"curies":[{"name":"wp","href":"https:\/\/api.w.org\/{rel}","templated":true}]}}