{"id":15121,"date":"2023-09-28T00:03:05","date_gmt":"2023-09-27T22:03:05","guid":{"rendered":"https:\/\/www.ada.at\/produkte\/nem-kategorizalt\/salvia\/"},"modified":"2026-03-23T14:17:14","modified_gmt":"2026-03-23T13:17:14","slug":"salvia","status":"publish","type":"product","link":"https:\/\/www.ada.at\/hu\/produkte\/lakik\/kanapek\/salvia\/","title":{"rendered":"Salvia"},"content":{"rendered":"<p><div class=\"fusion-fullwidth fullwidth-box fusion-builder-row-1 fusion-flex-container has-pattern-background has-mask-background nonhundred-percent-fullwidth non-hundred-percent-height-scrolling top50\" style=\"--awb-border-radius-top-left:0px;--awb-border-radius-top-right:0px;--awb-border-radius-bottom-right:0px;--awb-border-radius-bottom-left:0px;--awb-flex-wrap:wrap;\" ><div class=\"fusion-builder-row fusion-row fusion-flex-align-items-flex-start fusion-flex-content-wrap\" style=\"max-width:1248px;margin-left: calc(-4% \/ 2 );margin-right: calc(-4% \/ 2 );\"><div class=\"fusion-layout-column fusion_builder_column fusion-builder-column-0 fusion_builder_column_1_1 1_1 fusion-flex-column\" style=\"--awb-bg-size:cover;--awb-width-large:100%;--awb-margin-top-large:0px;--awb-spacing-right-large:1.92%;--awb-margin-bottom-large:20px;--awb-spacing-left-large:1.92%;--awb-width-medium:100%;--awb-order-medium:0;--awb-spacing-right-medium:1.92%;--awb-spacing-left-medium:1.92%;--awb-width-small:100%;--awb-order-small:0;--awb-spacing-right-small:1.92%;--awb-spacing-left-small:1.92%;\"><div class=\"fusion-column-wrapper fusion-column-has-shadow fusion-flex-justify-content-flex-start fusion-content-layout-column\"><div class=\"fusion-image-element \" style=\"--awb-caption-title-font-family:var(--h2_typography-font-family);--awb-caption-title-font-weight:var(--h2_typography-font-weight);--awb-caption-title-font-style:var(--h2_typography-font-style);--awb-caption-title-size:var(--h2_typography-font-size);--awb-caption-title-transform:var(--h2_typography-text-transform);--awb-caption-title-line-height:var(--h2_typography-line-height);--awb-caption-title-letter-spacing:var(--h2_typography-letter-spacing);\"><span class=\" fusion-imageframe imageframe-none imageframe-1 hover-type-none bottom-100\" style=\"border-radius:8px;\"><img decoding=\"async\" width=\"1400\" height=\"800\" title=\"Entspanntes Wohnen mit dem ADA . Mindful Living Couch\" src=\"https:\/\/www.ada.at\/wp-content\/uploads\/2023\/10\/Entspanntes-Wohnen-mit-dem-ADA-.-Mindful-Living-Couch.jpg\" alt class=\"img-responsive wp-image-11680\"\/><\/span><\/div><\/div><\/div><\/div><\/div><div class=\"fusion-fullwidth fullwidth-box fusion-builder-row-2 fusion-flex-container has-pattern-background has-mask-background fusion-parallax-none nonhundred-percent-fullwidth non-hundred-percent-height-scrolling cp-nachhaltigkeitselement cp-textlogos bg-blau\" style=\"--awb-border-radius-top-left:0px;--awb-border-radius-top-right:0px;--awb-border-radius-bottom-right:0px;--awb-border-radius-bottom-left:0px;--awb-background-image:url(&quot;\/wp-content\/uploads\/2023\/08\/Ada-Hintergrund_dgrau_2.jpg&quot;);--awb-background-size:cover;--awb-flex-wrap:wrap;\" ><div class=\"fusion-builder-row fusion-row fusion-flex-align-items-flex-start fusion-flex-content-wrap\" style=\"max-width:1248px;margin-left: calc(-4% \/ 2 );margin-right: calc(-4% \/ 2 );\"><div class=\"fusion-layout-column fusion_builder_column fusion-builder-column-1 fusion_builder_column_1_3 1_3 fusion-flex-column\" style=\"--awb-padding-top:50px;--awb-bg-size:cover;--awb-width-large:33.333333333333%;--awb-margin-top-large:0px;--awb-spacing-right-large:5.76%;--awb-margin-bottom-large:20px;--awb-spacing-left-large:5.76%;--awb-width-medium:33.333333333333%;--awb-order-medium:0;--awb-spacing-right-medium:5.76%;--awb-spacing-left-medium:5.76%;--awb-width-small:100%;--awb-order-small:0;--awb-spacing-right-small:1.92%;--awb-spacing-left-small:1.92%;\"><div class=\"fusion-column-wrapper fusion-column-has-shadow fusion-flex-justify-content-flex-start fusion-content-layout-column\"><div class=\"fusion-title title fusion-title-1 fusion-sep-none fusion-title-text fusion-title-size-two\" style=\"--awb-text-color:var(--awb-color1);--awb-margin-top-small:10px;--awb-margin-right-small:0px;--awb-margin-bottom-small:10px;--awb-margin-left-small:0px;\"><h2 class=\"fusion-title-heading title-heading-left\" style=\"margin:0;\">Fek\u00fcdni jobb, mint gondoln\u00e1nk<\/h2><\/div><\/div><\/div><div class=\"fusion-layout-column fusion_builder_column fusion-builder-column-2 fusion_builder_column_2_3 2_3 fusion-flex-column bottom350\" style=\"--awb-padding-top:50px;--awb-bg-size:cover;--awb-width-large:66.666666666667%;--awb-margin-top-large:0px;--awb-spacing-right-large:2.88%;--awb-margin-bottom-large:20px;--awb-spacing-left-large:2.88%;--awb-width-medium:66.666666666667%;--awb-order-medium:0;--awb-spacing-right-medium:2.88%;--awb-spacing-left-medium:2.88%;--awb-width-small:100%;--awb-order-small:0;--awb-spacing-right-small:1.92%;--awb-spacing-left-small:1.92%;\" data-scroll-devices=\"small-visibility,medium-visibility,large-visibility\"><div class=\"fusion-column-wrapper fusion-column-has-shadow fusion-flex-justify-content-flex-start fusion-content-layout-column\"><div class=\"fusion-text fusion-text-1\" style=\"--awb-text-color:var(--awb-color1);\"><p>V\u00e9gre otthon! Most vehetsz egy m\u00e9ly l\u00e9legzetet, \u00e9rezheted a tested, ny\u00fajthatsz vagy lefek\u00fcdhetsz egy pillanatra. A SALVIA kanap\u00e9val mindezt egyetlen gombnyom\u00e1ssal megteheti. Ha le akar fek\u00fcdni, az \u00fcl\u00e9sek \u00e9s a h\u00e1tt\u00e1ml\u00e1k el\u0151re cs\u00fasznak, \u00e9s fekv\u0151fel\u00fclett\u00e9 alakulnak. Egy\u00e9bk\u00e9nt a fekv\u00e9s jobb, mint gondoln\u00e1nk. Egyszerre tesz gyeng\u00e9dd\u00e9, b\u00e9k\u00e9ss\u00e9 \u00e9s er\u0151ss\u00e9, \u00f6tleteket ad \u00e9s felszabad\u00edt. A Wall-Free funkci\u00f3 lehet\u0151v\u00e9 teszi, hogy a kanap\u00e9 az \u00e1talak\u00edt\u00e1si k\u00e9pess\u00e9gei ellen\u00e9re a falhoz \u00e1lljon. A SALVIA nagy szabads\u00e1got ad \u00d6nnek otthon\u00e1ban. Ez a kanap\u00e9 azonban t\u00e1maszt is ny\u00fajt. A fejt\u00e1mla mindk\u00e9t oldalon el\u0151re hajthat\u00f3, \u00e9s stabiliz\u00e1lja a fejet olvas\u00e1s, besz\u00e9lget\u00e9s vagy szundik\u00e1l\u00e1s k\u00f6zben. Power napping m\u00e9lt\u00f3s\u00e1ggal!<\/p>\n<\/div><\/div><\/div><\/div><\/div><div class=\"fusion-fullwidth fullwidth-box fusion-builder-row-3 fusion-flex-container has-pattern-background has-mask-background nonhundred-percent-fullwidth non-hundred-percent-height-scrolling cp-2images\" style=\"--awb-border-radius-top-left:0px;--awb-border-radius-top-right:0px;--awb-border-radius-bottom-right:0px;--awb-border-radius-bottom-left:0px;--awb-flex-wrap:wrap;\" ><div class=\"fusion-builder-row fusion-row fusion-flex-align-items-flex-start fusion-flex-content-wrap\" style=\"max-width:1248px;margin-left: calc(-4% \/ 2 );margin-right: calc(-4% \/ 2 );\"><div class=\"fusion-layout-column fusion_builder_column fusion-builder-column-3 fusion_builder_column_1_2 1_2 fusion-flex-column top-400\" style=\"--awb-bg-size:cover;--awb-width-large:50%;--awb-margin-top-large:0px;--awb-spacing-right-large:3.84%;--awb-margin-bottom-large:20px;--awb-spacing-left-large:3.84%;--awb-width-medium:50%;--awb-order-medium:0;--awb-spacing-right-medium:3.84%;--awb-spacing-left-medium:3.84%;--awb-width-small:100%;--awb-order-small:0;--awb-spacing-right-small:1.92%;--awb-spacing-left-small:1.92%;\" data-scroll-devices=\"small-visibility,medium-visibility,large-visibility\"><div class=\"fusion-column-wrapper fusion-column-has-shadow fusion-flex-justify-content-flex-start fusion-content-layout-column\"><div class=\"fusion-image-element \" style=\"--awb-caption-title-font-family:var(--h2_typography-font-family);--awb-caption-title-font-weight:var(--h2_typography-font-weight);--awb-caption-title-font-style:var(--h2_typography-font-style);--awb-caption-title-size:var(--h2_typography-font-size);--awb-caption-title-transform:var(--h2_typography-text-transform);--awb-caption-title-line-height:var(--h2_typography-line-height);--awb-caption-title-letter-spacing:var(--h2_typography-letter-spacing);\"><span class=\" fusion-imageframe imageframe-none imageframe-2 hover-type-none\" style=\"border-radius:8px;\"><img decoding=\"async\" width=\"522\" height=\"703\" title=\"Modern designte Couch von ADA . Mindful Living f\u00fcr den stilvollen Raum\" src=\"https:\/\/www.ada.at\/wp-content\/uploads\/2023\/10\/Modern-designte-Couch-von-ADA-.-Mindful-Living-fuer-den-stilvollen-Raum.jpg\" alt class=\"img-responsive wp-image-11678\"\/><\/span><\/div><\/div><\/div><div class=\"fusion-layout-column fusion_builder_column fusion-builder-column-4 fusion_builder_column_1_2 1_2 fusion-flex-column top-200\" style=\"--awb-bg-size:cover;--awb-width-large:50%;--awb-margin-top-large:0px;--awb-spacing-right-large:3.84%;--awb-margin-bottom-large:20px;--awb-spacing-left-large:3.84%;--awb-width-medium:50%;--awb-order-medium:0;--awb-spacing-right-medium:3.84%;--awb-spacing-left-medium:3.84%;--awb-width-small:100%;--awb-order-small:0;--awb-spacing-right-small:1.92%;--awb-spacing-left-small:1.92%;\" data-scroll-devices=\"small-visibility,medium-visibility,large-visibility\"><div class=\"fusion-column-wrapper fusion-column-has-shadow fusion-flex-justify-content-flex-start fusion-content-layout-column\"><div class=\"fusion-image-element \" style=\"--awb-caption-title-font-family:var(--h2_typography-font-family);--awb-caption-title-font-weight:var(--h2_typography-font-weight);--awb-caption-title-font-style:var(--h2_typography-font-style);--awb-caption-title-size:var(--h2_typography-font-size);--awb-caption-title-transform:var(--h2_typography-text-transform);--awb-caption-title-line-height:var(--h2_typography-line-height);--awb-caption-title-letter-spacing:var(--h2_typography-letter-spacing);\"><span class=\" fusion-imageframe imageframe-none imageframe-3 hover-type-none\" style=\"border-radius:8px;\"><img decoding=\"async\" width=\"522\" height=\"703\" title=\"Couch von ADA . Mindful Living Stilvoll und komplett in Europa produziert.\" src=\"https:\/\/www.ada.at\/wp-content\/uploads\/2023\/10\/Couch-von-ADA-.-Mindful-Living-Stilvoll-und-komplett-in-Europa-produziert.jpg\" alt class=\"img-responsive wp-image-11676\"\/><\/span><\/div><\/div><\/div><\/div><\/div><div class=\"fusion-fullwidth fullwidth-box fusion-builder-row-4 fusion-flex-container has-pattern-background has-mask-background fusion-parallax-none nonhundred-percent-fullwidth non-hundred-percent-height-scrolling cp-nachhaltigkeitselement bottom200 bg-gruen top-100\" style=\"--awb-border-radius-top-left:0px;--awb-border-radius-top-right:0px;--awb-border-radius-bottom-right:0px;--awb-border-radius-bottom-left:0px;--awb-background-image:url(&quot;\/wp-content\/uploads\/2023\/09\/Ada-Hintergrund_blau.jpg&quot;);--awb-background-size:cover;--awb-flex-wrap:wrap;\" ><div class=\"fusion-builder-row fusion-row fusion-flex-align-items-flex-start fusion-flex-content-wrap\" style=\"max-width:1248px;margin-left: calc(-4% \/ 2 );margin-right: calc(-4% \/ 2 );\"><div class=\"fusion-layout-column fusion_builder_column fusion-builder-column-5 fusion_builder_column_1_3 1_3 fusion-flex-column\" style=\"--awb-padding-top:100px;--awb-bg-size:cover;--awb-width-large:33.333333333333%;--awb-margin-top-large:0px;--awb-spacing-right-large:5.76%;--awb-margin-bottom-large:20px;--awb-spacing-left-large:5.76%;--awb-width-medium:33.333333333333%;--awb-order-medium:0;--awb-spacing-right-medium:5.76%;--awb-spacing-left-medium:5.76%;--awb-width-small:100%;--awb-order-small:0;--awb-spacing-right-small:1.92%;--awb-spacing-left-small:1.92%;\"><div class=\"fusion-column-wrapper fusion-column-has-shadow fusion-flex-justify-content-flex-start fusion-content-layout-column\"><div class=\"fusion-title title fusion-title-2 fusion-sep-none fusion-title-text fusion-title-size-two\" style=\"--awb-text-color:var(--awb-color5);--awb-margin-top-small:10px;--awb-margin-right-small:0px;--awb-margin-bottom-small:10px;--awb-margin-left-small:0px;\"><h2 class=\"fusion-title-heading title-heading-left\" style=\"margin:0;\">\u00c9lvezze a biztons\u00e1got<\/h2><\/div><\/div><\/div><div class=\"fusion-layout-column fusion_builder_column fusion-builder-column-6 fusion_builder_column_2_3 2_3 fusion-flex-column\" style=\"--awb-padding-top:100px;--awb-bg-size:cover;--awb-width-large:66.666666666667%;--awb-margin-top-large:0px;--awb-spacing-right-large:2.88%;--awb-margin-bottom-large:20px;--awb-spacing-left-large:2.88%;--awb-width-medium:66.666666666667%;--awb-order-medium:0;--awb-spacing-right-medium:2.88%;--awb-spacing-left-medium:2.88%;--awb-width-small:100%;--awb-order-small:0;--awb-spacing-right-small:1.92%;--awb-spacing-left-small:1.92%;\"><div class=\"fusion-column-wrapper fusion-column-has-shadow fusion-flex-justify-content-flex-start fusion-content-layout-column\"><div class=\"fusion-text fusion-text-2\" style=\"--awb-text-color:var(--awb-color1);\"><p><span style=\"color: var(--awb-color5);\">Kett\u0151vel kev\u00e9sb\u00e9 egyed\u00fcl a kanap\u00e9!<br \/>\nA LETICIA fotel t\u00f6k\u00e9letesen illeszkedik a SALVIA kanap\u00e9hoz: ugyanaz a harmonikus kialak\u00edt\u00e1s, ugyanazok az okos funkci\u00f3k \u00e9s ugyanaz az \u00f6sszet\u00e9veszthetetlen k\u00e9nyelem \u00fclve vagy fekve.<br \/>\nB\u00e1rmelyik poz\u00edci\u00f3ban is t\u00f6lti sz\u00edvesebben szabadidej\u00e9t: \u00e9lvezze otthon\u00e1nak otthonoss\u00e1g\u00e1t. <\/span><\/p>\n<\/div><\/div><\/div><div class=\"fusion-layout-column fusion_builder_column fusion-builder-column-7 fusion_builder_column_1_1 1_1 fusion-flex-column\" style=\"--awb-bg-size:cover;--awb-width-large:100%;--awb-margin-top-large:0px;--awb-spacing-right-large:1.92%;--awb-margin-bottom-large:20px;--awb-spacing-left-large:1.92%;--awb-width-medium:100%;--awb-order-medium:0;--awb-spacing-right-medium:1.92%;--awb-spacing-left-medium:1.92%;--awb-width-small:100%;--awb-order-small:0;--awb-spacing-right-small:1.92%;--awb-spacing-left-small:1.92%;\" data-scroll-devices=\"small-visibility,medium-visibility,large-visibility\"><div class=\"fusion-column-wrapper fusion-column-has-shadow fusion-flex-justify-content-flex-start fusion-content-layout-column\"><div class=\"fusion-image-element \" style=\"text-align:center;--awb-caption-title-font-family:var(--h2_typography-font-family);--awb-caption-title-font-weight:var(--h2_typography-font-weight);--awb-caption-title-font-style:var(--h2_typography-font-style);--awb-caption-title-size:var(--h2_typography-font-size);--awb-caption-title-transform:var(--h2_typography-text-transform);--awb-caption-title-line-height:var(--h2_typography-line-height);--awb-caption-title-letter-spacing:var(--h2_typography-letter-spacing);\"><span class=\" fusion-imageframe imageframe-none imageframe-4 hover-type-none bottom-250 top50\" style=\"border-radius:8px;\"><img decoding=\"async\" width=\"1400\" height=\"800\" title=\"Kuscheliges Sofa von ADA . Mindful Living \u2013 Achtsam und \u00f6sterreichische Qualit\u00e4t im Boho Style von Westwing\" src=\"https:\/\/www.ada.at\/wp-content\/uploads\/2023\/10\/Kuscheliges-Sofa-von-ADA-.-Mindful-Living-\u2013-Achtsam-und-oesterreichische-Qualitaet-im-Boho-Style-von-Westwing.jpg\" alt class=\"img-responsive wp-image-11682\"\/><\/span><\/div><\/div><\/div><\/div><\/div><div class=\"fusion-fullwidth fullwidth-box fusion-builder-row-5 fusion-flex-container has-pattern-background has-mask-background nonhundred-percent-fullwidth non-hundred-percent-height-scrolling fusion-no-small-visibility cp-vergleichstabelle top100 bottom100\" style=\"--awb-border-radius-top-left:0px;--awb-border-radius-top-right:0px;--awb-border-radius-bottom-right:0px;--awb-border-radius-bottom-left:0px;--awb-flex-wrap:wrap;\" ><div class=\"fusion-builder-row fusion-row fusion-flex-align-items-flex-start fusion-flex-content-wrap\" style=\"max-width:1248px;margin-left: calc(-4% \/ 2 );margin-right: calc(-4% \/ 2 );\"><div class=\"fusion-layout-column fusion_builder_column fusion-builder-column-8 fusion_builder_column_1_1 1_1 fusion-flex-column table-compare-hl\" style=\"--awb-bg-size:cover;--awb-width-large:100%;--awb-margin-top-large:0px;--awb-spacing-right-large:1.92%;--awb-margin-bottom-large:20px;--awb-spacing-left-large:1.92%;--awb-width-medium:100%;--awb-order-medium:0;--awb-spacing-right-medium:1.92%;--awb-spacing-left-medium:1.92%;--awb-width-small:100%;--awb-order-small:0;--awb-spacing-right-small:1.92%;--awb-spacing-left-small:1.92%;\" data-scroll-devices=\"small-visibility,medium-visibility,large-visibility\"><div class=\"fusion-column-wrapper fusion-column-has-shadow fusion-flex-justify-content-flex-start fusion-content-layout-column\"><div class=\"fusion-title title fusion-title-3 fusion-sep-none fusion-title-center fusion-title-text fusion-title-size-three\" style=\"--awb-text-color:var(--awb-color5);--awb-margin-top-small:10px;--awb-margin-right-small:0px;--awb-margin-bottom-small:10px;--awb-margin-left-small:0px;\"><h3 class=\"fusion-title-heading title-heading-center\" style=\"margin:0;\">Hasonl\u00edtsa \u00f6ssze a SALVIA-t m\u00e1s kanap\u00e9inkkal<\/h3><\/div><\/div><\/div><div class=\"fusion-layout-column fusion_builder_column fusion-builder-column-9 fusion_builder_column_1_1 1_1 fusion-flex-column table-compare-box\" style=\"--awb-bg-size:cover;--awb-width-large:100%;--awb-margin-top-large:0px;--awb-spacing-right-large:1.92%;--awb-margin-bottom-large:20px;--awb-spacing-left-large:1.92%;--awb-width-medium:100%;--awb-order-medium:0;--awb-spacing-right-medium:1.92%;--awb-spacing-left-medium:1.92%;--awb-width-small:100%;--awb-order-small:0;--awb-spacing-right-small:1.92%;--awb-spacing-left-small:1.92%;\" data-scroll-devices=\"small-visibility,medium-visibility,large-visibility\"><div class=\"fusion-column-wrapper fusion-column-has-shadow fusion-flex-justify-content-flex-start fusion-content-layout-column\">\n<div class=\"table-1 table-compare\">\n<table style=\"width: 100%; height: 552px;\" width=\"100%\">\n<thead>\n<tr style=\"height: 87px;\">\n<th style=\"width: 11.4065%; height: 87px;\" align=\"left\"><\/th>\n<th style=\"width: 20.3259%; height: 87px;\" align=\"left\"><img decoding=\"async\" src=\"https:\/\/www.ada.at\/wp-content\/uploads\/2023\/11\/couch-salvia.jpg\" alt=\"\" \/><\/th>\n<th style=\"width: 37.2984%; height: 87px;\" align=\"left\"><img decoding=\"async\" class=\"aligncenter wp-image-8561 size-full\" src=\"https:\/\/www.ada.at\/wp-content\/uploads\/2023\/10\/tivoli.jpg\" alt=\"Designer kanap\u00e9 Tivoli - ADA Mindful Living \u00e9s ADA Austria Premium - Made in Europe\" width=\"300\" height=\"150\" \/><\/th>\n<th style=\"width: 29.9401%; height: 87px;\" align=\"left\"><a href=\"https:\/\/www.ada.at\/wp-content\/uploads\/2023\/11\/couch-novara.jpg\"><img decoding=\"async\" class=\"alignnone wp-image-8437 size-full\" src=\"https:\/\/www.ada.at\/wp-content\/uploads\/2023\/11\/couch-novara.jpg\" alt=\"Tervez\u0151 kanap\u00e9 novara - ADA Mindful Living\" width=\"300\" height=\"150\" \/><\/a><\/th>\n<\/tr>\n<\/thead>\n<tbody>\n<tr style=\"height: 24px;\">\n<td style=\"width: 11.4065%; height: 24px;\" align=\"left\"><strong>Modell<\/strong><\/td>\n<td style=\"width: 20.3259%; height: 24px;\" align=\"left\">Salvia<\/td>\n<td style=\"width: 37.2984%; height: 24px;\" align=\"left\">Tivoli<\/td>\n<td style=\"width: 29.9401%; height: 24px;\" align=\"left\">Novara<\/td>\n<\/tr>\n<tr style=\"height: 216px;\">\n<td style=\"width: 11.4065%; height: 216px;\"><strong>R\u00f6vid le\u00edr\u00e1s<\/strong><\/td>\n<td style=\"width: 20.3259%; height: 216px;\">A SALVIA a k\u00e9nyelmet \u00e9s a funkcionalit\u00e1st \u00f6tv\u00f6zi: az \u00fcl\u00e9sek \u00e9s h\u00e1tt\u00e1ml\u00e1k egy gombnyom\u00e1ssal \u00e1ll\u00edthat\u00f3ak, a helytakar\u00e9kos, fal n\u00e9lk\u00fcli funkci\u00f3 \u00e9s a kieg\u00e9sz\u00edt\u0151 fejt\u00e1mla ide\u00e1lis az otthoni pihen\u00e9shez \u00e9s a power nappinghez.<\/td>\n<td style=\"width: 37.2984%; height: 216px;\">A TIVOLI egy sokoldal\u00fa \u00e9s inspir\u00e1l\u00f3 kanap\u00e9, amely a design \u00e9s a forma kontrasztjaival ny\u0171g\u00f6z le, nagy \u00fcl\u00e9sekkel, karcs\u00fa h\u00e1tt\u00e1ml\u00e1kkal, vari\u00e1lhat\u00f3 elemekkel, mint p\u00e9ld\u00e1ul \u00e1ll\u00edthat\u00f3 karf\u00e1kkal \u00e9s v\u00e1laszthat\u00f3 fotelekkel, \u00edgy a k\u00e9nyelem \u00e9s a st\u00edlus sz\u00edntere lesz a nappaliban.<\/td>\n<td style=\"width: 29.9401%; height: 216px;\">A NOVARA egy sokoldal\u00fa kanap\u00e9, amely \u00f6tv\u00f6zi a st\u00edlusos diz\u00e1jnt olyan praktikus funkci\u00f3kkal, mint a be\u00e9p\u00edtett \u00edr\u00f3asztal \u00e9s a testre szabhat\u00f3 funkcion\u00e1lis p\u00e1rn\u00e1k, ide\u00e1lis a munka \u00e9s az otthoni pihen\u00e9s k\u00f6z\u00f6tti z\u00f6kken\u0151mentes \u00e1tmenethez, \u00e9s elnyerte a 2023-as German Design Award d\u00edjat.<\/td>\n<\/tr>\n<tr style=\"height: 176px;\">\n<td style=\"height: 176px;\"><strong>K\u00fcl\u00f6nleges jellemz\u0151k<\/strong><\/td>\n<td style=\"height: 176px;\">\n<ul>\n<li>Fokozatmentesen \u00e1ll\u00edthat\u00f3 kart\u00e1maszok<\/li>\n<li>A fejt\u00e1mla is \u00e1ll\u00edthat\u00f3<\/li>\n<li>LETICIA karossz\u00e9k, mint t\u00f6k\u00e9letes t\u00e1rs<\/li>\n<\/ul>\n<\/td>\n<td style=\"height: 176px;\">\n<ul>\n<li>Inspir\u00e1l\u00f3, nagy kontraszt\u00fa design<\/li>\n<li>T\u00f6m\u00f6rfa l\u00e1bazat: T\u00f6lgy, di\u00f3 vagy b\u00fckk<\/li>\n<li>Fokozatmentesen \u00e1ll\u00edthat\u00f3 kart\u00e1maszok<\/li>\n<\/ul>\n<\/td>\n<td style=\"height: 176px;\">\n<ul>\n<li>Rugalmas funkcion\u00e1lis p\u00e1rn\u00e1k<\/li>\n<li>Eleg\u00e1ns \u00e9s id\u0151tlen design<\/li>\n<li><strong>N\u00e9met formatervez\u00e9si d\u00edjjal<\/strong> kit\u00fcntetve<\/li>\n<\/ul>\n<\/td>\n<\/tr>\n<tr style=\"height: 24px;\">\n<td style=\"width: 11.4065%; height: 24px;\"><\/td>\n<td style=\"width: 20.3259%; height: 24px;\"><\/td>\n<td style=\"width: 37.2984%; height: 24px; text-align: left;\"><a class=\"button\" href=\"https:\/\/www.ada.at\/hu\/produkte\/lakik\/kanapek\/i-forma\/tivoli\/\">A term\u00e9khez<\/a><\/td>\n<td style=\"width: 29.9401%; height: 24px; text-align: left;\"><a class=\"button\" href=\"https:\/\/www.ada.at\/hu\/produkte\/lakik\/kanapek\/i-forma\/novara\/\">A term\u00e9khez<\/a><\/td>\n<\/tr>\n<\/tbody>\n<\/table>\n<\/div>\n<\/div><\/div><\/div><\/div><\/p>\n","protected":false},"excerpt":{"rendered":"<p>Ez egy olyan kanap\u00e9, amely szabadon tartja a h\u00e1tad &#8211; ha a mindennapok ny\u00fczsg\u00e9se ut\u00e1n teljesen eggy\u00e9 akarsz v\u00e1lni \u00f6nmagaddal.<br \/>\nA SALVIA-val ezt egyetlen gombnyom\u00e1ssal megteheti: az \u00fcl\u00e9sek \u00e9s a h\u00e1tt\u00e1ml\u00e1k finoman el\u0151re cs\u00fasznak, \u00e9s k\u00e9nyelmes fekv\u0151fel\u00fcletet k\u00edn\u00e1lnak.<br \/>\nA falmentes funkci\u00f3 lehet\u0151v\u00e9 teszi, hogy a kanap\u00e9 sokoldal\u00fa \u00e1talak\u00edt\u00e1si k\u00e9pess\u00e9gei ellen\u00e9re a falhoz \u00e1lljon.<br \/>\nNem kell el\u0151re-h\u00e1tra mozogni!<br \/>\nA SALVIA rengeteg helyet \u00e9s otthonoss\u00e1got biztos\u00edt otthon\u00e1ban.<\/p>\n<ul>\n<li>Relax \u00fczemm\u00f3d egy gombnyom\u00e1ssal<\/li>\n<li>Fokozatmentesen \u00e1ll\u00edthat\u00f3 kart\u00e1maszok<\/li>\n<li>A fejt\u00e1mla is \u00e1ll\u00edthat\u00f3<\/li>\n<li>LETICIA karossz\u00e9k, mint t\u00e1rs<\/li>\n<li>100%-ban Eur\u00f3p\u00e1ban k\u00e9sz\u00fclt<\/li>\n<\/ul>\n","protected":false},"featured_media":9532,"template":"","meta":{"_acf_changed":false},"product_brand":[],"product_cat":[331,520,517,518,519],"product_tag":[532,533,629,531,529,522,528,527,545,526,547,523,628,543,521,548,524],"class_list":{"0":"post-15121","1":"product","2":"type-product","3":"status-publish","4":"has-post-thumbnail","6":"product_cat-ada-hu","7":"product_cat-i-forma","8":"product_cat-kanapek","9":"product_cat-l-forma","10":"product_cat-u-forma","11":"product_tag-130cm-hu","12":"product_tag-140cm-hu","13":"product_tag-allithato-kartamasz","14":"product_tag-asztal-tarolofunkcio","15":"product_tag-asztal-tarolo","16":"product_tag-bor","17":"product_tag-kemeny","18":"product_tag-koezepes","19":"product_tag-mozgathato-fejtamaszok","20":"product_tag-puha","21":"product_tag-relaxacios-funkcio","22":"product_tag-textil-hu","23":"product_tag-toelgy-hu","24":"product_tag-toelgy","25":"product_tag-uelogarniturak","26":"product_tag-usb-csatlakozo","27":"product_tag-vegan-bor","28":"post-status-publish","30":"first","31":"instock","32":"shipping-taxable","33":"product-type-simple","34":"add-to-wishlist-before_image"},"acf":[],"_links":{"self":[{"href":"https:\/\/www.ada.at\/hu\/wp-json\/wp\/v2\/product\/15121","targetHints":{"allow":["GET"]}}],"collection":[{"href":"https:\/\/www.ada.at\/hu\/wp-json\/wp\/v2\/product"}],"about":[{"href":"https:\/\/www.ada.at\/hu\/wp-json\/wp\/v2\/types\/product"}],"version-history":[{"count":4,"href":"https:\/\/www.ada.at\/hu\/wp-json\/wp\/v2\/product\/15121\/revisions"}],"predecessor-version":[{"id":26176,"href":"https:\/\/www.ada.at\/hu\/wp-json\/wp\/v2\/product\/15121\/revisions\/26176"}],"wp:featuredmedia":[{"embeddable":true,"href":"https:\/\/www.ada.at\/hu\/wp-json\/wp\/v2\/media\/9532"}],"wp:attachment":[{"href":"https:\/\/www.ada.at\/hu\/wp-json\/wp\/v2\/media?parent=15121"}],"wp:term":[{"taxonomy":"product_brand","embeddable":true,"href":"https:\/\/www.ada.at\/hu\/wp-json\/wp\/v2\/product_brand?post=15121"},{"taxonomy":"product_cat","embeddable":true,"href":"https:\/\/www.ada.at\/hu\/wp-json\/wp\/v2\/product_cat?post=15121"},{"taxonomy":"product_tag","embeddable":true,"href":"https:\/\/www.ada.at\/hu\/wp-json\/wp\/v2\/product_tag?post=15121"}],"curies":[{"name":"wp","href":"https:\/\/api.w.org\/{rel}","templated":true}]}}