{"id":15120,"date":"2023-09-28T00:07:39","date_gmt":"2023-09-27T22:07:39","guid":{"rendered":"https:\/\/www.ada.at\/produkte\/nem-kategorizalt\/novara\/"},"modified":"2026-03-23T14:16:59","modified_gmt":"2026-03-23T13:16:59","slug":"novara","status":"publish","type":"product","link":"https:\/\/www.ada.at\/hu\/produkte\/lakik\/kanapek\/novara\/","title":{"rendered":"Novara"},"content":{"rendered":"<p><div class=\"fusion-fullwidth fullwidth-box fusion-builder-row-1 fusion-flex-container has-pattern-background has-mask-background nonhundred-percent-fullwidth non-hundred-percent-height-scrolling top50\" style=\"--awb-border-radius-top-left:0px;--awb-border-radius-top-right:0px;--awb-border-radius-bottom-right:0px;--awb-border-radius-bottom-left:0px;--awb-flex-wrap:wrap;\" ><div class=\"fusion-builder-row fusion-row fusion-flex-align-items-flex-start fusion-flex-content-wrap\" style=\"max-width:1248px;margin-left: calc(-4% \/ 2 );margin-right: calc(-4% \/ 2 );\"><div class=\"fusion-layout-column fusion_builder_column fusion-builder-column-0 fusion_builder_column_1_1 1_1 fusion-flex-column\" style=\"--awb-bg-size:cover;--awb-width-large:100%;--awb-margin-top-large:0px;--awb-spacing-right-large:1.92%;--awb-margin-bottom-large:20px;--awb-spacing-left-large:1.92%;--awb-width-medium:100%;--awb-order-medium:0;--awb-spacing-right-medium:1.92%;--awb-spacing-left-medium:1.92%;--awb-width-small:100%;--awb-order-small:0;--awb-spacing-right-small:1.92%;--awb-spacing-left-small:1.92%;\"><div class=\"fusion-column-wrapper fusion-column-has-shadow fusion-flex-justify-content-flex-start fusion-content-layout-column\"><div class=\"fusion-image-element \" style=\"--awb-caption-title-font-family:var(--h2_typography-font-family);--awb-caption-title-font-weight:var(--h2_typography-font-weight);--awb-caption-title-font-style:var(--h2_typography-font-style);--awb-caption-title-size:var(--h2_typography-font-size);--awb-caption-title-transform:var(--h2_typography-text-transform);--awb-caption-title-line-height:var(--h2_typography-line-height);--awb-caption-title-letter-spacing:var(--h2_typography-letter-spacing);\"><span class=\" fusion-imageframe imageframe-none imageframe-1 hover-type-none bottom-100\" style=\"border-radius:8px;\"><img decoding=\"async\" width=\"1400\" height=\"800\" title=\"entspannen auf dem regionalen sofa von ada mindful living &#8211; novara produziert in \u00f6sterreich mit massivholz und qualit\u00e4t\" src=\"https:\/\/www.ada.at\/wp-content\/uploads\/2023\/10\/entspannen-auf-dem-regionalen-sofa-von-ada-mindful-living-novara-produziert-in-oesterreich-mit-massivholz-und-qualitaet.jpg\" alt class=\"img-responsive wp-image-11660\"\/><\/span><\/div><\/div><\/div><\/div><\/div><div class=\"fusion-fullwidth fullwidth-box fusion-builder-row-2 fusion-flex-container has-pattern-background has-mask-background nonhundred-percent-fullwidth non-hundred-percent-height-scrolling cp-nachhaltigkeitselement cp-textlogos bg-blau\" style=\"--awb-border-radius-top-left:0px;--awb-border-radius-top-right:0px;--awb-border-radius-bottom-right:0px;--awb-border-radius-bottom-left:0px;--awb-flex-wrap:wrap;\" ><div class=\"fusion-builder-row fusion-row fusion-flex-align-items-flex-start fusion-flex-content-wrap\" style=\"max-width:1248px;margin-left: calc(-4% \/ 2 );margin-right: calc(-4% \/ 2 );\"><div class=\"fusion-layout-column fusion_builder_column fusion-builder-column-1 fusion_builder_column_1_3 1_3 fusion-flex-column\" style=\"--awb-bg-size:cover;--awb-width-large:33.333333333333%;--awb-margin-top-large:100px;--awb-spacing-right-large:5.76%;--awb-margin-bottom-large:20px;--awb-spacing-left-large:5.76%;--awb-width-medium:33.333333333333%;--awb-order-medium:0;--awb-spacing-right-medium:5.76%;--awb-spacing-left-medium:5.76%;--awb-width-small:100%;--awb-order-small:0;--awb-spacing-right-small:1.92%;--awb-spacing-left-small:1.92%;\"><div class=\"fusion-column-wrapper fusion-column-has-shadow fusion-flex-justify-content-flex-start fusion-content-layout-column\"><div class=\"fusion-title title fusion-title-1 fusion-sep-none fusion-title-text fusion-title-size-two\" style=\"--awb-text-color:var(--awb-color1);--awb-margin-top-small:10px;--awb-margin-right-small:0px;--awb-margin-bottom-small:10px;--awb-margin-left-small:0px;\"><h2 class=\"fusion-title-heading title-heading-left\" style=\"margin:0;\">Tudatos \u00e9letm\u00f3d, munkav\u00e9gz\u00e9s otthonr\u00f3l<\/h2><\/div><\/div><\/div><div class=\"fusion-layout-column fusion_builder_column fusion-builder-column-2 fusion_builder_column_2_3 2_3 fusion-flex-column bottom350\" style=\"--awb-bg-size:cover;--awb-width-large:66.666666666667%;--awb-margin-top-large:99px;--awb-spacing-right-large:2.88%;--awb-margin-bottom-large:20px;--awb-spacing-left-large:2.88%;--awb-width-medium:66.666666666667%;--awb-order-medium:0;--awb-spacing-right-medium:2.88%;--awb-spacing-left-medium:2.88%;--awb-width-small:100%;--awb-order-small:0;--awb-spacing-right-small:1.92%;--awb-spacing-left-small:1.92%;\" data-scroll-devices=\"small-visibility,medium-visibility,large-visibility\"><div class=\"fusion-column-wrapper fusion-column-has-shadow fusion-flex-justify-content-flex-start fusion-content-layout-column\"><div class=\"fusion-text fusion-text-1\" style=\"--awb-text-color:var(--awb-color1);\"><p>A NOVARA kanap\u00e9 akkor illik hozz\u00e1d, ha szeretn\u00e9d tudatosan kialak\u00edtani a mag\u00e1n\u00e9lettel \u00e9s a munkav\u00e9gz\u00e9ssel t\u00f6lt\u00f6tt id\u0151 k\u00f6z\u00f6tti \u00e1tmenetet: a be\u00e9p\u00edtett \u00edr\u00f3asztal \u00e9s az ultrak\u00f6nny\u0171 \u00fcl\u0151ke karcs\u00fa alakj\u00e1val helyk\u00edm\u00e9l\u0151en illeszkedik az otthonodba. M\u00edg a fabor\u00edt\u00e1s\u00fa asztallap lak\u00e1lyos hangulatot \u00e1raszt, az USB-csatlakoz\u00f3 \u00e9s a 230 voltos konnektor a home office-hoz sz\u00fcks\u00e9ges energi\u00e1r\u00f3l gondoskodik.<\/p>\n<p>Ha nem az \u00edr\u00f3asztaln\u00e1l, hanem a kanap\u00e9n \u00fclve szeretn\u00e9l dolgozni, akkor a funkci\u00f3p\u00e1rn\u00e1k gondoskodnak a helyes tart\u00e1sr\u00f3l. Ezek k\u00fcl\u00f6nben rendk\u00edv\u00fcl rugalmasak is: mozgathat\u00f3k, ill. a fej \u00e9s a v\u00e1ll magass\u00e1g\u00e1ban \u00e1ll\u00edthat\u00f3k. K\u00e9t mozdulattal be tudod ind\u00edtani az esti lazul\u00e1st: engedd el magad, l\u00e9legezz nagyokat, nevess, ny\u00fajt\u00f3zz ki, \u00e1llj meg, \u00e9lj.<\/p>\n<\/div><\/div><\/div><\/div><\/div><div class=\"fusion-fullwidth fullwidth-box fusion-builder-row-3 fusion-flex-container has-pattern-background has-mask-background nonhundred-percent-fullwidth non-hundred-percent-height-scrolling cp-2images\" style=\"--awb-border-radius-top-left:0px;--awb-border-radius-top-right:0px;--awb-border-radius-bottom-right:0px;--awb-border-radius-bottom-left:0px;--awb-flex-wrap:wrap;\" ><div class=\"fusion-builder-row fusion-row fusion-flex-align-items-flex-start fusion-flex-content-wrap\" style=\"max-width:1248px;margin-left: calc(-4% \/ 2 );margin-right: calc(-4% \/ 2 );\"><div class=\"fusion-layout-column fusion_builder_column fusion-builder-column-3 fusion_builder_column_1_2 1_2 fusion-flex-column top-400\" style=\"--awb-bg-size:cover;--awb-width-large:50%;--awb-margin-top-large:0px;--awb-spacing-right-large:3.84%;--awb-margin-bottom-large:20px;--awb-spacing-left-large:3.84%;--awb-width-medium:50%;--awb-order-medium:0;--awb-spacing-right-medium:3.84%;--awb-spacing-left-medium:3.84%;--awb-width-small:100%;--awb-order-small:0;--awb-spacing-right-small:1.92%;--awb-spacing-left-small:1.92%;\" data-scroll-devices=\"small-visibility,medium-visibility,large-visibility\"><div class=\"fusion-column-wrapper fusion-column-has-shadow fusion-flex-justify-content-flex-start fusion-content-layout-column\"><div class=\"fusion-image-element \" style=\"--awb-caption-title-font-family:var(--h2_typography-font-family);--awb-caption-title-font-weight:var(--h2_typography-font-weight);--awb-caption-title-font-style:var(--h2_typography-font-style);--awb-caption-title-size:var(--h2_typography-font-size);--awb-caption-title-transform:var(--h2_typography-text-transform);--awb-caption-title-line-height:var(--h2_typography-line-height);--awb-caption-title-letter-spacing:var(--h2_typography-letter-spacing);\"><span class=\" fusion-imageframe imageframe-none imageframe-2 hover-type-none\" style=\"border-radius:8px;\"><img decoding=\"async\" width=\"522\" height=\"703\" title=\"achtsam wohnen auf dem regionalen sofa von ada mindful living &#8211; novara produziert in \u00f6sterreich mit massivholz und qualit\u00e4t\" src=\"https:\/\/www.ada.at\/wp-content\/uploads\/2023\/10\/achtsam-wohnen-auf-dem-regionalen-sofa-von-ada-mindful-living-novara-produziert-in-oesterreich-mit-massivholz-und-qualitaet.jpg\" alt class=\"img-responsive wp-image-11666\"\/><\/span><\/div><\/div><\/div><div class=\"fusion-layout-column fusion_builder_column fusion-builder-column-4 fusion_builder_column_1_2 1_2 fusion-flex-column top-200\" style=\"--awb-bg-size:cover;--awb-width-large:50%;--awb-margin-top-large:0px;--awb-spacing-right-large:3.84%;--awb-margin-bottom-large:20px;--awb-spacing-left-large:3.84%;--awb-width-medium:50%;--awb-order-medium:0;--awb-spacing-right-medium:3.84%;--awb-spacing-left-medium:3.84%;--awb-width-small:100%;--awb-order-small:0;--awb-spacing-right-small:1.92%;--awb-spacing-left-small:1.92%;\" data-scroll-devices=\"small-visibility,medium-visibility,large-visibility\"><div class=\"fusion-column-wrapper fusion-column-has-shadow fusion-flex-justify-content-flex-start fusion-content-layout-column\"><div class=\"fusion-image-element \" style=\"--awb-caption-title-font-family:var(--h2_typography-font-family);--awb-caption-title-font-weight:var(--h2_typography-font-weight);--awb-caption-title-font-style:var(--h2_typography-font-style);--awb-caption-title-size:var(--h2_typography-font-size);--awb-caption-title-transform:var(--h2_typography-text-transform);--awb-caption-title-line-height:var(--h2_typography-line-height);--awb-caption-title-letter-spacing:var(--h2_typography-letter-spacing);\"><span class=\" fusion-imageframe imageframe-none imageframe-3 hover-type-none\" style=\"border-radius:8px;\"><img decoding=\"async\" width=\"522\" height=\"703\" title=\"achtsam leben auf dem regionalen sofa von ada mindful living &#8211; novara produziert in \u00f6sterreich mit massivholz und qualit\u00e4t\" src=\"https:\/\/www.ada.at\/wp-content\/uploads\/2023\/10\/achtsam-leben-auf-dem-regionalen-sofa-von-ada-mindful-living-novara-produziert-in-oesterreich-mit-massivholz-und-qualitaet.jpg\" alt class=\"img-responsive wp-image-11664\"\/><\/span><\/div><\/div><\/div><\/div><\/div><div class=\"fusion-fullwidth fullwidth-box fusion-builder-row-4 fusion-flex-container has-pattern-background has-mask-background fusion-parallax-none nonhundred-percent-fullwidth non-hundred-percent-height-scrolling cp-nachhaltigkeitselement bottom200\" style=\"--awb-border-radius-top-left:0px;--awb-border-radius-top-right:0px;--awb-border-radius-bottom-right:0px;--awb-border-radius-bottom-left:0px;--awb-background-image:url(&quot;\/wp-content\/uploads\/2023\/09\/Ada-Hintergrund_blau.jpg&quot;);--awb-background-size:cover;--awb-flex-wrap:wrap;\" ><div class=\"fusion-builder-row fusion-row fusion-flex-align-items-flex-start fusion-flex-content-wrap\" style=\"max-width:1248px;margin-left: calc(-4% \/ 2 );margin-right: calc(-4% \/ 2 );\"><div class=\"fusion-layout-column fusion_builder_column fusion-builder-column-5 fusion_builder_column_1_3 1_3 fusion-flex-column\" style=\"--awb-bg-size:cover;--awb-width-large:33.333333333333%;--awb-margin-top-large:0px;--awb-spacing-right-large:5.76%;--awb-margin-bottom-large:20px;--awb-spacing-left-large:5.76%;--awb-width-medium:33.333333333333%;--awb-order-medium:0;--awb-spacing-right-medium:5.76%;--awb-spacing-left-medium:5.76%;--awb-width-small:100%;--awb-order-small:0;--awb-spacing-right-small:1.92%;--awb-spacing-left-small:1.92%;\"><div class=\"fusion-column-wrapper fusion-column-has-shadow fusion-flex-justify-content-flex-start fusion-content-layout-column\"><div class=\"fusion-title title fusion-title-2 fusion-sep-none fusion-title-text fusion-title-size-two\" style=\"--awb-text-color:var(--awb-color1);--awb-margin-top-small:10px;--awb-margin-right-small:0px;--awb-margin-bottom-small:10px;--awb-margin-left-small:0px;\"><h2 class=\"fusion-title-heading title-heading-left\" style=\"margin:0;\">Kanap\u00e9 egy klasszabb \u00e9let\u00e9rt<\/h2><\/div><\/div><\/div><div class=\"fusion-layout-column fusion_builder_column fusion-builder-column-6 fusion_builder_column_2_3 2_3 fusion-flex-column\" style=\"--awb-bg-size:cover;--awb-width-large:66.666666666667%;--awb-margin-top-large:0px;--awb-spacing-right-large:2.88%;--awb-margin-bottom-large:20px;--awb-spacing-left-large:2.88%;--awb-width-medium:66.666666666667%;--awb-order-medium:0;--awb-spacing-right-medium:2.88%;--awb-spacing-left-medium:2.88%;--awb-width-small:100%;--awb-order-small:0;--awb-spacing-right-small:1.92%;--awb-spacing-left-small:1.92%;\"><div class=\"fusion-column-wrapper fusion-column-has-shadow fusion-flex-justify-content-flex-start fusion-content-layout-column\"><div class=\"fusion-text fusion-text-2\" style=\"--awb-text-color:var(--awb-color1);\"><p>A NOVARA sz\u00e1mos egyedi elemmel k\u00e9pes igazodni az egy\u00e9ni \u00e9letviteledhez: v\u00e1laszthatsz k\u00e9tf\u00e9le \u00fcl\u00e9smin\u0151s\u00e9g, k\u00e9tf\u00e9le karfa \u00e9s kr\u00f3m sz\u00edn\u0171 vagy fekete l\u00e1bak k\u00f6z\u00f6tt. A huzat lehet sz\u00f6vet vagy b\u0151r sokf\u00e9le nat\u00far sz\u00ednben. Ezzel a kanap\u00e9val van v\u00e1laszt\u00e1sod \u2013 \u00e9s a v\u00e1laszt\u00e1s lehet\u0151s\u00e9ge jelenti a val\u00f3di \u00e9letmin\u0151s\u00e9get.<\/p>\n<\/div><\/div><\/div><div class=\"fusion-layout-column fusion_builder_column fusion-builder-column-7 fusion_builder_column_1_1 1_1 fusion-flex-column\" style=\"--awb-bg-size:cover;--awb-width-large:100%;--awb-margin-top-large:0px;--awb-spacing-right-large:1.92%;--awb-margin-bottom-large:20px;--awb-spacing-left-large:1.92%;--awb-width-medium:100%;--awb-order-medium:0;--awb-spacing-right-medium:1.92%;--awb-spacing-left-medium:1.92%;--awb-width-small:100%;--awb-order-small:0;--awb-spacing-right-small:1.92%;--awb-spacing-left-small:1.92%;\" data-scroll-devices=\"small-visibility,medium-visibility,large-visibility\"><div class=\"fusion-column-wrapper fusion-column-has-shadow fusion-flex-justify-content-flex-start fusion-content-layout-column\"><div class=\"fusion-image-element \" style=\"text-align:center;--awb-caption-title-font-family:var(--h2_typography-font-family);--awb-caption-title-font-weight:var(--h2_typography-font-weight);--awb-caption-title-font-style:var(--h2_typography-font-style);--awb-caption-title-size:var(--h2_typography-font-size);--awb-caption-title-transform:var(--h2_typography-text-transform);--awb-caption-title-line-height:var(--h2_typography-line-height);--awb-caption-title-letter-spacing:var(--h2_typography-letter-spacing);\"><span class=\" fusion-imageframe imageframe-none imageframe-4 hover-type-none bottom-250 top50\" style=\"border-radius:8px;\"><img decoding=\"async\" width=\"1400\" height=\"800\" title=\"flexible kissen f\u00fcr extra viel sitzkomfort &#8211; ergonomisch sitzen auf der Couch mit Funktionskissen von ADA mindful living beim sofa novara\" src=\"https:\/\/www.ada.at\/wp-content\/uploads\/2023\/10\/flexible-kissen-fuer-extra-viel-sitzkomfort-ergonomisch-sitzen-auf-der-Couch-mit-Funktionskissen-von-ADA-mindful-living-beim-sofa-novara.jpg\" alt class=\"img-responsive wp-image-11662\"\/><\/span><\/div><\/div><\/div><\/div><\/div><div class=\"fusion-fullwidth fullwidth-box fusion-builder-row-5 fusion-flex-container has-pattern-background has-mask-background nonhundred-percent-fullwidth non-hundred-percent-height-scrolling cp-vergleichstabelle top100 bottom100\" style=\"--awb-border-radius-top-left:0px;--awb-border-radius-top-right:0px;--awb-border-radius-bottom-right:0px;--awb-border-radius-bottom-left:0px;--awb-flex-wrap:wrap;\" ><div class=\"fusion-builder-row fusion-row fusion-flex-align-items-flex-start fusion-flex-content-wrap\" style=\"max-width:1248px;margin-left: calc(-4% \/ 2 );margin-right: calc(-4% \/ 2 );\"><div class=\"fusion-layout-column fusion_builder_column fusion-builder-column-8 fusion_builder_column_1_1 1_1 fusion-flex-column table-compare-hl\" style=\"--awb-bg-size:cover;--awb-width-large:100%;--awb-margin-top-large:0px;--awb-spacing-right-large:1.92%;--awb-margin-bottom-large:20px;--awb-spacing-left-large:1.92%;--awb-width-medium:100%;--awb-order-medium:0;--awb-spacing-right-medium:1.92%;--awb-spacing-left-medium:1.92%;--awb-width-small:100%;--awb-order-small:0;--awb-spacing-right-small:1.92%;--awb-spacing-left-small:1.92%;\" data-scroll-devices=\"small-visibility,medium-visibility,large-visibility\"><div class=\"fusion-column-wrapper fusion-column-has-shadow fusion-flex-justify-content-flex-start fusion-content-layout-column\"><div class=\"fusion-title title fusion-title-3 fusion-sep-none fusion-title-center fusion-title-text fusion-title-size-three\" style=\"--awb-text-color:var(--awb-color5);--awb-margin-top-small:10px;--awb-margin-right-small:0px;--awb-margin-bottom-small:10px;--awb-margin-left-small:0px;\"><h3 class=\"fusion-title-heading title-heading-center\" style=\"margin:0;\"><p>Hasonl\u00edtsd \u00f6ssze a NOVARA kanap\u00e9t<br \/>\nm\u00e1s kanap\u00e9inkkal<\/p><\/h3><\/div><\/div><\/div><div class=\"fusion-layout-column fusion_builder_column fusion-builder-column-9 fusion_builder_column_1_1 1_1 fusion-flex-column table-compare-box\" style=\"--awb-bg-size:cover;--awb-width-large:100%;--awb-margin-top-large:0px;--awb-spacing-right-large:1.92%;--awb-margin-bottom-large:20px;--awb-spacing-left-large:1.92%;--awb-width-medium:100%;--awb-order-medium:0;--awb-spacing-right-medium:1.92%;--awb-spacing-left-medium:1.92%;--awb-width-small:100%;--awb-order-small:0;--awb-spacing-right-small:1.92%;--awb-spacing-left-small:1.92%;\" data-scroll-devices=\"small-visibility,medium-visibility,large-visibility\"><div class=\"fusion-column-wrapper fusion-column-has-shadow fusion-flex-justify-content-flex-start fusion-content-layout-column\">\n<div class=\"table-1 table-compare\">\n<table style=\"width: 100%; height: 552px;\" width=\"100%\">\n<thead>\n<tr style=\"height: 87px;\">\n<th style=\"width: 11.4065%; height: 87px;\" align=\"left\"><\/th>\n<th style=\"width: 20.3259%; height: 87px;\" align=\"left\"><a href=\"https:\/\/www.ada.at\/wp-content\/uploads\/2023\/11\/couch-novara.jpg\"><img decoding=\"async\" class=\"wp-image-8437 size-fusion-200\" src=\"https:\/\/www.ada.at\/wp-content\/uploads\/2023\/11\/couch-novara-200x100.jpg\" alt=\"Designercouch novara - ADA Mindful Living\" width=\"200\" height=\"100\" \/><\/a><\/th>\n<th style=\"width: 37.2984%; height: 87px;\" align=\"left\"><img decoding=\"async\" src=\"https:\/\/www.ada.at\/wp-content\/uploads\/2023\/11\/couch-asarina.jpg\" alt=\"\" \/><\/th>\n<th style=\"width: 29.9401%; height: 87px;\" align=\"left\"><img decoding=\"async\" class=\"alignnone size-full wp-image-12596\" src=\"https:\/\/www.ada.at\/wp-content\/uploads\/2024\/01\/Produktvergleich-Couch-Tivoli-Oesterreichische-Qualitaet-und-stilvolles-Design-im-ADA-.-Mindful-Living-Tivoli-Sofa-nachhaltig-und-skandinavisches-Design.jpg\" alt=\"Produktvergleich Couch Tivoli- \u00d6sterreichische Qualit\u00e4t und stilvolles Design im ADA . Mindful Living Tivoli Sofa, nachhaltig und skandinavisches Design\" width=\"300\" height=\"150\" \/><\/th>\n<\/tr>\n<\/thead>\n<tbody>\n<tr style=\"height: 24px;\">\n<td style=\"width: 11.4065%; height: 24px;\" align=\"left\"><strong>Modell<\/strong><\/td>\n<td style=\"width: 20.3259%; height: 24px;\" align=\"left\">Novara<\/td>\n<td style=\"width: 37.2984%; height: 24px;\" align=\"left\">Asarina<\/td>\n<td style=\"width: 29.9401%; height: 24px;\" align=\"left\">Tivoli<\/td>\n<\/tr>\n<tr style=\"height: 216px;\">\n<td style=\"width: 11.4065%; height: 216px;\"><strong>R\u00f6vid le\u00edr\u00e1s<\/strong><\/td>\n<td style=\"width: 20.3259%; height: 216px;\">A NOVARA sokoldal\u00fa kanap\u00e9, amely egyfel\u0151l eleg\u00e1ns, m\u00e1sfel\u0151l praktikus, a be\u00e9p\u00edtett \u00edr\u00f3asztallal \u00e9s a mozgathat\u00f3 p\u00e1rn\u00e1kkal egyszerre ide\u00e1lis megold\u00e1s a munkav\u00e9gz\u00e9shez \u00e9s az otthoni pihen\u00e9shez.<\/td>\n<td style=\"width: 37.2984%; height: 216px;\">Az ASARINA kanap\u00e9 egyes\u00edti mag\u00e1ban a rugalmasan alak\u00edthat\u00f3 cs\u00facskateg\u00f3ri\u00e1s funkci\u00f3kat \u00e9s a letisztult diz\u00e1jnt; a teljes k\u00e9nyelem \u00e9rdek\u00e9ben mozgathat\u00f3 h\u00e1tt\u00e1ml\u00e1t \u00e9s fekv\u0151helyet k\u00edn\u00e1l, be\u00e9p\u00edtett home office opci\u00f3kat is biztos\u00edt, ugyanakkor fenntarthat\u00f3 \u00e9s tart\u00f3s.<\/td>\n<td style=\"width: 29.9401%; height: 216px;\">A TIVOLI sokoldal\u00fa \u00e9s izgalmas kanap\u00e9, amely a diz\u00e1jn \u00e9s a forma kontrasztj\u00e1val k\u00e9pes megh\u00f3d\u00edtani, t\u00e1gas \u00fcl\u00e9sfel\u00fclettel, karcs\u00fa t\u00e1ml\u00e1val, vari\u00e1lhat\u00f3 elemekkel, p\u00e9ld\u00e1ul \u00e1ll\u00edthat\u00f3 karf\u00e1val \u00e9s megv\u00e1laszthat\u00f3 fekv\u0151helyekkel, \u00edgy a k\u00e9nyelem \u00e9s a st\u00edlus megtestes\u00edt\u0151je a nappaliban.<\/td>\n<\/tr>\n<tr style=\"height: 176px;\">\n<td style=\"height: 176px;\"><strong>Saj\u00e1toss\u00e1gok<\/strong><\/td>\n<td style=\"height: 176px;\">\n<ul>\n<li>Rugalmas funkci\u00f3p\u00e1rn\u00e1k<\/li>\n<li>Eleg\u00e1ns \u00e9s id\u0151tlen diz\u00e1jn<\/li>\n<\/ul>\n<\/td>\n<td style=\"height: 176px;\">\n<ul>\n<li>Cs\u00facsmin\u0151s\u00e9g\u0171 relax\u00e1ci\u00f3s funkci\u00f3k<\/li>\n<li>\u00c1ll\u00edthat\u00f3 h\u00e1tt\u00e1mla nyakt\u00e1masszal<\/li>\n<li>Kinyithat\u00f3 asztalka a home office-hoz<\/li>\n<\/ul>\n<\/td>\n<td style=\"height: 176px;\">\n<ul>\n<li>Izgalmas, kontrasztos diz\u00e1jn<\/li>\n<li>T\u00f6m\u00f6rfa l\u00e1bak: t\u00f6lgyb\u0151l, di\u00f3f\u00e1b\u00f3l vagy b\u00fckkb\u0151l<\/li>\n<li>Fokozat n\u00e9lk\u00fcl \u00e1ll\u00edthat\u00f3 kart\u00e1masz<\/li>\n<\/ul>\n<\/td>\n<\/tr>\n<tr style=\"height: 24px;\">\n<td style=\"width: 11.4065%; height: 24px;\"><\/td>\n<td style=\"width: 20.3259%; height: 24px;\"><\/td>\n<td style=\"width: 37.2984%; height: 24px; text-align: left;\"><a class=\"button\" href=\"https:\/\/www.ada.at\/hu\/produkte\/lakik\/kanapek\/i-forma\/asarina\/\">Ugr\u00e1s a term\u00e9khez<\/a><\/td>\n<td style=\"width: 29.9401%; height: 24px; text-align: left;\"><a class=\"button\" href=\"https:\/\/www.ada.at\/hu\/produkte\/lakik\/kanapek\/i-forma\/tivoli\/\">Ugr\u00e1s a term\u00e9khez<\/a><\/td>\n<\/tr>\n<\/tbody>\n<\/table>\n<\/div>\n<\/div><\/div><\/div><\/div><\/p>\n","protected":false},"excerpt":{"rendered":"<p>Ez egy olyan kanap\u00e9, amely a nap folyam\u00e1n mindenre k\u00e9pes: a NOVARA eleg\u00e1ns diz\u00e1jnt, rengeteg helyet k\u00edn\u00e1l a nap szabad \u00f3r\u00e1ira, \u00e9s a be\u00e9p\u00edtett \u00edr\u00f3asztallal \u00e9s a rugalmas funkcion\u00e1lis p\u00e1rn\u00e1kkal megfelel\u0151 tart\u00e1st biztos\u00edt, ha otthonr\u00f3l szeretn\u00e9l dolgozni \u2013 intelligens funkci\u00f3i is vannak!<\/p>\n<ul>\n<li>D\u00edjazott diz\u00e1jn<\/li>\n<li>Rugalmas funkci\u00f3p\u00e1rn\u00e1k<\/li>\n<li>Integr\u00e1lt \u00edr\u00f3asztal<\/li>\n<li>Fa t\u00e1rol\u00f3rekesz \u00e9s t\u00f6lt\u00e9s<\/li>\n<li>USB-csatlakoz\u00f3, 230 voltos konnektor<\/li>\n<li>Kiz\u00e1r\u00f3lag eur\u00f3pai gy\u00e1rt\u00e1sban k\u00e9sz\u00fcl<\/li>\n<\/ul>\n","protected":false},"featured_media":9544,"template":"","meta":{"_acf_changed":false},"product_brand":[],"product_cat":[331,520,517,518,519],"product_tag":[533,530,531,529,522,525,528,527,523,543,521,548,524],"class_list":{"0":"post-15120","1":"product","2":"type-product","3":"status-publish","4":"has-post-thumbnail","6":"product_cat-ada-hu","7":"product_cat-i-forma","8":"product_cat-kanapek","9":"product_cat-l-forma","10":"product_cat-u-forma","11":"product_tag-140cm-hu","12":"product_tag-allithato-hattamla-hatparna","13":"product_tag-asztal-tarolofunkcio","14":"product_tag-asztal-tarolo","15":"product_tag-bor","16":"product_tag-buekk","17":"product_tag-kemeny","18":"product_tag-koezepes","19":"product_tag-textil-hu","20":"product_tag-toelgy","21":"product_tag-uelogarniturak","22":"product_tag-usb-csatlakozo","23":"product_tag-vegan-bor","24":"post-status-publish","26":"first","27":"instock","28":"shipping-taxable","29":"product-type-simple","30":"add-to-wishlist-before_image"},"acf":[],"_links":{"self":[{"href":"https:\/\/www.ada.at\/hu\/wp-json\/wp\/v2\/product\/15120","targetHints":{"allow":["GET"]}}],"collection":[{"href":"https:\/\/www.ada.at\/hu\/wp-json\/wp\/v2\/product"}],"about":[{"href":"https:\/\/www.ada.at\/hu\/wp-json\/wp\/v2\/types\/product"}],"version-history":[{"count":5,"href":"https:\/\/www.ada.at\/hu\/wp-json\/wp\/v2\/product\/15120\/revisions"}],"predecessor-version":[{"id":26170,"href":"https:\/\/www.ada.at\/hu\/wp-json\/wp\/v2\/product\/15120\/revisions\/26170"}],"wp:featuredmedia":[{"embeddable":true,"href":"https:\/\/www.ada.at\/hu\/wp-json\/wp\/v2\/media\/9544"}],"wp:attachment":[{"href":"https:\/\/www.ada.at\/hu\/wp-json\/wp\/v2\/media?parent=15120"}],"wp:term":[{"taxonomy":"product_brand","embeddable":true,"href":"https:\/\/www.ada.at\/hu\/wp-json\/wp\/v2\/product_brand?post=15120"},{"taxonomy":"product_cat","embeddable":true,"href":"https:\/\/www.ada.at\/hu\/wp-json\/wp\/v2\/product_cat?post=15120"},{"taxonomy":"product_tag","embeddable":true,"href":"https:\/\/www.ada.at\/hu\/wp-json\/wp\/v2\/product_tag?post=15120"}],"curies":[{"name":"wp","href":"https:\/\/api.w.org\/{rel}","templated":true}]}}