{"id":15119,"date":"2023-09-28T17:08:52","date_gmt":"2023-09-28T15:08:52","guid":{"rendered":"https:\/\/www.ada.at\/produkte\/nem-kategorizalt\/ani\/"},"modified":"2025-06-16T15:33:39","modified_gmt":"2025-06-16T13:33:39","slug":"ani","status":"publish","type":"product","link":"https:\/\/www.ada.at\/hu\/produkte\/lakik\/etkezogarniturak\/ani\/","title":{"rendered":"Ani"},"content":{"rendered":"<p><div class=\"fusion-fullwidth fullwidth-box fusion-builder-row-1 fusion-flex-container has-pattern-background has-mask-background nonhundred-percent-fullwidth non-hundred-percent-height-scrolling top50\" style=\"--awb-border-radius-top-left:0px;--awb-border-radius-top-right:0px;--awb-border-radius-bottom-right:0px;--awb-border-radius-bottom-left:0px;--awb-flex-wrap:wrap;\" ><div class=\"fusion-builder-row fusion-row fusion-flex-align-items-flex-start fusion-flex-content-wrap\" style=\"max-width:1248px;margin-left: calc(-4% \/ 2 );margin-right: calc(-4% \/ 2 );\"><div class=\"fusion-layout-column fusion_builder_column fusion-builder-column-0 fusion_builder_column_1_1 1_1 fusion-flex-column\" style=\"--awb-bg-size:cover;--awb-width-large:100%;--awb-margin-top-large:0px;--awb-spacing-right-large:1.92%;--awb-margin-bottom-large:20px;--awb-spacing-left-large:1.92%;--awb-width-medium:100%;--awb-order-medium:0;--awb-spacing-right-medium:1.92%;--awb-spacing-left-medium:1.92%;--awb-width-small:100%;--awb-order-small:0;--awb-spacing-right-small:1.92%;--awb-spacing-left-small:1.92%;\"><div class=\"fusion-column-wrapper fusion-column-has-shadow fusion-flex-justify-content-flex-start fusion-content-layout-column\"><div class=\"fusion-image-element \" style=\"--awb-caption-title-font-family:var(--h2_typography-font-family);--awb-caption-title-font-weight:var(--h2_typography-font-weight);--awb-caption-title-font-style:var(--h2_typography-font-style);--awb-caption-title-size:var(--h2_typography-font-size);--awb-caption-title-transform:var(--h2_typography-text-transform);--awb-caption-title-line-height:var(--h2_typography-line-height);--awb-caption-title-letter-spacing:var(--h2_typography-letter-spacing);\"><span class=\" fusion-imageframe imageframe-none imageframe-1 hover-type-none\" style=\"border-radius:8px;\"><img decoding=\"async\" width=\"1400\" height=\"800\" title=\"ADA . Mindful Living Essgruppe \u2013 Europ\u00e4ische Qualit\u00e4t und ADAption Funktion\" src=\"https:\/\/www.ada.at\/wp-content\/uploads\/2023\/11\/ADA-.-Mindful-Living-Essgruppe-\u2013-Europaeische-Qualitaet-und-ADAption-Funktion.jpg\" alt class=\"img-responsive wp-image-11702\"\/><\/span><\/div><\/div><\/div><\/div><\/div><div class=\"fusion-fullwidth fullwidth-box fusion-builder-row-2 fusion-flex-container has-pattern-background has-mask-background nonhundred-percent-fullwidth non-hundred-percent-height-scrolling bg-gold\" style=\"--link_color: var(--awb-color5);--awb-border-radius-top-left:0px;--awb-border-radius-top-right:0px;--awb-border-radius-bottom-right:0px;--awb-border-radius-bottom-left:0px;--awb-padding-top:100px;--awb-padding-bottom:0px;--awb-margin-top:100px;--awb-margin-bottom:100px;--awb-flex-wrap:wrap;\" ><div class=\"fusion-builder-row fusion-row fusion-flex-align-items-flex-start fusion-flex-content-wrap\" style=\"max-width:1248px;margin-left: calc(-4% \/ 2 );margin-right: calc(-4% \/ 2 );\"><div class=\"fusion-layout-column fusion_builder_column fusion-builder-column-1 fusion_builder_column_1_2 1_2 fusion-flex-column\" style=\"--awb-bg-size:cover;--awb-width-large:50%;--awb-margin-top-large:0px;--awb-spacing-right-large:3.84%;--awb-margin-bottom-large:20px;--awb-spacing-left-large:3.84%;--awb-width-medium:50%;--awb-order-medium:0;--awb-spacing-right-medium:3.84%;--awb-spacing-left-medium:3.84%;--awb-width-small:100%;--awb-order-small:0;--awb-spacing-right-small:1.92%;--awb-spacing-left-small:1.92%;\"><div class=\"fusion-column-wrapper fusion-column-has-shadow fusion-flex-justify-content-flex-start fusion-content-layout-column\"><div class=\"fusion-image-element \" style=\"--awb-caption-title-font-family:var(--h2_typography-font-family);--awb-caption-title-font-weight:var(--h2_typography-font-weight);--awb-caption-title-font-style:var(--h2_typography-font-style);--awb-caption-title-size:var(--h2_typography-font-size);--awb-caption-title-transform:var(--h2_typography-text-transform);--awb-caption-title-line-height:var(--h2_typography-line-height);--awb-caption-title-letter-spacing:var(--h2_typography-letter-spacing);\"><span class=\" fusion-imageframe imageframe-none imageframe-2 hover-type-none bottom-200\" style=\"border-radius:8px;\"><img decoding=\"async\" width=\"522\" height=\"703\" title=\"Esstisch und Esszimmer St\u00fchle in dunklem Ledervon ADA . Mindful Living \u2013 Modern in Detuschland gefertigt\" src=\"https:\/\/www.ada.at\/wp-content\/uploads\/2023\/11\/Esstisch-und-Esszimmer-Stuehle-in-dunklem-Ledervon-ADA-.-Mindful-Living-\u2013-Modern-in-Detuschland-gefertigt.jpg\" alt class=\"img-responsive wp-image-11706\"\/><\/span><\/div><\/div><\/div><div class=\"fusion-layout-column fusion_builder_column fusion-builder-column-2 fusion_builder_column_1_2 1_2 fusion-flex-column\" style=\"--awb-bg-size:cover;--awb-width-large:50%;--awb-margin-top-large:0px;--awb-spacing-right-large:3.84%;--awb-margin-bottom-large:20px;--awb-spacing-left-large:3.84%;--awb-width-medium:50%;--awb-order-medium:0;--awb-spacing-right-medium:3.84%;--awb-spacing-left-medium:3.84%;--awb-width-small:100%;--awb-order-small:0;--awb-spacing-right-small:1.92%;--awb-spacing-left-small:1.92%;\"><div class=\"fusion-column-wrapper fusion-column-has-shadow fusion-flex-justify-content-flex-start fusion-content-layout-column\"><div class=\"fusion-title title fusion-title-1 fusion-sep-none fusion-title-text fusion-title-size-three\" style=\"--awb-text-color:var(--awb-color5);--awb-margin-top-small:10px;--awb-margin-right-small:0px;--awb-margin-bottom-small:10px;--awb-margin-left-small:0px;\"><h3 class=\"fusion-title-heading title-heading-left\" style=\"margin:0;\">Sz\u00e9kek akt\u00edv \u00fcl\u00e9shez<\/h3><\/div><\/div><\/div><div class=\"fusion-layout-column fusion_builder_column fusion-builder-column-3 fusion_builder_column_1_2 1_2 fusion-flex-column\" style=\"--awb-padding-top:200px;--awb-bg-size:cover;--awb-border-color:var(--awb-color5);--awb-border-style:solid;--awb-width-large:50%;--awb-margin-top-large:-200px;--awb-spacing-right-large:3.84%;--awb-margin-bottom-large:100px;--awb-spacing-left-large:3.84%;--awb-width-medium:50%;--awb-order-medium:0;--awb-spacing-right-medium:3.84%;--awb-spacing-left-medium:3.84%;--awb-width-small:100%;--awb-order-small:0;--awb-spacing-right-small:1.92%;--awb-spacing-left-small:1.92%;\" data-scroll-devices=\"small-visibility,medium-visibility,large-visibility\"><div class=\"fusion-column-wrapper fusion-column-has-shadow fusion-flex-justify-content-flex-start fusion-content-layout-column\"><div class=\"fusion-text fusion-text-1\"><p>F\u00e9nyk\u00e9p: (c) Valentina Ilazi, Stefan F\u00fcrtbauer<\/p>\n<\/div><\/div><\/div><div class=\"fusion-layout-column fusion_builder_column fusion-builder-column-4 fusion_builder_column_1_2 1_2 fusion-flex-column\" style=\"--awb-bg-size:cover;--awb-border-color:var(--awb-color5);--awb-border-style:solid;--awb-width-large:50%;--awb-margin-top-large:0px;--awb-spacing-right-large:3.84%;--awb-margin-bottom-large:20px;--awb-spacing-left-large:3.84%;--awb-width-medium:50%;--awb-order-medium:0;--awb-spacing-right-medium:3.84%;--awb-spacing-left-medium:3.84%;--awb-width-small:100%;--awb-order-small:0;--awb-spacing-right-small:1.92%;--awb-spacing-left-small:1.92%;\" data-scroll-devices=\"small-visibility,medium-visibility,large-visibility\"><div class=\"fusion-column-wrapper fusion-column-has-shadow fusion-flex-justify-content-flex-start fusion-content-layout-column\"><div class=\"fusion-text fusion-text-2\" style=\"--awb-text-color:var(--awb-color5);--awb-margin-top:-450px;\"><p><span style=\"color: var(--awb-color5);\">Besz\u00e9lget\u00e9s k\u00f6zben k\u00f6nnyen egym\u00e1sra tal\u00e1lnak az emberek. K\u00f6zben gyorsan elszalad p\u00e1r \u00f3ra. Az \u00fcld\u00f6g\u00e9l\u00e9s j\u00f3t tesz a l\u00e9leknek, de a test megszenvedi. Mert az ember mozg\u00e1sra termett &#8211; min\u00e9l mozgalmassabb az \u00e9leted, ann\u00e1l jobb a gerincednek. Az okos <\/span><b><a style=\"color: var(--awb-color5);\" href=\"https:\/\/www.ada.at\/artikel-news\/essgruppen-innovationen-2022\">ADAption funkci\u00f3nak<\/a><\/b><span style=\"color: var(--awb-color5);\"> \u00e9s az ANI sz\u00e9k ergonomikus h\u00e1tt\u00e1ml\u00e1j\u00e1nak k\u00f6sz\u00f6nhet\u0151en mostant\u00f3l lehets\u00e9ges egyszerre \u00fclni egy helyben, \u00e9s k\u00f6zben izegni-mozogni. <\/span><\/p>\n<p style=\"color: var(--awb-color5);\">\u00dcl\u00e9s k\u00f6zben gyakran el\u0151red\u0151lsz? Szeretsz hint\u00e1zni? Vagy \u00e9ppens\u00e9ggel gyakran vannak vend\u00e9geid, \u00e9s akkor szeretsz a testeddel forgol\u00f3dni minden ir\u00e1nyban? A sz\u00e9k t\u00e1ml\u00e1ja k\u00f6veti a mozg\u00e1saidat! A fels\u0151 r\u00e9sz ergonomikus kialak\u00edt\u00e1s\u00fa, \u00e9s szuper\u00fcl alkalmazkodik a mozg\u00e1saidhoz. A t\u00e1mla als\u00f3 r\u00e9sze tart\u00e1st ad a gerinced term\u00e9szetes g\u00f6rb\u00fclet\u00e9n\u00e9l.<\/p>\n<\/div><\/div><\/div><\/div><\/div><div class=\"fusion-fullwidth fullwidth-box fusion-builder-row-3 fusion-flex-container has-pattern-background has-mask-background nonhundred-percent-fullwidth non-hundred-percent-height-scrolling cp-textlogos \" style=\"--awb-border-radius-top-left:0px;--awb-border-radius-top-right:0px;--awb-border-radius-bottom-right:0px;--awb-border-radius-bottom-left:0px;--awb-padding-top:50px;--awb-padding-bottom:0px;--awb-margin-bottom:0px;--awb-flex-wrap:wrap;\" ><div class=\"fusion-builder-row fusion-row fusion-flex-align-items-center fusion-flex-justify-content-center fusion-flex-content-wrap\" style=\"max-width:1248px;margin-left: calc(-4% \/ 2 );margin-right: calc(-4% \/ 2 );\"><div class=\"fusion-layout-column fusion_builder_column fusion-builder-column-5 fusion_builder_column_1_3 1_3 fusion-flex-column fusion-flex-align-self-flex-start\" style=\"--awb-bg-color:var(--awb-color1);--awb-bg-color-hover:var(--awb-color1);--awb-bg-size:cover;--awb-width-large:33.333333333333%;--awb-margin-top-large:0px;--awb-spacing-right-large:5.76%;--awb-margin-bottom-large:20px;--awb-spacing-left-large:5.76%;--awb-width-medium:33.333333333333%;--awb-order-medium:0;--awb-spacing-right-medium:5.76%;--awb-spacing-left-medium:5.76%;--awb-width-small:100%;--awb-order-small:0;--awb-spacing-right-small:1.92%;--awb-spacing-left-small:1.92%;\" data-scroll-devices=\"small-visibility,medium-visibility,large-visibility\"><div class=\"fusion-column-wrapper fusion-column-has-shadow fusion-flex-justify-content-flex-start fusion-content-layout-column\"><div class=\"fusion-title title fusion-title-2 fusion-sep-none fusion-title-text fusion-title-size-two\" style=\"--awb-text-color:var(--awb-color5);--awb-margin-top-small:10px;--awb-margin-right-small:0px;--awb-margin-bottom-small:10px;--awb-margin-left-small:0px;\"><h2 class=\"fusion-title-heading title-heading-left\" style=\"margin:0;\">Egyens\u00falyt ad a testnek \u00e9s l\u00e9leknek egyar\u00e1nt<\/h2><\/div><\/div><\/div><div class=\"fusion-layout-column fusion_builder_column fusion-builder-column-6 fusion_builder_column_2_3 2_3 fusion-flex-column fusion-flex-align-self-flex-start\" style=\"--awb-bg-size:cover;--awb-width-large:66.666666666667%;--awb-margin-top-large:0px;--awb-spacing-right-large:2.88%;--awb-margin-bottom-large:20px;--awb-spacing-left-large:2.88%;--awb-width-medium:66.666666666667%;--awb-order-medium:0;--awb-spacing-right-medium:2.88%;--awb-spacing-left-medium:2.88%;--awb-width-small:100%;--awb-order-small:0;--awb-spacing-right-small:1.92%;--awb-spacing-left-small:1.92%;\" data-scroll-devices=\"small-visibility,medium-visibility,large-visibility\"><div class=\"fusion-column-wrapper fusion-column-has-shadow fusion-flex-justify-content-flex-start fusion-content-layout-column\"><div class=\"fusion-text fusion-text-3\" style=\"--awb-text-color:var(--awb-color5);\"><p>Ugyanilyen az ANI pad t\u00e1ml\u00e1ja is, amely megt\u00e1masztja a testet. Nem ergonomikus, ez\u00e9rt kaphat\u00f3 sarokpadk\u00e9nt is. Ezzel az \u00e9tkez\u0151garnit\u00far\u00e1val egyszerre kaphatsz tart\u00e1st \u00e9s rugalmass\u00e1got, ill. egyens\u00falyt testnek \u00e9s l\u00e9leknek. Egy\u00e9bk\u00e9nt az ANI sz\u00e9k \u00e9s pad l\u00e1ba lehet fekete vagy feh\u00e9r, cs\u00fasz\u00f3talp vagy forg\u00f3l\u00e1b. A huzat k\u00e9sz\u00fclhet sz\u00f6vetb\u0151l vagy b\u0151rb\u0151l, kaphat\u00f3 sokf\u00e9le nat\u00far sz\u00ednben. \u00d3ri\u00e1si a v\u00e1laszt\u00e9k!<\/p>\n<\/div><\/div><\/div><\/div><\/div><div class=\"fusion-fullwidth fullwidth-box fusion-builder-row-4 fusion-flex-container has-pattern-background has-mask-background nonhundred-percent-fullwidth non-hundred-percent-height-scrolling top200 bg-grau\" style=\"--awb-border-radius-top-left:0px;--awb-border-radius-top-right:0px;--awb-border-radius-bottom-right:0px;--awb-border-radius-bottom-left:0px;--awb-padding-top:360px;--awb-padding-bottom:186px;--awb-flex-wrap:wrap;\" ><div class=\"fusion-builder-row fusion-row fusion-flex-align-items-flex-start fusion-flex-content-wrap\" style=\"max-width:1248px;margin-left: calc(-4% \/ 2 );margin-right: calc(-4% \/ 2 );\"><div class=\"fusion-layout-column fusion_builder_column fusion-builder-column-7 fusion_builder_column_1_2 1_2 fusion-flex-column\" style=\"--awb-bg-size:cover;--awb-width-large:50%;--awb-margin-top-large:50px;--awb-spacing-right-large:3.84%;--awb-margin-bottom-large:-100px;--awb-spacing-left-large:3.84%;--awb-width-medium:50%;--awb-order-medium:0;--awb-spacing-right-medium:3.84%;--awb-spacing-left-medium:3.84%;--awb-width-small:100%;--awb-order-small:0;--awb-spacing-right-small:1.92%;--awb-spacing-left-small:1.92%;\"><div class=\"fusion-column-wrapper fusion-column-has-shadow fusion-flex-justify-content-flex-start fusion-content-layout-column\"><div class=\"fusion-image-element \" style=\"--awb-margin-top:-600px;--awb-caption-title-font-family:var(--h2_typography-font-family);--awb-caption-title-font-weight:var(--h2_typography-font-weight);--awb-caption-title-font-style:var(--h2_typography-font-style);--awb-caption-title-size:var(--h2_typography-font-size);--awb-caption-title-transform:var(--h2_typography-text-transform);--awb-caption-title-line-height:var(--h2_typography-line-height);--awb-caption-title-letter-spacing:var(--h2_typography-letter-spacing);\"><span class=\" fusion-imageframe imageframe-none imageframe-3 hover-type-none\" style=\"border-radius:8px;\"><img decoding=\"async\" width=\"522\" height=\"703\" title=\"Esstischstuhl und Esstisch von ADA . Mindful Living \u2013 F\u00fcr entspanntes Wohnen\" src=\"https:\/\/www.ada.at\/wp-content\/uploads\/2023\/11\/Esstischstuhl-und-Esstisch-von-ADA-.-Mindful-Living-\u2013-Fuer-entspanntes-Wohnen.jpg\" alt class=\"img-responsive wp-image-11708\"\/><\/span><\/div><\/div><\/div><div class=\"fusion-layout-column fusion_builder_column fusion-builder-column-8 fusion_builder_column_1_2 1_2 fusion-flex-column\" style=\"--awb-bg-size:cover;--awb-width-large:50%;--awb-margin-top-large:50px;--awb-spacing-right-large:3.84%;--awb-margin-bottom-large:-100px;--awb-spacing-left-large:3.84%;--awb-width-medium:50%;--awb-order-medium:0;--awb-spacing-right-medium:3.84%;--awb-spacing-left-medium:3.84%;--awb-width-small:100%;--awb-order-small:0;--awb-spacing-right-small:1.92%;--awb-spacing-left-small:1.92%;\"><div class=\"fusion-column-wrapper fusion-column-has-shadow fusion-flex-justify-content-flex-start fusion-content-layout-column\"><div class=\"fusion-image-element \" style=\"--awb-margin-top:-500px;--awb-caption-title-font-family:var(--h2_typography-font-family);--awb-caption-title-font-weight:var(--h2_typography-font-weight);--awb-caption-title-font-style:var(--h2_typography-font-style);--awb-caption-title-size:var(--h2_typography-font-size);--awb-caption-title-transform:var(--h2_typography-text-transform);--awb-caption-title-line-height:var(--h2_typography-line-height);--awb-caption-title-letter-spacing:var(--h2_typography-letter-spacing);\"><span class=\" fusion-imageframe imageframe-none imageframe-4 hover-type-none\" style=\"border-radius:8px;\"><img decoding=\"async\" width=\"522\" height=\"703\" title=\"Esszimmerm\u00f6bel St\u00fchle in dunklem Ledervon ADA . Mindful Living \u2013 Modern in Detuschland gefertigt\" src=\"https:\/\/www.ada.at\/wp-content\/uploads\/2023\/11\/Esszimmermoebel-Stuehle-in-dunklem-Ledervon-ADA-.-Mindful-Living-\u2013-Modern-in-Detuschland-gefertigt.jpg\" alt class=\"img-responsive wp-image-11710\"\/><\/span><\/div><\/div><\/div><\/div><\/div><div class=\"fusion-fullwidth fullwidth-box fusion-builder-row-5 fusion-flex-container has-pattern-background has-mask-background nonhundred-percent-fullwidth non-hundred-percent-height-scrolling fusion-no-small-visibility cp-vergleichstabelle top100 bottom100\" style=\"--awb-border-radius-top-left:0px;--awb-border-radius-top-right:0px;--awb-border-radius-bottom-right:0px;--awb-border-radius-bottom-left:0px;--awb-flex-wrap:wrap;\" ><div class=\"fusion-builder-row fusion-row fusion-flex-align-items-flex-start fusion-flex-content-wrap\" style=\"max-width:1248px;margin-left: calc(-4% \/ 2 );margin-right: calc(-4% \/ 2 );\"><div class=\"fusion-layout-column fusion_builder_column fusion-builder-column-9 fusion_builder_column_1_1 1_1 fusion-flex-column table-compare-hl\" style=\"--awb-bg-size:cover;--awb-width-large:100%;--awb-margin-top-large:0px;--awb-spacing-right-large:1.92%;--awb-margin-bottom-large:20px;--awb-spacing-left-large:1.92%;--awb-width-medium:100%;--awb-order-medium:0;--awb-spacing-right-medium:1.92%;--awb-spacing-left-medium:1.92%;--awb-width-small:100%;--awb-order-small:0;--awb-spacing-right-small:1.92%;--awb-spacing-left-small:1.92%;\" data-scroll-devices=\"small-visibility,medium-visibility,large-visibility\"><div class=\"fusion-column-wrapper fusion-column-has-shadow fusion-flex-justify-content-flex-start fusion-content-layout-column\"><div class=\"fusion-title title fusion-title-3 fusion-sep-none fusion-title-center fusion-title-text fusion-title-size-three\" style=\"--awb-text-color:var(--awb-color5);--awb-margin-top-small:10px;--awb-margin-right-small:0px;--awb-margin-bottom-small:10px;--awb-margin-left-small:0px;\"><h3 class=\"fusion-title-heading title-heading-center\" style=\"margin:0;\">Hasonl\u00edtsd \u00f6ssze a ANI-t m\u00e1s\u00a0\u00e9tkez\u0151garnit\u00far\u00e1inkkal<\/h3><\/div><\/div><\/div><div class=\"fusion-layout-column fusion_builder_column fusion-builder-column-10 fusion_builder_column_1_1 1_1 fusion-flex-column table-compare-box\" style=\"--awb-bg-size:cover;--awb-width-large:100%;--awb-margin-top-large:0px;--awb-spacing-right-large:1.92%;--awb-margin-bottom-large:20px;--awb-spacing-left-large:1.92%;--awb-width-medium:100%;--awb-order-medium:0;--awb-spacing-right-medium:1.92%;--awb-spacing-left-medium:1.92%;--awb-width-small:100%;--awb-order-small:0;--awb-spacing-right-small:1.92%;--awb-spacing-left-small:1.92%;\" data-scroll-devices=\"small-visibility,medium-visibility,large-visibility\"><div class=\"fusion-column-wrapper fusion-column-has-shadow fusion-flex-justify-content-flex-start fusion-content-layout-column\">\n<div class=\"table-1 table-compare\">\n<table style=\"width: 100%; height: 552px;\" width=\"100%\">\n<thead>\n<tr style=\"height: 87px;\">\n<th style=\"width: 11.4065%; height: 87px;\" align=\"left\"><\/th>\n<th style=\"width: 20.3259%; height: 87px;\" align=\"left\"><img decoding=\"async\" class=\"alignnone wp-image-8564 size-full\" src=\"https:\/\/www.ada.at\/wp-content\/uploads\/2023\/11\/essgruppe-ANI-ADA-Mindful-living.jpg\" alt=\"essgruppe ANI - ADA Mindful living\" width=\"300\" height=\"150\" \/><\/th>\n<th style=\"width: 37.2984%; height: 87px;\" align=\"left\"><img decoding=\"async\" class=\"alignnone wp-image-8565 size-full\" src=\"https:\/\/www.ada.at\/wp-content\/uploads\/2023\/11\/essgruppe-INA-ADA-Mindful-living.jpg\" alt=\"essgruppe INA - ADA Mindful living\" width=\"300\" height=\"150\" \/><\/th>\n<th style=\"width: 29.9401%; height: 87px;\" align=\"left\"><img decoding=\"async\" class=\"alignnone wp-image-8566 size-full\" src=\"https:\/\/www.ada.at\/wp-content\/uploads\/2023\/11\/essgruppe-VITO-ADA-Mindful-living.jpg\" alt=\"essgruppe VITO - ADA Mindful living\" width=\"300\" height=\"150\" \/><\/th>\n<\/tr>\n<\/thead>\n<tbody>\n<tr style=\"height: 24px;\">\n<td style=\"width: 11.4065%; height: 24px;\" align=\"left\"><strong>Modell<\/strong><\/td>\n<td style=\"width: 20.3259%; height: 24px;\" align=\"left\">ANI<\/td>\n<td style=\"width: 37.2984%; height: 24px;\" align=\"left\">INA<\/td>\n<td style=\"width: 29.9401%; height: 24px;\" align=\"left\">DULCIS<\/td>\n<\/tr>\n<tr style=\"height: 216px;\">\n<td style=\"width: 11.4065%; height: 216px;\"><strong>R\u00f6vid le\u00edr\u00e1s<\/strong><\/td>\n<td style=\"width: 20.3259%; height: 216px;\">Az ANI \u00e9tkez\u0151garnit\u00fara \u00f6tv\u00f6zi az ergon\u00f3mi\u00e1t \u00e9s a stabilit\u00e1st: a sz\u00e9kek adapt\u00edv h\u00e1tt\u00e1ml\u00e1ja rugalmasan alkalmazkodik a mozgol\u00f3d\u00e1shoz, viszont a pad fix h\u00e1tt\u00e1ml\u00e1t kapott, \u00edgy kiegyens\u00falyozott \u00e9s k\u00e9nyelmes \u00fcl\u00e9shelyzetet biztos\u00edt.<\/td>\n<td style=\"width: 37.2984%; height: 216px;\">A d\u00edjazott INA \u00e9tkez\u0151garnit\u00fara \u00fagy k\u00e9nyelmes, hogy k\u00f6zben teret ad a mozgol\u00f3d\u00e1snak: az ergonomikus sz\u00e9kek az ADAption funkci\u00f3nak k\u00f6sz\u00f6nhet\u0151en lehet\u0151v\u00e9 teszik a mozgol\u00f3d\u00e1st \u00fcl\u00e9s k\u00f6zben, a purista diz\u00e1jn pedig elnyerte a German Design Award 2023-at \u00e9s az ICONIC Awards 2023-at.<\/td>\n<td style=\"width: 29.9401%; height: 216px;\">A DULCIS \u00e9tkez\u0151garnit\u00fara egyszerre k\u00edn\u00e1lja a nyugodt \u00fcl\u00e9s \u00e9s a mozgol\u00f3d\u00e1s lehet\u0151s\u00e9g\u00e9t az ergonomikusan kialak\u00edtott, adapt\u00edv h\u00e1tt\u00e1ml\u00e1knak \u00e9s a t\u00e1ml\u00e1k fix als\u00f3 r\u00e9sz\u00e9nek k\u00f6sz\u00f6nhet\u0151en, ugyanakkor kiv\u00e1l\u00f3 min\u0151s\u00e9g\u0171 a rug\u00f3z\u00e1s \u00e9s \u00edzl\u00e9ses a kialak\u00edt\u00e1s, vagyis egyes\u00edti a k\u00e9nyelmet \u00e9s a st\u00edlust.<\/td>\n<\/tr>\n<tr style=\"height: 176px;\">\n<td style=\"height: 176px; width: 11.4065%;\"><strong>Saj\u00e1toss\u00e1gok<\/strong><\/td>\n<td style=\"height: 176px; width: 20.3259%;\">\n<ul>\n<li>Innovat\u00edv ADAption funkci\u00f3 az \u00f6r\u00f6kmozg\u00f3knak<\/li>\n<li>Csinos diz\u00e1jn steppelt varr\u00e1ssal<\/li>\n<li>B\u00e1rsz\u00e9kk\u00e9nt is kaphat\u00f3<\/li>\n<\/ul>\n<\/td>\n<td style=\"height: 176px; width: 37.2984%;\">\n<ul>\n<li>D\u00edjak: German Design Award &amp;<br \/>\nICONIC Award<\/li>\n<li>Sz\u00e9kek ergonomikus h\u00e1tt\u00e1ml\u00e1val<\/li>\n<li>Letisztult diz\u00e1jn<\/li>\n<\/ul>\n<\/td>\n<td style=\"height: 176px; width: 29.9401%;\">\n<ul>\n<li>Innovat\u00edv ADAption funkci\u00f3 az \u00f6r\u00f6kmozg\u00f3knak<\/li>\n<li>A sz\u00e9ken \u00e9s a padon ergonomikus h\u00e1tt\u00e1ml\u00e1val<\/li>\n<li>Felejthetetlen \u00e9s rugalmas \u00fcl\u00e9skomfort<\/li>\n<\/ul>\n<\/td>\n<\/tr>\n<tr style=\"height: 24px;\">\n<td style=\"width: 11.4065%; height: 24px;\"><\/td>\n<td style=\"width: 20.3259%; height: 24px;\"><\/td>\n<td style=\"width: 37.2984%; height: 24px; text-align: left;\"><a class=\"button\" href=\"https:\/\/www.ada.at\/hu\/produkte\/lakik\/etkezogarniturak\/ina\/\">Ugr\u00e1s a term\u00e9khez<\/a><\/td>\n<td style=\"width: 29.9401%; height: 24px; text-align: left;\"><a class=\"button\" href=\"https:\/\/www.ada.at\/hu\/produkte\/lakik\/etkezogarniturak\/dulcis\/\">Ugr\u00e1s a term\u00e9khez<\/a><\/td>\n<\/tr>\n<\/tbody>\n<\/table>\n<\/div>\n<\/div><\/div><\/div><\/div><\/p>\n","protected":false},"excerpt":{"rendered":"<p>Az Ani \u00e9tkez\u0151garnit\u00fara egyens\u00falyt visz az otthonodba: a sz\u00e9kek t\u00e1ml\u00e1ja igazodik ahhoz, ahogy \u00fcl\u00e9s k\u00f6zben mozogsz. Hajolhatsz el\u0151re, d\u0151lhetsz h\u00e1tra: az ergonomikus h\u00e1tt\u00e1mla k\u00f6veti a mozg\u00e1sodat. \u00dcl\u00e9s k\u00f6zben a gerincoszlopod nem merevedik meg, zseni\u00e1lis \u00f6tlet, ez az \u00fan. ADAption funkci\u00f3. Az ANI pad viszont nem ergonomikus, \u00e9s fix a t\u00e1ml\u00e1ja. Ez az \u00e9tkez\u0151garnit\u00fara egyszerre ny\u00fajt rugalmass\u00e1got \u00e9s tart\u00e1st &#8211; csod\u00e1latosan kiegyenl\u00edtett \u00e9rz\u00e9s.<\/p>\n<ul>\n<li>Sz\u00e9k ergonomikus h\u00e1tt\u00e1ml\u00e1val<\/li>\n<li>Innovat\u00edv ADAption funkci\u00f3 az \u00f6r\u00f6kmozg\u00f3knak<\/li>\n<li>(Sarok)pad fix t\u00e1ml\u00e1val<\/li>\n<li>Csinos diz\u00e1jn steppelt varr\u00e1ssal<\/li>\n<li>B\u00e1rsz\u00e9kk\u00e9nt is kaphat\u00f3<\/li>\n<li>Kiz\u00e1r\u00f3lag eur\u00f3pai gy\u00e1rt\u00e1sban k\u00e9sz\u00fcl<\/li>\n<\/ul>\n","protected":false},"featured_media":12084,"template":"","meta":{"_acf_changed":false},"product_brand":[],"product_cat":[331,618],"product_tag":[623,627,626,620,619,621,622],"class_list":{"0":"post-15119","1":"product","2":"type-product","3":"status-publish","4":"has-post-thumbnail","6":"product_cat-ada-hu","7":"product_cat-etkezogarniturak","8":"product_tag-6-szemelynek","9":"product_tag-230cm-hu","10":"product_tag-90cm-hu-3","11":"product_tag-adaption-hu","12":"product_tag-etkezogarniturak","13":"product_tag-max-4-szemelynek","14":"product_tag-max-6-szemelynek","15":"post-status-publish","17":"first","18":"instock","19":"shipping-taxable","20":"product-type-simple","21":"add-to-wishlist-before_image"},"acf":[],"_links":{"self":[{"href":"https:\/\/www.ada.at\/hu\/wp-json\/wp\/v2\/product\/15119","targetHints":{"allow":["GET"]}}],"collection":[{"href":"https:\/\/www.ada.at\/hu\/wp-json\/wp\/v2\/product"}],"about":[{"href":"https:\/\/www.ada.at\/hu\/wp-json\/wp\/v2\/types\/product"}],"version-history":[{"count":0,"href":"https:\/\/www.ada.at\/hu\/wp-json\/wp\/v2\/product\/15119\/revisions"}],"wp:featuredmedia":[{"embeddable":true,"href":"https:\/\/www.ada.at\/hu\/wp-json\/wp\/v2\/media\/12084"}],"wp:attachment":[{"href":"https:\/\/www.ada.at\/hu\/wp-json\/wp\/v2\/media?parent=15119"}],"wp:term":[{"taxonomy":"product_brand","embeddable":true,"href":"https:\/\/www.ada.at\/hu\/wp-json\/wp\/v2\/product_brand?post=15119"},{"taxonomy":"product_cat","embeddable":true,"href":"https:\/\/www.ada.at\/hu\/wp-json\/wp\/v2\/product_cat?post=15119"},{"taxonomy":"product_tag","embeddable":true,"href":"https:\/\/www.ada.at\/hu\/wp-json\/wp\/v2\/product_tag?post=15119"}],"curies":[{"name":"wp","href":"https:\/\/api.w.org\/{rel}","templated":true}]}}