{"id":15118,"date":"2023-09-28T17:42:42","date_gmt":"2023-09-28T15:42:42","guid":{"rendered":"https:\/\/www.ada.at\/produkte\/nem-kategorizalt\/ina\/"},"modified":"2025-12-18T08:29:07","modified_gmt":"2025-12-18T07:29:07","slug":"ina","status":"publish","type":"product","link":"https:\/\/www.ada.at\/hu\/produkte\/lakik\/etkezogarniturak\/ina\/","title":{"rendered":"Ina"},"content":{"rendered":"<p><div class=\"fusion-fullwidth fullwidth-box fusion-builder-row-1 fusion-flex-container has-pattern-background has-mask-background nonhundred-percent-fullwidth non-hundred-percent-height-scrolling\" style=\"--awb-border-radius-top-left:0px;--awb-border-radius-top-right:0px;--awb-border-radius-bottom-right:0px;--awb-border-radius-bottom-left:0px;--awb-padding-bottom:100px;--awb-flex-wrap:wrap;\" ><div class=\"fusion-builder-row fusion-row fusion-flex-align-items-flex-start fusion-flex-content-wrap\" style=\"max-width:1248px;margin-left: calc(-4% \/ 2 );margin-right: calc(-4% \/ 2 );\"><div class=\"fusion-layout-column fusion_builder_column fusion-builder-column-0 fusion_builder_column_1_1 1_1 fusion-flex-column\" style=\"--awb-bg-size:cover;--awb-width-large:100%;--awb-margin-top-large:0px;--awb-spacing-right-large:1.92%;--awb-margin-bottom-large:20px;--awb-spacing-left-large:1.92%;--awb-width-medium:100%;--awb-order-medium:0;--awb-spacing-right-medium:1.92%;--awb-spacing-left-medium:1.92%;--awb-width-small:100%;--awb-order-small:0;--awb-spacing-right-small:1.92%;--awb-spacing-left-small:1.92%;\"><div class=\"fusion-column-wrapper fusion-column-has-shadow fusion-flex-justify-content-flex-start fusion-content-layout-column\"><div class=\"fusion-image-element \" style=\"--awb-caption-title-font-family:var(--h2_typography-font-family);--awb-caption-title-font-weight:var(--h2_typography-font-weight);--awb-caption-title-font-style:var(--h2_typography-font-style);--awb-caption-title-size:var(--h2_typography-font-size);--awb-caption-title-transform:var(--h2_typography-text-transform);--awb-caption-title-line-height:var(--h2_typography-line-height);--awb-caption-title-letter-spacing:var(--h2_typography-letter-spacing);\"><span class=\" fusion-imageframe imageframe-none imageframe-1 hover-type-none\" style=\"border-radius:8px;\"><img decoding=\"async\" width=\"1400\" height=\"800\" alt=\"Frau sitzt am Esstisch und lehnt sich nach hinten in die bewegliche Lehne\" title=\"Nachhaltig produzierte Esszimmerm\u00f6bel von ADA . Mindful Living \u2013 \u00d6sterreichische Qualit\u00e4t trifft modernes Design\" src=\"https:\/\/www.ada.at\/wp-content\/uploads\/2023\/11\/Nachhaltig-produzierte-Esszimmermoebel-von-ADA-.-Mindful-Living-\u2013-Oesterreichische-Qualitaet-trifft-modernes-Design.jpg\" class=\"img-responsive wp-image-11720\"\/><\/span><\/div><\/div><\/div><\/div><\/div><div class=\"fusion-fullwidth fullwidth-box fusion-builder-row-2 fusion-flex-container has-pattern-background has-mask-background fusion-parallax-none nonhundred-percent-fullwidth non-hundred-percent-height-scrolling cp-nachhaltigkeitselement cp-textlogos bg-gold\" style=\"--awb-border-radius-top-left:0px;--awb-border-radius-top-right:0px;--awb-border-radius-bottom-right:0px;--awb-border-radius-bottom-left:0px;--awb-background-image:url(&quot;\/wp-content\/uploads\/2023\/08\/Ada-Hintergrund_dgrau_2.jpg&quot;);--awb-background-size:cover;--awb-flex-wrap:wrap;\" ><div class=\"fusion-builder-row fusion-row fusion-flex-align-items-flex-start fusion-flex-content-wrap\" style=\"max-width:1248px;margin-left: calc(-4% \/ 2 );margin-right: calc(-4% \/ 2 );\"><div class=\"fusion-layout-column fusion_builder_column fusion-builder-column-1 fusion_builder_column_1_3 1_3 fusion-flex-column\" style=\"--awb-bg-size:cover;--awb-width-large:33.333333333333%;--awb-margin-top-large:0px;--awb-spacing-right-large:5.76%;--awb-margin-bottom-large:20px;--awb-spacing-left-large:5.76%;--awb-width-medium:33.333333333333%;--awb-order-medium:0;--awb-spacing-right-medium:5.76%;--awb-spacing-left-medium:5.76%;--awb-width-small:100%;--awb-order-small:0;--awb-spacing-right-small:1.92%;--awb-spacing-left-small:1.92%;\"><div class=\"fusion-column-wrapper fusion-column-has-shadow fusion-flex-justify-content-flex-start fusion-content-layout-column\"><div class=\"fusion-title title fusion-title-1 fusion-sep-none fusion-title-text fusion-title-size-two\" style=\"--awb-text-color:var(--awb-color5);--awb-margin-top-small:10px;--awb-margin-right-small:0px;--awb-margin-bottom-small:10px;--awb-margin-left-small:0px;\"><h2 class=\"fusion-title-heading title-heading-left\" style=\"margin:0;\">Zseni\u00e1lis \u00f6tlet<\/h2><\/div><\/div><\/div><div class=\"fusion-layout-column fusion_builder_column fusion-builder-column-2 fusion_builder_column_2_3 2_3 fusion-flex-column bottom350\" style=\"--awb-bg-size:cover;--awb-width-large:66.666666666667%;--awb-margin-top-large:0px;--awb-spacing-right-large:2.88%;--awb-margin-bottom-large:20px;--awb-spacing-left-large:2.88%;--awb-width-medium:66.666666666667%;--awb-order-medium:0;--awb-spacing-right-medium:2.88%;--awb-spacing-left-medium:2.88%;--awb-width-small:100%;--awb-order-small:0;--awb-spacing-right-small:1.92%;--awb-spacing-left-small:1.92%;\" data-scroll-devices=\"small-visibility,medium-visibility,large-visibility\"><div class=\"fusion-column-wrapper fusion-column-has-shadow fusion-flex-justify-content-flex-start fusion-content-layout-column\"><div class=\"fusion-text fusion-text-1\" style=\"--awb-text-color:var(--awb-color1);\"><p style=\"color: var(--awb-color5);\">Az INA k\u00e9t ellenp\u00f3lust egyes\u00edt: nyugalom \u00e9s mozg\u00e1s. Teljes nyugalomban tudsz \u00fclni a sz\u00e9ken, lehet sok\u00e1ig reggelizni vagy a vend\u00e9gekkel eg\u00e9sz este dum\u00e1lni, eddeg\u00e9lni, iddog\u00e1lni \u00e9s nevetg\u00e9lni &#8211; de az\u00e9rt m\u00e9gis tudsz k\u00f6zben mocorogni.<\/p>\n<p style=\"color: var(--awb-color5);\">Ezt az <b>ADAption funkci\u00f3 teszi lehet\u0151v\u00e9<\/b>: a sz\u00e9kt\u00e1mla belseje innovat\u00edvan van kialak\u00edtva. A fels\u0151 r\u00e9sz ergonomikus kialak\u00edt\u00e1s\u00fa, \u00e9s alkalmazkodik \u00fcl\u00e9s k\u00f6zben a mocorg\u00e1shoz. Az als\u00f3 r\u00e9sz viszont fix \u00e9s tart\u00e1st ad. Ugyanilyen a pad t\u00e1ml\u00e1ja is, amely megt\u00e1masztja a testet. Nem ergonomikus, ez\u00e9rt haszn\u00e1lhat\u00f3 sarokpadk\u00e9nt is.<\/p>\n<\/div><\/div><\/div><\/div><\/div><div class=\"fusion-fullwidth fullwidth-box fusion-builder-row-3 fusion-flex-container has-pattern-background has-mask-background nonhundred-percent-fullwidth non-hundred-percent-height-scrolling cp-2images\" style=\"--awb-border-radius-top-left:0px;--awb-border-radius-top-right:0px;--awb-border-radius-bottom-right:0px;--awb-border-radius-bottom-left:0px;--awb-flex-wrap:wrap;\" ><div class=\"fusion-builder-row fusion-row fusion-flex-align-items-flex-start fusion-flex-content-wrap\" style=\"max-width:1248px;margin-left: calc(-4% \/ 2 );margin-right: calc(-4% \/ 2 );\"><div class=\"fusion-layout-column fusion_builder_column fusion-builder-column-3 fusion_builder_column_1_2 1_2 fusion-flex-column top-400\" style=\"--awb-bg-size:cover;--awb-width-large:50%;--awb-margin-top-large:0px;--awb-spacing-right-large:3.84%;--awb-margin-bottom-large:20px;--awb-spacing-left-large:3.84%;--awb-width-medium:50%;--awb-order-medium:0;--awb-spacing-right-medium:3.84%;--awb-spacing-left-medium:3.84%;--awb-width-small:100%;--awb-order-small:0;--awb-spacing-right-small:1.92%;--awb-spacing-left-small:1.92%;\" data-scroll-devices=\"small-visibility,medium-visibility,large-visibility\"><div class=\"fusion-column-wrapper fusion-column-has-shadow fusion-flex-justify-content-flex-start fusion-content-layout-column\"><div class=\"fusion-image-element \" style=\"--awb-caption-title-font-family:var(--h2_typography-font-family);--awb-caption-title-font-weight:var(--h2_typography-font-weight);--awb-caption-title-font-style:var(--h2_typography-font-style);--awb-caption-title-size:var(--h2_typography-font-size);--awb-caption-title-transform:var(--h2_typography-text-transform);--awb-caption-title-line-height:var(--h2_typography-line-height);--awb-caption-title-letter-spacing:var(--h2_typography-letter-spacing);\"><span class=\" fusion-imageframe imageframe-none imageframe-2 hover-type-none\" style=\"border-radius:8px;\"><img decoding=\"async\" width=\"522\" height=\"703\" title=\"ADA . Mindful Living Esstisch \u2013 Stilvoll essen in einer nachhaltigen Umgebung\" src=\"https:\/\/www.ada.at\/wp-content\/uploads\/2023\/11\/ADA-.-Mindful-Living-Esstisch-\u2013-Stilvoll-essen-in-einer-nachhaltigen-Umgebung.jpg\" alt class=\"img-responsive wp-image-11712\"\/><\/span><\/div><\/div><\/div><div class=\"fusion-layout-column fusion_builder_column fusion-builder-column-4 fusion_builder_column_1_2 1_2 fusion-flex-column top-200\" style=\"--awb-bg-size:cover;--awb-width-large:50%;--awb-margin-top-large:0px;--awb-spacing-right-large:3.84%;--awb-margin-bottom-large:20px;--awb-spacing-left-large:3.84%;--awb-width-medium:50%;--awb-order-medium:0;--awb-spacing-right-medium:3.84%;--awb-spacing-left-medium:3.84%;--awb-width-small:100%;--awb-order-small:0;--awb-spacing-right-small:1.92%;--awb-spacing-left-small:1.92%;\" data-scroll-devices=\"small-visibility,medium-visibility,large-visibility\"><div class=\"fusion-column-wrapper fusion-column-has-shadow fusion-flex-justify-content-flex-start fusion-content-layout-column\"><div class=\"fusion-image-element \" style=\"--awb-caption-title-font-family:var(--h2_typography-font-family);--awb-caption-title-font-weight:var(--h2_typography-font-weight);--awb-caption-title-font-style:var(--h2_typography-font-style);--awb-caption-title-size:var(--h2_typography-font-size);--awb-caption-title-transform:var(--h2_typography-text-transform);--awb-caption-title-line-height:var(--h2_typography-line-height);--awb-caption-title-letter-spacing:var(--h2_typography-letter-spacing);\"><span class=\" fusion-imageframe imageframe-none imageframe-3 hover-type-none\" style=\"border-radius:8px;\"><img decoding=\"async\" width=\"522\" height=\"703\" title=\"Hochwertige Esszimmerm\u00f6bel von ADA . Mindful Living \u2013 Modern und achtsam produziert\" src=\"https:\/\/www.ada.at\/wp-content\/uploads\/2023\/11\/Hochwertige-Esszimmermoebel-von-ADA-.-Mindful-Living-\u2013-Modern-und-achtsam-produziert.jpg\" alt class=\"img-responsive wp-image-11718\"\/><\/span><\/div><\/div><\/div><\/div><\/div><div class=\"fusion-fullwidth fullwidth-box fusion-builder-row-4 fusion-flex-container has-pattern-background has-mask-background nonhundred-percent-fullwidth non-hundred-percent-height-scrolling fusion-no-small-visibility cp-vergleichstabelle top-50 bottom100\" style=\"--awb-border-radius-top-left:0px;--awb-border-radius-top-right:0px;--awb-border-radius-bottom-right:0px;--awb-border-radius-bottom-left:0px;--awb-flex-wrap:wrap;\" ><div class=\"fusion-builder-row fusion-row fusion-flex-align-items-flex-start fusion-flex-content-wrap\" style=\"max-width:1248px;margin-left: calc(-4% \/ 2 );margin-right: calc(-4% \/ 2 );\"><div class=\"fusion-layout-column fusion_builder_column fusion-builder-column-5 fusion_builder_column_1_1 1_1 fusion-flex-column table-compare-hl\" style=\"--awb-bg-size:cover;--awb-width-large:100%;--awb-margin-top-large:0px;--awb-spacing-right-large:1.92%;--awb-margin-bottom-large:20px;--awb-spacing-left-large:1.92%;--awb-width-medium:100%;--awb-order-medium:0;--awb-spacing-right-medium:1.92%;--awb-spacing-left-medium:1.92%;--awb-width-small:100%;--awb-order-small:0;--awb-spacing-right-small:1.92%;--awb-spacing-left-small:1.92%;\" data-scroll-devices=\"small-visibility,medium-visibility,large-visibility\"><div class=\"fusion-column-wrapper fusion-column-has-shadow fusion-flex-justify-content-flex-start fusion-content-layout-column\"><div class=\"fusion-title title fusion-title-2 fusion-sep-none fusion-title-center fusion-title-text fusion-title-size-three\" style=\"--awb-text-color:var(--awb-color5);--awb-margin-top-small:10px;--awb-margin-right-small:0px;--awb-margin-bottom-small:10px;--awb-margin-left-small:0px;\"><h3 class=\"fusion-title-heading title-heading-center\" style=\"margin:0;\">Hasonl\u00edtsd \u00f6ssze a INA-t m\u00e1s\u00a0\u00e9tkez\u0151garnit\u00far\u00e1inkkal<\/h3><\/div><\/div><\/div><div class=\"fusion-layout-column fusion_builder_column fusion-builder-column-6 fusion_builder_column_1_1 1_1 fusion-flex-column table-compare-box\" style=\"--awb-bg-size:cover;--awb-width-large:100%;--awb-margin-top-large:0px;--awb-spacing-right-large:1.92%;--awb-margin-bottom-large:20px;--awb-spacing-left-large:1.92%;--awb-width-medium:100%;--awb-order-medium:0;--awb-spacing-right-medium:1.92%;--awb-spacing-left-medium:1.92%;--awb-width-small:100%;--awb-order-small:0;--awb-spacing-right-small:1.92%;--awb-spacing-left-small:1.92%;\" data-scroll-devices=\"small-visibility,medium-visibility,large-visibility\"><div class=\"fusion-column-wrapper fusion-column-has-shadow fusion-flex-justify-content-flex-start fusion-content-layout-column\">\n<div class=\"table-1 table-compare\">\n<table style=\"width: 100%; height: 552px;\" width=\"100%\">\n<thead>\n<tr style=\"height: 87px;\">\n<th style=\"width: 11.4065%; height: 87px;\" align=\"left\"><\/th>\n<th style=\"width: 20.3259%; height: 87px;\" align=\"left\"><img decoding=\"async\" class=\"alignnone wp-image-8565 size-full\" src=\"https:\/\/www.ada.at\/wp-content\/uploads\/2023\/11\/essgruppe-INA-ADA-Mindful-living.jpg\" alt=\"essgruppe INA - ADA Mindful living\" width=\"300\" height=\"150\" \/><\/th>\n<th style=\"width: 37.2984%; height: 87px;\" align=\"left\"><img decoding=\"async\" class=\"alignnone wp-image-8564 size-full\" src=\"https:\/\/www.ada.at\/wp-content\/uploads\/2023\/11\/essgruppe-ANI-ADA-Mindful-living.jpg\" alt=\"essgruppe ANI - ADA Mindful living\" width=\"300\" height=\"150\" \/><\/th>\n<th style=\"width: 29.9401%; height: 87px;\" align=\"left\"><img decoding=\"async\" class=\"alignnone wp-image-8566 size-full\" src=\"https:\/\/www.ada.at\/wp-content\/uploads\/2023\/11\/essgruppe-VITO-ADA-Mindful-living.jpg\" alt=\"essgruppe VITO - ADA Mindful living\" width=\"300\" height=\"150\" \/><\/th>\n<\/tr>\n<\/thead>\n<tbody>\n<tr style=\"height: 24px;\">\n<td style=\"width: 11.4065%; height: 24px;\" align=\"left\"><strong>Modell<\/strong><\/td>\n<td style=\"width: 20.3259%; height: 24px;\" align=\"left\">INA<\/td>\n<td style=\"width: 37.2984%; height: 24px;\" align=\"left\">ANI<\/td>\n<td style=\"width: 29.9401%; height: 24px;\" align=\"left\">DULCIS<\/td>\n<\/tr>\n<tr style=\"height: 216px;\">\n<td style=\"width: 11.4065%; height: 216px;\"><strong>R\u00f6vid le\u00edr\u00e1s<\/strong><\/td>\n<td style=\"width: 20.3259%; height: 216px;\">A d\u00edjazott INA \u00e9tkez\u0151garnit\u00fara \u00fagy k\u00e9nyelmes, hogy k\u00f6zben teret ad a mozgol\u00f3d\u00e1snak: az ergonomikus sz\u00e9kek az ADAption funkci\u00f3nak k\u00f6sz\u00f6nhet\u0151en lehet\u0151v\u00e9 teszik a mozgol\u00f3d\u00e1st \u00fcl\u00e9s k\u00f6zben.<\/td>\n<td style=\"width: 37.2984%; height: 216px;\">Az ANI \u00e9tkez\u0151garnit\u00fara \u00f6tv\u00f6zi az ergon\u00f3mi\u00e1t \u00e9s a stabilit\u00e1st: a sz\u00e9kek adapt\u00edv h\u00e1tt\u00e1ml\u00e1ja rugalmasan alkalmazkodik a mozgol\u00f3d\u00e1shoz, viszont a pad fix h\u00e1tt\u00e1ml\u00e1t kapott, \u00edgy kiegyens\u00falyozott \u00e9s k\u00e9nyelmes \u00fcl\u00e9shelyzetet biztos\u00edt.<\/td>\n<td style=\"width: 29.9401%; height: 216px;\">A DULCIS \u00e9tkez\u0151garnit\u00fara egyszerre k\u00edn\u00e1lja a nyugodt \u00fcl\u00e9s \u00e9s a mozgol\u00f3d\u00e1s lehet\u0151s\u00e9g\u00e9t az ergonomikusan kialak\u00edtott, adapt\u00edv h\u00e1tt\u00e1ml\u00e1knak \u00e9s a t\u00e1ml\u00e1k fix als\u00f3 r\u00e9sz\u00e9nek k\u00f6sz\u00f6nhet\u0151en, ugyanakkor kiv\u00e1l\u00f3 min\u0151s\u00e9g\u0171 a rug\u00f3z\u00e1s \u00e9s \u00edzl\u00e9ses a kialak\u00edt\u00e1s, vagyis egyes\u00edti a k\u00e9nyelmet \u00e9s a st\u00edlust.<\/td>\n<\/tr>\n<tr style=\"height: 176px;\">\n<td style=\"height: 176px; width: 11.4065%;\"><strong>Saj\u00e1toss\u00e1gok<\/strong><\/td>\n<td style=\"height: 176px; width: 20.3259%;\">\n<ul>\n<li>Sz\u00e9kek ergonomikus h\u00e1tt\u00e1ml\u00e1val<\/li>\n<li>Letisztult diz\u00e1jn<\/li>\n<\/ul>\n<\/td>\n<td style=\"height: 176px; width: 37.2984%;\">\n<ul>\n<li>Innovat\u00edv ADAption funkci\u00f3 az \u00f6r\u00f6kmozg\u00f3knak<\/li>\n<li>Csinos diz\u00e1jn steppelt varr\u00e1ssal<\/li>\n<li>B\u00e1rsz\u00e9kk\u00e9nt is kaphat\u00f3<\/li>\n<\/ul>\n<\/td>\n<td style=\"height: 176px; width: 29.9401%;\">\n<ul>\n<li>Innovat\u00edv ADAption funkci\u00f3 az \u00f6r\u00f6kmozg\u00f3knak<\/li>\n<li>A sz\u00e9ken \u00e9s a padon ergonomikus h\u00e1tt\u00e1ml\u00e1val<\/li>\n<li>Felejthetetlen \u00e9s rugalmas \u00fcl\u00e9skomfort<\/li>\n<\/ul>\n<\/td>\n<\/tr>\n<tr style=\"height: 24px;\">\n<td style=\"width: 11.4065%; height: 24px;\"><\/td>\n<td style=\"width: 20.3259%; height: 24px;\"><\/td>\n<td style=\"width: 37.2984%; height: 24px; text-align: left;\"><a class=\"button\" href=\"https:\/\/www.ada.at\/hu\/produkte\/lakik\/etkezogarniturak\/ani\/\">Ugr\u00e1s a term\u00e9khez<\/a><\/td>\n<td style=\"width: 29.9401%; height: 24px; text-align: left;\"><a class=\"button\" href=\"https:\/\/www.ada.at\/hu\/produkte\/lakik\/etkezogarniturak\/dulcis\/\">Ugr\u00e1s a term\u00e9khez<\/a><\/td>\n<\/tr>\n<\/tbody>\n<\/table>\n<\/div>\n<\/div><\/div><\/div><\/div><\/p>\n","protected":false},"excerpt":{"rendered":"<p>Szeretsz \u00f3r\u00e1k hosszat az \u00e9tkez\u0151asztaln\u00e1l \u00fclni? Mert szeretsz hosszan reggelizni vagy gyakran vannak vend\u00e9geid? De viszont tudod , hogy a testnek sz\u00fcks\u00e9ge van \u00fcl\u00e9s k\u00f6zben is a mozg\u00e1sra? Az INA-val kombin\u00e1lhat\u00f3 az \u00fcld\u00f6g\u00e9l\u00e9s \u00e9s a mocorg\u00e1s: a sz\u00e9kek ergonomikus h\u00e1tt\u00e1ml\u00e1ja alkalmazkodik a mozg\u00e1saidhoz &#8211; \u00edgy a gerinc \u00fclve sem lesz merev.<\/p>\n<ul>\n<li>Sz\u00e9kek ergonomikus h\u00e1tt\u00e1ml\u00e1val<\/li>\n<li>(Sarok)pad fix t\u00e1ml\u00e1val<\/li>\n<li>Letisztult diz\u00e1jn<\/li>\n<li>Kiz\u00e1r\u00f3lag eur\u00f3pai gy\u00e1rt\u00e1sban k\u00e9sz\u00fcl<\/li>\n<\/ul>\n","protected":false},"featured_media":9658,"template":"","meta":{"_acf_changed":false},"product_brand":[],"product_cat":[331,618],"product_tag":[623,627,626,620,522,619,621,622,523,524],"class_list":{"0":"post-15118","1":"product","2":"type-product","3":"status-publish","4":"has-post-thumbnail","6":"product_cat-ada-hu","7":"product_cat-etkezogarniturak","8":"product_tag-6-szemelynek","9":"product_tag-230cm-hu","10":"product_tag-90cm-hu-3","11":"product_tag-adaption-hu","12":"product_tag-bor","13":"product_tag-etkezogarniturak","14":"product_tag-max-4-szemelynek","15":"product_tag-max-6-szemelynek","16":"product_tag-textil-hu","17":"product_tag-vegan-bor","18":"post-status-publish","20":"first","21":"instock","22":"shipping-taxable","23":"product-type-simple","24":"add-to-wishlist-before_image"},"acf":[],"_links":{"self":[{"href":"https:\/\/www.ada.at\/hu\/wp-json\/wp\/v2\/product\/15118","targetHints":{"allow":["GET"]}}],"collection":[{"href":"https:\/\/www.ada.at\/hu\/wp-json\/wp\/v2\/product"}],"about":[{"href":"https:\/\/www.ada.at\/hu\/wp-json\/wp\/v2\/types\/product"}],"version-history":[{"count":3,"href":"https:\/\/www.ada.at\/hu\/wp-json\/wp\/v2\/product\/15118\/revisions"}],"predecessor-version":[{"id":24550,"href":"https:\/\/www.ada.at\/hu\/wp-json\/wp\/v2\/product\/15118\/revisions\/24550"}],"wp:featuredmedia":[{"embeddable":true,"href":"https:\/\/www.ada.at\/hu\/wp-json\/wp\/v2\/media\/9658"}],"wp:attachment":[{"href":"https:\/\/www.ada.at\/hu\/wp-json\/wp\/v2\/media?parent=15118"}],"wp:term":[{"taxonomy":"product_brand","embeddable":true,"href":"https:\/\/www.ada.at\/hu\/wp-json\/wp\/v2\/product_brand?post=15118"},{"taxonomy":"product_cat","embeddable":true,"href":"https:\/\/www.ada.at\/hu\/wp-json\/wp\/v2\/product_cat?post=15118"},{"taxonomy":"product_tag","embeddable":true,"href":"https:\/\/www.ada.at\/hu\/wp-json\/wp\/v2\/product_tag?post=15118"}],"curies":[{"name":"wp","href":"https:\/\/api.w.org\/{rel}","templated":true}]}}