{"id":15117,"date":"2023-09-28T18:01:41","date_gmt":"2023-09-28T16:01:41","guid":{"rendered":"https:\/\/www.ada.at\/produkte\/nem-kategorizalt\/vito\/"},"modified":"2025-06-16T14:25:55","modified_gmt":"2025-06-16T12:25:55","slug":"dulcis","status":"publish","type":"product","link":"https:\/\/www.ada.at\/hu\/produkte\/lakik\/etkezogarniturak\/dulcis\/","title":{"rendered":"DULCIS"},"content":{"rendered":"<p><div class=\"fusion-fullwidth fullwidth-box fusion-builder-row-1 fusion-flex-container has-pattern-background has-mask-background nonhundred-percent-fullwidth non-hundred-percent-height-scrolling top50\" style=\"--awb-border-radius-top-left:0px;--awb-border-radius-top-right:0px;--awb-border-radius-bottom-right:0px;--awb-border-radius-bottom-left:0px;--awb-flex-wrap:wrap;\" ><div class=\"fusion-builder-row fusion-row fusion-flex-align-items-flex-start fusion-flex-content-wrap\" style=\"max-width:1248px;margin-left: calc(-4% \/ 2 );margin-right: calc(-4% \/ 2 );\"><div class=\"fusion-layout-column fusion_builder_column fusion-builder-column-0 fusion_builder_column_1_1 1_1 fusion-flex-column\" style=\"--awb-bg-size:cover;--awb-width-large:100%;--awb-margin-top-large:0px;--awb-spacing-right-large:1.92%;--awb-margin-bottom-large:20px;--awb-spacing-left-large:1.92%;--awb-width-medium:100%;--awb-order-medium:0;--awb-spacing-right-medium:1.92%;--awb-spacing-left-medium:1.92%;--awb-width-small:100%;--awb-order-small:0;--awb-spacing-right-small:1.92%;--awb-spacing-left-small:1.92%;\"><div class=\"fusion-column-wrapper fusion-column-has-shadow fusion-flex-justify-content-flex-start fusion-content-layout-column\"><div class=\"fusion-image-element \" style=\"--awb-caption-title-font-family:var(--h2_typography-font-family);--awb-caption-title-font-weight:var(--h2_typography-font-weight);--awb-caption-title-font-style:var(--h2_typography-font-style);--awb-caption-title-size:var(--h2_typography-font-size);--awb-caption-title-transform:var(--h2_typography-text-transform);--awb-caption-title-line-height:var(--h2_typography-line-height);--awb-caption-title-letter-spacing:var(--h2_typography-letter-spacing);\"><span class=\" fusion-imageframe imageframe-none imageframe-1 hover-type-none\" style=\"border-radius:8px;\"><img decoding=\"async\" width=\"1400\" height=\"800\" alt=\"Essgruppe Dulcis bestehend aus Sessel mit und ohne Armlehne und Essbank in dunkelgr\u00fcnem Stoff\" title=\"Essgruppe VITO von ADA . Mindful Living \u2013 Entspanntes Essen mit \u00f6sterreichischer Qualit\u00e4t\" src=\"https:\/\/www.ada.at\/wp-content\/uploads\/2023\/11\/Essgruppe-VITO-von-ADA-.-Mindful-Living-\u2013-Entspanntes-Essen-mit-oesterreichischer-Qualitaet.jpg\" class=\"img-responsive wp-image-11724\"\/><\/span><\/div><\/div><\/div><\/div><\/div><div class=\"fusion-fullwidth fullwidth-box fusion-builder-row-2 fusion-flex-container has-pattern-background has-mask-background nonhundred-percent-fullwidth non-hundred-percent-height-scrolling cp-textlogos\" style=\"--awb-border-radius-top-left:0px;--awb-border-radius-top-right:0px;--awb-border-radius-bottom-right:0px;--awb-border-radius-bottom-left:0px;--awb-padding-top:50px;--awb-padding-bottom:50px;--awb-flex-wrap:wrap;\" ><div class=\"fusion-builder-row fusion-row fusion-flex-align-items-center fusion-flex-justify-content-center fusion-flex-content-wrap\" style=\"max-width:1248px;margin-left: calc(-4% \/ 2 );margin-right: calc(-4% \/ 2 );\"><div class=\"fusion-layout-column fusion_builder_column fusion-builder-column-1 fusion_builder_column_1_3 1_3 fusion-flex-column fusion-flex-align-self-flex-start\" style=\"--awb-bg-color:var(--awb-color1);--awb-bg-color-hover:var(--awb-color1);--awb-bg-size:cover;--awb-width-large:33.333333333333%;--awb-margin-top-large:0px;--awb-spacing-right-large:5.76%;--awb-margin-bottom-large:20px;--awb-spacing-left-large:5.76%;--awb-width-medium:33.333333333333%;--awb-order-medium:0;--awb-spacing-right-medium:5.76%;--awb-spacing-left-medium:5.76%;--awb-width-small:100%;--awb-order-small:0;--awb-spacing-right-small:1.92%;--awb-spacing-left-small:1.92%;\" data-scroll-devices=\"small-visibility,medium-visibility,large-visibility\"><div class=\"fusion-column-wrapper fusion-column-has-shadow fusion-flex-justify-content-flex-start fusion-content-layout-column\"><div class=\"fusion-title title fusion-title-1 fusion-sep-none fusion-title-text fusion-title-size-two\" style=\"--awb-text-color:var(--awb-color5);--awb-margin-top-small:10px;--awb-margin-right-small:0px;--awb-margin-bottom-small:10px;--awb-margin-left-small:0px;\"><h2 class=\"fusion-title-heading title-heading-left\" style=\"margin:0;\">Mocorg\u00e1s \u00fcl\u00e9s k\u00f6zben? Nem is lehetetlen k\u00edv\u00e1ns\u00e1g!<\/h2><\/div><\/div><\/div><div class=\"fusion-layout-column fusion_builder_column fusion-builder-column-2 fusion_builder_column_2_3 2_3 fusion-flex-column fusion-flex-align-self-flex-start\" style=\"--awb-bg-size:cover;--awb-width-large:66.666666666667%;--awb-margin-top-large:0px;--awb-spacing-right-large:2.88%;--awb-margin-bottom-large:20px;--awb-spacing-left-large:2.88%;--awb-width-medium:66.666666666667%;--awb-order-medium:0;--awb-spacing-right-medium:2.88%;--awb-spacing-left-medium:2.88%;--awb-width-small:100%;--awb-order-small:0;--awb-spacing-right-small:1.92%;--awb-spacing-left-small:1.92%;\" data-scroll-devices=\"small-visibility,medium-visibility,large-visibility\"><div class=\"fusion-column-wrapper fusion-column-has-shadow fusion-flex-justify-content-flex-start fusion-content-layout-column\"><div class=\"fusion-text fusion-text-1\" style=\"--awb-text-color:var(--awb-color5);\"><p>A DULCIS \u00e9tkez\u0151b\u00fator-csal\u00e1d egyes\u00edti a pihen\u00e9s ir\u00e1nti v\u00e1gyat \u00e9s a test mozg\u00e1sig\u00e9ny\u00e9t. Elt\u00f6lten\u00e9l egy hossz\u00fa reggelit vagy egy eg\u00e9sz est\u00e9t a szeretteiddel besz\u00e9lgetve, eszegetve, iszogatva \u00e9s nevetg\u00e9lve? Nan\u00e1! B\u00e1rmilyen j\u00f3t is tesz a l\u00e9leknek az \u00fcld\u00f6g\u00e9l\u00e9s, a test\u00fcnk mozg\u00e1sra termett, \u00e9s a gerincoszlop szeretne nem elmerevedni.<\/p>\n<p>A DULCIS \u00e9tkez\u0151garnit\u00fara innovat\u00edv <b>ADAption funkci\u00f3ja<\/b> lehet\u0151v\u00e9 teszi, hogy \u00fcl\u00e9s k\u00f6zben is tudj\u00e1l mocorogni, m\u00e9g akkor is, ha ez els\u0151re zavarosnak t\u0171nik. A sz\u00e9kek \u00e9s a padok h\u00e1tt\u00e1ml\u00e1j\u00e1nak fels\u0151 r\u00e9sze ergonomikusan van kialak\u00edtva, \u00e9s k\u00e9pes idomulni az \u00fcl\u00e9s k\u00f6zbeni mozgol\u00f3d\u00e1shoz. A h\u00e1tt\u00e1mla als\u00f3 r\u00e9sze ugyanakkor fix \u00e9s tart\u00e1st ad. Az \u00fcl\u0151fel\u00fcletek kit\u0171n\u0151 rug\u00f3z\u00e1sa \u00e9s maga a kip\u00e1rn\u00e1zott \u00fcl\u00e9s is megfelel\u0151 t\u00e1maszt ny\u00fajt.<\/p>\n<\/div><\/div><\/div><\/div><\/div><div class=\"fusion-fullwidth fullwidth-box fusion-builder-row-3 fusion-flex-container has-pattern-background has-mask-background nonhundred-percent-fullwidth non-hundred-percent-height-scrolling bg-gold\" style=\"--link_color: var(--awb-color5);--awb-border-radius-top-left:0px;--awb-border-radius-top-right:0px;--awb-border-radius-bottom-right:0px;--awb-border-radius-bottom-left:0px;--awb-padding-top:100px;--awb-padding-bottom:50px;--awb-margin-top:100px;--awb-margin-bottom:0px;--awb-flex-wrap:wrap;\" ><div class=\"fusion-builder-row fusion-row fusion-flex-align-items-flex-start fusion-flex-content-wrap\" style=\"max-width:1248px;margin-left: calc(-4% \/ 2 );margin-right: calc(-4% \/ 2 );\"><div class=\"fusion-layout-column fusion_builder_column fusion-builder-column-3 fusion_builder_column_1_2 1_2 fusion-flex-column\" style=\"--awb-bg-size:cover;--awb-width-large:50%;--awb-margin-top-large:0px;--awb-spacing-right-large:3.84%;--awb-margin-bottom-large:0px;--awb-spacing-left-large:3.84%;--awb-width-medium:50%;--awb-order-medium:0;--awb-spacing-right-medium:3.84%;--awb-spacing-left-medium:3.84%;--awb-width-small:100%;--awb-order-small:0;--awb-spacing-right-small:1.92%;--awb-spacing-left-small:1.92%;\"><div class=\"fusion-column-wrapper fusion-column-has-shadow fusion-flex-justify-content-flex-start fusion-content-layout-column\"><div class=\"fusion-image-element \" style=\"--awb-caption-title-font-family:var(--h2_typography-font-family);--awb-caption-title-font-weight:var(--h2_typography-font-weight);--awb-caption-title-font-style:var(--h2_typography-font-style);--awb-caption-title-size:var(--h2_typography-font-size);--awb-caption-title-transform:var(--h2_typography-text-transform);--awb-caption-title-line-height:var(--h2_typography-line-height);--awb-caption-title-letter-spacing:var(--h2_typography-letter-spacing);\"><span class=\" fusion-imageframe imageframe-none imageframe-2 hover-type-none top-200\" style=\"border-radius:8px;\"><img decoding=\"async\" width=\"522\" height=\"703\" alt=\"Esszimmerstuhl Dulcis mit ADAption-Funktion von ADA Mindful Living mit Armlehnen und Drehfu\u00df \" title=\"Essgruppe Vito von ADA . Mindful Living \u2013 Modern, hochwertig und nachhaltig produziert\" src=\"https:\/\/www.ada.at\/wp-content\/uploads\/2023\/11\/Essgruppe-Vito-von-ADA-.-Mindful-Living-\u2013-Modern-hochwertig-und-nachhaltig-produziert.jpg\" class=\"img-responsive wp-image-11726\"\/><\/span><\/div><\/div><\/div><div class=\"fusion-layout-column fusion_builder_column fusion-builder-column-4 fusion_builder_column_1_2 1_2 fusion-flex-column\" style=\"--awb-bg-size:cover;--awb-width-large:50%;--awb-margin-top-large:0px;--awb-spacing-right-large:3.84%;--awb-margin-bottom-large:20px;--awb-spacing-left-large:3.84%;--awb-width-medium:50%;--awb-order-medium:0;--awb-spacing-right-medium:3.84%;--awb-spacing-left-medium:3.84%;--awb-width-small:100%;--awb-order-small:0;--awb-spacing-right-small:1.92%;--awb-spacing-left-small:1.92%;\"><div class=\"fusion-column-wrapper fusion-column-has-shadow fusion-flex-justify-content-flex-start fusion-content-layout-column\"><div class=\"fusion-title title fusion-title-2 fusion-sep-none fusion-title-text fusion-title-size-three\" style=\"--awb-text-color:var(--awb-color5);--awb-margin-top-small:10px;--awb-margin-right-small:0px;--awb-margin-bottom-small:10px;--awb-margin-left-small:0px;\"><h3 class=\"fusion-title-heading title-heading-left\" style=\"margin:0;\">Bels\u0151 \u00e9s k\u00fcls\u0151 \u00e9rt\u00e9kek<\/h3><\/div><\/div><\/div><div class=\"fusion-layout-column fusion_builder_column fusion-builder-column-5 fusion_builder_column_1_2 1_2 fusion-flex-column\" style=\"--awb-padding-top:200px;--awb-bg-size:cover;--awb-border-color:var(--awb-color5);--awb-border-style:solid;--awb-width-large:50%;--awb-margin-top-large:-200px;--awb-spacing-right-large:3.84%;--awb-margin-bottom-large:0px;--awb-spacing-left-large:3.84%;--awb-width-medium:50%;--awb-order-medium:0;--awb-spacing-right-medium:3.84%;--awb-spacing-left-medium:3.84%;--awb-width-small:100%;--awb-order-small:0;--awb-spacing-right-small:1.92%;--awb-spacing-left-small:1.92%;\" data-scroll-devices=\"small-visibility,medium-visibility,large-visibility\"><div class=\"fusion-column-wrapper fusion-column-has-shadow fusion-flex-justify-content-flex-start fusion-content-layout-column\"><\/div><\/div><div class=\"fusion-layout-column fusion_builder_column fusion-builder-column-6 fusion_builder_column_1_2 1_2 fusion-flex-column\" style=\"--awb-bg-size:cover;--awb-border-color:var(--awb-color5);--awb-border-style:solid;--awb-width-large:50%;--awb-margin-top-large:0px;--awb-spacing-right-large:3.84%;--awb-margin-bottom-large:20px;--awb-spacing-left-large:3.84%;--awb-width-medium:50%;--awb-order-medium:0;--awb-spacing-right-medium:3.84%;--awb-spacing-left-medium:3.84%;--awb-width-small:100%;--awb-order-small:0;--awb-spacing-right-small:1.92%;--awb-spacing-left-small:1.92%;\" data-scroll-devices=\"small-visibility,medium-visibility,large-visibility\"><div class=\"fusion-column-wrapper fusion-column-has-shadow fusion-flex-justify-content-flex-start fusion-content-layout-column\"><div class=\"fusion-text fusion-text-2\" style=\"--awb-text-color:var(--awb-color5);--awb-margin-top:-450px;\"><p>A DULCIS \u00e9tkez\u0151garnit\u00fara bels\u0151 \u00e9rt\u00e9keivel is leny\u0171g\u00f6z, ugyanakkor a sz\u00e9k \u00e9s a pad r\u00e1n\u00e9z\u00e9sre is sz\u00e9p: letisztult vonalak, egyenletesen sima fel\u00fcletek \u00e9s lekerek\u00edtett \u00e9lek, amelyek val\u00f3s\u00e1ggal simogatj\u00e1k a b\u0151rt \u00e9rint\u00e9skor. A l\u00e1bak k\u00e9t v\u00e1ltozatban k\u00e9sz\u00fclnek, vannak cs\u00fasz\u00f3talpak \u00e9s forg\u00f3l\u00e1bak, a huzat lehet sz\u00f6vet vagy b\u0151r sokf\u00e9le nat\u00far sz\u00ednben. \u00d3ri\u00e1si a v\u00e1laszt\u00e9k!<\/p>\n<\/div><\/div><\/div><\/div><\/div><div class=\"fusion-fullwidth fullwidth-box fusion-builder-row-4 fusion-flex-container has-pattern-background has-mask-background nonhundred-percent-fullwidth non-hundred-percent-height-scrolling fusion-no-small-visibility cp-vergleichstabelle top100 bottom100\" style=\"--awb-border-radius-top-left:0px;--awb-border-radius-top-right:0px;--awb-border-radius-bottom-right:0px;--awb-border-radius-bottom-left:0px;--awb-flex-wrap:wrap;\" ><div class=\"fusion-builder-row fusion-row fusion-flex-align-items-flex-start fusion-flex-content-wrap\" style=\"max-width:1248px;margin-left: calc(-4% \/ 2 );margin-right: calc(-4% \/ 2 );\"><div class=\"fusion-layout-column fusion_builder_column fusion-builder-column-7 fusion_builder_column_1_1 1_1 fusion-flex-column table-compare-hl\" style=\"--awb-bg-size:cover;--awb-width-large:100%;--awb-margin-top-large:0px;--awb-spacing-right-large:1.92%;--awb-margin-bottom-large:20px;--awb-spacing-left-large:1.92%;--awb-width-medium:100%;--awb-order-medium:0;--awb-spacing-right-medium:1.92%;--awb-spacing-left-medium:1.92%;--awb-width-small:100%;--awb-order-small:0;--awb-spacing-right-small:1.92%;--awb-spacing-left-small:1.92%;\" data-scroll-devices=\"small-visibility,medium-visibility,large-visibility\"><div class=\"fusion-column-wrapper fusion-column-has-shadow fusion-flex-justify-content-flex-start fusion-content-layout-column\"><div class=\"fusion-title title fusion-title-3 fusion-no-small-visibility fusion-sep-none fusion-title-center fusion-title-text fusion-title-size-three\" style=\"--awb-text-color:var(--awb-color5);--awb-margin-top-small:10px;--awb-margin-right-small:0px;--awb-margin-bottom-small:10px;--awb-margin-left-small:0px;\"><h3 class=\"fusion-title-heading title-heading-center\" style=\"margin:0;\"><p>Hasonl\u00edtsd \u00f6ssze a DULCIS-t m\u00e1s<br \/>\nm\u00e1s \u00e9tkez\u0151garnit\u00far\u00e1inkkal<\/p><\/h3><\/div><\/div><\/div><div class=\"fusion-layout-column fusion_builder_column fusion-builder-column-8 fusion_builder_column_1_1 1_1 fusion-flex-column table-compare-box\" style=\"--awb-bg-size:cover;--awb-width-large:100%;--awb-margin-top-large:0px;--awb-spacing-right-large:1.92%;--awb-margin-bottom-large:20px;--awb-spacing-left-large:1.92%;--awb-width-medium:100%;--awb-order-medium:0;--awb-spacing-right-medium:1.92%;--awb-spacing-left-medium:1.92%;--awb-width-small:100%;--awb-order-small:0;--awb-spacing-right-small:1.92%;--awb-spacing-left-small:1.92%;\" data-scroll-devices=\"small-visibility,medium-visibility,large-visibility\"><div class=\"fusion-column-wrapper fusion-column-has-shadow fusion-flex-justify-content-flex-start fusion-content-layout-column\">\n<div class=\"table-1 table-compare\">\n<table style=\"width: 100%; height: 527px;\" width=\"100%\">\n<thead>\n<tr style=\"height: 87px;\">\n<th style=\"width: 11.4065%; height: 87px;\" align=\"left\"><\/th>\n<th style=\"width: 20.3259%; height: 87px;\" align=\"left\"><img decoding=\"async\" class=\"alignnone wp-image-8566 size-full\" src=\"https:\/\/www.ada.at\/wp-content\/uploads\/2023\/11\/essgruppe-VITO-ADA-Mindful-living.jpg\" alt=\"essgruppe VITO - ADA Mindful living\" width=\"300\" height=\"150\" \/><\/th>\n<th style=\"width: 37.2984%; height: 87px;\" align=\"left\"><img decoding=\"async\" class=\"alignnone wp-image-8565 size-full\" src=\"https:\/\/www.ada.at\/wp-content\/uploads\/2023\/11\/essgruppe-INA-ADA-Mindful-living.jpg\" alt=\"essgruppe INA - ADA Mindful living\" width=\"300\" height=\"150\" \/><\/th>\n<th style=\"width: 29.9401%; height: 87px;\" align=\"left\"><img decoding=\"async\" class=\"alignnone wp-image-8564 size-full\" src=\"https:\/\/www.ada.at\/wp-content\/uploads\/2023\/11\/essgruppe-ANI-ADA-Mindful-living.jpg\" alt=\"essgruppe ANI - ADA Mindful living\" width=\"300\" height=\"150\" \/><\/th>\n<\/tr>\n<\/thead>\n<tbody>\n<tr style=\"height: 24px;\">\n<td style=\"width: 11.4065%; height: 24px;\" align=\"left\"><strong>Modell<\/strong><\/td>\n<td style=\"width: 20.3259%; height: 24px;\" align=\"left\">DULCIS<\/td>\n<td style=\"width: 37.2984%; height: 24px;\" align=\"left\">INA<\/td>\n<td style=\"width: 29.9401%; height: 24px;\" align=\"left\">ANI<\/td>\n<\/tr>\n<tr style=\"height: 216px;\">\n<td style=\"width: 11.4065%; height: 216px;\"><strong>R\u00f6vid le\u00edr\u00e1s<\/strong><\/td>\n<td style=\"width: 20.3259%; height: 216px;\">A DULCIS \u00e9tkez\u0151garnit\u00fara egyszerre k\u00edn\u00e1lja a nyugodt \u00fcl\u00e9s \u00e9s a mocorg\u00e1s lehet\u0151s\u00e9g\u00e9t az ergonomikusan kialak\u00edtott, adapt\u00edv h\u00e1tt\u00e1ml\u00e1knak \u00e9s a t\u00e1ml\u00e1k fix als\u00f3 r\u00e9sz\u00e9nek k\u00f6sz\u00f6nhet\u0151en, ugyanakkor kiv\u00e1l\u00f3 min\u0151s\u00e9g\u0171 a rug\u00f3z\u00e1s \u00e9s \u00edzl\u00e9ses a kialak\u00edt\u00e1s, vagyis egyes\u00edti a k\u00e9nyelmet \u00e9s a st\u00edlust.<\/td>\n<td style=\"width: 37.2984%; height: 216px;\">A d\u00edjazott INA \u00e9tkez\u0151garnit\u00fara \u00fagy k\u00e9nyelmes, hogy k\u00f6zben teret ad a mozgol\u00f3d\u00e1snak: az ergonomikus sz\u00e9kek az ADAption funkci\u00f3nak k\u00f6sz\u00f6nhet\u0151en lehet\u0151v\u00e9 teszik a mozgol\u00f3d\u00e1st \u00fcl\u00e9s k\u00f6zben, a purista diz\u00e1jn pedig elnyerte a German Design Award 2023-at \u00e9s az ICONIC Awards 2023-at.<\/td>\n<td style=\"width: 29.9401%; height: 216px;\">Az ANI \u00e9tkez\u0151garnit\u00fara \u00f6tv\u00f6zi az ergon\u00f3mi\u00e1t \u00e9s a stabilit\u00e1st: a sz\u00e9kek adapt\u00edv h\u00e1tt\u00e1ml\u00e1ja rugalmasan alkalmazkodik a mozgol\u00f3d\u00e1shoz, viszont a pad fix h\u00e1tt\u00e1ml\u00e1t kapott, \u00edgy kiegyens\u00falyozott \u00e9s k\u00e9nyelmes \u00fcl\u00e9shelyzetet biztos\u00edt.<\/td>\n<\/tr>\n<tr style=\"height: 176px;\">\n<td style=\"height: 176px; width: 11.4065%;\"><strong>Saj\u00e1toss\u00e1gok<\/strong><\/td>\n<td style=\"height: 176px; width: 20.3259%;\">\n<ul>\n<li>Innovat\u00edv ADAption funkci\u00f3 az \u00f6r\u00f6kmozg\u00f3knak.<\/li>\n<li>A sz\u00e9ken \u00e9s a padon ergonomikus h\u00e1tt\u00e1ml\u00e1val<\/li>\n<li>Felejthetetlen \u00e9s rugalmas \u00fcl\u00e9skomfort<\/li>\n<\/ul>\n<\/td>\n<td style=\"height: 176px; width: 37.2984%;\">\n<ul>\n<li>D\u00edjak: German Design Award &amp;<br \/>\nICONIC Award<\/li>\n<li>Sz\u00e9kek ergonomikus h\u00e1tt\u00e1ml\u00e1val<\/li>\n<li>Letisztult diz\u00e1jn<\/li>\n<\/ul>\n<\/td>\n<td style=\"height: 176px; width: 29.9401%;\">\n<ul>\n<li>Innovat\u00edv ADAption funkci\u00f3 az \u00f6r\u00f6kmozg\u00f3knak<\/li>\n<li>Csinos diz\u00e1jn steppelt varr\u00e1ssal<\/li>\n<li>B\u00e1rsz\u00e9kk\u00e9nt is kaphat\u00f3<\/li>\n<\/ul>\n<\/td>\n<\/tr>\n<tr style=\"height: 24px;\">\n<td style=\"width: 11.4065%; height: 24px;\"><\/td>\n<td style=\"width: 20.3259%; height: 24px;\"><\/td>\n<td style=\"width: 37.2984%; height: 24px; text-align: left;\"><a class=\"button\" href=\"https:\/\/www.ada.at\/hu\/produkte\/lakik\/etkezogarniturak\/ina\/\">Ugr\u00e1s a term\u00e9khez<\/a><\/td>\n<td style=\"width: 29.9401%; height: 24px; text-align: left;\"><a class=\"button\" href=\"https:\/\/www.ada.at\/hu\/produkte\/lakik\/etkezogarniturak\/ani\/\">Ugr\u00e1s a term\u00e9khez<\/a><\/td>\n<\/tr>\n<\/tbody>\n<\/table>\n<\/div>\n<\/div><\/div><\/div><\/div><\/p>\n","protected":false},"excerpt":{"rendered":"<p>Szeretsz nyugodtan \u00fcld\u00f6g\u00e9lni, de k\u00f6zben m\u00e9gis mozogni? A DULCIS \u00e9tkez\u0151garnit\u00far\u00e1val mindezt egyszerre megteheted, r\u00e1ad\u00e1sul rendk\u00edv\u00fcl k\u00e9nyelmes \u00fcl\u00e9seken. Az eg\u00e9sznek az innovat\u00edv ADAption funkci\u00f3 az alapja. A sz\u00e9kek \u00e9s a pad h\u00e1tt\u00e1ml\u00e1ja ergonomikus kialak\u00edt\u00e1s\u00fa \u00e9s alkalmazkodik ahhoz, ha valaki izeg-mozog. A gerincoszlop \u00fcl\u00e9s k\u00f6zben sem szeretne elmerevedni. A h\u00e1tt\u00e1mla als\u00f3 r\u00e9sze ugyanakkor fix, \u00edgy azt\u00e1n teljes\u00fcl a nyugalom ir\u00e1nt v\u00e1gyakoz\u00e1s is. Ez azt\u00e1n a harm\u00f3nia!<\/p>\n<ul>\n<li>Innovat\u00edv ADAption funkci\u00f3 az \u00f6r\u00f6kmozg\u00f3knak<\/li>\n<li>A sz\u00e9ken \u00e9s a padon ergonomikus h\u00e1tt\u00e1ml\u00e1val<\/li>\n<li>Felejthetetlen \u00e9s rugalmas \u00fcl\u00e9skomfort<\/li>\n<li>T\u00f6bbf\u00e9le m\u00e9ret \u00e9s kivitel<\/li>\n<li>Egyenes vonal\u00fa, letisztult diz\u00e1jn<\/li>\n<li>Kiz\u00e1r\u00f3lag eur\u00f3pai gy\u00e1rt\u00e1sban k\u00e9sz\u00fcl<\/li>\n<\/ul>\n","protected":false},"featured_media":22823,"template":"","meta":{"_acf_changed":false},"product_brand":[],"product_cat":[331,618],"product_tag":[623,624,625,620,619,621,622],"class_list":{"0":"post-15117","1":"product","2":"type-product","3":"status-publish","4":"has-post-thumbnail","6":"product_cat-ada-hu","7":"product_cat-etkezogarniturak","8":"product_tag-6-szemelynek","9":"product_tag-180cm-hu-3","10":"product_tag-210cm-hu-3","11":"product_tag-adaption-hu","12":"product_tag-etkezogarniturak","13":"product_tag-max-4-szemelynek","14":"product_tag-max-6-szemelynek","15":"post-status-publish","17":"first","18":"instock","19":"shipping-taxable","20":"product-type-simple","21":"add-to-wishlist-before_image"},"acf":[],"_links":{"self":[{"href":"https:\/\/www.ada.at\/hu\/wp-json\/wp\/v2\/product\/15117","targetHints":{"allow":["GET"]}}],"collection":[{"href":"https:\/\/www.ada.at\/hu\/wp-json\/wp\/v2\/product"}],"about":[{"href":"https:\/\/www.ada.at\/hu\/wp-json\/wp\/v2\/types\/product"}],"version-history":[{"count":0,"href":"https:\/\/www.ada.at\/hu\/wp-json\/wp\/v2\/product\/15117\/revisions"}],"wp:featuredmedia":[{"embeddable":true,"href":"https:\/\/www.ada.at\/hu\/wp-json\/wp\/v2\/media\/22823"}],"wp:attachment":[{"href":"https:\/\/www.ada.at\/hu\/wp-json\/wp\/v2\/media?parent=15117"}],"wp:term":[{"taxonomy":"product_brand","embeddable":true,"href":"https:\/\/www.ada.at\/hu\/wp-json\/wp\/v2\/product_brand?post=15117"},{"taxonomy":"product_cat","embeddable":true,"href":"https:\/\/www.ada.at\/hu\/wp-json\/wp\/v2\/product_cat?post=15117"},{"taxonomy":"product_tag","embeddable":true,"href":"https:\/\/www.ada.at\/hu\/wp-json\/wp\/v2\/product_tag?post=15117"}],"curies":[{"name":"wp","href":"https:\/\/api.w.org\/{rel}","templated":true}]}}