{"id":15114,"date":"2023-09-29T01:57:32","date_gmt":"2023-09-28T23:57:32","guid":{"rendered":"https:\/\/www.ada.at\/produkte\/nem-kategorizalt\/x-large\/"},"modified":"2025-07-28T10:54:34","modified_gmt":"2025-07-28T08:54:34","slug":"x-large","status":"publish","type":"product","link":"https:\/\/www.ada.at\/hu\/produkte\/alvas\/matracok\/rugos-mag\/x-large\/","title":{"rendered":"X-Large"},"content":{"rendered":"<p><div class=\"fusion-fullwidth fullwidth-box fusion-builder-row-1 fusion-flex-container nonhundred-percent-fullwidth non-hundred-percent-height-scrolling\" style=\"--awb-border-radius-top-left:0px;--awb-border-radius-top-right:0px;--awb-border-radius-bottom-right:0px;--awb-border-radius-bottom-left:0px;--awb-flex-wrap:wrap;\" ><div class=\"fusion-builder-row fusion-row fusion-flex-align-items-flex-start fusion-flex-content-wrap\" style=\"max-width:1248px;margin-left: calc(-4% \/ 2 );margin-right: calc(-4% \/ 2 );\"><div class=\"fusion-layout-column fusion_builder_column fusion-builder-column-0 fusion_builder_column_1_1 1_1 fusion-flex-column\" style=\"--awb-bg-blend:overlay;--awb-bg-size:cover;--awb-width-large:100%;--awb-margin-top-large:0px;--awb-spacing-right-large:1.92%;--awb-margin-bottom-large:0px;--awb-spacing-left-large:1.92%;--awb-width-medium:100%;--awb-spacing-right-medium:1.92%;--awb-spacing-left-medium:1.92%;--awb-width-small:100%;--awb-spacing-right-small:1.92%;--awb-spacing-left-small:1.92%;\"><div class=\"fusion-column-wrapper fusion-flex-justify-content-flex-start fusion-content-layout-column\"><div class=\"fusion-separator fusion-full-width-sep\" style=\"align-self: center;margin-left: auto;margin-right: auto;width:100%;\"><\/div><\/div><\/div><\/div><\/div><div class=\"fusion-fullwidth fullwidth-box fusion-builder-row-2 fusion-flex-container has-pattern-background has-mask-background nonhundred-percent-fullwidth non-hundred-percent-height-scrolling\" style=\"--awb-border-radius-top-left:0px;--awb-border-radius-top-right:0px;--awb-border-radius-bottom-right:0px;--awb-border-radius-bottom-left:0px;--awb-padding-top:50px;--awb-padding-bottom:50px;--awb-padding-left:0px;--awb-background-color:var(--awb-color6);--awb-flex-wrap:wrap;\" ><div class=\"fusion-builder-row fusion-row fusion-flex-align-items-flex-start fusion-flex-content-wrap\" style=\"max-width:1248px;margin-left: calc(-4% \/ 2 );margin-right: calc(-4% \/ 2 );\"><div class=\"fusion-layout-column fusion_builder_column fusion-builder-column-1 fusion_builder_column_1_1 1_1 fusion-flex-column\" style=\"--awb-bg-size:cover;--awb-width-large:100%;--awb-margin-top-large:0px;--awb-spacing-right-large:1.92%;--awb-margin-bottom-large:20px;--awb-spacing-left-large:1.92%;--awb-width-medium:100%;--awb-order-medium:0;--awb-spacing-right-medium:1.92%;--awb-spacing-left-medium:1.92%;--awb-width-small:100%;--awb-order-small:0;--awb-spacing-right-small:1.92%;--awb-spacing-left-small:1.92%;\"><div class=\"fusion-column-wrapper fusion-column-has-shadow fusion-flex-justify-content-flex-start fusion-content-layout-column\"><div class=\"accordian fusion-accordian\" style=\"--awb-border-size:1px;--awb-icon-size:16px;--awb-content-font-size:var(--awb-typography4-font-size);--awb-icon-alignment:right;--awb-hover-color:var(--awb-color2);--awb-border-color:var(--awb-color3);--awb-background-color:var(--awb-color1);--awb-divider-color:var(--awb-color3);--awb-divider-hover-color:var(--awb-color3);--awb-icon-color:var(--awb-color5);--awb-title-color:var(--awb-color5);--awb-content-color:var(--awb-color5);--awb-icon-box-color:var(--awb-color8);--awb-toggle-hover-accent-color:var(--awb-color5);--awb-toggle-active-accent-color:var(--awb-color5);--awb-title-font-family:&quot;sofia-pro&quot;;--awb-title-font-weight:700;--awb-title-font-style:normal;--awb-title-font-size:16px;--awb-content-font-family:&quot;sofia-pro&quot;;--awb-content-font-style:normal;--awb-content-font-weight:400;\"><div class=\"panel-group fusion-toggle-icon-right fusion-toggle-icon-unboxed\" id=\"accordion-15114-1\"><div class=\"fusion-panel panel-default panel-1bfbf500fd97aa3c0 fusion-toggle-has-divider\"><div class=\"panel-heading\"><h3 class=\"panel-title toggle\" id=\"toggle_1bfbf500fd97aa3c0\"><a aria-expanded=\"false\" aria-controls=\"1bfbf500fd97aa3c0\" role=\"button\" data-toggle=\"collapse\" data-parent=\"#accordion-15114-1\" data-target=\"#1bfbf500fd97aa3c0\" href=\"#1bfbf500fd97aa3c0\"><span class=\"fusion-toggle-icon-wrapper\" aria-hidden=\"true\"><i class=\"fa-fusion-box active-icon fa-angle-up fas\" aria-hidden=\"true\"><\/i><i class=\"fa-fusion-box inactive-icon fa-angle-down fas\" aria-hidden=\"true\"><\/i><\/span><span class=\"fusion-toggle-heading\">Matracmag<\/span><\/a><\/h3><\/div><div id=\"1bfbf500fd97aa3c0\" class=\"panel-collapse collapse \" aria-labelledby=\"toggle_1bfbf500fd97aa3c0\"><div class=\"panel-body toggle-content fusion-clearfix\">\n<ul>\n<li>Hideghab<\/li>\n<li>Rug\u00f3s mag<\/li>\n<\/ul>\n<\/div><\/div><\/div><div class=\"fusion-panel panel-default panel-5ebc9dbe9d21d7e5b fusion-toggle-has-divider\"><div class=\"panel-heading\"><h3 class=\"panel-title toggle\" id=\"toggle_5ebc9dbe9d21d7e5b\"><a aria-expanded=\"false\" aria-controls=\"5ebc9dbe9d21d7e5b\" role=\"button\" data-toggle=\"collapse\" data-parent=\"#accordion-15114-1\" data-target=\"#5ebc9dbe9d21d7e5b\" href=\"#5ebc9dbe9d21d7e5b\"><span class=\"fusion-toggle-icon-wrapper\" aria-hidden=\"true\"><i class=\"fa-fusion-box active-icon fa-angle-up fas\" aria-hidden=\"true\"><\/i><i class=\"fa-fusion-box inactive-icon fa-angle-down fas\" aria-hidden=\"true\"><\/i><\/span><span class=\"fusion-toggle-heading\">Kem\u00e9nys\u00e9g<\/span><\/a><\/h3><\/div><div id=\"5ebc9dbe9d21d7e5b\" class=\"panel-collapse collapse \" aria-labelledby=\"toggle_5ebc9dbe9d21d7e5b\"><div class=\"panel-body toggle-content fusion-clearfix\">\n<ul>\n<li>H2<\/li>\n<li>H3<\/li>\n<li>H4<\/li>\n<li>H5<\/li>\n<\/ul>\n<\/div><\/div><\/div><div class=\"fusion-panel panel-default panel-be1778a7b9bd28c82 fusion-toggle-has-divider\"><div class=\"panel-heading\"><h3 class=\"panel-title toggle\" id=\"toggle_be1778a7b9bd28c82\"><a aria-expanded=\"false\" aria-controls=\"be1778a7b9bd28c82\" role=\"button\" data-toggle=\"collapse\" data-parent=\"#accordion-15114-1\" data-target=\"#be1778a7b9bd28c82\" href=\"#be1778a7b9bd28c82\"><span class=\"fusion-toggle-icon-wrapper\" aria-hidden=\"true\"><i class=\"fa-fusion-box active-icon fa-angle-up fas\" aria-hidden=\"true\"><\/i><i class=\"fa-fusion-box inactive-icon fa-angle-down fas\" aria-hidden=\"true\"><\/i><\/span><span class=\"fusion-toggle-heading\">Sz\u00e9less\u00e9g<\/span><\/a><\/h3><\/div><div id=\"be1778a7b9bd28c82\" class=\"panel-collapse collapse \" aria-labelledby=\"toggle_be1778a7b9bd28c82\"><div class=\"panel-body toggle-content fusion-clearfix\">\n<ul>\n<li>80 cm<\/li>\n<li>90 cm<\/li>\n<li>100 cm<\/li>\n<li>120 cm<\/li>\n<li>140 cm<\/li>\n<li>160 cm<\/li>\n<li>180 cm<\/li>\n<li>200 cm<\/li>\n<\/ul>\n<\/div><\/div><\/div><div class=\"fusion-panel panel-default panel-ebd0413f214a0a6cc fusion-toggle-has-divider\"><div class=\"panel-heading\"><h3 class=\"panel-title toggle\" id=\"toggle_ebd0413f214a0a6cc\"><a aria-expanded=\"false\" aria-controls=\"ebd0413f214a0a6cc\" role=\"button\" data-toggle=\"collapse\" data-parent=\"#accordion-15114-1\" data-target=\"#ebd0413f214a0a6cc\" href=\"#ebd0413f214a0a6cc\"><span class=\"fusion-toggle-icon-wrapper\" aria-hidden=\"true\"><i class=\"fa-fusion-box active-icon fa-angle-up fas\" aria-hidden=\"true\"><\/i><i class=\"fa-fusion-box inactive-icon fa-angle-down fas\" aria-hidden=\"true\"><\/i><\/span><span class=\"fusion-toggle-heading\">Hossz<\/span><\/a><\/h3><\/div><div id=\"ebd0413f214a0a6cc\" class=\"panel-collapse collapse \" aria-labelledby=\"toggle_ebd0413f214a0a6cc\"><div class=\"panel-body toggle-content fusion-clearfix\">\n<ul>\n<li>190 cm<\/li>\n<li>200 cm<\/li>\n<li>210 cm<\/li>\n<li>220 cm<\/li>\n<\/ul>\n<\/div><\/div><\/div><div class=\"fusion-panel panel-default panel-16d6b859e2b953d26 fusion-toggle-has-divider\"><div class=\"panel-heading\"><h3 class=\"panel-title toggle\" id=\"toggle_16d6b859e2b953d26\"><a aria-expanded=\"false\" aria-controls=\"16d6b859e2b953d26\" role=\"button\" data-toggle=\"collapse\" data-parent=\"#accordion-15114-1\" data-target=\"#16d6b859e2b953d26\" href=\"#16d6b859e2b953d26\"><span class=\"fusion-toggle-icon-wrapper\" aria-hidden=\"true\"><i class=\"fa-fusion-box active-icon fa-angle-up fas\" aria-hidden=\"true\"><\/i><i class=\"fa-fusion-box inactive-icon fa-angle-down fas\" aria-hidden=\"true\"><\/i><\/span><span class=\"fusion-toggle-heading\">Funkci\u00f3k<\/span><\/a><\/h3><\/div><div id=\"16d6b859e2b953d26\" class=\"panel-collapse collapse \" aria-labelledby=\"toggle_16d6b859e2b953d26\"><div class=\"panel-body toggle-content fusion-clearfix\">\n<ul>\n<li>L\u00e9g\u00e1tereszt\u0151<\/li>\n<li>Nem allerg\u00e9n<\/li>\n<li>Nedvess\u00e9gszab\u00e1lyoz\u00f3<\/li>\n<li>Moshat\u00f3<\/li>\n<li>Megford\u00edthat\u00f3<\/li>\n<li>H\u00e9tz\u00f3n\u00e1s<\/li>\n<\/ul>\n<\/div><\/div><\/div><\/div><\/div><\/div><\/div><\/div><\/div><div class=\"fusion-fullwidth fullwidth-box fusion-builder-row-3 fusion-flex-container has-pattern-background has-mask-background nonhundred-percent-fullwidth non-hundred-percent-height-scrolling cp-textlogos\" style=\"--awb-border-radius-top-left:0px;--awb-border-radius-top-right:0px;--awb-border-radius-bottom-right:0px;--awb-border-radius-bottom-left:0px;--awb-padding-top:50px;--awb-padding-bottom:50px;--awb-flex-wrap:wrap;\" ><div class=\"fusion-builder-row fusion-row fusion-flex-align-items-center fusion-flex-justify-content-center fusion-flex-content-wrap\" style=\"max-width:1248px;margin-left: calc(-4% \/ 2 );margin-right: calc(-4% \/ 2 );\"><div class=\"fusion-layout-column fusion_builder_column fusion-builder-column-2 fusion_builder_column_1_3 1_3 fusion-flex-column fusion-flex-align-self-flex-start\" style=\"--awb-bg-color:var(--awb-color1);--awb-bg-color-hover:var(--awb-color1);--awb-bg-size:cover;--awb-width-large:33.333333333333%;--awb-margin-top-large:0px;--awb-spacing-right-large:5.76%;--awb-margin-bottom-large:20px;--awb-spacing-left-large:5.76%;--awb-width-medium:33.333333333333%;--awb-order-medium:0;--awb-spacing-right-medium:5.76%;--awb-spacing-left-medium:5.76%;--awb-width-small:100%;--awb-order-small:0;--awb-spacing-right-small:1.92%;--awb-spacing-left-small:1.92%;\" data-scroll-devices=\"small-visibility,medium-visibility,large-visibility\"><div class=\"fusion-column-wrapper fusion-column-has-shadow fusion-flex-justify-content-flex-start fusion-content-layout-column\"><div class=\"fusion-title title fusion-title-1 fusion-sep-none fusion-title-text fusion-title-size-two\" style=\"--awb-text-color:var(--awb-color5);--awb-margin-top-small:10px;--awb-margin-right-small:0px;--awb-margin-bottom-small:10px;--awb-margin-left-small:0px;\"><h2 class=\"fusion-title-heading title-heading-left\" style=\"margin:0;\">Eg\u00e9szs\u00e9g\u00fcgyi biztons\u00e1g<\/h2><\/div><\/div><\/div><div class=\"fusion-layout-column fusion_builder_column fusion-builder-column-3 fusion_builder_column_2_3 2_3 fusion-flex-column fusion-flex-align-self-flex-start\" style=\"--awb-bg-size:cover;--awb-width-large:66.666666666667%;--awb-margin-top-large:0px;--awb-spacing-right-large:2.88%;--awb-margin-bottom-large:20px;--awb-spacing-left-large:2.88%;--awb-width-medium:66.666666666667%;--awb-order-medium:0;--awb-spacing-right-medium:2.88%;--awb-spacing-left-medium:2.88%;--awb-width-small:100%;--awb-order-small:0;--awb-spacing-right-small:1.92%;--awb-spacing-left-small:1.92%;\" data-scroll-devices=\"small-visibility,medium-visibility,large-visibility\"><div class=\"fusion-column-wrapper fusion-column-has-shadow fusion-flex-justify-content-flex-start fusion-content-layout-column\"><div class=\"fusion-text fusion-text-1\" style=\"--awb-text-color:var(--awb-color5);\"><p>Az X-Large mindk\u00e9t v\u00e1ltozata rendelkezik a Goldenes M tan\u00fas\u00edtv\u00e1nnyal, ez Eur\u00f3pa legszigor\u00fabb min\u0151s\u00e9g-ellen\u0151rz\u00e9si szabv\u00e1nya a matracokn\u00e1l. Garanci\u00e1t jelent a szennyez\u0151anyag-mentes el\u0151\u00e1ll\u00edt\u00e1sra \u00e9s az eg\u00e9szs\u00e9g\u00fcgyi biztons\u00e1gra.<\/p>\n<p><a href=\"https:\/\/www.ada.at\/wp-content\/uploads\/2023\/09\/Guetezeichen-Moebel-Goldenes-M.jpg\"><img decoding=\"async\" class=\" wp-image-8058\" src=\"https:\/\/www.ada.at\/wp-content\/uploads\/2023\/09\/Guetezeichen-Moebel-Goldenes-M.jpg\" alt=\"G\u00fctezeichen M\u00f6bel: Goldes M - Qualitative M\u00f6bel aus \u00d6sterreich und Deutschland\" width=\"100\" height=\"191\" \/><\/a><\/p>\n<\/div><\/div><\/div><\/div><\/div><div class=\"fusion-fullwidth fullwidth-box fusion-builder-row-4 fusion-flex-container has-pattern-background has-mask-background nonhundred-percent-fullwidth non-hundred-percent-height-scrolling fusion-no-small-visibility cp-vergleichstabelle top100 bottom100\" style=\"--awb-border-radius-top-left:0px;--awb-border-radius-top-right:0px;--awb-border-radius-bottom-right:0px;--awb-border-radius-bottom-left:0px;--awb-flex-wrap:wrap;\" ><div class=\"fusion-builder-row fusion-row fusion-flex-align-items-flex-start fusion-flex-content-wrap\" style=\"max-width:1248px;margin-left: calc(-4% \/ 2 );margin-right: calc(-4% \/ 2 );\"><div class=\"fusion-layout-column fusion_builder_column fusion-builder-column-4 fusion_builder_column_1_1 1_1 fusion-flex-column table-compare-hl\" style=\"--awb-bg-size:cover;--awb-width-large:100%;--awb-margin-top-large:0px;--awb-spacing-right-large:1.92%;--awb-margin-bottom-large:20px;--awb-spacing-left-large:1.92%;--awb-width-medium:100%;--awb-order-medium:0;--awb-spacing-right-medium:1.92%;--awb-spacing-left-medium:1.92%;--awb-width-small:100%;--awb-order-small:0;--awb-spacing-right-small:1.92%;--awb-spacing-left-small:1.92%;\" data-scroll-devices=\"small-visibility,medium-visibility,large-visibility\"><div class=\"fusion-column-wrapper fusion-column-has-shadow fusion-flex-justify-content-flex-start fusion-content-layout-column\"><div class=\"fusion-title title fusion-title-2 fusion-sep-none fusion-title-center fusion-title-text fusion-title-size-three\" style=\"--awb-text-color:var(--awb-color5);--awb-margin-top-small:10px;--awb-margin-right-small:0px;--awb-margin-bottom-small:10px;--awb-margin-left-small:0px;\"><h3 class=\"fusion-title-heading title-heading-center\" style=\"margin:0;\">Az X-LARGRE matrac a t\u00f6bbi matracunkkal \u00f6sszehasonl\u00edtva<\/h3><\/div><\/div><\/div><div class=\"fusion-layout-column fusion_builder_column fusion-builder-column-5 fusion_builder_column_1_1 1_1 fusion-flex-column table-compare-box\" style=\"--awb-bg-size:cover;--awb-width-large:100%;--awb-margin-top-large:0px;--awb-spacing-right-large:1.92%;--awb-margin-bottom-large:20px;--awb-spacing-left-large:1.92%;--awb-width-medium:100%;--awb-order-medium:0;--awb-spacing-right-medium:1.92%;--awb-spacing-left-medium:1.92%;--awb-width-small:100%;--awb-order-small:0;--awb-spacing-right-small:1.92%;--awb-spacing-left-small:1.92%;\" data-scroll-devices=\"small-visibility,medium-visibility,large-visibility\"><div class=\"fusion-column-wrapper fusion-column-has-shadow fusion-flex-justify-content-flex-start fusion-content-layout-column\">\n<div class=\"table-1 fusion-no-small-visibility table-compare\">\n<table style=\"width: 100%; height: 552px;\" width=\"100%\">\n<thead>\n<tr style=\"height: 87px;\">\n<th style=\"width: 11.4065%; height: 87px;\" align=\"left\"><\/th>\n<th style=\"width: 20.3259%; height: 87px;\" align=\"left\"><img decoding=\"async\" class=\"alignnone wp-image-8569 size-full\" src=\"https:\/\/www.ada.at\/wp-content\/uploads\/2023\/11\/X-LARGE-Matratze-Hochwertige-Matratzen-fuer-dein-neues-Bett-von-ADA-Mindful-Living-oder-Austria-Premium-Trendline.jpg\" alt=\"X-LARGE Matratze - Hochwertige Matratzen f\u00fcr dein neues Bett von ADA Mindful Living oder Austria Premium Trendline\" width=\"300\" height=\"150\" \/><\/th>\n<th style=\"width: 37.2984%; height: 87px;\" align=\"left\"><img decoding=\"async\" class=\"alignnone wp-image-8572 size-full\" src=\"https:\/\/www.ada.at\/wp-content\/uploads\/2023\/11\/Klima-Matratze-Hochwertige-Matratzen-fuer-dein-neues-Bett-von-ADA-Mindful-Living-oder-Austria-Premium-Trendline.jpg\" alt=\"Klima Matratze - Hochwertige Matratzen f\u00fcr dein neues Bett von ADA Mindful Living oder Austria Premium Trendline\" width=\"300\" height=\"150\" \/><\/th>\n<th style=\"width: 29.9401%; height: 87px;\" align=\"left\"><img decoding=\"async\" class=\"alignnone wp-image-8571 size-full\" src=\"https:\/\/www.ada.at\/wp-content\/uploads\/2023\/11\/ADA-CAPELLA-Matratze-Hochwertige-Matratzen-fuer-dein-neues-Bett-von-ADA-Mindful-Living-oder-Austria-Premium-Trendline.jpg\" alt=\"ADA CAPELLA Matratze - Hochwertige Matratzen f\u00fcr dein neues Bett von ADA Mindful Living oder Austria Premium Trendline\" width=\"300\" height=\"150\" \/><\/th>\n<\/tr>\n<\/thead>\n<tbody>\n<tr style=\"height: 24px;\">\n<td style=\"width: 11.4065%; height: 24px;\" align=\"left\"><strong>Modell<\/strong><\/td>\n<td style=\"width: 20.3259%; height: 24px;\" align=\"left\">X-LARGE<\/td>\n<td style=\"width: 37.2984%; height: 24px;\" align=\"left\">KLIMA<\/td>\n<td style=\"width: 29.9401%; height: 24px;\" align=\"left\">CAUTELA<\/td>\n<\/tr>\n<tr style=\"height: 216px;\">\n<td style=\"width: 11.4065%; height: 216px;\"><strong>R\u00f6vid le\u00edr\u00e1s<\/strong><\/td>\n<td style=\"width: 20.3259%; height: 216px;\">Az X-LARGE matrac olyan embereknek val\u00f3, akiknek kompakt testform\u00e1juk van, max 150 kg s\u00falyig, a matrac kit\u0171n\u0151 al\u00e1t\u00e1maszt\u00e1st ny\u00fajt ergonomikus fel\u00e9p\u00edt\u00e9s\u00e9nek k\u00f6sz\u00f6nhet\u0151en, amely igazodik a test mozg\u00e1s\u00e1hoz, van v\u00e1laszt\u00e1si lehet\u0151s\u00e9g a h\u0151t\u00e1rol\u00f3s hideghab \u00e9s a j\u00f3l szell\u0151z\u0151 zs\u00e1krug\u00f3s kivitel k\u00f6z\u00f6tt, rendelkezik a Goldenes M tan\u00fas\u00edtv\u00e1nnyal, vagyis szennyez\u0151anyag-mentes az el\u0151\u00e1ll\u00edt\u00e1sa \u00e9s eg\u00e9szs\u00e9g\u00fcgyi szempontb\u00f3l biztons\u00e1gos.<\/td>\n<td style=\"width: 37.2984%; height: 216px;\">A KLIMA forgathat\u00f3 matrac eg\u00e9sz \u00e9vben k\u00e9nyelmes, mert az Aqua Cool technol\u00f3gi\u00e1nak k\u00f6sz\u00f6nhet\u0151en az egyik oldala h\u0171v\u00f6s, mert j\u00f3 a l\u00e9g\u00e1tereszt\u0151 k\u00e9pess\u00e9ge, ugyanakkor a matrac m\u00e1sik oldala t\u00e9len meleg marad a matrac h\u0151t\u00e1rol\u00f3 k\u00e9pess\u00e9g\u00e9nek k\u00f6sz\u00f6nhet\u0151en, ez az oldal kieg\u00e9sz\u00fcl m\u00e9g egy l\u00e9legz\u0151 r\u00e9teggel, amely cs\u00f6kkenti a nedvess\u00e9get, a Goldenes M tan\u00fas\u00edtv\u00e1ny pedig garancia a szennyez\u0151anyag-mentes el\u0151\u00e1ll\u00edt\u00e1sra \u00e9s az eg\u00e9szs\u00e9g\u00fcgyi biztons\u00e1gra.<\/td>\n<td style=\"width: 29.9401%; height: 216px;\">A CAUTELA matrac eset\u00e9ben a sokoldal\u00fas\u00e1got lehet kiemelni, j\u00f3l alkalmazkodik a k\u00fcl\u00f6nb\u00f6z\u0151 testt\u00edpusokhoz \u00e9s k\u00e9nyelmi ig\u00e9nyekhez, lehet v\u00e1lasztani a h\u0151tart\u00f3 \u00e9s puha hideghabos mag \u00e9s a h\u0171v\u00f6sebb \u00e9jszak\u00e1khoz val\u00f3 l\u00e9g\u00e1tereszt\u0151 zs\u00e1krug\u00f3s mag k\u00f6z\u00f6tt, ez a matrac j\u00f3l t\u00fckr\u00f6zi az ADA t\u00f6bb \u00e9vtizedes tapasztalat\u00e1t az egy\u00e9ni ig\u00e9nyeknek megfelel\u0151 matracok gy\u00e1rt\u00e1sban, hatalmas v\u00e1laszt\u00e9kot k\u00edn\u00e1lunk, k\u00f6zel 1000 v\u00e1ltozatb\u00f3l lehet v\u00e1lasztani.<\/td>\n<\/tr>\n<tr style=\"height: 176px;\">\n<td style=\"height: 176px; width: 11.4065%;\"><strong>Saj\u00e1toss\u00e1gok<\/strong><\/td>\n<td style=\"height: 176px; width: 20.3259%;\">\n<ul>\n<li>Max. 150 kg s\u00falyig<\/li>\n<li>Cser\u00e9lhet\u0151 huzat, moshat\u00f3 60 \u00b0C-ig<\/li>\n<li>Kem\u00e9nys\u00e9g: k\u00f6zepesen kem\u00e9ny, kem\u00e9ny, nagyon kem\u00e9ny, nagyon-nagyon kem\u00e9ny<\/li>\n<\/ul>\n<\/td>\n<td style=\"height: 176px; width: 37.2984%;\">\n<ul>\n<li>Az \u00e9vszakok v\u00e1ltoz\u00e1sa szerint forgathat\u00f3 matrac<\/li>\n<li>Egyik oldalon h\u0171s\u00edt, a m\u00e1sik oldalon melegen tart.<\/li>\n<li>Cser\u00e9lhet\u0151 huzat, \u00e9s moshat\u00f3 60 \u00b0C-ig<\/li>\n<\/ul>\n<\/td>\n<td style=\"height: 176px; width: 29.9401%;\">\n<ul>\n<li>Minden testt\u00edpushoz idomul<\/li>\n<li>Haszn\u00e1lhatj\u00e1k gyerekek \u00e9s kamaszok is<\/li>\n<li>Kem\u00e9nys\u00e9g: k\u00f6zepesen kem\u00e9ny, kem\u00e9ny vagy nagyon kem\u00e9ny<\/li>\n<\/ul>\n<\/td>\n<\/tr>\n<tr style=\"height: 24px;\">\n<td style=\"width: 11.4065%; height: 24px;\"><\/td>\n<td style=\"width: 20.3259%; height: 24px;\"><\/td>\n<td style=\"width: 37.2984%; height: 24px; text-align: left;\"><a class=\"button\" href=\"https:\/\/www.ada.at\/hu\/produkte\/alvas\/matracok\/habanyag\/klima\/\">Ugr\u00e1s a term\u00e9khez<\/a><\/td>\n<td style=\"width: 29.9401%; height: 24px; text-align: left;\"><a class=\"button\" href=\"https:\/\/www.ada.at\/hu\/produkte\/alvas\/matracok\/habanyag\/cautela\/\">Ugr\u00e1s a term\u00e9khez<\/a><\/td>\n<\/tr>\n<\/tbody>\n<\/table>\n<\/div>\n<\/div><\/div><\/div><\/div><\/p>\n","protected":false},"excerpt":{"rendered":"<p>Az X-Large azokhoz illik, akik kompakt testform\u00e1val rendelkeznek, \u00e9s a s\u00falyuk legfeljebb 150 kg. A matraccsal\u00e1d modelljei tart\u00e1st adnak neked, \u00e9s k\u00e9pesek megfelel\u0151 al\u00e1t\u00e1maszt\u00e1st adni felkel\u00e9skor \u00e9s lefekv\u00e9skor. Err\u0151l az ergonomikus fel\u00e9p\u00edt\u00e9s gondoskodik: azokon a helyeken, ahol a test felfekszik, a matrac finoman behajlik, \u00e9s alkalmazkodik a mozg\u00e1sodhoz. A form\u00e1ja m\u00e9gis stabil marad. Az X-Large matrac belseje k\u00e9tf\u00e9le lehet: a hideghabos mag t\u00e1rolja a testh\u0151t, ami ide\u00e1lis v\u00e1laszt\u00e1s lehet, ha \u00e9jszaka f\u00e1z\u00f3s vagy. Ha viszont alv\u00e1s k\u00f6zben ink\u00e1bb izzadni szokt\u00e1l, akkor jobb v\u00e1laszt\u00e1s egy zs\u00e1krug\u00f3s matrac \u2013 a leveg\u0151 ebben j\u00f3l tud \u00e1ramlani a rug\u00f3k k\u00f6z\u00f6tt, ez a v\u00e1ltozat jobban szell\u0151zik.<\/p>\n<ul>\n<li>Matraccsal\u00e1d kompakt testform\u00e1khoz<\/li>\n<li>Max. 150 kg s\u00falyig<\/li>\n<li>Hideghab vagy zs\u00e1krug\u00f3<\/li>\n<li>Kem\u00e9nys\u00e9g: k\u00f6zepesen kem\u00e9ny, kem\u00e9ny, nagyon kem\u00e9ny, nagyon-nagyon kem\u00e9ny<\/li>\n<li>Cser\u00e9lhet\u0151 huzat, moshat\u00f3 60 \u00b0C-ig<\/li>\n<li>Goldenes M: matracokhoz kiadott legszigor\u00fabb tan\u00fas\u00edtv\u00e1ny.<\/li>\n<\/ul>\n","protected":false},"featured_media":9900,"template":"","meta":{"_acf_changed":false},"product_brand":[],"product_cat":[551,585,583,584],"product_tag":[591,592,593,594,595,597,596,598,599,600,612,589,590,587,588,610,611,603,604,586,607,606,605,613,602,608],"class_list":{"0":"post-15114","1":"product","2":"type-product","3":"status-publish","4":"has-post-thumbnail","6":"product_cat-alvas","7":"product_cat-habanyag","8":"product_cat-matracok","9":"product_cat-rugos-mag","10":"product_tag-100cm-hu-2","11":"product_tag-120cm-hu-3","12":"product_tag-140cm-hu-4","13":"product_tag-160cm-hu-2","14":"product_tag-180cm-hu-2","15":"product_tag-190cm-hu-3","16":"product_tag-200cm-hu-4","17":"product_tag-200cm-hu-5","18":"product_tag-210cm-hu-2","19":"product_tag-220cm-hu-2","20":"product_tag-27cm-hu","21":"product_tag-80cm-hu-2","22":"product_tag-90cm-hu-2","23":"product_tag-h2-hu","24":"product_tag-h3-hu","25":"product_tag-h4-hu","26":"product_tag-h5-hu","27":"product_tag-hetzonas","28":"product_tag-legatereszto","29":"product_tag-matracok","30":"product_tag-megfordithato","31":"product_tag-moshato-huzat","32":"product_tag-nedvessegszabalyozo","33":"product_tag-nem-allergen","34":"product_tag-oetzonas","35":"product_tag-kueloenboezo-kemenyseggel","36":"post-status-publish","38":"first","39":"instock","40":"shipping-taxable","41":"product-type-simple","42":"add-to-wishlist-before_image"},"acf":[],"_links":{"self":[{"href":"https:\/\/www.ada.at\/hu\/wp-json\/wp\/v2\/product\/15114","targetHints":{"allow":["GET"]}}],"collection":[{"href":"https:\/\/www.ada.at\/hu\/wp-json\/wp\/v2\/product"}],"about":[{"href":"https:\/\/www.ada.at\/hu\/wp-json\/wp\/v2\/types\/product"}],"version-history":[{"count":1,"href":"https:\/\/www.ada.at\/hu\/wp-json\/wp\/v2\/product\/15114\/revisions"}],"predecessor-version":[{"id":23097,"href":"https:\/\/www.ada.at\/hu\/wp-json\/wp\/v2\/product\/15114\/revisions\/23097"}],"wp:featuredmedia":[{"embeddable":true,"href":"https:\/\/www.ada.at\/hu\/wp-json\/wp\/v2\/media\/9900"}],"wp:attachment":[{"href":"https:\/\/www.ada.at\/hu\/wp-json\/wp\/v2\/media?parent=15114"}],"wp:term":[{"taxonomy":"product_brand","embeddable":true,"href":"https:\/\/www.ada.at\/hu\/wp-json\/wp\/v2\/product_brand?post=15114"},{"taxonomy":"product_cat","embeddable":true,"href":"https:\/\/www.ada.at\/hu\/wp-json\/wp\/v2\/product_cat?post=15114"},{"taxonomy":"product_tag","embeddable":true,"href":"https:\/\/www.ada.at\/hu\/wp-json\/wp\/v2\/product_tag?post=15114"}],"curies":[{"name":"wp","href":"https:\/\/api.w.org\/{rel}","templated":true}]}}