{"id":15113,"date":"2023-10-25T14:40:03","date_gmt":"2023-10-25T12:40:03","guid":{"rendered":"https:\/\/www.ada.at\/produkte\/nem-kategorizalt\/starflex\/"},"modified":"2025-03-17T11:06:05","modified_gmt":"2025-03-17T10:06:05","slug":"starflex","status":"publish","type":"product","link":"https:\/\/www.ada.at\/hu\/produkte\/alvas\/agyracsok\/starflex\/","title":{"rendered":"StarFlex"},"content":{"rendered":"<p><div class=\"fusion-fullwidth fullwidth-box fusion-builder-row-1 fusion-flex-container has-pattern-background has-mask-background nonhundred-percent-fullwidth non-hundred-percent-height-scrolling\" style=\"--awb-border-radius-top-left:0px;--awb-border-radius-top-right:0px;--awb-border-radius-bottom-right:0px;--awb-border-radius-bottom-left:0px;--awb-padding-top:50px;--awb-padding-bottom:50px;--awb-padding-left:0px;--awb-background-color:var(--awb-color6);--awb-flex-wrap:wrap;\" ><div class=\"fusion-builder-row fusion-row fusion-flex-align-items-flex-start fusion-flex-content-wrap\" style=\"max-width:1248px;margin-left: calc(-4% \/ 2 );margin-right: calc(-4% \/ 2 );\"><div class=\"fusion-layout-column fusion_builder_column fusion-builder-column-0 fusion_builder_column_1_1 1_1 fusion-flex-column\" style=\"--awb-bg-size:cover;--awb-width-large:100%;--awb-margin-top-large:0px;--awb-spacing-right-large:1.92%;--awb-margin-bottom-large:20px;--awb-spacing-left-large:1.92%;--awb-width-medium:100%;--awb-order-medium:0;--awb-spacing-right-medium:1.92%;--awb-spacing-left-medium:1.92%;--awb-width-small:100%;--awb-order-small:0;--awb-spacing-right-small:1.92%;--awb-spacing-left-small:1.92%;\"><div class=\"fusion-column-wrapper fusion-column-has-shadow fusion-flex-justify-content-flex-start fusion-content-layout-column\"><div class=\"accordian fusion-accordian\" style=\"--awb-border-size:1px;--awb-icon-size:16px;--awb-content-font-size:var(--awb-typography4-font-size);--awb-icon-alignment:right;--awb-hover-color:var(--awb-color2);--awb-border-color:var(--awb-color3);--awb-background-color:var(--awb-color1);--awb-divider-color:var(--awb-color3);--awb-divider-hover-color:var(--awb-color3);--awb-icon-color:var(--awb-color5);--awb-title-color:var(--awb-color5);--awb-content-color:var(--awb-color5);--awb-icon-box-color:var(--awb-color8);--awb-toggle-hover-accent-color:var(--awb-color5);--awb-toggle-active-accent-color:var(--awb-color5);--awb-title-font-family:&quot;sofia-pro&quot;;--awb-title-font-weight:700;--awb-title-font-style:normal;--awb-title-font-size:16px;--awb-content-font-family:&quot;sofia-pro&quot;;--awb-content-font-style:normal;--awb-content-font-weight:400;\"><div class=\"panel-group fusion-toggle-icon-right fusion-toggle-icon-unboxed\" id=\"accordion-15113-1\"><div class=\"fusion-panel panel-default panel-c399fe0cf42be107c fusion-toggle-has-divider\"><div class=\"panel-heading\"><h3 class=\"panel-title toggle\" id=\"toggle_c399fe0cf42be107c\"><a aria-expanded=\"false\" aria-controls=\"c399fe0cf42be107c\" role=\"button\" data-toggle=\"collapse\" data-parent=\"#accordion-15113-1\" data-target=\"#c399fe0cf42be107c\" href=\"#c399fe0cf42be107c\"><span class=\"fusion-toggle-icon-wrapper\" aria-hidden=\"true\"><i class=\"fa-fusion-box active-icon fa-angle-up fas\" aria-hidden=\"true\"><\/i><i class=\"fa-fusion-box inactive-icon fa-angle-down fas\" aria-hidden=\"true\"><\/i><\/span><span class=\"fusion-toggle-heading\">Sz\u00e9less\u00e9g<\/span><\/a><\/h3><\/div><div id=\"c399fe0cf42be107c\" class=\"panel-collapse collapse \" aria-labelledby=\"toggle_c399fe0cf42be107c\"><div class=\"panel-body toggle-content fusion-clearfix\">\n<ul>\n<li>80 cm<\/li>\n<li>90 cm<\/li>\n<li>100 cm<\/li>\n<li>120 cm<\/li>\n<li>140 cm<\/li>\n<\/ul>\n<\/div><\/div><\/div><div class=\"fusion-panel panel-default panel-729cb9725e4d18231 fusion-toggle-has-divider\"><div class=\"panel-heading\"><h3 class=\"panel-title toggle\" id=\"toggle_729cb9725e4d18231\"><a aria-expanded=\"false\" aria-controls=\"729cb9725e4d18231\" role=\"button\" data-toggle=\"collapse\" data-parent=\"#accordion-15113-1\" data-target=\"#729cb9725e4d18231\" href=\"#729cb9725e4d18231\"><span class=\"fusion-toggle-icon-wrapper\" aria-hidden=\"true\"><i class=\"fa-fusion-box active-icon fa-angle-up fas\" aria-hidden=\"true\"><\/i><i class=\"fa-fusion-box inactive-icon fa-angle-down fas\" aria-hidden=\"true\"><\/i><\/span><span class=\"fusion-toggle-heading\">Hossz<\/span><\/a><\/h3><\/div><div id=\"729cb9725e4d18231\" class=\"panel-collapse collapse \" aria-labelledby=\"toggle_729cb9725e4d18231\"><div class=\"panel-body toggle-content fusion-clearfix\">\n<ul>\n<li>190 cm<\/li>\n<li>200 cm<\/li>\n<\/ul>\n<\/div><\/div><\/div><div class=\"fusion-panel panel-default panel-2bff417026d20bb47 fusion-toggle-has-divider\"><div class=\"panel-heading\"><h3 class=\"panel-title toggle\" id=\"toggle_2bff417026d20bb47\"><a aria-expanded=\"false\" aria-controls=\"2bff417026d20bb47\" role=\"button\" data-toggle=\"collapse\" data-parent=\"#accordion-15113-1\" data-target=\"#2bff417026d20bb47\" href=\"#2bff417026d20bb47\"><span class=\"fusion-toggle-icon-wrapper\" aria-hidden=\"true\"><i class=\"fa-fusion-box active-icon fa-angle-up fas\" aria-hidden=\"true\"><\/i><i class=\"fa-fusion-box inactive-icon fa-angle-down fas\" aria-hidden=\"true\"><\/i><\/span><span class=\"fusion-toggle-heading\">Funkci\u00f3k<\/span><\/a><\/h3><\/div><div id=\"2bff417026d20bb47\" class=\"panel-collapse collapse \" aria-labelledby=\"toggle_2bff417026d20bb47\"><div class=\"panel-body toggle-content fusion-clearfix\">\n<ul>\n<li><span style=\"color: var(--awb-content-color); font-family: var(--awb-content-font-family); font-size: var(--awb-content-font-size); font-style: var(--awb-content-font-style); font-weight: var(--awb-content-font-weight); letter-spacing: var(--awb-content-letter-spacing); text-transform: var(--awb-content-text-transform); background-color: var(--awb-bg-color-hover);\">Magass\u00e1gban \u00e1ll\u00edthat\u00f3 fej- \u00e9s l\u00e1bz\u00f3na<\/span><\/li>\n<li><span style=\"color: var(--awb-content-color); font-family: var(--awb-content-font-family); font-size: var(--awb-content-font-size); font-style: var(--awb-content-font-style); font-weight: var(--awb-content-font-weight); letter-spacing: var(--awb-content-letter-spacing); text-transform: var(--awb-content-text-transform); background-color: var(--awb-bg-color-hover);\">Motorral \u00e1ll\u00edthat\u00f3<\/span><\/li>\n<li>Kem\u00e9nys\u00e9g be\u00e1ll\u00edt\u00e1sa<\/li>\n<\/ul>\n<\/div><\/div><\/div><\/div><\/div><\/div><\/div><\/div><\/div><div class=\"fusion-fullwidth fullwidth-box fusion-builder-row-2 fusion-flex-container has-pattern-background has-mask-background nonhundred-percent-fullwidth non-hundred-percent-height-scrolling fusion-no-small-visibility cp-vergleichstabelle top100 bottom100\" style=\"--awb-border-radius-top-left:0px;--awb-border-radius-top-right:0px;--awb-border-radius-bottom-right:0px;--awb-border-radius-bottom-left:0px;--awb-flex-wrap:wrap;\" ><div class=\"fusion-builder-row fusion-row fusion-flex-align-items-flex-start fusion-flex-content-wrap\" style=\"max-width:1248px;margin-left: calc(-4% \/ 2 );margin-right: calc(-4% \/ 2 );\"><div class=\"fusion-layout-column fusion_builder_column fusion-builder-column-1 fusion_builder_column_1_1 1_1 fusion-flex-column table-compare-hl\" style=\"--awb-bg-size:cover;--awb-width-large:100%;--awb-margin-top-large:0px;--awb-spacing-right-large:1.92%;--awb-margin-bottom-large:20px;--awb-spacing-left-large:1.92%;--awb-width-medium:100%;--awb-order-medium:0;--awb-spacing-right-medium:1.92%;--awb-spacing-left-medium:1.92%;--awb-width-small:100%;--awb-order-small:0;--awb-spacing-right-small:1.92%;--awb-spacing-left-small:1.92%;\" data-scroll-devices=\"small-visibility,medium-visibility,large-visibility\"><div class=\"fusion-column-wrapper fusion-column-has-shadow fusion-flex-justify-content-flex-start fusion-content-layout-column\"><div class=\"fusion-title title fusion-title-1 fusion-sep-none fusion-title-center fusion-title-text fusion-title-size-three\" style=\"--awb-text-color:var(--awb-color5);--awb-margin-top-small:10px;--awb-margin-right-small:0px;--awb-margin-bottom-small:10px;--awb-margin-left-small:0px;\"><h3 class=\"fusion-title-heading title-heading-center\" style=\"margin:0;\">Hasonl\u00edtsd \u00f6ssze a STARFLEX-et egy\u00e9b \u00e1gyr\u00e1csainkkal<\/h3><\/div><\/div><\/div><div class=\"fusion-layout-column fusion_builder_column fusion-builder-column-2 fusion_builder_column_1_1 1_1 fusion-flex-column table-compare-box\" style=\"--awb-bg-size:cover;--awb-width-large:100%;--awb-margin-top-large:0px;--awb-spacing-right-large:1.92%;--awb-margin-bottom-large:20px;--awb-spacing-left-large:1.92%;--awb-width-medium:100%;--awb-order-medium:0;--awb-spacing-right-medium:1.92%;--awb-spacing-left-medium:1.92%;--awb-width-small:100%;--awb-order-small:0;--awb-spacing-right-small:1.92%;--awb-spacing-left-small:1.92%;\" data-scroll-devices=\"small-visibility,medium-visibility,large-visibility\"><div class=\"fusion-column-wrapper fusion-column-has-shadow fusion-flex-justify-content-flex-start fusion-content-layout-column\">\n<div class=\"table-1 table-compare\">\n<table style=\"width: 100%; height: 552px;\" width=\"100%\">\n<thead>\n<tr style=\"height: 87px;\">\n<th style=\"width: 11.4065%; height: 87px;\" align=\"left\"><\/th>\n<th style=\"width: 20.3259%; height: 87px;\" align=\"left\"><img decoding=\"async\" class=\"alignnone wp-image-8617 size-full\" src=\"https:\/\/www.ada.at\/wp-content\/uploads\/2023\/11\/Moderner-und-langlebiger-Lattenrost-STARFLEX-von-ADA-.-Mindful-Living-\u2013-Fuer-gesunden-Schlaf.jpg\" alt=\"Moderner und langlebiger Lattenrost STARFLEX von ADA . Mindful Living \u2013 F\u00fcr gesunden Schlaf\" width=\"300\" height=\"150\" \/><\/th>\n<th style=\"width: 37.2984%; height: 87px;\" align=\"left\"><img decoding=\"async\" class=\"alignnone wp-image-8615 size-full\" src=\"https:\/\/www.ada.at\/wp-content\/uploads\/2023\/11\/ADA-.-Mindful-Living-Lattenrost-2654-\u2013-Oesterreichische-Qualitaet-fuer-Ihr-Bett.jpg\" alt=\"ADA . Mindful Living Lattenrost 2654 \u2013 \u00d6sterreichische Qualit\u00e4t f\u00fcr Ihr Bett\" width=\"300\" height=\"150\" \/><\/th>\n<th style=\"width: 29.9401%; height: 87px;\" align=\"left\"><a href=\"https:\/\/www.ada.at\/wp-content\/uploads\/2023\/10\/md-2564-MOS.png\"><img decoding=\"async\" class=\"alignnone size-full wp-image-21099\" src=\"https:\/\/www.ada.at\/wp-content\/uploads\/2023\/10\/md-2564-MOS.png\" alt=\"\" width=\"300\" height=\"150\" \/><\/a><\/th>\n<\/tr>\n<\/thead>\n<tbody>\n<tr style=\"height: 24px;\">\n<td style=\"width: 11.4065%; height: 24px;\" align=\"left\"><strong>Modell<\/strong><\/td>\n<td style=\"width: 20.3259%; height: 24px;\" align=\"left\">Starflex<\/td>\n<td style=\"width: 37.2984%; height: 24px;\" align=\"left\">2563<\/td>\n<td style=\"width: 29.9401%;\" align=\"left\">2564<\/td>\n<\/tr>\n<tr style=\"height: 216px;\">\n<td style=\"width: 11.4065%; height: 216px;\"><strong>R\u00f6vid le\u00edr\u00e1s<\/strong><\/td>\n<td style=\"width: 20.3259%; height: 216px;\">A STARFLEX \u00e1gyr\u00e1cs rendk\u00edv\u00fcl rugalmas, ide\u00e1lis testtart\u00e1st biztos\u00edt, k\u00fcl\u00f6n\u00f6sen akkor, ha valakinek sz\u00e9les a v\u00e1lla, \u00e9s az oldal\u00e1n szokott aludni. A magass\u00e1gban \u00e1ll\u00edthat\u00f3 innovat\u00edv nyakt\u00e1masz lehet\u0151v\u00e9 teszi a fej \u00e9s a nyak z\u00f3n\u00e1j\u00e1nak k\u00e9zi vagy elektromos megemel\u00e9s\u00e9t, \u00edgy a gerinc egyenes marad akkor is, ha valaki az oldal\u00e1n fekszik. Ez a funkci\u00f3 sz\u00fcks\u00e9g eset\u00e9n be\u00e1ll\u00edthat\u00f3 vagy kikapcsolhat\u00f3. A STARFLEX lehet\u0151s\u00e9get ny\u00fajt tov\u00e1bb\u00e1 a fej- \u00e9s l\u00e1bz\u00f3na egy\u00e9ni be\u00e1ll\u00edt\u00e1sra k\u00e9zzel vagy elektromosan.<\/td>\n<td style=\"width: 37.2984%; height: 216px;\">A 2536 \u00e1gyr\u00e1cs ide\u00e1lis v\u00e1laszt\u00e1s azoknak, akik ig\u00e9nylik az innovat\u00edv h\u00e1roml\u00e9ces rendszernek k\u00f6sz\u00f6nhet\u0151 magas alv\u00e1skomfortot. Ez a rendszer h\u00e1rom l\u00e9cet k\u00f6tegel r\u00e1csl\u00e9cenk\u00e9nt, hogy jobb legyen a matrac al\u00e1t\u00e1maszt\u00e1sa, \u00e9s hat\u00e9konyabb nyom\u00e1smentes\u00edt\u00e9st biztos\u00edtson. A konstrukci\u00f3n\u00e1l az \u00e1gyr\u00e1cs pontosan illeszkedik a k\u00fcl\u00f6nb\u00f6z\u0151 testt\u00e1jakhoz \u00e9s nyom\u00e1spontokhoz, optim\u00e1lisan al\u00e1t\u00e1masztja \u00e9s tehermentes\u00edti a gerincoszlopot. Ugyanakkor a kereten t\u00falny\u00fal\u00f3 l\u00e9cek megn\u00f6velik a rug\u00f3z\u00e1si fel\u00fcletet, ami harmonikus \u00e9rz\u00e9st kelt.<\/td>\n<td style=\"width: 29.9401%;\">A 2564 \u00e1gyr\u00e1cs ide\u00e1lis v\u00e1laszt\u00e1s az \u00e1gyprojekt lend\u00fcletes elkezd\u00e9s\u00e9hez, a l\u00e9cek t\u00falny\u00falnak a kereten, \u00edgy nagyobb a rug\u00f3z\u00e1si fel\u00fclet. Ez lehet\u0151v\u00e9 teszi a jobb rug\u00f3z\u00e1st \u00e9s a szel\u00edd ringat\u00f3z\u00e1st, ami n\u00f6veli a fekv\u00e9si k\u00e9nyelmet. Egyes testt\u00e1jakn\u00e1l, p\u00e9ld\u00e1ul a v\u00e1lln\u00e1l, a h\u00e1tn\u00e1l \u00e9s a medenc\u00e9n\u00e9l a dupla l\u00e9cekb\u0151l \u00e1ll\u00f3 rendszer k\u00e9pes egyenletes elosztani a nyom\u00e1st, ami fokozza a k\u00e9nyelmet. Az \u00e1gyr\u00e1cs el\u00e9rhet\u0151 opci\u00f3k\u00e9nt k\u00e9zzel vagy elektromosan \u00e1ll\u00edthat\u00f3 fej- \u00e9s l\u00e1bz\u00f3n\u00e1val.<\/td>\n<\/tr>\n<tr style=\"height: 176px;\">\n<td style=\"height: 176px; width: 11.4065%;\"><strong>Saj\u00e1toss\u00e1gok<\/strong><\/td>\n<td style=\"height: 176px; width: 20.3259%;\">\n<ul>\n<li>Nagyon rugalmas alv\u00e1si komfort<\/li>\n<li>Magass\u00e1g\u00e1ban \u00e1ll\u00edthat\u00f3 nyakt\u00e1masz<\/li>\n<li>\u00c1ll\u00edthat\u00f3 kem\u00e9nys\u00e9g cs\u00edp\u0151t\u00e1j\u00e9kon<\/li>\n<\/ul>\n<\/td>\n<td style=\"height: 176px; width: 37.2984%;\">\n<ul>\n<li>Egy\u00e9ni ig\u00e9nyekhez igazod\u00f3 h\u00e1roml\u00e9ces rendszer<\/li>\n<li>T\u00falny\u00fal\u00f3 l\u00e9cek<\/li>\n<li>\u00c1ll\u00edthat\u00f3 kem\u00e9nys\u00e9g cs\u00edp\u0151t\u00e1j\u00e9kon<\/li>\n<\/ul>\n<\/td>\n<td style=\"height: 176px; width: 29.9401%;\">\n<ul>\n<li>T\u00falny\u00fal\u00f3 l\u00e9cek<\/li>\n<li>\u00c1ll\u00edthat\u00f3 kem\u00e9nys\u00e9g cs\u00edp\u0151t\u00e1j\u00e9kon<\/li>\n<li>Fej- \u00e9s l\u00e1bz\u00f3na: fix vagy \u00e1ll\u00edthat\u00f3<\/li>\n<\/ul>\n<\/td>\n<\/tr>\n<tr style=\"height: 24px;\">\n<td style=\"width: 11.4065%; height: 24px;\"><\/td>\n<td style=\"width: 20.3259%; height: 24px;\"><\/td>\n<td style=\"width: 37.2984%; height: 24px; text-align: left;\"><a class=\"button\" href=\"https:\/\/www.ada.at\/hu\/produkte\/alvas\/agyracsok\/agyracsok-2563\/\">Ugr\u00e1s a term\u00e9khez<\/a><\/td>\n<td style=\"width: 29.9401%; height: 24px; text-align: left;\"><a class=\"button\" href=\"https:\/\/www.ada.at\/hu\/produkte\/alvas\/agyracsok\/agyracsok-2564\/\">Ugr\u00e1s a term\u00e9khez<\/a><\/td>\n<\/tr>\n<\/tbody>\n<\/table>\n<\/div>\n<\/div><\/div><\/div><\/div><\/p>\n","protected":false},"excerpt":{"rendered":"<p>A STARFLEX \u00e1gyr\u00e1cs \u00e9ppen olyan rugalmas, mint azt a neve sugallja. Innovat\u00edv funkci\u00f3val gondoskodik az ergonomikusan ide\u00e1lis testtart\u00e1sr\u00f3l: a nyakt\u00e1masz fels\u0151 \u00e1ll\u00e1sa j\u00f3l illik hozz\u00e1d, ha az oldaladon alszol \u00e9s sz\u00e9les a v\u00e1llad. Az\u00e9rt, hogy a gerincoszlop az oldalfekv\u00e9s ellen\u00e9re egyenes maradjon, a fej- \u00e9s nyakz\u00f3n\u00e1j\u00e1t k\u00e9zzel vagy elektromosan fel tudod emelni, mint egy kis \u00e1llv\u00e1nyt. Ha a nyakt\u00e1maszra nincs sz\u00fcks\u00e9ged, akkor az is megoldhat\u00f3. Pomp\u00e1s, hogy mennyire rugalmas! Ugyanez \u00e9rv\u00e9nyes a fej-\u00e9s a l\u00e1bz\u00f3n\u00e1ra is, a fejn\u00e9l a nyakt\u00e1masz k\u00fcl\u00f6n fels\u0151 \u00e1ll\u00e1sba \u00e1ll\u00edthat\u00f3: v\u00e1laszthat\u00f3 k\u00e9zzel vagy elektromosan \u00e1ll\u00edthat\u00f3, ill. fix kivitel. \u00c9rezd magad az \u00e1gyban ak\u00e1rhogyan is k\u00e9nyelmesen, a STARFLEX \u00e1gyr\u00e1cs rugalmasan igazodik az ig\u00e9nyeidhez.<\/p>\n<p>&nbsp;<\/p>\n<ul>\n<li>Nagyon rugalmas alv\u00e1si komfort<\/li>\n<li>Magass\u00e1g\u00e1ban \u00e1ll\u00edthat\u00f3 nyakt\u00e1masz<\/li>\n<li>V\u00e1laszthat\u00f3: mozgathat\u00f3 fej- \u00e9s l\u00e1bz\u00f3na<\/li>\n<li>\u00c1ll\u00edthat\u00f3 kem\u00e9nys\u00e9g cs\u00edp\u0151t\u00e1j\u00e9kon<\/li>\n<li>T\u00falny\u00fal\u00f3 l\u00e9cek<\/li>\n<li>Kiz\u00e1r\u00f3lag eur\u00f3pai gy\u00e1rt\u00e1sban k\u00e9sz\u00fcl<\/li>\n<\/ul>\n","protected":false},"featured_media":11368,"template":"","meta":{"_acf_changed":false},"product_brand":[],"product_cat":[571,551],"product_tag":[575,576,577,578,579,573,574,572,580,582,581],"class_list":{"0":"post-15113","1":"product","2":"type-product","3":"status-publish","4":"has-post-thumbnail","6":"product_cat-agyracsok","7":"product_cat-alvas","8":"product_tag-100cm-hu","9":"product_tag-120cm-hu-2","10":"product_tag-140cm-hu-3","11":"product_tag-190cm-hu-2","12":"product_tag-200cm-hu-3","13":"product_tag-80cm-hu","14":"product_tag-90cm-hu","15":"product_tag-agyracsok","16":"product_tag-allithato-fej-es-labzona","17":"product_tag-kemenyseg-beallitasa","18":"product_tag-motorral-allithato-hu","19":"post-status-publish","21":"first","22":"instock","23":"shipping-taxable","24":"product-type-simple","25":"add-to-wishlist-before_image"},"acf":[],"_links":{"self":[{"href":"https:\/\/www.ada.at\/hu\/wp-json\/wp\/v2\/product\/15113","targetHints":{"allow":["GET"]}}],"collection":[{"href":"https:\/\/www.ada.at\/hu\/wp-json\/wp\/v2\/product"}],"about":[{"href":"https:\/\/www.ada.at\/hu\/wp-json\/wp\/v2\/types\/product"}],"version-history":[{"count":0,"href":"https:\/\/www.ada.at\/hu\/wp-json\/wp\/v2\/product\/15113\/revisions"}],"wp:featuredmedia":[{"embeddable":true,"href":"https:\/\/www.ada.at\/hu\/wp-json\/wp\/v2\/media\/11368"}],"wp:attachment":[{"href":"https:\/\/www.ada.at\/hu\/wp-json\/wp\/v2\/media?parent=15113"}],"wp:term":[{"taxonomy":"product_brand","embeddable":true,"href":"https:\/\/www.ada.at\/hu\/wp-json\/wp\/v2\/product_brand?post=15113"},{"taxonomy":"product_cat","embeddable":true,"href":"https:\/\/www.ada.at\/hu\/wp-json\/wp\/v2\/product_cat?post=15113"},{"taxonomy":"product_tag","embeddable":true,"href":"https:\/\/www.ada.at\/hu\/wp-json\/wp\/v2\/product_tag?post=15113"}],"curies":[{"name":"wp","href":"https:\/\/api.w.org\/{rel}","templated":true}]}}