{"id":15112,"date":"2023-10-25T15:40:25","date_gmt":"2023-10-25T13:40:25","guid":{"rendered":"https:\/\/www.ada.at\/produkte\/nem-kategorizalt\/slimbox\/"},"modified":"2025-03-14T13:00:13","modified_gmt":"2025-03-14T12:00:13","slug":"slimbox","status":"publish","type":"product","link":"https:\/\/www.ada.at\/hu\/produkte\/alvas\/agyracsok\/slimbox\/","title":{"rendered":"Slimbox"},"content":{"rendered":"<div class=\"fusion-fullwidth fullwidth-box fusion-builder-row-1 fusion-flex-container has-pattern-background has-mask-background nonhundred-percent-fullwidth non-hundred-percent-height-scrolling\" style=\"--awb-border-radius-top-left:0px;--awb-border-radius-top-right:0px;--awb-border-radius-bottom-right:0px;--awb-border-radius-bottom-left:0px;--awb-padding-top:50px;--awb-padding-bottom:50px;--awb-padding-left:0px;--awb-background-color:var(--awb-color6);--awb-flex-wrap:wrap;\" ><div class=\"fusion-builder-row fusion-row fusion-flex-align-items-flex-start fusion-flex-content-wrap\" style=\"max-width:1248px;margin-left: calc(-4% \/ 2 );margin-right: calc(-4% \/ 2 );\"><div class=\"fusion-layout-column fusion_builder_column fusion-builder-column-0 fusion_builder_column_1_1 1_1 fusion-flex-column\" style=\"--awb-bg-size:cover;--awb-width-large:100%;--awb-margin-top-large:0px;--awb-spacing-right-large:1.92%;--awb-margin-bottom-large:20px;--awb-spacing-left-large:1.92%;--awb-width-medium:100%;--awb-order-medium:0;--awb-spacing-right-medium:1.92%;--awb-spacing-left-medium:1.92%;--awb-width-small:100%;--awb-order-small:0;--awb-spacing-right-small:1.92%;--awb-spacing-left-small:1.92%;\"><div class=\"fusion-column-wrapper fusion-column-has-shadow fusion-flex-justify-content-flex-start fusion-content-layout-column\"><div class=\"accordian fusion-accordian\" style=\"--awb-border-size:1px;--awb-icon-size:16px;--awb-content-font-size:var(--awb-typography4-font-size);--awb-icon-alignment:right;--awb-hover-color:var(--awb-color2);--awb-border-color:var(--awb-color3);--awb-background-color:var(--awb-color1);--awb-divider-color:var(--awb-color3);--awb-divider-hover-color:var(--awb-color3);--awb-icon-color:var(--awb-color5);--awb-title-color:var(--awb-color5);--awb-content-color:var(--awb-color5);--awb-icon-box-color:var(--awb-color8);--awb-toggle-hover-accent-color:var(--awb-color5);--awb-toggle-active-accent-color:var(--awb-color5);--awb-title-font-family:&quot;sofia-pro&quot;;--awb-title-font-weight:700;--awb-title-font-style:normal;--awb-title-font-size:16px;--awb-content-font-family:&quot;sofia-pro&quot;;--awb-content-font-style:normal;--awb-content-font-weight:400;\"><div class=\"panel-group fusion-toggle-icon-right fusion-toggle-icon-unboxed\" id=\"accordion-15112-1\"><div class=\"fusion-panel panel-default panel-823a299c7b1135601 fusion-toggle-has-divider\"><div class=\"panel-heading\"><h3 class=\"panel-title toggle\" id=\"toggle_823a299c7b1135601\"><a aria-expanded=\"false\" aria-controls=\"823a299c7b1135601\" role=\"button\" data-toggle=\"collapse\" data-parent=\"#accordion-15112-1\" data-target=\"#823a299c7b1135601\" href=\"#823a299c7b1135601\"><span class=\"fusion-toggle-icon-wrapper\" aria-hidden=\"true\"><i class=\"fa-fusion-box active-icon fa-angle-up fas\" aria-hidden=\"true\"><\/i><i class=\"fa-fusion-box inactive-icon fa-angle-down fas\" aria-hidden=\"true\"><\/i><\/span><span class=\"fusion-toggle-heading\">Sz\u00e9less\u00e9g<\/span><\/a><\/h3><\/div><div id=\"823a299c7b1135601\" class=\"panel-collapse collapse \" aria-labelledby=\"toggle_823a299c7b1135601\"><div class=\"panel-body toggle-content fusion-clearfix\">\n<ul>\n<li>80 cm<\/li>\n<li>90 cm<\/li>\n<li>100 cm<\/li>\n<li>120 cm<\/li>\n<li>140 cm<\/li>\n<\/ul>\n<\/div><\/div><\/div><div class=\"fusion-panel panel-default panel-6e9b4f5d659b4b232 fusion-toggle-has-divider\"><div class=\"panel-heading\"><h3 class=\"panel-title toggle\" id=\"toggle_6e9b4f5d659b4b232\"><a aria-expanded=\"false\" aria-controls=\"6e9b4f5d659b4b232\" role=\"button\" data-toggle=\"collapse\" data-parent=\"#accordion-15112-1\" data-target=\"#6e9b4f5d659b4b232\" href=\"#6e9b4f5d659b4b232\"><span class=\"fusion-toggle-icon-wrapper\" aria-hidden=\"true\"><i class=\"fa-fusion-box active-icon fa-angle-up fas\" aria-hidden=\"true\"><\/i><i class=\"fa-fusion-box inactive-icon fa-angle-down fas\" aria-hidden=\"true\"><\/i><\/span><span class=\"fusion-toggle-heading\">Hossz<\/span><\/a><\/h3><\/div><div id=\"6e9b4f5d659b4b232\" class=\"panel-collapse collapse \" aria-labelledby=\"toggle_6e9b4f5d659b4b232\"><div class=\"panel-body toggle-content fusion-clearfix\">\n<ul>\n<li>190 cm<\/li>\n<li>200 cm<\/li>\n<\/ul>\n<\/div><\/div><\/div><div class=\"fusion-panel panel-default panel-e70bfaa602e13eb66 fusion-toggle-has-divider\"><div class=\"panel-heading\"><h3 class=\"panel-title toggle\" id=\"toggle_e70bfaa602e13eb66\"><a aria-expanded=\"false\" aria-controls=\"e70bfaa602e13eb66\" role=\"button\" data-toggle=\"collapse\" data-parent=\"#accordion-15112-1\" data-target=\"#e70bfaa602e13eb66\" href=\"#e70bfaa602e13eb66\"><span class=\"fusion-toggle-icon-wrapper\" aria-hidden=\"true\"><i class=\"fa-fusion-box active-icon fa-angle-up fas\" aria-hidden=\"true\"><\/i><i class=\"fa-fusion-box inactive-icon fa-angle-down fas\" aria-hidden=\"true\"><\/i><\/span><span class=\"fusion-toggle-heading\">Funkci\u00f3k<\/span><\/a><\/h3><\/div><div id=\"e70bfaa602e13eb66\" class=\"panel-collapse collapse \" aria-labelledby=\"toggle_e70bfaa602e13eb66\"><div class=\"panel-body toggle-content fusion-clearfix\">\n<ul>\n<li>Az \u00e1gyr\u00e1csos \u00e1gyb\u00f3l boxspring \u00e1gyat var\u00e1zsol<\/li>\n<\/ul>\n<\/div><\/div><\/div><\/div><\/div><\/div><\/div><\/div><\/div>\n","protected":false},"excerpt":{"rendered":"<p>A boxspring \u00e1gy \u00e1ltal k\u00edn\u00e1lt alv\u00e1si k\u00e9nyelemre v\u00e1gysz? Viszont szeretn\u00e9d megtartani a r\u00e9gi \u00e1gyad? A SLIM BOX seg\u00edts\u00e9g\u00e9vel menni fog egyszerre a kett\u0151! R\u00e9m egyszer\u0171 az eg\u00e9sz: az \u00e1gyr\u00e1cs hely\u00e9re beteszel egy zs\u00e1krug\u00f3s boxspring bet\u00e9tet. \u00c9s ezzel el\u00e9red, hogy m\u00e1ris van egy dobozrug\u00f3s \u00e1gy light verzi\u00f3ja egy k\u00f6z\u00f6ns\u00e9ges \u00e1gyban. A sok apr\u00f3 zs\u00e1krug\u00f3 a doboz belsej\u00e9ben szel\u00edden rug\u00f3z\u00f3 fekv\u0151fel\u00fcletet alak\u00edt ki, ami n\u00f6veli az alv\u00e1si komfortot. A SLIM BOX fekv\u0151fel\u00fclete ezenk\u00edv\u00fcl szuper\u00fcl alkalmazkodik a mozg\u00e1sodhoz, al\u00e1t\u00e1masztja a testet \u00e9s pihenteti a gerincoszlopot \u2013 j\u00f3 alap kir\u00e1ndulni \u00e1lomorsz\u00e1gba.<\/p>\n<ul>\n<li>A boxspring \u00e1gy cs\u00facsmin\u0151s\u00e9g\u0171 fekv\u00e9si k\u00e9nyelme<\/li>\n<li>Be lehet tenni a r\u00e9gi \u00e1gyba<\/li>\n<li>Finoman ringat\u00f3 fekv\u0151fel\u00fclet<\/li>\n<li>Egy\u00e9ni ig\u00e9nyekhez igazod\u00f3 alv\u00e1si komfort<\/li>\n<li>Kiz\u00e1r\u00f3lag eur\u00f3pai gy\u00e1rt\u00e1sban k\u00e9sz\u00fcl<\/li>\n<\/ul>\n","protected":false},"featured_media":11374,"template":"","meta":{"_acf_changed":false},"product_brand":[],"product_cat":[571,551],"product_tag":[575,576,577,578,579,573,574,572],"class_list":{"0":"post-15112","1":"product","2":"type-product","3":"status-publish","4":"has-post-thumbnail","6":"product_cat-agyracsok","7":"product_cat-alvas","8":"product_tag-100cm-hu","9":"product_tag-120cm-hu-2","10":"product_tag-140cm-hu-3","11":"product_tag-190cm-hu-2","12":"product_tag-200cm-hu-3","13":"product_tag-80cm-hu","14":"product_tag-90cm-hu","15":"product_tag-agyracsok","16":"post-status-publish","18":"first","19":"instock","20":"shipping-taxable","21":"product-type-simple","22":"add-to-wishlist-before_image"},"acf":[],"_links":{"self":[{"href":"https:\/\/www.ada.at\/hu\/wp-json\/wp\/v2\/product\/15112","targetHints":{"allow":["GET"]}}],"collection":[{"href":"https:\/\/www.ada.at\/hu\/wp-json\/wp\/v2\/product"}],"about":[{"href":"https:\/\/www.ada.at\/hu\/wp-json\/wp\/v2\/types\/product"}],"version-history":[{"count":0,"href":"https:\/\/www.ada.at\/hu\/wp-json\/wp\/v2\/product\/15112\/revisions"}],"wp:featuredmedia":[{"embeddable":true,"href":"https:\/\/www.ada.at\/hu\/wp-json\/wp\/v2\/media\/11374"}],"wp:attachment":[{"href":"https:\/\/www.ada.at\/hu\/wp-json\/wp\/v2\/media?parent=15112"}],"wp:term":[{"taxonomy":"product_brand","embeddable":true,"href":"https:\/\/www.ada.at\/hu\/wp-json\/wp\/v2\/product_brand?post=15112"},{"taxonomy":"product_cat","embeddable":true,"href":"https:\/\/www.ada.at\/hu\/wp-json\/wp\/v2\/product_cat?post=15112"},{"taxonomy":"product_tag","embeddable":true,"href":"https:\/\/www.ada.at\/hu\/wp-json\/wp\/v2\/product_tag?post=15112"}],"curies":[{"name":"wp","href":"https:\/\/api.w.org\/{rel}","templated":true}]}}