{"id":15105,"date":"2023-10-29T23:02:02","date_gmt":"2023-10-29T22:02:02","guid":{"rendered":"https:\/\/www.ada.at\/produkte\/nem-kategorizalt\/asarina\/"},"modified":"2026-03-23T14:16:49","modified_gmt":"2026-03-23T13:16:49","slug":"asarina","status":"publish","type":"product","link":"https:\/\/www.ada.at\/hu\/produkte\/lakik\/kanapek\/asarina\/","title":{"rendered":"Asarina"},"content":{"rendered":"<p><div class=\"fusion-fullwidth fullwidth-box fusion-builder-row-1 fusion-flex-container has-pattern-background has-mask-background nonhundred-percent-fullwidth non-hundred-percent-height-scrolling top50 bottom-200\" style=\"--awb-border-radius-top-left:0px;--awb-border-radius-top-right:0px;--awb-border-radius-bottom-right:0px;--awb-border-radius-bottom-left:0px;--awb-padding-bottom:90px;--awb-flex-wrap:wrap;\" ><div class=\"fusion-builder-row fusion-row fusion-flex-align-items-flex-start fusion-flex-content-wrap\" style=\"max-width:1248px;margin-left: calc(-4% \/ 2 );margin-right: calc(-4% \/ 2 );\"><div class=\"fusion-layout-column fusion_builder_column fusion-builder-column-0 fusion_builder_column_1_1 1_1 fusion-flex-column\" style=\"--awb-bg-size:cover;--awb-width-large:100%;--awb-margin-top-large:0px;--awb-spacing-right-large:1.92%;--awb-margin-bottom-large:20px;--awb-spacing-left-large:1.92%;--awb-width-medium:100%;--awb-order-medium:0;--awb-spacing-right-medium:1.92%;--awb-spacing-left-medium:1.92%;--awb-width-small:100%;--awb-order-small:0;--awb-spacing-right-small:1.92%;--awb-spacing-left-small:1.92%;\"><div class=\"fusion-column-wrapper fusion-column-has-shadow fusion-flex-justify-content-flex-start fusion-content-layout-column\"><div class=\"fusion-image-element \" style=\"--awb-caption-title-font-family:var(--h2_typography-font-family);--awb-caption-title-font-weight:var(--h2_typography-font-weight);--awb-caption-title-font-style:var(--h2_typography-font-style);--awb-caption-title-size:var(--h2_typography-font-size);--awb-caption-title-transform:var(--h2_typography-text-transform);--awb-caption-title-line-height:var(--h2_typography-line-height);--awb-caption-title-letter-spacing:var(--h2_typography-letter-spacing);\"><span class=\" fusion-imageframe imageframe-none imageframe-1 hover-type-none\" style=\"border-radius:8px;\"><img decoding=\"async\" width=\"1400\" height=\"800\" title=\"ADA. Mindful Living Sitzgruppe \u2013 Hochwertig und modern\" src=\"https:\/\/www.ada.at\/wp-content\/uploads\/2023\/10\/ADA-.-Mindful-Living-Sitzgruppe-\u2013-Hochwertig-und-modern.jpg\" alt class=\"img-responsive wp-image-11640\"\/><\/span><\/div><\/div><\/div><\/div><\/div><div class=\"fusion-fullwidth fullwidth-box fusion-builder-row-2 fusion-flex-container has-pattern-background has-mask-background fusion-parallax-none nonhundred-percent-fullwidth non-hundred-percent-height-scrolling cp-nachhaltigkeitselement cp-textlogos \" style=\"--awb-border-radius-top-left:0px;--awb-border-radius-top-right:0px;--awb-border-radius-bottom-right:0px;--awb-border-radius-bottom-left:0px;--awb-background-image:url(&quot;\/wp-content\/uploads\/2023\/08\/Ada-Hintergrund_dgrau_2.jpg&quot;);--awb-background-size:cover;--awb-flex-wrap:wrap;\" ><div class=\"fusion-builder-row fusion-row fusion-flex-align-items-flex-start fusion-flex-content-wrap\" style=\"max-width:1248px;margin-left: calc(-4% \/ 2 );margin-right: calc(-4% \/ 2 );\"><div class=\"fusion-layout-column fusion_builder_column fusion-builder-column-1 fusion_builder_column_1_3 1_3 fusion-flex-column\" style=\"--awb-padding-top:90px;--awb-bg-size:cover;--awb-width-large:33.333333333333%;--awb-margin-top-large:0px;--awb-spacing-right-large:5.76%;--awb-margin-bottom-large:20px;--awb-spacing-left-large:5.76%;--awb-width-medium:33.333333333333%;--awb-order-medium:0;--awb-spacing-right-medium:5.76%;--awb-spacing-left-medium:5.76%;--awb-width-small:100%;--awb-order-small:0;--awb-spacing-right-small:1.92%;--awb-spacing-left-small:1.92%;\"><div class=\"fusion-column-wrapper fusion-column-has-shadow fusion-flex-justify-content-flex-start fusion-content-layout-column\"><div class=\"fusion-title title fusion-title-1 fusion-sep-none fusion-title-text fusion-title-size-two\" style=\"--awb-text-color:var(--awb-color1);--awb-margin-top-small:10px;--awb-margin-right-small:0px;--awb-margin-bottom-small:10px;--awb-margin-left-small:0px;\"><h2 class=\"fusion-title-heading title-heading-left\" style=\"margin:0;\"><p>Cs\u00facs?<br \/>\nAbszol\u00fat!<\/p><\/h2><\/div><\/div><\/div><div class=\"fusion-layout-column fusion_builder_column fusion-builder-column-2 fusion_builder_column_2_3 2_3 fusion-flex-column bottom350\" style=\"--awb-padding-top:90px;--awb-bg-size:cover;--awb-width-large:66.666666666667%;--awb-margin-top-large:0px;--awb-spacing-right-large:2.88%;--awb-margin-bottom-large:20px;--awb-spacing-left-large:2.88%;--awb-width-medium:66.666666666667%;--awb-order-medium:0;--awb-spacing-right-medium:2.88%;--awb-spacing-left-medium:2.88%;--awb-width-small:100%;--awb-order-small:0;--awb-spacing-right-small:1.92%;--awb-spacing-left-small:1.92%;\" data-scroll-devices=\"small-visibility,medium-visibility,large-visibility\"><div class=\"fusion-column-wrapper fusion-column-has-shadow fusion-flex-justify-content-flex-start fusion-content-layout-column\"><div class=\"fusion-text fusion-text-1\" style=\"--awb-text-color:var(--awb-color1);\"><p>Az ASARINA kanap\u00e9 igazi szem\u00e9lyis\u00e9g: szinte minden funkci\u00f3ja v\u00e1laszthat\u00f3, semmi nincs egys\u00e9ges\u00edtve. Ez\u00e9rt azt\u00e1n ez a kanap\u00e9 szuper\u00fcl k\u00e9pes idomulni az \u00e9letst\u00edlusodhoz.<\/p>\n<p>\u00cdgy pihenhetsz, vagy csin\u00e1lhatsz, amit a legjobban szeretsz \u2013 itt azt\u00e1n van el\u00e9g helyed mindenre. A h\u00e1tt\u00e1ml\u00e1k \u00e9s a nyakt\u00e1maszok egy\u00e9nileg pozicion\u00e1lhat\u00f3k \u00e9s \u00e1ll\u00edthat\u00f3k. A fekv\u0151hely gombnyom\u00e1sra enyh\u00e9n elindul el\u0151re, \u00e9s \u00e1tv\u00e1lt a nyitott poz\u00edci\u00f3j\u00e1ra. A relax funkci\u00f3 \u2013 szint\u00e9n gombnyom\u00e1sra \u2013 pihentet\u0151 relax poz\u00edci\u00f3ba \u00e1ll\u00edtja. Ha a l\u00e1bad magasabban van a sz\u00edvedn\u00e9l, akkor ez tehermentes\u00edti a gerincoszlopot, \u00e9s seg\u00edti a v\u00e9rkering\u00e9st. Ez nagyon tudom\u00e1nyosan hangzik, de val\u00f3j\u00e1ban igazi fel\u00fcd\u00fcl\u00e9s.<\/p>\n<\/div><\/div><\/div><\/div><\/div><div class=\"fusion-fullwidth fullwidth-box fusion-builder-row-3 fusion-flex-container has-pattern-background has-mask-background nonhundred-percent-fullwidth non-hundred-percent-height-scrolling cp-2images\" style=\"--awb-border-radius-top-left:0px;--awb-border-radius-top-right:0px;--awb-border-radius-bottom-right:0px;--awb-border-radius-bottom-left:0px;--awb-flex-wrap:wrap;\" ><div class=\"fusion-builder-row fusion-row fusion-flex-align-items-flex-start fusion-flex-content-wrap\" style=\"max-width:1248px;margin-left: calc(-4% \/ 2 );margin-right: calc(-4% \/ 2 );\"><div class=\"fusion-layout-column fusion_builder_column fusion-builder-column-3 fusion_builder_column_1_2 1_2 fusion-flex-column top-400\" style=\"--awb-bg-size:cover;--awb-width-large:50%;--awb-margin-top-large:0px;--awb-spacing-right-large:3.84%;--awb-margin-bottom-large:20px;--awb-spacing-left-large:3.84%;--awb-width-medium:50%;--awb-order-medium:0;--awb-spacing-right-medium:3.84%;--awb-spacing-left-medium:3.84%;--awb-width-small:100%;--awb-order-small:0;--awb-spacing-right-small:1.92%;--awb-spacing-left-small:1.92%;\" data-scroll-devices=\"small-visibility,medium-visibility,large-visibility\"><div class=\"fusion-column-wrapper fusion-column-has-shadow fusion-flex-justify-content-flex-start fusion-content-layout-column\"><div class=\"fusion-image-element \" style=\"--awb-caption-title-font-family:var(--h2_typography-font-family);--awb-caption-title-font-weight:var(--h2_typography-font-weight);--awb-caption-title-font-style:var(--h2_typography-font-style);--awb-caption-title-size:var(--h2_typography-font-size);--awb-caption-title-transform:var(--h2_typography-text-transform);--awb-caption-title-line-height:var(--h2_typography-line-height);--awb-caption-title-letter-spacing:var(--h2_typography-letter-spacing);\"><span class=\" fusion-imageframe imageframe-none imageframe-2 hover-type-none\" style=\"border-radius:8px;\"><img decoding=\"async\" width=\"522\" height=\"703\" alt=\"ADA Mindful Living Sofa Asarina Amsterdam \u2013 in Europa gefertigt modern und stilvoll\" title=\"ADA. Mindful Living Sofa Asarina Amsterdam \u2013 in Europa gefertigt modern und stilvoll\" src=\"https:\/\/www.ada.at\/wp-content\/uploads\/2023\/10\/ADA-.-Mindful-Living-Sofa-Asarina-Amsterdam-\u2013-in-Europa-gefertigt-modern-und-stilvoll.jpg\" class=\"img-responsive wp-image-11642\"\/><\/span><\/div><\/div><\/div><div class=\"fusion-layout-column fusion_builder_column fusion-builder-column-4 fusion_builder_column_1_2 1_2 fusion-flex-column top-200\" style=\"--awb-bg-size:cover;--awb-width-large:50%;--awb-margin-top-large:0px;--awb-spacing-right-large:3.84%;--awb-margin-bottom-large:20px;--awb-spacing-left-large:3.84%;--awb-width-medium:50%;--awb-order-medium:0;--awb-spacing-right-medium:3.84%;--awb-spacing-left-medium:3.84%;--awb-width-small:100%;--awb-order-small:0;--awb-spacing-right-small:1.92%;--awb-spacing-left-small:1.92%;\" data-scroll-devices=\"small-visibility,medium-visibility,large-visibility\"><div class=\"fusion-column-wrapper fusion-column-has-shadow fusion-flex-justify-content-flex-start fusion-content-layout-column\"><div class=\"fusion-image-element \" style=\"--awb-caption-title-font-family:var(--h2_typography-font-family);--awb-caption-title-font-weight:var(--h2_typography-font-weight);--awb-caption-title-font-style:var(--h2_typography-font-style);--awb-caption-title-size:var(--h2_typography-font-size);--awb-caption-title-transform:var(--h2_typography-text-transform);--awb-caption-title-line-height:var(--h2_typography-line-height);--awb-caption-title-letter-spacing:var(--h2_typography-letter-spacing);\"><span class=\" fusion-imageframe imageframe-none imageframe-3 hover-type-none\" style=\"border-radius:8px;\"><img decoding=\"async\" width=\"522\" height=\"703\" title=\"ada mindful living &#8211; sofa amsterdam asarina &#8211; funktionen\" src=\"https:\/\/www.ada.at\/wp-content\/uploads\/2023\/10\/ada-mindful-living-sofa-amsterdam-asarina-funktionen.jpg\" alt class=\"img-responsive wp-image-11638\"\/><\/span><\/div><\/div><\/div><\/div><\/div><div class=\"fusion-fullwidth fullwidth-box fusion-builder-row-4 fusion-flex-container has-pattern-background has-mask-background nonhundred-percent-fullwidth non-hundred-percent-height-scrolling cp-textlogos\" style=\"--awb-border-radius-top-left:0px;--awb-border-radius-top-right:0px;--awb-border-radius-bottom-right:0px;--awb-border-radius-bottom-left:0px;--awb-padding-top:50px;--awb-padding-bottom:50px;--awb-flex-wrap:wrap;\" ><div class=\"fusion-builder-row fusion-row fusion-flex-align-items-center fusion-flex-justify-content-center fusion-flex-content-wrap\" style=\"max-width:1248px;margin-left: calc(-4% \/ 2 );margin-right: calc(-4% \/ 2 );\"><div class=\"fusion-layout-column fusion_builder_column fusion-builder-column-5 fusion_builder_column_1_3 1_3 fusion-flex-column fusion-flex-align-self-flex-start\" style=\"--awb-bg-color:var(--awb-color1);--awb-bg-color-hover:var(--awb-color1);--awb-bg-size:cover;--awb-width-large:33.333333333333%;--awb-margin-top-large:0px;--awb-spacing-right-large:5.76%;--awb-margin-bottom-large:20px;--awb-spacing-left-large:5.76%;--awb-width-medium:33.333333333333%;--awb-order-medium:0;--awb-spacing-right-medium:5.76%;--awb-spacing-left-medium:5.76%;--awb-width-small:100%;--awb-order-small:0;--awb-spacing-right-small:1.92%;--awb-spacing-left-small:1.92%;\" data-scroll-devices=\"small-visibility,medium-visibility,large-visibility\"><div class=\"fusion-column-wrapper fusion-column-has-shadow fusion-flex-justify-content-flex-start fusion-content-layout-column\"><div class=\"fusion-title title fusion-title-2 fusion-sep-none fusion-title-text fusion-title-size-two\" style=\"--awb-text-color:var(--awb-color5);--awb-margin-top-small:10px;--awb-margin-right-small:0px;--awb-margin-bottom-small:10px;--awb-margin-left-small:0px;\"><h2 class=\"fusion-title-heading title-heading-left\" style=\"margin:0;\">Nagyszer\u0171<br \/>\nkanap\u00e9!<\/h2><\/div><\/div><\/div><div class=\"fusion-layout-column fusion_builder_column fusion-builder-column-6 fusion_builder_column_2_3 2_3 fusion-flex-column fusion-flex-align-self-flex-start\" style=\"--awb-bg-size:cover;--awb-width-large:66.666666666667%;--awb-margin-top-large:0px;--awb-spacing-right-large:2.88%;--awb-margin-bottom-large:20px;--awb-spacing-left-large:2.88%;--awb-width-medium:66.666666666667%;--awb-order-medium:0;--awb-spacing-right-medium:2.88%;--awb-spacing-left-medium:2.88%;--awb-width-small:100%;--awb-order-small:0;--awb-spacing-right-small:1.92%;--awb-spacing-left-small:1.92%;\" data-scroll-devices=\"small-visibility,medium-visibility,large-visibility\"><div class=\"fusion-column-wrapper fusion-column-has-shadow fusion-flex-justify-content-flex-start fusion-content-layout-column\"><div class=\"fusion-text fusion-text-2\" style=\"--awb-text-color:var(--awb-color5);\"><p>Az ASARINA \u00fcl\u0151garnit\u00far\u00e1n\u00e1l sok minden vari\u00e1lhat\u00f3, de egy dolog fix: sz\u00e9p diz\u00e1jn id\u0151tlen form\u00e1kkal \u00e9s puha k\u00e1rpitkont\u00farokkal. A kanap\u00e9 huzata lehet sz\u00f6vet vagy b\u0151r sokf\u00e9le nat\u00far sz\u00ednben \u2013 hogy sok \u00e9ven \u00e1t \u00e9lvezhesd a felejthetetlen \u00fcl\u00e9skomfortot. Az ADA b\u00fatorok kiv\u00e1l\u00f3 min\u0151s\u00e9gben k\u00e9sz\u00fclnek \u00e9s kimondottan tart\u00f3sak. Ez az igazi fenntarthat\u00f3s\u00e1g.<\/p>\n<p>Ezen a kanap\u00e9n ak\u00e1r eg\u00e9sz nap dolgozhatsz is, ha home office-ban vagy. A rakod\u00f3helyr\u0151l kitolhat\u00f3 egy t\u00f6m\u00f6r t\u00f6lgy- vagy di\u00f3fa asztallap, \u00e9s az \u00fcl\u0151fel\u00fclet fel\u00e9 forgathat\u00f3. Van hozz\u00e1 USB-csatlakoz\u00f3 \u00e9s praktikus t\u00e1rol\u00f3rekesz extrak\u00e9nt. Fontos tov\u00e1bbi tudnival\u00f3: az ASARINA hatni szeretne, \u00e9s az \u00e1ll\u00edthat\u00f3 \u00fcl\u00e9sfel\u00fclet miatt nem lehet k\u00f6zvetlen\u00fcl a fal mell\u00e9 tenni. A kanap\u00e9 m\u00f6g\u00f6tt kell egy pici hely. Azonban minden m\u00e1s a maximumon van!<\/p>\n<\/div><\/div><\/div><\/div><\/div><div class=\"fusion-fullwidth fullwidth-box fusion-builder-row-5 fusion-flex-container has-pattern-background has-mask-background fusion-parallax-none nonhundred-percent-fullwidth non-hundred-percent-height-scrolling cp-nachhaltigkeitselement\" style=\"--awb-border-radius-top-left:0px;--awb-border-radius-top-right:0px;--awb-border-radius-bottom-right:0px;--awb-border-radius-bottom-left:0px;--awb-background-image:url(&quot;\/wp-content\/uploads\/2023\/09\/Ada-Hintergrund_blau.jpg&quot;);--awb-background-size:cover;--awb-flex-wrap:wrap;\" ><div class=\"fusion-builder-row fusion-row fusion-flex-align-items-flex-start fusion-flex-content-wrap\" style=\"max-width:1248px;margin-left: calc(-4% \/ 2 );margin-right: calc(-4% \/ 2 );\"><div class=\"fusion-layout-column fusion_builder_column fusion-builder-column-7 fusion_builder_column_1_1 1_1 fusion-flex-column\" style=\"--awb-bg-size:cover;--awb-width-large:100%;--awb-margin-top-large:0px;--awb-spacing-right-large:1.92%;--awb-margin-bottom-large:20px;--awb-spacing-left-large:1.92%;--awb-width-medium:100%;--awb-order-medium:0;--awb-spacing-right-medium:1.92%;--awb-spacing-left-medium:1.92%;--awb-width-small:100%;--awb-order-small:0;--awb-spacing-right-small:1.92%;--awb-spacing-left-small:1.92%;\" data-scroll-devices=\"small-visibility,medium-visibility,large-visibility\"><div class=\"fusion-column-wrapper fusion-column-has-shadow fusion-flex-justify-content-flex-start fusion-content-layout-column\"><div class=\"fusion-image-element \" style=\"text-align:center;--awb-caption-title-font-family:var(--h2_typography-font-family);--awb-caption-title-font-weight:var(--h2_typography-font-weight);--awb-caption-title-font-style:var(--h2_typography-font-style);--awb-caption-title-size:var(--h2_typography-font-size);--awb-caption-title-transform:var(--h2_typography-text-transform);--awb-caption-title-line-height:var(--h2_typography-line-height);--awb-caption-title-letter-spacing:var(--h2_typography-letter-spacing);\"><span class=\" fusion-imageframe imageframe-none imageframe-4 hover-type-none top-200 \" style=\"border-radius:8px;\"><img decoding=\"async\" width=\"1400\" height=\"800\" title=\"Couch von ADA . Mindful Living \u2013 Modern und nachhaltig\" src=\"https:\/\/www.ada.at\/wp-content\/uploads\/2023\/10\/Couch-von-ADA-.-Mindful-Living-\u2013-Modern-und-nachhaltig.jpg\" alt class=\"img-responsive wp-image-11644\"\/><\/span><\/div><\/div><\/div><\/div><\/div><div class=\"fusion-fullwidth fullwidth-box fusion-builder-row-6 fusion-flex-container has-pattern-background has-mask-background nonhundred-percent-fullwidth non-hundred-percent-height-scrolling cp-vergleichstabelle top100 bottom100\" style=\"--awb-border-radius-top-left:0px;--awb-border-radius-top-right:0px;--awb-border-radius-bottom-right:0px;--awb-border-radius-bottom-left:0px;--awb-flex-wrap:wrap;\" ><div class=\"fusion-builder-row fusion-row fusion-flex-align-items-flex-start fusion-flex-content-wrap\" style=\"max-width:1248px;margin-left: calc(-4% \/ 2 );margin-right: calc(-4% \/ 2 );\"><div class=\"fusion-layout-column fusion_builder_column fusion-builder-column-8 fusion_builder_column_1_1 1_1 fusion-flex-column table-compare-hl\" style=\"--awb-bg-size:cover;--awb-width-large:100%;--awb-margin-top-large:0px;--awb-spacing-right-large:1.92%;--awb-margin-bottom-large:20px;--awb-spacing-left-large:1.92%;--awb-width-medium:100%;--awb-order-medium:0;--awb-spacing-right-medium:1.92%;--awb-spacing-left-medium:1.92%;--awb-width-small:100%;--awb-order-small:0;--awb-spacing-right-small:1.92%;--awb-spacing-left-small:1.92%;\" data-scroll-devices=\"small-visibility,medium-visibility,large-visibility\"><div class=\"fusion-column-wrapper fusion-column-has-shadow fusion-flex-justify-content-flex-start fusion-content-layout-column\"><div class=\"fusion-title title fusion-title-3 fusion-sep-none fusion-title-center fusion-title-text fusion-title-size-three\" style=\"--awb-text-color:var(--awb-color5);--awb-margin-top-small:10px;--awb-margin-right-small:0px;--awb-margin-bottom-small:10px;--awb-margin-left-small:0px;\"><h3 class=\"fusion-title-heading title-heading-center\" style=\"margin:0;\"><p>Hasonl\u00edtsd \u00f6ssze az Asarina kanap\u00e9t<br \/>\nm\u00e1s kanap\u00e9inkkal<\/p><\/h3><\/div><\/div><\/div><div class=\"fusion-layout-column fusion_builder_column fusion-builder-column-9 fusion_builder_column_1_1 1_1 fusion-flex-column table-compare-box\" style=\"--awb-bg-size:cover;--awb-width-large:100%;--awb-margin-top-large:0px;--awb-spacing-right-large:1.92%;--awb-margin-bottom-large:20px;--awb-spacing-left-large:1.92%;--awb-width-medium:100%;--awb-order-medium:0;--awb-spacing-right-medium:1.92%;--awb-spacing-left-medium:1.92%;--awb-width-small:100%;--awb-order-small:0;--awb-spacing-right-small:1.92%;--awb-spacing-left-small:1.92%;\" data-scroll-devices=\"small-visibility,medium-visibility,large-visibility\"><div class=\"fusion-column-wrapper fusion-column-has-shadow fusion-flex-justify-content-flex-start fusion-content-layout-column\">\n<div class=\"table-1 table-compare\">\n<table style=\"width: 100%; height: 552px;\" width=\"100%\">\n<thead>\n<tr style=\"height: 87px;\">\n<th style=\"width: 11.7599%; height: 87px;\" align=\"left\"><\/th>\n<th style=\"width: 19.9725%; height: 87px;\" align=\"left\"><img decoding=\"async\" src=\"https:\/\/www.ada.at\/wp-content\/uploads\/2023\/11\/couch-asarina.jpg\" alt=\"\" \/><\/th>\n<th style=\"width: 37.2984%; height: 87px;\" align=\"left\"><img decoding=\"async\" class=\"aligncenter wp-image-673 size-fusion-200\" src=\"https:\/\/www.ada.at\/wp-content\/uploads\/2023\/11\/sofa-alemere.jpg\" alt=\"\" width=\"200\" height=\"115\" \/><\/th>\n<th style=\"width: 29.9401%; height: 87px;\" align=\"left\"><img decoding=\"async\" class=\"aligncenter wp-image-8561 size-fusion-200\" src=\"https:\/\/www.ada.at\/wp-content\/uploads\/2023\/10\/tivoli-200x100.jpg\" alt=\"Designercouch Tivoli - ADA Mindful Living und ADA Austria Premium - Made in Europe\" width=\"200\" height=\"100\" \/><\/th>\n<\/tr>\n<\/thead>\n<tbody>\n<tr style=\"height: 24px;\">\n<td style=\"width: 11.7599%; height: 24px;\" align=\"left\"><strong>Modell<\/strong><\/td>\n<td style=\"width: 19.9725%; height: 24px;\" align=\"left\">Asarina<\/td>\n<td style=\"width: 37.2984%; height: 24px;\" align=\"left\">Almere<\/td>\n<td style=\"width: 29.9401%; height: 24px;\" align=\"left\">Tivoli<\/td>\n<\/tr>\n<tr style=\"height: 216px;\">\n<td style=\"width: 11.7599%; height: 216px;\"><strong>R\u00f6vid le\u00edr\u00e1s<\/strong><\/td>\n<td style=\"width: 19.9725%; height: 216px;\">Az ASARINA kanap\u00e9 egyes\u00edti mag\u00e1ban a rugalmasan alak\u00edthat\u00f3 cs\u00facskateg\u00f3ri\u00e1s funkci\u00f3kat \u00e9s a letisztult diz\u00e1jnt; a teljes k\u00e9nyelem \u00e9rdek\u00e9ben mozgathat\u00f3 h\u00e1tt\u00e1ml\u00e1t \u00e9s fekv\u0151helyet k\u00edn\u00e1l, be\u00e9p\u00edtett home office opci\u00f3kat is biztos\u00edt, ugyanakkor fenntarthat\u00f3 \u00e9s tart\u00f3s.<\/td>\n<td style=\"width: 37.2984%; height: 216px;\">Az ALMERE kanap\u00e9 egyszerre k\u00e9nyelmes \u00e9s praktikus, puha, de m\u00e9gis tart\u00e1s ad\u00f3 k\u00e1rpitoz\u00e1ssal, mozgathat\u00f3 elemekkel az optim\u00e1lis pihen\u00e9s\u00e9rt, h\u00edvogat\u00f3 fekv\u0151fel\u00fclettel \u00e9s a kering\u00e9st t\u00e1mogat\u00f3 relax poz\u00edci\u00f3val.<\/td>\n<td style=\"width: 29.9401%; height: 216px;\">A TIVOLI sokoldal\u00fa \u00e9s izgalmas kanap\u00e9, amely a diz\u00e1jn \u00e9s a forma kontrasztj\u00e1val k\u00e9pes megh\u00f3d\u00edtani, t\u00e1gas \u00fcl\u00e9sfel\u00fclettel, karcs\u00fa t\u00e1ml\u00e1val, vari\u00e1lhat\u00f3 elemekkel, p\u00e9ld\u00e1ul \u00e1ll\u00edthat\u00f3 karf\u00e1val \u00e9s megv\u00e1laszthat\u00f3 fekv\u0151helyekkel, \u00edgy a k\u00e9nyelem \u00e9s a st\u00edlus megtestes\u00edt\u0151je a nappaliban.<\/td>\n<\/tr>\n<tr style=\"height: 176px;\">\n<td style=\"height: 176px; width: 11.7599%;\"><strong>Saj\u00e1toss\u00e1gok<\/strong><\/td>\n<td style=\"height: 176px; width: 19.9725%;\">\n<ul>\n<li>Cs\u00facsmin\u0151s\u00e9g\u0171 relax\u00e1ci\u00f3s funkci\u00f3k<\/li>\n<li>\u00c1ll\u00edthat\u00f3 h\u00e1tt\u00e1mla nyakt\u00e1masszal<\/li>\n<li>Kinyithat\u00f3 asztalka a home office-hoz<\/li>\n<\/ul>\n<\/td>\n<td style=\"height: 176px; width: 37.2984%;\">\n<ul>\n<li>Mozgathat\u00f3 h\u00e1tt\u00e1mla \u00e9s nyakt\u00e1masz<\/li>\n<li>T\u00f6m\u00f6rfa t\u00e1rol\u00f3 a Home Office-ben v\u00e9gzend\u0151 munk\u00e1hoz<\/li>\n<li>Praktikus tart\u00f3 USB-porttal<\/li>\n<\/ul>\n<\/td>\n<td style=\"height: 176px; width: 29.9401%;\">\n<ul>\n<li>Izgalmas, kontrasztos diz\u00e1jn<\/li>\n<li>T\u00f6m\u00f6rfa-l\u00e1bazat: t\u00f6lgyb\u0151l, di\u00f3f\u00e1b\u00f3l vagy b\u00fckkb\u0151l<\/li>\n<li>Fokozat n\u00e9lk\u00fcl \u00e1ll\u00edthat\u00f3 kart\u00e1masz<\/li>\n<\/ul>\n<\/td>\n<\/tr>\n<tr style=\"height: 24px;\">\n<td style=\"width: 11.7599%; height: 24px;\"><\/td>\n<td style=\"width: 19.9725%; height: 24px;\"><\/td>\n<td style=\"width: 37.2984%; height: 24px; text-align: left;\"><a class=\"button\" href=\"https:\/\/www.ada.at\/en\/produkte\/sleeping\/beds\/bed-with-slatted-base\/calabria\/\">Ugr\u00e1s a term\u00e9khez<\/a><\/td>\n<td style=\"width: 29.9401%; height: 24px; text-align: left;\"><a class=\"button\" href=\"https:\/\/www.ada.at\/hu\/produkte\/lakik\/kanapek\/i-forma\/tivoli\/\">Ugr\u00e1s a term\u00e9khez<\/a><\/td>\n<\/tr>\n<\/tbody>\n<\/table>\n<\/div>\n<\/div><\/div><\/div><\/div><\/p>\n","protected":false},"excerpt":{"rendered":"<p>Ez azt\u00e1n egy kanap\u00e9! Az ASARINA sz\u00e1mos cs\u00facsfunkci\u00f3t k\u00edn\u00e1l: minden egy\u00e9nileg megv\u00e1laszthat\u00f3, semmi nincs egys\u00e9ges\u00edtve. Csin\u00e1lhatsz, amit szeretn\u00e9l, dolgozhatsz a kanap\u00e9n, vagy \u00e9ppen pihenhetsz: a h\u00e1tt\u00e1mla, a nyakt\u00e1masz, az \u00fcl\u0151fel\u00fcletek \u00e9s fekv\u0151hely mind \u00e1ll\u00edthat\u00f3, \u00e9s mindig olyan poz\u00edci\u00f3t foglalhatsz el, amilyet \u00e9ppen akkor szeretn\u00e9l. Sok minden vari\u00e1lhat\u00f3 enn\u00e9l a nagyszer\u0171 kanap\u00e9n\u00e1l, de egy dolog fix: a letisztult diz\u00e1jn a megfelel\u0151 helyeken lekerek\u00edtett k\u00e1rpitoz\u00e1ssal.<\/p>\n<ul>\n<li>Cs\u00facsmin\u0151s\u00e9g\u0171 relax\u00e1ci\u00f3s funkci\u00f3k<\/li>\n<li>Szinte minden egy\u00e9nileg v\u00e1laszthat\u00f3<\/li>\n<li>\u00c1ll\u00edthat\u00f3 h\u00e1tt\u00e1mla nyakt\u00e1masszal<\/li>\n<li>T\u00f6m\u00f6rfa t\u00e1rol\u00f3 a Home Office-hoz<\/li>\n<li>Praktikus t\u00e1rol\u00f3rekesz \u00e9s t\u00f6lt\u0151<\/li>\n<li>Eleg\u00e1ns \u00e9s id\u0151tlen diz\u00e1jn<\/li>\n<li>Kiz\u00e1r\u00f3lag eur\u00f3pai gy\u00e1rt\u00e1sban k\u00e9sz\u00fcl<\/li>\n<\/ul>\n","protected":false},"featured_media":9516,"template":"","meta":{"_acf_changed":false},"product_brand":[],"product_cat":[331,520,517,518,519],"product_tag":[532,533,530,531,529,522,528,527,545,547,523,521,548,524],"class_list":{"0":"post-15105","1":"product","2":"type-product","3":"status-publish","4":"has-post-thumbnail","6":"product_cat-ada-hu","7":"product_cat-i-forma","8":"product_cat-kanapek","9":"product_cat-l-forma","10":"product_cat-u-forma","11":"product_tag-130cm-hu","12":"product_tag-140cm-hu","13":"product_tag-allithato-hattamla-hatparna","14":"product_tag-asztal-tarolofunkcio","15":"product_tag-asztal-tarolo","16":"product_tag-bor","17":"product_tag-kemeny","18":"product_tag-koezepes","19":"product_tag-mozgathato-fejtamaszok","20":"product_tag-relaxacios-funkcio","21":"product_tag-textil-hu","22":"product_tag-uelogarniturak","23":"product_tag-usb-csatlakozo","24":"product_tag-vegan-bor","25":"post-status-publish","27":"first","28":"instock","29":"shipping-taxable","30":"product-type-simple","31":"add-to-wishlist-before_image"},"acf":[],"_links":{"self":[{"href":"https:\/\/www.ada.at\/hu\/wp-json\/wp\/v2\/product\/15105","targetHints":{"allow":["GET"]}}],"collection":[{"href":"https:\/\/www.ada.at\/hu\/wp-json\/wp\/v2\/product"}],"about":[{"href":"https:\/\/www.ada.at\/hu\/wp-json\/wp\/v2\/types\/product"}],"version-history":[{"count":5,"href":"https:\/\/www.ada.at\/hu\/wp-json\/wp\/v2\/product\/15105\/revisions"}],"predecessor-version":[{"id":26168,"href":"https:\/\/www.ada.at\/hu\/wp-json\/wp\/v2\/product\/15105\/revisions\/26168"}],"wp:featuredmedia":[{"embeddable":true,"href":"https:\/\/www.ada.at\/hu\/wp-json\/wp\/v2\/media\/9516"}],"wp:attachment":[{"href":"https:\/\/www.ada.at\/hu\/wp-json\/wp\/v2\/media?parent=15105"}],"wp:term":[{"taxonomy":"product_brand","embeddable":true,"href":"https:\/\/www.ada.at\/hu\/wp-json\/wp\/v2\/product_brand?post=15105"},{"taxonomy":"product_cat","embeddable":true,"href":"https:\/\/www.ada.at\/hu\/wp-json\/wp\/v2\/product_cat?post=15105"},{"taxonomy":"product_tag","embeddable":true,"href":"https:\/\/www.ada.at\/hu\/wp-json\/wp\/v2\/product_tag?post=15105"}],"curies":[{"name":"wp","href":"https:\/\/api.w.org\/{rel}","templated":true}]}}