{"id":16715,"date":"2023-09-26T13:48:16","date_gmt":"2023-09-26T11:48:16","guid":{"rendered":"https:\/\/www.ada.at\/compliance\/"},"modified":"2024-04-23T13:50:46","modified_gmt":"2024-04-23T11:50:46","slug":"compliance","status":"publish","type":"page","link":"https:\/\/www.ada.at\/hu\/compliance\/","title":{"rendered":"Compliance"},"content":{"rendered":"<p><div class=\"fusion-fullwidth fullwidth-box fusion-builder-row-1 fusion-flex-container has-pattern-background has-mask-background fusion-parallax-none nonhundred-percent-fullwidth non-hundred-percent-height-scrolling cpart-heroheader heroHeaderContainer\" style=\"--link_hover_color: var(--awb-color5);--link_color: var(--awb-color5);--awb-border-color:var(--awb-color1);--awb-border-radius-top-left:0px;--awb-border-radius-top-right:0px;--awb-border-radius-bottom-right:0px;--awb-border-radius-bottom-left:0px;--awb-padding-top:9vw;--awb-padding-bottom:0px;--awb-padding-top-small:70px;--awb-padding-right-small:40px;--awb-padding-bottom-small:0px;--awb-padding-left-small:40px;--awb-margin-bottom-medium:0px;--awb-margin-bottom-small:60px;--awb-min-height:600px;--awb-background-color:hsla(var(--awb-color8-h),var(--awb-color8-s),var(--awb-color8-l),calc(var(--awb-color8-a) - 30%));--awb-background-image:radial-gradient(circle at center center, rgba(255,255,255,0) 20%,rgba(0,0,0,0.7) 100%),url(\/wp-content\/uploads\/2023\/09\/header_impressum_ada-mindful-living.jpg);;--awb-background-size:cover;--awb-flex-wrap:wrap;\" ><div class=\"fusion-builder-row fusion-row fusion-flex-align-items-center fusion-flex-content-wrap\" style=\"max-width:1248px;margin-left: calc(-4% \/ 2 );margin-right: calc(-4% \/ 2 );\"><div class=\"fusion-layout-column fusion_builder_column fusion-builder-column-0 fusion_builder_column_1_1 1_1 fusion-flex-column\" style=\"--awb-padding-bottom-medium:0px;--awb-bg-size:cover;--awb-width-large:100%;--awb-margin-top-large:0px;--awb-spacing-right-large:1.92%;--awb-margin-bottom-large:85px;--awb-spacing-left-large:1.92%;--awb-width-medium:100%;--awb-order-medium:0;--awb-spacing-right-medium:1.92%;--awb-spacing-left-medium:1.92%;--awb-width-small:100%;--awb-order-small:0;--awb-spacing-right-small:1.92%;--awb-margin-bottom-small:44px;--awb-spacing-left-small:1.92%;\" data-scroll-devices=\"small-visibility,medium-visibility,large-visibility\"><div class=\"fusion-column-wrapper fusion-column-has-shadow fusion-flex-justify-content-flex-start fusion-content-layout-column\"><\/div><\/div><\/div><\/div><div class=\"fusion-fullwidth fullwidth-box fusion-builder-row-2 fusion-flex-container has-pattern-background has-mask-background nonhundred-percent-fullwidth non-hundred-percent-height-scrolling\" style=\"--awb-border-radius-top-left:0px;--awb-border-radius-top-right:0px;--awb-border-radius-bottom-right:0px;--awb-border-radius-bottom-left:0px;--awb-flex-wrap:wrap;\" ><div class=\"fusion-builder-row fusion-row fusion-flex-align-items-center fusion-flex-justify-content-center fusion-flex-content-wrap\" style=\"max-width:1248px;margin-left: calc(-4% \/ 2 );margin-right: calc(-4% \/ 2 );\"><div class=\"fusion-layout-column fusion_builder_column fusion-builder-column-1 fusion_builder_column_2_3 2_3 fusion-flex-column fusion-flex-align-self-center cpart-leadIntext\" style=\"--awb-bg-color:var(--awb-color1);--awb-bg-color-hover:var(--awb-color1);--awb-bg-size:cover;--awb-width-large:66.666666666667%;--awb-margin-top-large:0px;--awb-spacing-right-large:2.88%;--awb-margin-bottom-large:20px;--awb-spacing-left-large:2.88%;--awb-width-medium:66.666666666667%;--awb-order-medium:0;--awb-spacing-right-medium:2.88%;--awb-spacing-left-medium:2.88%;--awb-width-small:100%;--awb-order-small:0;--awb-spacing-right-small:1.92%;--awb-spacing-left-small:1.92%;\" data-scroll-devices=\"small-visibility,medium-visibility,large-visibility\"><div class=\"fusion-column-wrapper fusion-column-has-shadow fusion-flex-justify-content-flex-start fusion-content-layout-column\"><div class=\"fusion-title title fusion-title-1 fusion-sep-none fusion-title-text fusion-title-size-one left-50\" style=\"--awb-text-color:var(--awb-color5);--awb-margin-top-small:10px;--awb-margin-right-small:0px;--awb-margin-bottom-small:10px;--awb-margin-left-small:0px;\"><h1 class=\"fusion-title-heading title-heading-left\" style=\"margin:0;\">Compliance<\/h1><\/div><div class=\"fusion-text fusion-text-1 left50\"><p><b>Korrupci\u00f3elleness\u00e9g \u00e9s az \u00e9rdekelts\u00e9gek elker\u00fcl\u00e9se<\/b><\/p>\n<p>Tiltott aj\u00e1nd\u00e9k elfogad\u00e1sa vagy kis aj\u00e1nd\u00e9k? Az ADA elk\u00f6telezett a jogk\u00f6vet\u0151 magatart\u00e1s \u00e9s az \u00f6sszef\u00e9rhetetlens\u00e9g elker\u00fcl\u00e9se mellett. Az ADA \u00e1tfog\u00f3 ir\u00e1nymutat\u00e1sokat adott ki, hogy minden szinten \u00e9rz\u00e9keny\u00edtse a munkav\u00e1llal\u00f3kat erre a k\u00e9rd\u00e9sre, \u00e9s ir\u00e1nymutat\u00e1st adjon sz\u00e1mukra a helyes viselked\u00e9shez.<\/p>\n<p><a href=\"https:\/\/www.ada.at\/wp-content\/uploads\/2023\/10\/ADA_Leitfaden-Antikorruption-und-Interessenkonfliktvermeidung_2021.pdf\">Az ADA &#8220;Korrupci\u00f3ellenes \u00e9s \u00f6sszef\u00e9rhetetlens\u00e9g elker\u00fcl\u00e9se&#8221; c\u00edm\u0171 ir\u00e1nymutat\u00e1saihoz<\/a> <em>(2021-t\u0151l<\/em>)<\/p>\n<p><em><br \/><\/em><\/p>\n<p><b>Tr\u00f6sztellenes megfelel\u00e9s<\/b><\/p>\n<p>Az ADA komolyan veszi a tisztess\u00e9ges versenyt, \u00e9s z\u00e9r\u00f3 tolerancia politik\u00e1t folytat a tr\u00f6sztellenes t\u00f6rv\u00e9nyek \u00e9s a tiltott \u00e1rmeg\u00e1llapod\u00e1sok megs\u00e9rt\u00e9se tekintet\u00e9ben. Ez\u00e9rt az ADA-t szigor\u00fa tr\u00f6sztellenes k\u00f3dex k\u00f6ti, amelynek c\u00e9lja az is, hogy seg\u00e9dletk\u00e9nt \u00e9s \u00fatmutat\u00f3k\u00e9nt szolg\u00e1ljon a munkav\u00e1llal\u00f3k sz\u00e1m\u00e1ra minden szinten.<\/p>\n<p><a href=\"https:\/\/www.ada.at\/wp-content\/uploads\/2023\/10\/ADA-Kartellcompliance-Kodex-2021.pdf\">Az ADA tr\u00f6sztellenes megfelel\u00e9si szab\u00e1lyzathoz<\/a> <em>(\u00c1llapot: 2021)<\/em><\/p>\n<p><em><br \/><\/em><\/p>\n<p><b>Bejelent\u0151 rendszer<\/b><\/p>\n<p>Az ADA l\u00e9trehozott egy anonim bejelent\u0151 eszk\u00f6zt, amelyet az alkalmazottak, \u00fczleti partnerek, \u00fcgyfelek \u00e9s potenci\u00e1lisan \u00e9rintett felek haszn\u00e1lhatnak arra, hogy egy f\u00fcggetlen \u00fcgyv\u00e9det t\u00e1j\u00e9koztassanak a v\u00e1llalaton bel\u00fcli esetleges szab\u00e1lytalans\u00e1gokr\u00f3l \u00e9s\/vagy t\u00f6rv\u00e9nys\u00e9rt\u00e9sekr\u0151l. Itt n\u00e9vtelen\u00fcl jelentheti be az ADA-n\u00e1l tapasztalt s\u00e9relmeket vagy t\u00f6rv\u00e9nys\u00e9rt\u00e9seket, amelyeket k\u00f6zvetlen\u00fcl vagy a k\u00f6rnyezet\u00e9ben \u00e9szlelt.<\/p>\n<p><a href=\"https:\/\/sgp-lumen.de\/app\/ada\" target=\"_blank\" rel=\"noopener noreferrer\">A bejelent\u0151 rendszerr\u0151l<\/a><\/p>\n<\/div><\/div><\/div><\/div><\/div><\/p>\n","protected":false},"excerpt":{"rendered":"","protected":false},"author":2,"featured_media":0,"parent":0,"menu_order":0,"comment_status":"closed","ping_status":"closed","template":"100-width.php","meta":{"_acf_changed":false,"footnotes":""},"class_list":["post-16715","page","type-page","status-publish","hentry","post-status-publish"],"acf":[],"_links":{"self":[{"href":"https:\/\/www.ada.at\/hu\/wp-json\/wp\/v2\/pages\/16715","targetHints":{"allow":["GET"]}}],"collection":[{"href":"https:\/\/www.ada.at\/hu\/wp-json\/wp\/v2\/pages"}],"about":[{"href":"https:\/\/www.ada.at\/hu\/wp-json\/wp\/v2\/types\/page"}],"author":[{"embeddable":true,"href":"https:\/\/www.ada.at\/hu\/wp-json\/wp\/v2\/users\/2"}],"replies":[{"embeddable":true,"href":"https:\/\/www.ada.at\/hu\/wp-json\/wp\/v2\/comments?post=16715"}],"version-history":[{"count":0,"href":"https:\/\/www.ada.at\/hu\/wp-json\/wp\/v2\/pages\/16715\/revisions"}],"wp:attachment":[{"href":"https:\/\/www.ada.at\/hu\/wp-json\/wp\/v2\/media?parent=16715"}],"curies":[{"name":"wp","href":"https:\/\/api.w.org\/{rel}","templated":true}]}}