{"id":14269,"date":"2023-09-26T10:53:38","date_gmt":"2023-09-26T08:53:38","guid":{"rendered":"https:\/\/www.ada.at\/landing-page-hirlevel\/"},"modified":"2024-02-26T14:58:14","modified_gmt":"2024-02-26T13:58:14","slug":"landing-page-hirlevel","status":"publish","type":"page","link":"https:\/\/www.ada.at\/hu\/landing-page-hirlevel\/","title":{"rendered":"Landing Page | H\u00edrlev\u00e9l"},"content":{"rendered":"<p><div class=\"fusion-fullwidth fullwidth-box fusion-builder-row-1 fusion-flex-container has-pattern-background has-mask-background fusion-parallax-none nonhundred-percent-fullwidth non-hundred-percent-height-scrolling cpart-heroheader heroHeaderContainer\" style=\"--link_hover_color: var(--awb-color5);--link_color: var(--awb-color5);--awb-border-color:var(--awb-color1);--awb-border-radius-top-left:0px;--awb-border-radius-top-right:0px;--awb-border-radius-bottom-right:0px;--awb-border-radius-bottom-left:0px;--awb-padding-top:9vw;--awb-padding-bottom:0px;--awb-padding-top-small:70px;--awb-padding-right-small:40px;--awb-padding-bottom-small:0px;--awb-padding-left-small:40px;--awb-margin-bottom-medium:0px;--awb-margin-bottom-small:60px;--awb-min-height:600px;--awb-min-height-small:410px;--awb-background-color:hsla(var(--awb-color8-h),var(--awb-color8-s),var(--awb-color8-l),calc(var(--awb-color8-a) - 30%));--awb-background-image:radial-gradient(circle at center center, rgba(255,255,255,0) 20%,rgba(0,0,0,0.7) 100%),url(\/wp-content\/uploads\/2023\/09\/ContentHeader_Newsletter-1920x576.jpg);;--awb-background-size:cover;--awb-flex-wrap:wrap;\" ><div class=\"fusion-builder-row fusion-row fusion-flex-align-items-center fusion-flex-content-wrap\" style=\"max-width:1248px;margin-left: calc(-4% \/ 2 );margin-right: calc(-4% \/ 2 );\"><div class=\"fusion-layout-column fusion_builder_column fusion-builder-column-0 fusion_builder_column_1_1 1_1 fusion-flex-column\" style=\"--awb-padding-bottom-medium:0px;--awb-bg-size:cover;--awb-width-large:100%;--awb-margin-top-large:0px;--awb-spacing-right-large:1.92%;--awb-margin-bottom-large:85px;--awb-spacing-left-large:1.92%;--awb-width-medium:100%;--awb-order-medium:0;--awb-spacing-right-medium:1.92%;--awb-spacing-left-medium:1.92%;--awb-width-small:100%;--awb-order-small:0;--awb-spacing-right-small:1.92%;--awb-margin-bottom-small:44px;--awb-spacing-left-small:1.92%;\" data-scroll-devices=\"small-visibility,medium-visibility,large-visibility\"><div class=\"fusion-column-wrapper fusion-column-has-shadow fusion-flex-justify-content-flex-start fusion-content-layout-column\"><\/div><\/div><\/div><\/div><div class=\"fusion-fullwidth fullwidth-box fusion-builder-row-2 fusion-flex-container has-pattern-background has-mask-background nonhundred-percent-fullwidth non-hundred-percent-height-scrolling\" style=\"--awb-border-radius-top-left:0px;--awb-border-radius-top-right:0px;--awb-border-radius-bottom-right:0px;--awb-border-radius-bottom-left:0px;--awb-flex-wrap:wrap;\" ><div class=\"fusion-builder-row fusion-row fusion-flex-align-items-center fusion-flex-justify-content-center fusion-flex-content-wrap\" style=\"max-width:1248px;margin-left: calc(-4% \/ 2 );margin-right: calc(-4% \/ 2 );\"><div class=\"fusion-layout-column fusion_builder_column fusion-builder-column-1 fusion_builder_column_2_3 2_3 fusion-flex-column fusion-flex-align-self-center cpart-leadIntext\" style=\"--awb-bg-color:var(--awb-color1);--awb-bg-color-hover:var(--awb-color1);--awb-bg-size:cover;--awb-width-large:66.666666666667%;--awb-margin-top-large:0px;--awb-spacing-right-large:2.88%;--awb-margin-bottom-large:20px;--awb-spacing-left-large:2.88%;--awb-width-medium:66.666666666667%;--awb-order-medium:0;--awb-spacing-right-medium:2.88%;--awb-spacing-left-medium:2.88%;--awb-width-small:100%;--awb-order-small:0;--awb-spacing-right-small:1.92%;--awb-spacing-left-small:1.92%;\" data-scroll-devices=\"small-visibility,medium-visibility,large-visibility\"><div class=\"fusion-column-wrapper fusion-column-has-shadow fusion-flex-justify-content-flex-start fusion-content-layout-column\"><div class=\"fusion-title title fusion-title-1 fusion-sep-none fusion-title-text fusion-title-size-one left-50\" style=\"--awb-text-color:var(--awb-color5);--awb-margin-top-small:10px;--awb-margin-right-small:0px;--awb-margin-bottom-small:10px;--awb-margin-left-small:0px;\"><h1 class=\"fusion-title-heading title-heading-left\" style=\"margin:0;\">Mindful Living az ADA b\u00fator h\u00edrlev\u00e9llel<\/h1><\/div><div class=\"fusion-text fusion-text-1 left50\"><p>Az ADA b\u00fator h\u00edrlev\u00e9llel k\u00e9nyelmesen, e-mailben \u00e9rtes\u00fclsz minden \u00fajdons\u00e1gr\u00f3l. Minden h\u00f3napban kapsz egy inspir\u00e1l\u00f3 levelet a kedvenc b\u00fatorszak\u00e9rt\u0151dt\u0151l. Mire sz\u00e1m\u00edthatsz?<\/p>\n<ul>\n<li>Exkluz\u00edv tartalmak &amp; betekint\u00e9s a kulissz\u00e1k m\u00f6g\u00e9<\/li>\n<li>Hasznos \u00f6tletek a mindennapok lass\u00edt\u00e1s\u00e1hoz<\/li>\n<li>Inspir\u00e1ci\u00f3 a tudatos otthonhoz &amp; aktu\u00e1lis lak\u00e1strendek<\/li>\n<\/ul>\n<\/div><\/div><\/div><\/div><\/div><div class=\"fusion-fullwidth fullwidth-box fusion-builder-row-3 fusion-flex-container has-pattern-background has-mask-background nonhundred-percent-fullwidth non-hundred-percent-height-scrolling cpart-newsletter top150 fusion-custom-z-index\" style=\"--awb-border-radius-top-left:0px;--awb-border-radius-top-right:0px;--awb-border-radius-bottom-right:0px;--awb-border-radius-bottom-left:0px;--awb-z-index:0;--awb-padding-top:50px;--awb-padding-bottom:90px;--awb-flex-wrap:wrap;\" ><div class=\"fusion-builder-row fusion-row fusion-flex-align-items-flex-start fusion-flex-justify-content-center fusion-flex-content-wrap\" style=\"max-width:1248px;margin-left: calc(-4% \/ 2 );margin-right: calc(-4% \/ 2 );\"><div class=\"fusion-layout-column fusion_builder_column fusion-builder-column-2 fusion_builder_column_1_1 1_1 fusion-flex-column\" style=\"--awb-z-index:1;--awb-bg-size:cover;--awb-width-large:100%;--awb-margin-top-large:0px;--awb-spacing-right-large:1.92%;--awb-margin-bottom-large:20px;--awb-spacing-left-large:1.92%;--awb-width-medium:100%;--awb-order-medium:0;--awb-spacing-right-medium:1.92%;--awb-spacing-left-medium:1.92%;--awb-width-small:100%;--awb-order-small:0;--awb-spacing-right-small:1.92%;--awb-spacing-left-small:1.92%;\" data-scroll-devices=\"small-visibility,medium-visibility,large-visibility\"><div class=\"fusion-column-wrapper fusion-column-has-shadow fusion-flex-justify-content-flex-start fusion-content-layout-column\"><div class=\"fusion-image-element \" style=\"text-align:center;--awb-caption-title-font-family:var(--h2_typography-font-family);--awb-caption-title-font-weight:var(--h2_typography-font-weight);--awb-caption-title-font-style:var(--h2_typography-font-style);--awb-caption-title-size:var(--h2_typography-font-size);--awb-caption-title-transform:var(--h2_typography-text-transform);--awb-caption-title-line-height:var(--h2_typography-line-height);--awb-caption-title-letter-spacing:var(--h2_typography-letter-spacing);\"><span class=\" fusion-imageframe imageframe-none imageframe-1 hover-type-none\" style=\"border-radius:8px;z-index:-1;\"><img decoding=\"async\" width=\"1200\" height=\"700\" alt=\"Eine Frau lehnt mit einem iPad auf dem Sofa. Der Hund kuschelt sich zu ihren F\u00fc\u00dfen\" title=\"ADA Newsletter &#8211; aktuelle Mo\u0308belnews mit aktuellen Trends und Einrichtungsideen &#8211; ADA Mindful Living\" src=\"https:\/\/www.ada.at\/wp-content\/uploads\/2024\/01\/ADA-Newsletter-aktuelle-Moebelnews-mit-aktuellen-Trends-und-Einrichtungsideen-ADA-Mindful-Living.jpg\" class=\"img-responsive wp-image-12382\"\/><\/span><\/div><\/div><\/div><div class=\"fusion-layout-column fusion_builder_column fusion-builder-column-3 fusion_builder_column_4_5 4_5 fusion-flex-column top-150\" style=\"--awb-z-index:5;--awb-padding-top:20px;--awb-overflow:hidden;--awb-bg-color:var(--awb-custom_color_3);--awb-bg-color-hover:var(--awb-custom_color_3);--awb-bg-size:cover;--awb-border-radius:8px 8px 8px 8px;--awb-width-large:80%;--awb-margin-top-large:1px;--awb-spacing-right-large:2.4%;--awb-margin-bottom-large:20px;--awb-spacing-left-large:2.4%;--awb-width-medium:80%;--awb-order-medium:0;--awb-spacing-right-medium:2.4%;--awb-spacing-left-medium:2.4%;--awb-width-small:100%;--awb-order-small:0;--awb-spacing-right-small:1.92%;--awb-spacing-left-small:1.92%;\" data-scroll-devices=\"small-visibility,medium-visibility,large-visibility\"><div class=\"fusion-column-wrapper fusion-column-has-shadow fusion-flex-justify-content-flex-start fusion-content-layout-column\"><div class=\"fusion-title title fusion-title-2 fusion-sep-none fusion-title-center fusion-title-text fusion-title-size-three\" style=\"--awb-text-color:var(--awb-color5);--awb-margin-top-small:10px;--awb-margin-right-small:0px;--awb-margin-bottom-small:10px;--awb-margin-left-small:0px;\"><h3 class=\"fusion-title-heading title-heading-center\" style=\"margin:0;\"><p style=\"text-align: center;\">Der Newsletter von ADA M\u00f6bel<\/p><\/h3><\/div><div class=\"fusion-text fusion-text-2\" style=\"--awb-content-alignment:center;--awb-line-height:1;--awb-text-color:var(--awb-color5);--awb-margin-top:50px;\"><p style=\"text-align: center;\">Jetzt unsere ADA M\u00f6bel News abonnieren und keine Neuheiten mehr verpassen.<\/p>\n<\/div><div class=\"NLBOX\"><script>(function() {\n\twindow.mc4wp = window.mc4wp || {\n\t\tlisteners: [],\n\t\tforms: {\n\t\t\ton: function(evt, cb) {\n\t\t\t\twindow.mc4wp.listeners.push(\n\t\t\t\t\t{\n\t\t\t\t\t\tevent   : evt,\n\t\t\t\t\t\tcallback: cb\n\t\t\t\t\t}\n\t\t\t\t);\n\t\t\t}\n\t\t}\n\t}\n})();\n<\/script><!-- Mailchimp for WordPress v4.12.2 - https:\/\/wordpress.org\/plugins\/mailchimp-for-wp\/ --><form id=\"mc4wp-form-1\" class=\"mc4wp-form mc4wp-form-4705\" method=\"post\" data-id=\"4705\" data-name=\"Website Newsletter Anmeldung\" ><div class=\"mc4wp-form-fields\"><div class=\"formblock\">\r\n<div class=\"formrow\">\r\n   <div class=\"inputpart inputpart-50\">\r\n     <label for=\"id_69e76d86aac2c_Anrede\">Anrede <\/label> \r\n      <select id=\"id_69e76d86aac2c_Anrede\" name=\"SALUTATION\" required aria-label=\"Anrede\">\r\n         <option disabled=\"\" value=\"\" selected=\"true\">Bitte w\u00e4hlen...<\/option>\r\n         <option value=\"Frau\">Frau<\/option>\r\n         <option value=\"Herr\">Herr<\/option>\r\n         <option value=\"Divers\">Divers<\/option>\r\n      <\/select>\r\n   <\/div>\r\n   <div class=\"inputpart inputpart-50\">\r\n      <label for=\"id_69e76d86aac2c_Vorname\">Vorname* <\/label> \r\n      <input id=\"id_69e76d86aac2c_Vorname\" type=\"text\" name=\"FNAME\" placeholder=\"\" required=\"\" required aria-label=\"Vorname\" title=\"Pflichtfeld: Vorname\">\r\n   <\/div>\r\n<\/div>\r\n<div class=\"formrow\">\r\n   <div class=\"inputpart inputpart-100\">\r\n      <label for=\"id_69e76d86aac2c_mail\">E-Mail-Adresse* <\/label> \r\n      <input id=\"id_69e76d86aac2c_mail\" type=\"email\" name=\"EMAIL\" required aria-label=\"E-Mail\" title=\"Pflichtfeld: E-Mail-Adresse\" required \/>\r\n   <\/div>\r\n  <div class=\"formrow\">\r\n   <div class=\"formrow\">\r\n      <div class=\"inputpart inputpart-100 inputpart-dsgvo\" style=\"width:100%\">\r\n        <input id=\"id_69e76d86aac2c_dataprotect\" type=\"checkbox\" name=\"AGREE_TO_TERMS\" value=\"1\" required=\"\" required aria-label=\"Ich stimme den Datenschutzbestimmungen zu\" title=\"Pflichtfeld: Zustimmung zur Datenschutzerkl\u00e4rung\">\r\n        <label for=\"id_69e76d86aac2c_dataprotect\">* Ich akzeptiere die <a class=\"link\" href=\"\/datenschutzerklaerung\/\" target=\"_blank\" title=\"Datenschutzerkl\u00e4rung \u00f6ffnet in neuem Tab\">Datenschutzerkl\u00e4rung<\/a>. Du kannst dich jederzeit abmelden, indem du auf den Link am Ende der Newsletter klickst.<\/label> \r\n      <\/div>\r\n   <\/div>\r\n<\/div>\r\n   <div class=\"inputpart inputpart-100\">\r\n      <input type=\"submit\" value=\"Jetzt anmelden!\" \/>\r\n   <\/div>\r\n<\/div>\r\n\r\n  <\/div>\r\n<\/div><label style=\"display: none !important;\">Ha \u00d6n ember, hagyja \u00fcresen ezt a mez\u0151t: <input type=\"text\" name=\"_mc4wp_honeypot\" value=\"\" tabindex=\"-1\" autocomplete=\"off\" \/><\/label><input type=\"hidden\" name=\"_mc4wp_timestamp\" value=\"1776774534\" \/><input type=\"hidden\" name=\"_mc4wp_form_id\" value=\"4705\" \/><input type=\"hidden\" name=\"_mc4wp_form_element_id\" value=\"mc4wp-form-1\" \/><div class=\"mc4wp-response\"><\/div><\/form><!-- \/ Mailchimp for WordPress Plugin --><\/div><\/div><\/div><\/div><\/div>\n<\/p>\n","protected":false},"excerpt":{"rendered":"","protected":false},"author":3,"featured_media":0,"parent":0,"menu_order":0,"comment_status":"closed","ping_status":"closed","template":"100-width.php","meta":{"_acf_changed":false,"footnotes":""},"class_list":["post-14269","page","type-page","status-publish","hentry","post-status-publish"],"acf":[],"_links":{"self":[{"href":"https:\/\/www.ada.at\/hu\/wp-json\/wp\/v2\/pages\/14269","targetHints":{"allow":["GET"]}}],"collection":[{"href":"https:\/\/www.ada.at\/hu\/wp-json\/wp\/v2\/pages"}],"about":[{"href":"https:\/\/www.ada.at\/hu\/wp-json\/wp\/v2\/types\/page"}],"author":[{"embeddable":true,"href":"https:\/\/www.ada.at\/hu\/wp-json\/wp\/v2\/users\/3"}],"replies":[{"embeddable":true,"href":"https:\/\/www.ada.at\/hu\/wp-json\/wp\/v2\/comments?post=14269"}],"version-history":[{"count":0,"href":"https:\/\/www.ada.at\/hu\/wp-json\/wp\/v2\/pages\/14269\/revisions"}],"wp:attachment":[{"href":"https:\/\/www.ada.at\/hu\/wp-json\/wp\/v2\/media?parent=14269"}],"curies":[{"name":"wp","href":"https:\/\/api.w.org\/{rel}","templated":true}]}}