{"id":13275,"date":"2023-08-19T13:42:43","date_gmt":"2023-08-19T11:42:43","guid":{"rendered":"https:\/\/www.ada.at\/impresszum\/"},"modified":"2025-07-17T15:45:01","modified_gmt":"2025-07-17T13:45:01","slug":"impresszum","status":"publish","type":"page","link":"https:\/\/www.ada.at\/hu\/impresszum\/","title":{"rendered":"Impresszum"},"content":{"rendered":"<p><div class=\"fusion-fullwidth fullwidth-box fusion-builder-row-1 fusion-flex-container has-pattern-background has-mask-background fusion-parallax-none nonhundred-percent-fullwidth non-hundred-percent-height-scrolling cpart-heroheader heroHeaderContainer\" style=\"--link_hover_color: var(--awb-color5);--link_color: var(--awb-color5);--awb-border-color:var(--awb-color1);--awb-border-radius-top-left:0px;--awb-border-radius-top-right:0px;--awb-border-radius-bottom-right:0px;--awb-border-radius-bottom-left:0px;--awb-padding-top:9vw;--awb-padding-bottom:0px;--awb-padding-top-small:70px;--awb-padding-right-small:40px;--awb-padding-bottom-small:0px;--awb-padding-left-small:40px;--awb-margin-bottom-medium:0px;--awb-margin-bottom-small:60px;--awb-min-height:600px;--awb-background-color:hsla(var(--awb-color8-h),var(--awb-color8-s),var(--awb-color8-l),calc(var(--awb-color8-a) - 30%));--awb-background-image:radial-gradient(circle at center center, rgba(255,255,255,0) 20%,rgba(0,0,0,0.7) 100%),url(\/wp-content\/uploads\/2023\/09\/header_impressum_ada-mindful-living.jpg);;--awb-background-size:cover;--awb-flex-wrap:wrap;\" ><div class=\"fusion-builder-row fusion-row fusion-flex-align-items-center fusion-flex-content-wrap\" style=\"max-width:1248px;margin-left: calc(-4% \/ 2 );margin-right: calc(-4% \/ 2 );\"><div class=\"fusion-layout-column fusion_builder_column fusion-builder-column-0 fusion_builder_column_1_1 1_1 fusion-flex-column\" style=\"--awb-padding-bottom-medium:0px;--awb-bg-size:cover;--awb-width-large:100%;--awb-margin-top-large:0px;--awb-spacing-right-large:1.92%;--awb-margin-bottom-large:85px;--awb-spacing-left-large:1.92%;--awb-width-medium:100%;--awb-order-medium:0;--awb-spacing-right-medium:1.92%;--awb-spacing-left-medium:1.92%;--awb-width-small:100%;--awb-order-small:0;--awb-spacing-right-small:1.92%;--awb-margin-bottom-small:44px;--awb-spacing-left-small:1.92%;\" data-scroll-devices=\"small-visibility,medium-visibility,large-visibility\"><div class=\"fusion-column-wrapper fusion-column-has-shadow fusion-flex-justify-content-flex-start fusion-content-layout-column\"><\/div><\/div><\/div><\/div><div class=\"fusion-fullwidth fullwidth-box fusion-builder-row-2 fusion-flex-container has-pattern-background has-mask-background nonhundred-percent-fullwidth non-hundred-percent-height-scrolling\" style=\"--awb-border-radius-top-left:0px;--awb-border-radius-top-right:0px;--awb-border-radius-bottom-right:0px;--awb-border-radius-bottom-left:0px;--awb-flex-wrap:wrap;\" ><div class=\"fusion-builder-row fusion-row fusion-flex-align-items-center fusion-flex-justify-content-center fusion-flex-content-wrap\" style=\"max-width:1248px;margin-left: calc(-4% \/ 2 );margin-right: calc(-4% \/ 2 );\"><div class=\"fusion-layout-column fusion_builder_column fusion-builder-column-1 fusion_builder_column_2_3 2_3 fusion-flex-column fusion-flex-align-self-center cpart-leadIntext\" style=\"--awb-bg-color:var(--awb-color1);--awb-bg-color-hover:var(--awb-color1);--awb-bg-size:cover;--awb-width-large:66.666666666667%;--awb-margin-top-large:0px;--awb-spacing-right-large:2.88%;--awb-margin-bottom-large:20px;--awb-spacing-left-large:2.88%;--awb-width-medium:66.666666666667%;--awb-order-medium:0;--awb-spacing-right-medium:2.88%;--awb-spacing-left-medium:2.88%;--awb-width-small:100%;--awb-order-small:0;--awb-spacing-right-small:1.92%;--awb-spacing-left-small:1.92%;\" data-scroll-devices=\"small-visibility,medium-visibility,large-visibility\"><div class=\"fusion-column-wrapper fusion-column-has-shadow fusion-flex-justify-content-flex-start fusion-content-layout-column\"><div class=\"fusion-title title fusion-title-1 fusion-sep-none fusion-title-text fusion-title-size-one left-50\" style=\"--awb-text-color:var(--awb-color5);--awb-margin-top-small:10px;--awb-margin-right-small:0px;--awb-margin-bottom-small:10px;--awb-margin-left-small:0px;\"><h1 class=\"fusion-title-heading title-heading-left\" style=\"margin:0;\">Impresszum<\/h1><\/div><div class=\"fusion-text fusion-text-1 left50\"><p>Az impresszumban minden vel\u00fcnk kapcsolatos hivatalos adatot megtal\u00e1lsz, hogy ki \u00e1ll az oldal m\u00f6g\u00f6tt, hogy hogyan tudsz vel\u00fcnk kapcsolatban l\u00e9pni, \u00e9s hogy milyen jogi keretfelt\u00e9telek mellett m\u0171k\u00f6d\u00fcnk. Persze, ez el\u00e9g sz\u00e1raz olvasm\u00e1ny, de az\u00e9rt olykor hasznos lehet.<\/p>\n<\/div><\/div><\/div><\/div><\/div><div class=\"fusion-fullwidth fullwidth-box fusion-builder-row-3 fusion-flex-container has-pattern-background has-mask-background nonhundred-percent-fullwidth non-hundred-percent-height-scrolling\" style=\"--awb-border-radius-top-left:0px;--awb-border-radius-top-right:0px;--awb-border-radius-bottom-right:0px;--awb-border-radius-bottom-left:0px;--awb-flex-wrap:wrap;\" ><div class=\"fusion-builder-row fusion-row fusion-flex-align-items-flex-start fusion-flex-content-wrap\" style=\"max-width:1248px;margin-left: calc(-4% \/ 2 );margin-right: calc(-4% \/ 2 );\"><div class=\"fusion-layout-column fusion_builder_column fusion-builder-column-2 fusion_builder_column_1_1 1_1 fusion-flex-column\" style=\"--awb-bg-size:cover;--awb-width-large:100%;--awb-margin-top-large:0px;--awb-spacing-right-large:1.92%;--awb-margin-bottom-large:20px;--awb-spacing-left-large:1.92%;--awb-width-medium:100%;--awb-order-medium:0;--awb-spacing-right-medium:1.92%;--awb-spacing-left-medium:1.92%;--awb-width-small:100%;--awb-order-small:0;--awb-spacing-right-small:1.92%;--awb-spacing-left-small:1.92%;\"><div class=\"fusion-column-wrapper fusion-column-has-shadow fusion-flex-justify-content-flex-start fusion-content-layout-column\"><div class=\"fusion-text fusion-text-2\"><p><strong>ADA M\u00f6belwerke Holding AG<\/strong><br \/>\nBaierdorf-Umgebung 61<br \/>\nA-8184 Anger<\/p>\n<p><strong>Kapcsolat:<\/strong><br \/>\nTel.: <a href=\"tel:+43317571000\" target=\"_blank\" rel=\"noopener noreferrer\">+43 (0) 3175 \/ 7100-0<\/a><br \/>\nE-mail: <a href=\"mailto:office.anger@ada.at\">office.anger@ada.at<\/a><\/p>\n<p><strong>C\u00e9gjegyz\u00e9ksz\u00e1m:<\/strong> FN 59301 h<br \/>\n<strong>C\u00e9gb\u00edr\u00f3s\u00e1g:<\/strong> Polg\u00e1ri jogi \u00fcgyekben elj\u00e1r\u00f3 grazi region\u00e1lis b\u00edr\u00f3s\u00e1g<br \/>\n<strong>H\u00c9A-sz\u00e1m:<\/strong> ATU28603507<\/p>\n<p><strong>Igazgat\u00f3tan\u00e1csi tagok: <\/strong><\/p>\n<ul>\n<li>Nikolaus Szlavik<\/li>\n<li>Wibmer Michael<\/li>\n<\/ul>\n<p><strong>Ipari hat\u00f3s\u00e1g:<\/strong><br \/>\nWeizi k\u00f6zigazgat\u00e1si hat\u00f3s\u00e1g<br \/>\nSt\u00e1jerorsz\u00e1gi kereskedelmi kamara, fafeldolgoz\u00f3ipari \u00e9s ruh\u00e1zat ipari csoport<\/p>\n<p>Ipart\u00f6rv\u00e9ny: <a href=\"https:\/\/www.ris.bka.gv.at\/\" target=\"_blank\" rel=\"noopener\">www.ris.bka.gv.at<\/a><\/p>\n<p>&#8212;&#8212;&#8212;&#8212;&#8212;&#8212;&#8212;&#8212;&#8212;&#8212;&#8212;&#8212;&#8212;&#8212;&#8212;&#8212;&#8212;&#8212;&#8212;&#8212;&#8212;&#8212;&#8212;&#8212;&#8212;&#8212;&#8212;&#8212;&#8212;&#8212;&#8212;&#8212;&#8212;&#8212;&#8212;&#8212;&#8212;&#8212;&#8212;&#8212;&#8212;&#8212;&#8212;&#8212;&#8212;&#8212;&#8212;&#8212;&#8212;&#8212;&#8212;&#8212;&#8212;&#8212;&#8212;&#8212;-<\/p>\n<p><strong>ADA M\u00f6belfabrik GmbH<\/strong><br \/>\nBaierdorf-Umgebung 61<br \/>\nA-8184 Anger<\/p>\n<p><strong>Kapcsolat:<\/strong><br \/>\nTel.: +43 (0) 3175 \/ 7100-0<br \/>\n<a href=\"mailto:office.anger@ada.at\">office.anger@ada.at<\/a><\/p>\n<p><strong>C\u00e9gjegyz\u00e9ksz\u00e1m:<\/strong> FN 56021i<br \/>\n<strong>C\u00e9gb\u00edr\u00f3s\u00e1g:<\/strong> Polg\u00e1ri jogi \u00fcgyekben elj\u00e1r\u00f3 grazi region\u00e1lis b\u00edr\u00f3s\u00e1g<br \/>\n<strong>H\u00c9A-sz\u00e1m:<\/strong> ATU30418401<\/p>\n<p><strong>\u00dcgyvezet\u00e9s: <\/strong><\/p>\n<ul>\n<li>Hasenh\u00fctl Mario<\/li>\n<\/ul>\n<p><strong>Ipari hat\u00f3s\u00e1g:<\/strong><br \/>\nWeizi k\u00f6zigazgat\u00e1si hat\u00f3s\u00e1g<br \/>\nSt\u00e1jerorsz\u00e1gi kereskedelmi kamara, fafeldolgoz\u00f3ipari \u00e9s ruh\u00e1zat ipari csoport<\/p>\n<p>Ipart\u00f6rv\u00e9ny: <a href=\"https:\/\/www.ris.bka.gv.at\/\" target=\"_blank\" rel=\"noopener\">www.ris.bka.gv.at<\/a><\/p>\n<p>&#8212;&#8212;&#8212;&#8212;&#8212;&#8212;&#8212;&#8212;&#8212;&#8212;&#8212;&#8212;&#8212;&#8212;&#8212;&#8212;&#8212;&#8212;&#8212;&#8212;&#8212;&#8212;&#8212;&#8212;&#8212;&#8212;&#8212;&#8212;&#8212;&#8212;&#8212;&#8212;&#8212;&#8212;&#8212;&#8212;&#8212;&#8212;&#8212;&#8212;&#8212;&#8212;&#8212;&#8212;&#8212;&#8212;&#8212;&#8212;&#8212;&#8212;&#8212;&#8212;&#8212;&#8212;&#8212;&#8212;-<\/p>\n<p><strong>ADA M\u00f6belwerke GmbH<\/strong><br \/>\nDr.-Auner-Stra\u00dfe 19<br \/>\nA-8074 Raaba<\/p>\n<p><strong>Kapcsolat:<\/strong><br \/>\nTel.: +43 (0) 3175 \/ 7100-0<br \/>\n<a href=\"mailto:office.raaba@ada.at\">office.raaba@ada.at<\/a><\/p>\n<p><strong>C\u00e9gjegyz\u00e9ksz\u00e1m:<\/strong> FN 558052s<br \/>\n<strong>C\u00e9gb\u00edr\u00f3s\u00e1g:<\/strong> Polg\u00e1ri jogi \u00fcgyekben elj\u00e1r\u00f3 grazi region\u00e1lis b\u00edr\u00f3s\u00e1g<br \/>\n<strong>H\u00c9A-sz\u00e1m:<\/strong> ATU77056169<\/p>\n<p><strong>\u00dcgyvezet\u00e9s: <\/strong><\/p>\n<ul>\n<li>Neumann Thomas<\/li>\n<\/ul>\n<p><strong>Ipari hat\u00f3s\u00e1g:<\/strong><br \/>\nGraz k\u00f6rny\u00e9ki k\u00f6zigazgat\u00e1si hat\u00f3s\u00e1g<br \/>\nSt\u00e1jerorsz\u00e1gi kereskedelmi kamara, fafeldolgoz\u00f3ipari \u00e9s ruh\u00e1zat ipari csoport<\/p>\n<p>Kereskedelmi szab\u00e1lyoz\u00e1sok: <a href=\"https:\/\/www.ris.bka.gv.at\/\" target=\"_blank\" rel=\"noopener\">www.ris.bka.gv.at<\/a><\/p>\n<p>&#8212;&#8212;&#8212;&#8212;&#8212;&#8212;&#8212;&#8212;&#8212;&#8212;&#8212;&#8212;&#8212;&#8212;&#8212;&#8212;&#8212;&#8212;&#8212;&#8212;&#8212;&#8212;&#8212;&#8212;&#8212;&#8212;&#8212;&#8212;&#8212;&#8212;&#8212;&#8212;&#8212;&#8212;&#8212;&#8212;&#8212;&#8212;&#8212;&#8212;&#8212;&#8212;&#8212;&#8212;&#8212;&#8212;&#8212;&#8212;&#8212;&#8212;&#8212;&#8212;&#8212;&#8212;&#8212;&#8212;-<\/p>\n<p><strong>ADA Hung\u00e1ria B\u00fatorgy\u00e1r Kft.<\/strong><br \/>\nHU-9900 K\u00f6rmend<br \/>\nR\u00e1k\u00f3czi \u00fat 154.<\/p>\n<p><strong>Kapcsolat:<\/strong><br \/>\nTel.: +36 94 590-100<br \/>\n<a href=\"mailto:office.kormend@ada.at\">office.kormend@ada.at<\/a><\/p>\n<p><strong>C\u00e9gjegyz\u00e9ksz\u00e1m:<\/strong> 18-09-101023<br \/>\n<strong>C\u00e9gb\u00edr\u00f3s\u00e1g:<\/strong> Szombathelyi T\u00f6rv\u00e9nysz\u00e9k C\u00e9gb\u00edr\u00f3s\u00e1ga<br \/>\n<strong>EU-ad\u00f3sz\u00e1m:<\/strong> HU11300476<\/p>\n<p><strong>\u00dcgyvezet\u00e9s: <\/strong><\/p>\n<ul>\n<li>Beentjes Mark<\/li>\n<li>Binder Franz<\/li>\n<\/ul>\n<p>&#8212;&#8212;&#8212;&#8212;&#8212;&#8212;&#8212;&#8212;&#8212;&#8212;&#8212;&#8212;&#8212;&#8212;&#8212;&#8212;&#8212;&#8212;&#8212;&#8212;&#8212;&#8212;&#8212;&#8212;&#8212;&#8212;&#8212;&#8212;&#8212;&#8212;&#8212;&#8212;&#8212;&#8212;&#8212;&#8212;&#8212;&#8212;&#8212;&#8212;&#8212;&#8212;&#8212;&#8212;&#8212;&#8212;&#8212;&#8212;&#8212;&#8212;&#8212;&#8212;&#8212;&#8212;&#8212;&#8212;-<\/p>\n<p><strong>ADA Nova Kft.<\/strong><br \/>\nHU-9900 K\u00f6rmend<br \/>\nR\u00e1k\u00f3czi \u00fat 154.<\/p>\n<p><strong>Kapcsolat:<\/strong><br \/>\nTel.: +36 92 577-110<br \/>\n<a href=\"mailto:office.nova@ada.at\">office.nova@ada.at<\/a><\/p>\n<p><strong>C\u00e9gjegyz\u00e9ksz\u00e1m:<\/strong> 18-09-105138<br \/>\n<strong>C\u00e9gb\u00edr\u00f3s\u00e1g:<\/strong> Szombathelyi T\u00f6rv\u00e9nysz\u00e9k C\u00e9gb\u00edr\u00f3s\u00e1ga<br \/>\n<strong>EU-ad\u00f3sz\u00e1m:<\/strong> HU12880122<\/p>\n<p><strong>\u00dcgyvezet\u00e9s: <\/strong><\/p>\n<ul>\n<li>Szab\u00f3 Ferenc<\/li>\n<li>Lendvai Tam\u00e1s<\/li>\n<\/ul>\n<p>&#8212;&#8212;&#8212;&#8212;&#8212;&#8212;&#8212;&#8212;&#8212;&#8212;&#8212;&#8212;&#8212;&#8212;&#8212;&#8212;&#8212;&#8212;&#8212;&#8212;&#8212;&#8212;&#8212;&#8212;&#8212;&#8212;&#8212;&#8212;&#8212;&#8212;&#8212;&#8212;&#8212;&#8212;&#8212;&#8212;&#8212;&#8212;&#8212;&#8212;&#8212;&#8212;&#8212;&#8212;&#8212;&#8212;&#8212;&#8212;&#8212;&#8212;&#8212;&#8212;&#8212;&#8212;&#8212;&#8212;-<\/p>\n<p><strong>ADA fabrica de mobila s.r.l.<\/strong><br \/>\nRO-415500 Nagyszalonta<br \/>\nIosif Vulcan u. 31<\/p>\n<p><strong>Kapcsolat:<\/strong><br \/>\nTel.: +40 259 408-600<br \/>\n<a href=\"mailto:office.salonta@ada.at\">office.salonta@ada.at<\/a><\/p>\n<p><strong>C\u00e9gjegyz\u00e9ksz\u00e1m:<\/strong> J05\/2140\/2004<br \/>\n<strong>C\u00e9gb\u00edr\u00f3s\u00e1g:<\/strong> Oradeai T\u00f6rv\u00e9nysz\u00e9k<br \/>\n<strong>H\u00c9A-sz\u00e1m:<\/strong> RO16957137<\/p>\n<p><strong>\u00dcgyvezet\u00e9s: <\/strong><\/p>\n<ul>\n<li>Bagdi Andrea<\/li>\n<li>Solti Szil\u00e1rd<\/li>\n<\/ul>\n<p>&#8212;&#8212;&#8212;&#8212;&#8212;&#8212;&#8212;&#8212;&#8212;&#8212;&#8212;&#8212;&#8212;&#8212;&#8212;&#8212;&#8212;&#8212;&#8212;&#8212;&#8212;&#8212;&#8212;&#8212;&#8212;&#8212;&#8212;&#8212;&#8212;&#8212;&#8212;&#8212;&#8212;&#8212;&#8212;&#8212;&#8212;&#8212;&#8212;&#8212;&#8212;&#8212;&#8212;&#8212;&#8212;&#8212;&#8212;&#8212;&#8212;&#8212;&#8212;&#8212;&#8212;&#8212;&#8212;&#8212;-<\/p>\n<p><span style=\"color: var(--awb-text-color); font-family: var(--awb-text-font-family); font-size: var(--awb-font-size); font-style: var(--awb-text-font-style); font-weight: var(--awb-text-font-weight); letter-spacing: var(--awb-letter-spacing); text-align: var(--awb-content-alignment); text-transform: var(--awb-text-transform); background-color: var(--awb-bg-color);\">Az ADA kialak\u00edtott egy anonim bejelent\u00e9si rendszert (Whistle Blowing Tool), amelyet a munkat\u00e1rsak, \u00fczleti partnerek \u00e9s az esetleges tov\u00e1bbi \u00e9rintettek arra tudnak haszn\u00e1lni, hogy t\u00e1j\u00e9koztassanak egy f\u00fcggetlen \u00fcgyv\u00e9det a v\u00e1llalaton bel\u00fcli esetleges szab\u00e1lytalans\u00e1gokr\u00f3l, ill. t\u00f6rv\u00e9nys\u00e9rt\u00e9sekr\u0151l. Itt n\u00e9vtelen\u00fcl lehet bejelent\u00e9st tenni az ADA-n\u00e1l el\u0151fordul\u00f3 esetleges szab\u00e1lytalans\u00e1gokr\u00f3l, ill. t\u00f6rv\u00e9nys\u00e9rt\u00e9sekr\u0151l, ha valaki ilyet tapasztal k\u00f6zvetlen\u00fcl vagy a k\u00f6rnyezet\u00e9ben.<\/span><\/p>\n<p>A <a href=\"https:\/\/sgp-lumen.de\/app\/ada\" target=\"_blank\" rel=\"noopener noreferrer\">bejelent\u0151rendszerhez<\/a><\/p>\n<p><strong>Fot\u00f3k:<\/strong><\/p>\n<p>\u00a9 ADA M\u00f6belwerke<\/p>\n<p>Oldal R\u00f3lunk &#8211; Karrier &#8211; Oktat\u00e1s: \u00a9 &#8220;Yuri Arcurs&#8221; \/ <a href=\"https:\/\/fotolia.com\/\" target=\"_blank\" rel=\"noopener\">Fotolia.com<\/a><\/p>\n<p>Oldal R\u00f3lunk &#8211; Karrier: \u00a9 Adobe Stock \/ <a href=\"https:\/\/stock.adobe.com\/\" target=\"_blank\" rel=\"noopener\">stock.adobe.com<\/a><\/p>\n<p>Oldal R\u00f3lunk &#8211; V\u00e1llalat &#8211; Telephelyek: \u00a9 &#8220;Markus Flicker&#8221; \/ <a href=\"https:\/\/markusflicker.com\/\" target=\"_blank\" rel=\"noopener\">markusflicker.com<\/a><\/p>\n<p>A k\u00f6vetkez\u0151kkel: \u2764\ufe0f \u00e9s SEO ett\u0151l: <a href=\"https:\/\/wukonig.com\/\" target=\"_blank\" rel=\"noopener\">https:\/\/wukonig.com\/<\/a><\/p>\n<\/div><\/div><\/div><\/div><\/div><\/p>\n","protected":false},"excerpt":{"rendered":"","protected":false},"author":3,"featured_media":0,"parent":0,"menu_order":0,"comment_status":"closed","ping_status":"closed","template":"100-width.php","meta":{"_acf_changed":false,"footnotes":""},"class_list":["post-13275","page","type-page","status-publish","hentry","post-status-publish"],"acf":[],"_links":{"self":[{"href":"https:\/\/www.ada.at\/hu\/wp-json\/wp\/v2\/pages\/13275","targetHints":{"allow":["GET"]}}],"collection":[{"href":"https:\/\/www.ada.at\/hu\/wp-json\/wp\/v2\/pages"}],"about":[{"href":"https:\/\/www.ada.at\/hu\/wp-json\/wp\/v2\/types\/page"}],"author":[{"embeddable":true,"href":"https:\/\/www.ada.at\/hu\/wp-json\/wp\/v2\/users\/3"}],"replies":[{"embeddable":true,"href":"https:\/\/www.ada.at\/hu\/wp-json\/wp\/v2\/comments?post=13275"}],"version-history":[{"count":1,"href":"https:\/\/www.ada.at\/hu\/wp-json\/wp\/v2\/pages\/13275\/revisions"}],"predecessor-version":[{"id":23030,"href":"https:\/\/www.ada.at\/hu\/wp-json\/wp\/v2\/pages\/13275\/revisions\/23030"}],"wp:attachment":[{"href":"https:\/\/www.ada.at\/hu\/wp-json\/wp\/v2\/media?parent=13275"}],"curies":[{"name":"wp","href":"https:\/\/api.w.org\/{rel}","templated":true}]}}