{"id":15100,"date":"2023-07-20T18:41:34","date_gmt":"2023-07-20T16:41:34","guid":{"rendered":"https:\/\/www.ada.at\/produkte\/uncategorized\/roris\/"},"modified":"2025-08-25T09:57:49","modified_gmt":"2025-08-25T07:57:49","slug":"roris","status":"publish","type":"product","link":"https:\/\/www.ada.at\/en\/produkte\/sleeping\/beds\/roris\/","title":{"rendered":"Roris"},"content":{"rendered":"<p><div class=\"fusion-fullwidth fullwidth-box fusion-builder-row-1 fusion-flex-container has-pattern-background has-mask-background nonhundred-percent-fullwidth non-hundred-percent-height-scrolling top50 bottom-200\" style=\"--awb-border-radius-top-left:0px;--awb-border-radius-top-right:0px;--awb-border-radius-bottom-right:0px;--awb-border-radius-bottom-left:0px;--awb-padding-bottom:90px;--awb-flex-wrap:wrap;\" ><div class=\"fusion-builder-row fusion-row fusion-flex-align-items-flex-start fusion-flex-content-wrap\" style=\"max-width:1248px;margin-left: calc(-4% \/ 2 );margin-right: calc(-4% \/ 2 );\"><div class=\"fusion-layout-column fusion_builder_column fusion-builder-column-0 fusion_builder_column_1_1 1_1 fusion-flex-column\" style=\"--awb-bg-size:cover;--awb-width-large:100%;--awb-margin-top-large:0px;--awb-spacing-right-large:1.92%;--awb-margin-bottom-large:20px;--awb-spacing-left-large:1.92%;--awb-width-medium:100%;--awb-order-medium:0;--awb-spacing-right-medium:1.92%;--awb-spacing-left-medium:1.92%;--awb-width-small:100%;--awb-order-small:0;--awb-spacing-right-small:1.92%;--awb-spacing-left-small:1.92%;\"><div class=\"fusion-column-wrapper fusion-column-has-shadow fusion-flex-justify-content-flex-start fusion-content-layout-column\"><div class=\"fusion-image-element \" style=\"--awb-caption-title-font-family:var(--h2_typography-font-family);--awb-caption-title-font-weight:var(--h2_typography-font-weight);--awb-caption-title-font-style:var(--h2_typography-font-style);--awb-caption-title-size:var(--h2_typography-font-size);--awb-caption-title-transform:var(--h2_typography-text-transform);--awb-caption-title-line-height:var(--h2_typography-line-height);--awb-caption-title-letter-spacing:var(--h2_typography-letter-spacing);\"><span class=\" fusion-imageframe imageframe-none imageframe-1 hover-type-none\"><img decoding=\"async\" width=\"1400\" height=\"800\" alt=\"rostbraunes Cord-Bett RORIS von ADA Mindful Living\" title=\"rostbraunes Cord-Bett RORIS von ADA Mindful Living\" src=\"https:\/\/www.ada.at\/wp-content\/uploads\/2024\/04\/3xl-RORIS.png\" class=\"img-responsive wp-image-16609\"\/><\/span><\/div><\/div><\/div><\/div><\/div><div class=\"fusion-fullwidth fullwidth-box fusion-builder-row-2 fusion-flex-container has-pattern-background has-mask-background fusion-parallax-none nonhundred-percent-fullwidth non-hundred-percent-height-scrolling cp-nachhaltigkeitselement cp-textlogos \" style=\"--awb-border-radius-top-left:0px;--awb-border-radius-top-right:0px;--awb-border-radius-bottom-right:0px;--awb-border-radius-bottom-left:0px;--awb-background-image:url(&quot;\/wp-content\/uploads\/2023\/08\/Ada-Hintergrund_dgrau_2.jpg&quot;);--awb-background-size:cover;--awb-flex-wrap:wrap;\" ><div class=\"fusion-builder-row fusion-row fusion-flex-align-items-flex-start fusion-flex-content-wrap\" style=\"max-width:1248px;margin-left: calc(-4% \/ 2 );margin-right: calc(-4% \/ 2 );\"><div class=\"fusion-layout-column fusion_builder_column fusion-builder-column-1 fusion_builder_column_1_3 1_3 fusion-flex-column\" style=\"--awb-padding-top:90px;--awb-bg-size:cover;--awb-width-large:33.333333333333%;--awb-margin-top-large:0px;--awb-spacing-right-large:5.76%;--awb-margin-bottom-large:20px;--awb-spacing-left-large:5.76%;--awb-width-medium:33.333333333333%;--awb-order-medium:0;--awb-spacing-right-medium:5.76%;--awb-spacing-left-medium:5.76%;--awb-width-small:100%;--awb-order-small:0;--awb-spacing-right-small:1.92%;--awb-spacing-left-small:1.92%;\"><div class=\"fusion-column-wrapper fusion-column-has-shadow fusion-flex-justify-content-flex-start fusion-content-layout-column\"><div class=\"fusion-title title fusion-title-1 fusion-sep-none fusion-title-text fusion-title-size-two\" style=\"--awb-text-color:var(--awb-color1);--awb-margin-top-small:10px;--awb-margin-right-small:0px;--awb-margin-bottom-small:10px;--awb-margin-left-small:0px;\"><h2 class=\"fusion-title-heading title-heading-left\" style=\"margin:0;\">What makes this bed so special<\/h2><\/div><\/div><\/div><div class=\"fusion-layout-column fusion_builder_column fusion-builder-column-2 fusion_builder_column_2_3 2_3 fusion-flex-column bottom350\" style=\"--awb-padding-top:90px;--awb-bg-size:cover;--awb-width-large:66.666666666667%;--awb-margin-top-large:0px;--awb-spacing-right-large:2.88%;--awb-margin-bottom-large:20px;--awb-spacing-left-large:2.88%;--awb-width-medium:66.666666666667%;--awb-order-medium:0;--awb-spacing-right-medium:2.88%;--awb-spacing-left-medium:2.88%;--awb-width-small:100%;--awb-order-small:0;--awb-spacing-right-small:1.92%;--awb-spacing-left-small:1.92%;\" data-scroll-devices=\"small-visibility,medium-visibility,large-visibility\"><div class=\"fusion-column-wrapper fusion-column-has-shadow fusion-flex-justify-content-flex-start fusion-content-layout-column\"><div class=\"fusion-text fusion-text-1\" style=\"--awb-text-color:var(--awb-color1);\"><p>The RORIS bed focuses on the essentials \u2013 including such hidden details as the spacious bed box under the slatted bases. You can lift it up from the side and store bed linen, blankets or pillows underneath. A practical solution that gives you extra storage space in your home!<\/p>\n<p>The bed also offers spaciousness: an optional continuous mattress gives you a large area on which you can easily roll from one side to the other. But if you want to sleep all by yourself and need your own space to retreat to, choose a single mattress.<\/p>\n<\/div><\/div><\/div><\/div><\/div><div class=\"fusion-fullwidth fullwidth-box fusion-builder-row-3 fusion-flex-container has-pattern-background has-mask-background nonhundred-percent-fullwidth non-hundred-percent-height-scrolling cp-2images\" style=\"--awb-border-radius-top-left:0px;--awb-border-radius-top-right:0px;--awb-border-radius-bottom-right:0px;--awb-border-radius-bottom-left:0px;--awb-flex-wrap:wrap;\" ><div class=\"fusion-builder-row fusion-row fusion-flex-align-items-flex-start fusion-flex-content-wrap\" style=\"max-width:1248px;margin-left: calc(-4% \/ 2 );margin-right: calc(-4% \/ 2 );\"><div class=\"fusion-layout-column fusion_builder_column fusion-builder-column-3 fusion_builder_column_1_2 1_2 fusion-flex-column top-400\" style=\"--awb-bg-size:cover;--awb-width-large:50%;--awb-margin-top-large:0px;--awb-spacing-right-large:3.84%;--awb-margin-bottom-large:20px;--awb-spacing-left-large:3.84%;--awb-width-medium:50%;--awb-order-medium:0;--awb-spacing-right-medium:3.84%;--awb-spacing-left-medium:3.84%;--awb-width-small:100%;--awb-order-small:0;--awb-spacing-right-small:1.92%;--awb-spacing-left-small:1.92%;\" data-scroll-devices=\"small-visibility,medium-visibility,large-visibility\"><div class=\"fusion-column-wrapper fusion-column-has-shadow fusion-flex-justify-content-flex-start fusion-content-layout-column\"><div class=\"fusion-image-element \" style=\"--awb-caption-title-font-family:var(--h2_typography-font-family);--awb-caption-title-font-weight:var(--h2_typography-font-weight);--awb-caption-title-font-style:var(--h2_typography-font-style);--awb-caption-title-size:var(--h2_typography-font-size);--awb-caption-title-transform:var(--h2_typography-text-transform);--awb-caption-title-line-height:var(--h2_typography-line-height);--awb-caption-title-letter-spacing:var(--h2_typography-letter-spacing);\"><span class=\" fusion-imageframe imageframe-none imageframe-2 hover-type-none\" style=\"border-radius:8px;\"><img decoding=\"async\" width=\"522\" height=\"703\" title=\"ADA . Mindful Living Roris Bett \u2013 Synonym f\u00fcr \u00f6sterreichische Qualit\u00e4t\" src=\"https:\/\/www.ada.at\/wp-content\/uploads\/2023\/07\/ADA-.-Mindful-Living-Roris-Bett-\u2013-Synonym-fuer-oesterreichische-Qualitaet.jpg\" alt class=\"img-responsive wp-image-11847\"\/><\/span><\/div><\/div><\/div><div class=\"fusion-layout-column fusion_builder_column fusion-builder-column-4 fusion_builder_column_1_2 1_2 fusion-flex-column top-200\" style=\"--awb-bg-size:cover;--awb-width-large:50%;--awb-margin-top-large:0px;--awb-spacing-right-large:3.84%;--awb-margin-bottom-large:20px;--awb-spacing-left-large:3.84%;--awb-width-medium:50%;--awb-order-medium:0;--awb-spacing-right-medium:3.84%;--awb-spacing-left-medium:3.84%;--awb-width-small:100%;--awb-order-small:0;--awb-spacing-right-small:1.92%;--awb-spacing-left-small:1.92%;\" data-scroll-devices=\"small-visibility,medium-visibility,large-visibility\"><div class=\"fusion-column-wrapper fusion-column-has-shadow fusion-flex-justify-content-flex-start fusion-content-layout-column\"><div class=\"fusion-image-element \" style=\"--awb-caption-title-font-family:var(--h2_typography-font-family);--awb-caption-title-font-weight:var(--h2_typography-font-weight);--awb-caption-title-font-style:var(--h2_typography-font-style);--awb-caption-title-size:var(--h2_typography-font-size);--awb-caption-title-transform:var(--h2_typography-text-transform);--awb-caption-title-line-height:var(--h2_typography-line-height);--awb-caption-title-letter-spacing:var(--h2_typography-letter-spacing);\"><span class=\" fusion-imageframe imageframe-none imageframe-3 hover-type-none\" style=\"border-radius:8px;\"><img decoding=\"async\" width=\"1000\" height=\"750\" alt=\"Stauraum unter Bett RORIS\" title=\"Stauraum unter Bett RORIS\" src=\"https:\/\/www.ada.at\/wp-content\/uploads\/2024\/02\/4xl-RORIS-13_1000x750.jpg\" class=\"img-responsive wp-image-13376\"\/><\/span><\/div><\/div><\/div><\/div><\/div><div class=\"fusion-fullwidth fullwidth-box fusion-builder-row-4 fusion-flex-container has-pattern-background has-mask-background nonhundred-percent-fullwidth non-hundred-percent-height-scrolling cp-textlogos\" style=\"--awb-border-radius-top-left:0px;--awb-border-radius-top-right:0px;--awb-border-radius-bottom-right:0px;--awb-border-radius-bottom-left:0px;--awb-padding-top:50px;--awb-padding-bottom:50px;--awb-flex-wrap:wrap;\" ><div class=\"fusion-builder-row fusion-row fusion-flex-align-items-center fusion-flex-justify-content-center fusion-flex-content-wrap\" style=\"max-width:1248px;margin-left: calc(-4% \/ 2 );margin-right: calc(-4% \/ 2 );\"><div class=\"fusion-layout-column fusion_builder_column fusion-builder-column-5 fusion_builder_column_1_3 1_3 fusion-flex-column fusion-flex-align-self-flex-start\" style=\"--awb-bg-color:var(--awb-color1);--awb-bg-color-hover:var(--awb-color1);--awb-bg-size:cover;--awb-width-large:33.333333333333%;--awb-margin-top-large:0px;--awb-spacing-right-large:5.76%;--awb-margin-bottom-large:20px;--awb-spacing-left-large:5.76%;--awb-width-medium:33.333333333333%;--awb-order-medium:0;--awb-spacing-right-medium:5.76%;--awb-spacing-left-medium:5.76%;--awb-width-small:100%;--awb-order-small:0;--awb-spacing-right-small:1.92%;--awb-spacing-left-small:1.92%;\" data-scroll-devices=\"small-visibility,medium-visibility,large-visibility\"><div class=\"fusion-column-wrapper fusion-column-has-shadow fusion-flex-justify-content-flex-start fusion-content-layout-column\"><div class=\"fusion-title title fusion-title-2 fusion-sep-none fusion-title-text fusion-title-size-two\" style=\"--awb-text-color:var(--awb-color5);--awb-margin-top-small:10px;--awb-margin-right-small:0px;--awb-margin-bottom-small:10px;--awb-margin-left-small:0px;\"><h2 class=\"fusion-title-heading title-heading-left\" style=\"margin:0;\">Durable and wonderfully flexible<\/h2><\/div><\/div><\/div><div class=\"fusion-layout-column fusion_builder_column fusion-builder-column-6 fusion_builder_column_2_3 2_3 fusion-flex-column fusion-flex-align-self-flex-start\" style=\"--awb-bg-size:cover;--awb-width-large:66.666666666667%;--awb-margin-top-large:0px;--awb-spacing-right-large:2.88%;--awb-margin-bottom-large:20px;--awb-spacing-left-large:2.88%;--awb-width-medium:66.666666666667%;--awb-order-medium:0;--awb-spacing-right-medium:2.88%;--awb-spacing-left-medium:2.88%;--awb-width-small:100%;--awb-order-small:0;--awb-spacing-right-small:1.92%;--awb-spacing-left-small:1.92%;\" data-scroll-devices=\"small-visibility,medium-visibility,large-visibility\"><div class=\"fusion-column-wrapper fusion-column-has-shadow fusion-flex-justify-content-flex-start fusion-content-layout-column\"><div class=\"fusion-text fusion-text-2\" style=\"--awb-text-color:var(--awb-color5);\"><p>ADA beds offer a wealth of possibilities: with RORIS, you can choose slatted bases in a fixed or adjustable variant or even get both \u2013 1 fixed, 1 flexible. A fixed slatted base creates a feeling of stability and security \u2013 a good basis for a good night\u2019s sleep. A motor-adjustable slatted base gives you flexibility, as it allows you to choose between different lying positions. Just be aware of what fits your individual lifestyle.<\/p>\n<\/div><\/div><\/div><\/div><\/div><div class=\"fusion-fullwidth fullwidth-box fusion-builder-row-5 fusion-flex-container has-pattern-background has-mask-background nonhundred-percent-fullwidth non-hundred-percent-height-scrolling cp-nachhaltigkeitselement bg-gold\" style=\"--awb-border-radius-top-left:0px;--awb-border-radius-top-right:0px;--awb-border-radius-bottom-right:0px;--awb-border-radius-bottom-left:0px;--awb-flex-wrap:wrap;\" ><div class=\"fusion-builder-row fusion-row fusion-flex-align-items-flex-start fusion-flex-content-wrap\" style=\"max-width:1248px;margin-left: calc(-4% \/ 2 );margin-right: calc(-4% \/ 2 );\"><div class=\"fusion-layout-column fusion_builder_column fusion-builder-column-7 fusion_builder_column_1_1 1_1 fusion-flex-column\" style=\"--awb-bg-size:cover;--awb-width-large:100%;--awb-margin-top-large:0px;--awb-spacing-right-large:1.92%;--awb-margin-bottom-large:20px;--awb-spacing-left-large:1.92%;--awb-width-medium:100%;--awb-order-medium:0;--awb-spacing-right-medium:1.92%;--awb-spacing-left-medium:1.92%;--awb-width-small:100%;--awb-order-small:0;--awb-spacing-right-small:1.92%;--awb-spacing-left-small:1.92%;\" data-scroll-devices=\"small-visibility,medium-visibility,large-visibility\"><div class=\"fusion-column-wrapper fusion-column-has-shadow fusion-flex-justify-content-flex-start fusion-content-layout-column\"><div class=\"fusion-image-element \" style=\"text-align:center;--awb-caption-title-font-family:var(--h2_typography-font-family);--awb-caption-title-font-weight:var(--h2_typography-font-weight);--awb-caption-title-font-style:var(--h2_typography-font-style);--awb-caption-title-size:var(--h2_typography-font-size);--awb-caption-title-transform:var(--h2_typography-text-transform);--awb-caption-title-line-height:var(--h2_typography-line-height);--awb-caption-title-letter-spacing:var(--h2_typography-letter-spacing);\"><span class=\" fusion-imageframe imageframe-none imageframe-4 hover-type-none top-200 \" style=\"border-radius:8px;\"><img decoding=\"async\" width=\"1400\" height=\"800\" title=\"ADA . Mindful Living Bett Roris \u2013 Modern und im Boho Stil nach Westwing\" src=\"https:\/\/www.ada.at\/wp-content\/uploads\/2023\/07\/ADA-.-Mindful-Living-Bett-Roris-\u2013-Modern-und-im-Boho-Stil-nach-Westwing.jpg\" alt class=\"img-responsive wp-image-11853\"\/><\/span><\/div><\/div><\/div><\/div><\/div><div class=\"fusion-fullwidth fullwidth-box fusion-builder-row-6 fusion-flex-container has-pattern-background has-mask-background nonhundred-percent-fullwidth non-hundred-percent-height-scrolling fusion-no-small-visibility cp-vergleichstabelle top100 bottom100\" style=\"--awb-border-radius-top-left:0px;--awb-border-radius-top-right:0px;--awb-border-radius-bottom-right:0px;--awb-border-radius-bottom-left:0px;--awb-flex-wrap:wrap;\" ><div class=\"fusion-builder-row fusion-row fusion-flex-align-items-flex-start fusion-flex-content-wrap\" style=\"max-width:1248px;margin-left: calc(-4% \/ 2 );margin-right: calc(-4% \/ 2 );\"><div class=\"fusion-layout-column fusion_builder_column fusion-builder-column-8 fusion_builder_column_1_1 1_1 fusion-flex-column table-compare-hl\" style=\"--awb-bg-size:cover;--awb-width-large:100%;--awb-margin-top-large:0px;--awb-spacing-right-large:1.92%;--awb-margin-bottom-large:20px;--awb-spacing-left-large:1.92%;--awb-width-medium:100%;--awb-order-medium:0;--awb-spacing-right-medium:1.92%;--awb-spacing-left-medium:1.92%;--awb-width-small:100%;--awb-order-small:0;--awb-spacing-right-small:1.92%;--awb-spacing-left-small:1.92%;\" data-scroll-devices=\"small-visibility,medium-visibility,large-visibility\"><div class=\"fusion-column-wrapper fusion-column-has-shadow fusion-flex-justify-content-flex-start fusion-content-layout-column\"><div class=\"fusion-title title fusion-title-3 fusion-sep-none fusion-title-center fusion-title-text fusion-title-size-three\" style=\"--awb-text-color:var(--awb-color5);--awb-margin-top-small:10px;--awb-margin-right-small:0px;--awb-margin-bottom-small:10px;--awb-margin-left-small:0px;\"><h3 class=\"fusion-title-heading title-heading-center\" style=\"margin:0;\">Compare RORIS with our other beds<\/h3><\/div><\/div><\/div><div class=\"fusion-layout-column fusion_builder_column fusion-builder-column-9 fusion_builder_column_1_1 1_1 fusion-flex-column table-compare-box\" style=\"--awb-bg-size:cover;--awb-width-large:100%;--awb-margin-top-large:0px;--awb-spacing-right-large:1.92%;--awb-margin-bottom-large:20px;--awb-spacing-left-large:1.92%;--awb-width-medium:100%;--awb-order-medium:0;--awb-spacing-right-medium:1.92%;--awb-spacing-left-medium:1.92%;--awb-width-small:100%;--awb-order-small:0;--awb-spacing-right-small:1.92%;--awb-spacing-left-small:1.92%;\" data-scroll-devices=\"small-visibility,medium-visibility,large-visibility\"><div class=\"fusion-column-wrapper fusion-column-has-shadow fusion-flex-justify-content-flex-start fusion-content-layout-column\">\n<div class=\"table-1 table-compare\">\n<table style=\"width: 100%; height: 552px;\" width=\"100%\">\n<thead>\n<tr style=\"height: 87px;\">\n<th style=\"width: 11.4065%; height: 87px;\" align=\"left\"><\/th>\n<th style=\"width: 20.3259%; height: 87px;\" align=\"left\"><img decoding=\"async\" class=\"alignnone wp-image-8595 size-full\" src=\"https:\/\/www.ada.at\/wp-content\/uploads\/2023\/11\/Elegantes-Bett-RORIS-von-ADA-.-Mindful-Living-\u2013-Fuer-ein-achtsames-und-stilvolles-Wohnen.jpg\" alt=\"Elegantes Bett RORIS von ADA . Mindful Living \u2013 F\u00fcr ein achtsames und stilvolles Wohnen\" width=\"300\" height=\"150\" \/><\/th>\n<th style=\"width: 37.2984%; height: 87px;\" align=\"left\"><a href=\"https:\/\/www.ada.at\/wp-content\/uploads\/2023\/07\/md-Suavis_FB_SI11_SI50_TBG0_Freisteller_4-1.png\"><img decoding=\"async\" class=\"alignnone size-full wp-image-21114\" src=\"https:\/\/www.ada.at\/wp-content\/uploads\/2023\/07\/md-Suavis_FB_SI11_SI50_TBG0_Freisteller_4-1.png\" alt=\"\" width=\"300\" height=\"150\" \/><\/a><\/th>\n<th style=\"width: 29.9401%; height: 87px;\" align=\"left\"><img decoding=\"async\" class=\"alignnone wp-image-8592 size-full\" src=\"https:\/\/www.ada.at\/wp-content\/uploads\/2023\/11\/ADA-.-Mindful-Living-Bett-MITIS-\u2013-Europaeisches-Design-trifft-nachhaltige-Produktion.jpg\" alt=\"ADA . Mindful Living Bett MITIS \u2013 Europ\u00e4isches Design trifft nachhaltige Produktion\" width=\"300\" height=\"150\" \/><\/th>\n<\/tr>\n<\/thead>\n<tbody>\n<tr style=\"height: 24px;\">\n<td style=\"width: 11.4065%; height: 24px;\" align=\"left\"><strong>Model<\/strong><\/td>\n<td style=\"width: 20.3259%; height: 24px;\" align=\"left\">Roris<\/td>\n<td style=\"width: 37.2984%; height: 24px;\" align=\"left\">Suavis<\/td>\n<td style=\"width: 29.9401%; height: 24px;\" align=\"left\">Mitis<\/td>\n<\/tr>\n<tr style=\"height: 216px;\">\n<td style=\"width: 11.4065%; height: 216px;\"><strong>Brief description<\/strong><\/td>\n<td style=\"width: 20.3259%; height: 216px;\">With a clean design and slim contours, RORIS is a bed that focuses on the essentials \u2013 ideal for compact bedrooms. It offers practical storage space thanks to a spacious bed box under the slatted bases, which can be fixed or adjustable as desired. The option of one continuous or two single mattresses allows the bed to be tailored to individual sleeping needs. This bed combines durability, cosiness and flexibility, making it a versatile choice for different lifestyles.<\/td>\n<td style=\"width: 37.2984%; height: 216px;\">SUAVIS is a cosy box-spring bed that offers security and comfort in a close-to-floor, softly upholstered design. The rounded corners and shapes enhance the feeling of cosiness. It offers a multi-layered, gently springy structure that can be individually configured for a unique sleeping experience. The headboard is available in two designs \u2013 chequered or top-stitching \u2013 and the upholstery is available in a wide range of natural colours. SUAVIS combines a balanced feeling of cosy security and lightness, meets high standards for healthy sleep and boasts high durability, making it a sustainable choice for restful sleep.<\/td>\n<td style=\"width: 29.9401%; height: 216px;\">MITIS is a versatile and durable bed system that offers comfort and flexibility for a wide range of activities, such as watching series, reading or unwinding, and includes an optionally adjustable slatted base in the head and foot area. It boasts a wide choice of fabric upholstery and an understated, contemporary design with higher legs for additional storage space and easier cleaning. MITIS is also easy to dismantle and transport, making it ideal for moving to new homes and thus a sustainable choice.<\/td>\n<\/tr>\n<tr style=\"height: 176px;\">\n<td style=\"height: 176px;\"><strong>Special features<\/strong><\/td>\n<td style=\"height: 176px;\">\n<ul>\n<li>Bed box with spacious storage space<\/li>\n<li>Fixed or adjustable slatted bases<\/li>\n<li>Optional motor-adjustable lying position<\/li>\n<\/ul>\n<\/td>\n<td style=\"height: 176px;\">\n<ul>\n<li>Rounded, soft bed edges<\/li>\n<li>Upholstery with top-stitching<\/li>\n<li>Bed base close to the floor<\/li>\n<\/ul>\n<\/td>\n<td style=\"height: 176px;\">\n<ul>\n<li>Slim design<\/li>\n<li>Optionally adjustable slatted base<\/li>\n<li>Easy to dismantle and transport<\/li>\n<\/ul>\n<\/td>\n<\/tr>\n<tr style=\"height: 24px;\">\n<td style=\"width: 11.4065%; height: 24px;\"><\/td>\n<td style=\"width: 20.3259%; height: 24px;\"><\/td>\n<td style=\"width: 37.2984%; height: 24px; text-align: left;\"><a class=\"button\" href=\"https:\/\/www.ada.at\/en\/produkte\/sleeping\/beds\/box-spring-beds\/suavis\/\">To the product<\/a><\/td>\n<td style=\"width: 29.9401%; height: 24px; text-align: left;\"><a class=\"button\" href=\"https:\/\/www.ada.at\/en\/produkte\/sleeping\/beds\/bed-with-slatted-base\/mitis\/\">To the product<\/a><\/td>\n<\/tr>\n<\/tbody>\n<\/table>\n<\/div>\n<\/div><\/div><\/div><\/div><\/p>\n","protected":false},"excerpt":{"rendered":"<p>RORIS is your bed if you like to focus on the essentials: with its clean design and slim contours, it fits well into compact bedrooms. Moreover, you gain space with the spacious bed box under the slatted bases, which are available in a fixed or adjustable variant. You also have leeway when it comes to the lying surface: you can choose between a continuous mattress or two single mattresses. So there are plenty of options \u2013 now all you need to do is decide.<\/p>\n<ul>\n<li>Bed box with spacious storage space<\/li>\n<li>Fixed or adjustable slatted bases<\/li>\n<li>Optional motor-adjustable lying position<\/li>\n<li>Continuous or split mattress<\/li>\n<\/ul>\n<p>&nbsp;<\/p>\n","protected":false},"featured_media":11277,"template":"","meta":{"_acf_changed":false},"product_brand":[],"product_cat":[426,425,427],"product_tag":[443,444,438,439,445,440,441,428],"class_list":{"0":"post-15100","1":"product","2":"type-product","3":"status-publish","4":"has-post-thumbnail","6":"product_cat-bed-with-slatted-base","7":"product_cat-beds","8":"product_cat-sleeping","9":"product_tag-160cm","10":"product_tag-180cm","11":"product_tag-190cm","12":"product_tag-200cm","13":"product_tag-200cm-en","14":"product_tag-210cm","15":"product_tag-220cm","16":"product_tag-new","17":"post-status-publish","19":"first","20":"instock","21":"shipping-taxable","22":"product-type-simple","23":"add-to-wishlist-before_image"},"acf":[],"_links":{"self":[{"href":"https:\/\/www.ada.at\/en\/wp-json\/wp\/v2\/product\/15100","targetHints":{"allow":["GET"]}}],"collection":[{"href":"https:\/\/www.ada.at\/en\/wp-json\/wp\/v2\/product"}],"about":[{"href":"https:\/\/www.ada.at\/en\/wp-json\/wp\/v2\/types\/product"}],"version-history":[{"count":1,"href":"https:\/\/www.ada.at\/en\/wp-json\/wp\/v2\/product\/15100\/revisions"}],"predecessor-version":[{"id":23299,"href":"https:\/\/www.ada.at\/en\/wp-json\/wp\/v2\/product\/15100\/revisions\/23299"}],"wp:featuredmedia":[{"embeddable":true,"href":"https:\/\/www.ada.at\/en\/wp-json\/wp\/v2\/media\/11277"}],"wp:attachment":[{"href":"https:\/\/www.ada.at\/en\/wp-json\/wp\/v2\/media?parent=15100"}],"wp:term":[{"taxonomy":"product_brand","embeddable":true,"href":"https:\/\/www.ada.at\/en\/wp-json\/wp\/v2\/product_brand?post=15100"},{"taxonomy":"product_cat","embeddable":true,"href":"https:\/\/www.ada.at\/en\/wp-json\/wp\/v2\/product_cat?post=15100"},{"taxonomy":"product_tag","embeddable":true,"href":"https:\/\/www.ada.at\/en\/wp-json\/wp\/v2\/product_tag?post=15100"}],"curies":[{"name":"wp","href":"https:\/\/api.w.org\/{rel}","templated":true}]}}