{"id":15099,"date":"2023-07-28T23:02:54","date_gmt":"2023-07-28T21:02:54","guid":{"rendered":"https:\/\/www.ada.at\/produkte\/uncategorized\/calabria\/"},"modified":"2025-08-25T09:56:39","modified_gmt":"2025-08-25T07:56:39","slug":"calabria","status":"publish","type":"product","link":"https:\/\/www.ada.at\/en\/produkte\/sleeping\/beds\/calabria\/","title":{"rendered":"Calabria"},"content":{"rendered":"<p><div class=\"fusion-fullwidth fullwidth-box fusion-builder-row-1 fusion-flex-container nonhundred-percent-fullwidth non-hundred-percent-height-scrolling\" style=\"--awb-border-radius-top-left:0px;--awb-border-radius-top-right:0px;--awb-border-radius-bottom-right:0px;--awb-border-radius-bottom-left:0px;--awb-flex-wrap:wrap;\" ><div class=\"fusion-builder-row fusion-row fusion-flex-align-items-flex-start fusion-flex-content-wrap\" style=\"max-width:1248px;margin-left: calc(-4% \/ 2 );margin-right: calc(-4% \/ 2 );\"><div class=\"fusion-layout-column fusion_builder_column fusion-builder-column-0 fusion_builder_column_1_1 1_1 fusion-flex-column\" style=\"--awb-bg-blend:overlay;--awb-bg-size:cover;--awb-width-large:100%;--awb-margin-top-large:0px;--awb-spacing-right-large:1.92%;--awb-margin-bottom-large:0px;--awb-spacing-left-large:1.92%;--awb-width-medium:100%;--awb-spacing-right-medium:1.92%;--awb-spacing-left-medium:1.92%;--awb-width-small:100%;--awb-spacing-right-small:1.92%;--awb-spacing-left-small:1.92%;\"><div class=\"fusion-column-wrapper fusion-flex-justify-content-flex-start fusion-content-layout-column\"><div class=\"fusion-text fusion-text-1\"><\/div><\/div><\/div><\/div><\/div><div class=\"fusion-fullwidth fullwidth-box fusion-builder-row-2 fusion-flex-container has-pattern-background has-mask-background nonhundred-percent-fullwidth non-hundred-percent-height-scrolling top50 bottom-100\" style=\"--awb-border-radius-top-left:0px;--awb-border-radius-top-right:0px;--awb-border-radius-bottom-right:0px;--awb-border-radius-bottom-left:0px;--awb-flex-wrap:wrap;\" ><div class=\"fusion-builder-row fusion-row fusion-flex-align-items-flex-start fusion-flex-content-wrap\" style=\"max-width:1248px;margin-left: calc(-4% \/ 2 );margin-right: calc(-4% \/ 2 );\"><div class=\"fusion-layout-column fusion_builder_column fusion-builder-column-1 fusion_builder_column_1_1 1_1 fusion-flex-column\" style=\"--awb-bg-size:cover;--awb-width-large:100%;--awb-margin-top-large:0px;--awb-spacing-right-large:1.92%;--awb-margin-bottom-large:20px;--awb-spacing-left-large:1.92%;--awb-width-medium:100%;--awb-order-medium:0;--awb-spacing-right-medium:1.92%;--awb-spacing-left-medium:1.92%;--awb-width-small:100%;--awb-order-small:0;--awb-spacing-right-small:1.92%;--awb-spacing-left-small:1.92%;\"><div class=\"fusion-column-wrapper fusion-column-has-shadow fusion-flex-justify-content-flex-start fusion-content-layout-column\"><div class=\"fusion-image-element \" style=\"--awb-caption-title-font-family:var(--h2_typography-font-family);--awb-caption-title-font-weight:var(--h2_typography-font-weight);--awb-caption-title-font-style:var(--h2_typography-font-style);--awb-caption-title-size:var(--h2_typography-font-size);--awb-caption-title-transform:var(--h2_typography-text-transform);--awb-caption-title-line-height:var(--h2_typography-line-height);--awb-caption-title-letter-spacing:var(--h2_typography-letter-spacing);\"><span class=\" fusion-imageframe imageframe-none imageframe-1 hover-type-none\"><img decoding=\"async\" width=\"1400\" height=\"800\" title=\"bett-calabria-mid\" src=\"https:\/\/www.ada.at\/wp-content\/uploads\/2023\/07\/bett-calabria-mid.jpg\" alt class=\"img-responsive wp-image-11751\"\/><\/span><\/div><\/div><\/div><\/div><\/div><div class=\"fusion-fullwidth fullwidth-box fusion-builder-row-3 fusion-flex-container has-pattern-background has-mask-background nonhundred-percent-fullwidth non-hundred-percent-height-scrolling cp-textlogos bg-grau bottom400\" style=\"--awb-border-radius-top-left:0px;--awb-border-radius-top-right:0px;--awb-border-radius-bottom-right:0px;--awb-border-radius-bottom-left:0px;--awb-padding-top:60px;--awb-padding-bottom:148px;--awb-margin-top:0px;--awb-margin-bottom:31px;--awb-flex-wrap:wrap;\" ><div class=\"fusion-builder-row fusion-row fusion-flex-align-items-center fusion-flex-justify-content-center fusion-flex-content-wrap\" style=\"max-width:1248px;margin-left: calc(-4% \/ 2 );margin-right: calc(-4% \/ 2 );\"><div class=\"fusion-layout-column fusion_builder_column fusion-builder-column-2 fusion_builder_column_1_3 1_3 fusion-flex-column fusion-flex-align-self-flex-start\" style=\"--awb-padding-top:82px;--awb-bg-size:cover;--awb-width-large:33.333333333333%;--awb-margin-top-large:0px;--awb-spacing-right-large:5.76%;--awb-margin-bottom-large:20px;--awb-spacing-left-large:5.76%;--awb-width-medium:33.333333333333%;--awb-order-medium:0;--awb-spacing-right-medium:5.76%;--awb-spacing-left-medium:5.76%;--awb-width-small:100%;--awb-order-small:0;--awb-spacing-right-small:1.92%;--awb-spacing-left-small:1.92%;\" data-scroll-devices=\"small-visibility,medium-visibility,large-visibility\"><div class=\"fusion-column-wrapper fusion-column-has-shadow fusion-flex-justify-content-flex-start fusion-content-layout-column\"><div class=\"fusion-title title fusion-title-1 fusion-sep-none fusion-title-text fusion-title-size-two\" style=\"--awb-text-color:var(--awb-color1);--awb-margin-top-small:10px;--awb-margin-right-small:0px;--awb-margin-bottom-small:10px;--awb-margin-left-small:0px;\"><h2 class=\"fusion-title-heading title-heading-left\" style=\"margin:0;\">1 bed, 2 systems \u2013 how practical!<\/h2><\/div><\/div><\/div><div class=\"fusion-layout-column fusion_builder_column fusion-builder-column-3 fusion_builder_column_2_3 2_3 fusion-flex-column fusion-flex-align-self-flex-start bottom200\" style=\"--awb-padding-top:80px;--awb-bg-size:cover;--awb-width-large:66.666666666667%;--awb-margin-top-large:0px;--awb-spacing-right-large:2.88%;--awb-margin-bottom-large:20px;--awb-spacing-left-large:2.88%;--awb-width-medium:66.666666666667%;--awb-order-medium:0;--awb-spacing-right-medium:2.88%;--awb-spacing-left-medium:2.88%;--awb-width-small:100%;--awb-order-small:0;--awb-spacing-right-small:1.92%;--awb-spacing-left-small:1.92%;\" data-scroll-devices=\"small-visibility,medium-visibility,large-visibility\"><div class=\"fusion-column-wrapper fusion-column-has-shadow fusion-flex-justify-content-flex-start fusion-content-layout-column\"><div class=\"fusion-text fusion-text-2\" style=\"--awb-text-color:var(--awb-color5);\"><p style=\"color: var(--awb-color1);\">With its <b>slatted base <\/b>and spacious bed box, CALABRIA gives you additional storage space in your bedroom. You can raise the sides and feet of the built-in slatted base to store blankets, pillows and bed linen and much more in the bed box. The head and foot areas can be adjusted manually or by motor. By the way: this variant of the bed is slightly lower and is the right choice if you want to fall into the bedsprings from higher up.<\/p>\n<p style=\"color: var(--awb-color1);\">As a <b>box-spring bed<\/b>, CALABRIA adapts precisely to your body, which is made possible by its multi-layered structure: gently springy layers such as the mattress and an optional topper lie on top of the box, the solid bed base. You can configure both as you wish. A box-spring bed relieves your body while simultaneously providing support \u2013 even if it is a bit higher up. This makes lying down and getting up extremely relaxing.<\/p>\n<p style=\"color: var(--awb-color1);\">\n<\/div><\/div><\/div><\/div><\/div><div class=\"fusion-fullwidth fullwidth-box fusion-builder-row-4 fusion-flex-container has-pattern-background has-mask-background nonhundred-percent-fullwidth non-hundred-percent-height-scrolling cp-2images top-200\" style=\"--awb-border-radius-top-left:0px;--awb-border-radius-top-right:0px;--awb-border-radius-bottom-right:0px;--awb-border-radius-bottom-left:0px;--awb-margin-bottom:50px;--awb-flex-wrap:wrap;\" ><div class=\"fusion-builder-row fusion-row fusion-flex-align-items-flex-start fusion-flex-content-wrap\" style=\"max-width:1248px;margin-left: calc(-4% \/ 2 );margin-right: calc(-4% \/ 2 );\"><div class=\"fusion-layout-column fusion_builder_column fusion-builder-column-4 fusion_builder_column_1_2 1_2 fusion-flex-column top-400\" style=\"--awb-bg-size:cover;--awb-width-large:50%;--awb-margin-top-large:0px;--awb-spacing-right-large:3.84%;--awb-margin-bottom-large:20px;--awb-spacing-left-large:3.84%;--awb-width-medium:50%;--awb-order-medium:0;--awb-spacing-right-medium:3.84%;--awb-spacing-left-medium:3.84%;--awb-width-small:100%;--awb-order-small:0;--awb-spacing-right-small:1.92%;--awb-spacing-left-small:1.92%;\" data-scroll-devices=\"small-visibility,medium-visibility,large-visibility\"><div class=\"fusion-column-wrapper fusion-column-has-shadow fusion-flex-justify-content-flex-start fusion-content-layout-column\"><div class=\"fusion-image-element \" style=\"--awb-caption-title-font-family:var(--h2_typography-font-family);--awb-caption-title-font-weight:var(--h2_typography-font-weight);--awb-caption-title-font-style:var(--h2_typography-font-style);--awb-caption-title-size:var(--h2_typography-font-size);--awb-caption-title-transform:var(--h2_typography-text-transform);--awb-caption-title-line-height:var(--h2_typography-line-height);--awb-caption-title-letter-spacing:var(--h2_typography-letter-spacing);\"><span class=\" fusion-imageframe imageframe-none imageframe-2 hover-type-none\" style=\"border-radius:8px;\"><img decoding=\"async\" width=\"522\" height=\"703\" title=\"Entspannt schlafen auf dem Boxspringbett Calabria &#8211; von ADA.Mindful Living\" src=\"https:\/\/www.ada.at\/wp-content\/uploads\/2023\/11\/Entspannt-schalfen-auf-dem-Boxspringbett-Calabria-von-ADA.Mindful-Living.jpg\" alt class=\"img-responsive wp-image-11753\"\/><\/span><\/div><\/div><\/div><div class=\"fusion-layout-column fusion_builder_column fusion-builder-column-5 fusion_builder_column_1_2 1_2 fusion-flex-column top-400\" style=\"--awb-padding-top:100px;--awb-bg-size:cover;--awb-width-large:50%;--awb-margin-top-large:0px;--awb-spacing-right-large:3.84%;--awb-margin-bottom-large:20px;--awb-spacing-left-large:3.84%;--awb-width-medium:50%;--awb-order-medium:0;--awb-spacing-right-medium:3.84%;--awb-spacing-left-medium:3.84%;--awb-width-small:100%;--awb-order-small:0;--awb-spacing-right-small:1.92%;--awb-spacing-left-small:1.92%;\" data-scroll-devices=\"small-visibility,medium-visibility,large-visibility\"><div class=\"fusion-column-wrapper fusion-column-has-shadow fusion-flex-justify-content-flex-start fusion-content-layout-column\"><div class=\"fusion-image-element \" style=\"--awb-caption-title-font-family:var(--h2_typography-font-family);--awb-caption-title-font-weight:var(--h2_typography-font-weight);--awb-caption-title-font-style:var(--h2_typography-font-style);--awb-caption-title-size:var(--h2_typography-font-size);--awb-caption-title-transform:var(--h2_typography-text-transform);--awb-caption-title-line-height:var(--h2_typography-line-height);--awb-caption-title-letter-spacing:var(--h2_typography-letter-spacing);\"><span class=\" fusion-imageframe imageframe-none imageframe-3 hover-type-none\" style=\"border-radius:8px;\"><img decoding=\"async\" width=\"522\" height=\"703\" title=\"Formsch\u00f6ne Details des Boxspringbett Calabria von ADA &#8211; hochwertige M\u00f6bel aus der Region\" src=\"https:\/\/www.ada.at\/wp-content\/uploads\/2023\/11\/Formschoene-Details-des-Boxspringbett-Calabria-von-ADA-hochwertige-Moebel-aus-der-Region.jpg\" alt class=\"img-responsive wp-image-11755\"\/><\/span><\/div><\/div><\/div><\/div><\/div><div class=\"fusion-fullwidth fullwidth-box fusion-builder-row-5 fusion-flex-container has-pattern-background has-mask-background nonhundred-percent-fullwidth non-hundred-percent-height-scrolling cp-textlogos bottom100\" style=\"--awb-border-radius-top-left:0px;--awb-border-radius-top-right:0px;--awb-border-radius-bottom-right:0px;--awb-border-radius-bottom-left:0px;--awb-padding-top:0px;--awb-padding-bottom:50px;--awb-flex-wrap:wrap;\" ><div class=\"fusion-builder-row fusion-row fusion-flex-align-items-center fusion-flex-justify-content-center fusion-flex-content-wrap\" style=\"max-width:1248px;margin-left: calc(-4% \/ 2 );margin-right: calc(-4% \/ 2 );\"><div class=\"fusion-layout-column fusion_builder_column fusion-builder-column-6 fusion_builder_column_1_3 1_3 fusion-flex-column fusion-flex-align-self-flex-start\" style=\"--awb-bg-color:var(--awb-color1);--awb-bg-color-hover:var(--awb-color1);--awb-bg-size:cover;--awb-width-large:33.333333333333%;--awb-margin-top-large:0px;--awb-spacing-right-large:5.76%;--awb-margin-bottom-large:20px;--awb-spacing-left-large:5.76%;--awb-width-medium:33.333333333333%;--awb-order-medium:0;--awb-spacing-right-medium:5.76%;--awb-spacing-left-medium:5.76%;--awb-width-small:100%;--awb-order-small:0;--awb-spacing-right-small:1.92%;--awb-spacing-left-small:1.92%;\" data-scroll-devices=\"small-visibility,medium-visibility,large-visibility\"><div class=\"fusion-column-wrapper fusion-column-has-shadow fusion-flex-justify-content-flex-start fusion-content-layout-column\"><div class=\"fusion-title title fusion-title-2 fusion-sep-none fusion-title-text fusion-title-size-two\" style=\"--awb-text-color:var(--awb-color5);--awb-margin-top-small:10px;--awb-margin-right-small:0px;--awb-margin-bottom-small:10px;--awb-margin-left-small:0px;\"><h2 class=\"fusion-title-heading title-heading-left\" style=\"margin:0;\">Aesthetic \u2013 with lots of extras<\/h2><\/div><\/div><\/div><div class=\"fusion-layout-column fusion_builder_column fusion-builder-column-7 fusion_builder_column_2_3 2_3 fusion-flex-column fusion-flex-align-self-flex-start\" style=\"--awb-bg-size:cover;--awb-width-large:66.666666666667%;--awb-margin-top-large:0px;--awb-spacing-right-large:2.88%;--awb-margin-bottom-large:20px;--awb-spacing-left-large:2.88%;--awb-width-medium:66.666666666667%;--awb-order-medium:0;--awb-spacing-right-medium:2.88%;--awb-spacing-left-medium:2.88%;--awb-width-small:100%;--awb-order-small:0;--awb-spacing-right-small:1.92%;--awb-spacing-left-small:1.92%;\" data-scroll-devices=\"small-visibility,medium-visibility,large-visibility\"><div class=\"fusion-column-wrapper fusion-column-has-shadow fusion-flex-justify-content-flex-start fusion-content-layout-column\"><div class=\"fusion-text fusion-text-3\" style=\"--awb-text-color:var(--awb-color5);\"><p>The CALABRIA bed also offers many extras:<br \/>\n<span style=\"color: var(--awb-text-color); font-family: var(--awb-text-font-family); font-size: var(--awb-font-size); font-style: var(--awb-text-font-style); font-weight: var(--awb-text-font-weight); letter-spacing: var(--awb-letter-spacing); text-align: var(--awb-content-alignment); text-transform: var(--awb-text-transform); background-color: var(--awb-bg-color-hover);\">you can choose between fabric or leather, a headboard with exposed wood, different materials and shapes for the bed legs and a program for your favourite reclining position \u2013 plus a shapely, linear design with fine details and maximum comfort. <\/span><\/p>\n<\/div><\/div><\/div><\/div><\/div><div class=\"fusion-fullwidth fullwidth-box fusion-builder-row-6 fusion-flex-container has-pattern-background has-mask-background nonhundred-percent-fullwidth non-hundred-percent-height-scrolling bg-blau\" style=\"--awb-border-radius-top-left:0px;--awb-border-radius-top-right:0px;--awb-border-radius-bottom-right:0px;--awb-border-radius-bottom-left:0px;--awb-flex-wrap:wrap;\" ><div class=\"fusion-builder-row fusion-row fusion-flex-align-items-flex-start fusion-flex-content-wrap\" style=\"max-width:1248px;margin-left: calc(-4% \/ 2 );margin-right: calc(-4% \/ 2 );\"><div class=\"fusion-layout-column fusion_builder_column fusion-builder-column-8 fusion_builder_column_1_1 1_1 fusion-flex-column\" style=\"--awb-bg-size:cover;--awb-width-large:100%;--awb-margin-top-large:0px;--awb-spacing-right-large:1.92%;--awb-margin-bottom-large:20px;--awb-spacing-left-large:1.92%;--awb-width-medium:100%;--awb-order-medium:0;--awb-spacing-right-medium:1.92%;--awb-spacing-left-medium:1.92%;--awb-width-small:100%;--awb-order-small:0;--awb-spacing-right-small:1.92%;--awb-spacing-left-small:1.92%;\"><div class=\"fusion-column-wrapper fusion-column-has-shadow fusion-flex-justify-content-flex-start fusion-content-layout-column\"><div class=\"fusion-image-element \" style=\"--awb-caption-title-font-family:var(--h2_typography-font-family);--awb-caption-title-font-weight:var(--h2_typography-font-weight);--awb-caption-title-font-style:var(--h2_typography-font-style);--awb-caption-title-size:var(--h2_typography-font-size);--awb-caption-title-transform:var(--h2_typography-text-transform);--awb-caption-title-line-height:var(--h2_typography-line-height);--awb-caption-title-letter-spacing:var(--h2_typography-letter-spacing);\"><span class=\" fusion-imageframe imageframe-none imageframe-4 hover-type-none top-100 bottom100\"><img decoding=\"async\" width=\"1440\" height=\"640\" title=\"aussergewoehnliche qualit\u00e4t trifft auf heausragendes Design &#8211; bei ADA. Mindful Living &#8211; Qualitative M\u00f6bel aus Deutschland &#8211; jetzt kaufen\" src=\"https:\/\/www.ada.at\/wp-content\/uploads\/2023\/11\/aussergewoehnliche-qualitaet-trifft-auf-heausragendes-Design-bei-ADA.-Mindful-Living-Qualitative-Moebel-aus-Deutschland-jetzt-kaufen.jpg\" alt class=\"img-responsive wp-image-11757\"\/><\/span><\/div><\/div><\/div><\/div><\/div><div class=\"fusion-fullwidth fullwidth-box fusion-builder-row-7 fusion-flex-container has-pattern-background has-mask-background nonhundred-percent-fullwidth non-hundred-percent-height-scrolling fusion-no-small-visibility cp-vergleichstabelle top100 bottom100\" style=\"--awb-border-radius-top-left:0px;--awb-border-radius-top-right:0px;--awb-border-radius-bottom-right:0px;--awb-border-radius-bottom-left:0px;--awb-flex-wrap:wrap;\" ><div class=\"fusion-builder-row fusion-row fusion-flex-align-items-flex-start fusion-flex-content-wrap\" style=\"max-width:1248px;margin-left: calc(-4% \/ 2 );margin-right: calc(-4% \/ 2 );\"><div class=\"fusion-layout-column fusion_builder_column fusion-builder-column-9 fusion_builder_column_1_1 1_1 fusion-flex-column table-compare-hl\" style=\"--awb-bg-size:cover;--awb-width-large:100%;--awb-margin-top-large:0px;--awb-spacing-right-large:1.92%;--awb-margin-bottom-large:20px;--awb-spacing-left-large:1.92%;--awb-width-medium:100%;--awb-order-medium:0;--awb-spacing-right-medium:1.92%;--awb-spacing-left-medium:1.92%;--awb-width-small:100%;--awb-order-small:0;--awb-spacing-right-small:1.92%;--awb-spacing-left-small:1.92%;\" data-scroll-devices=\"small-visibility,medium-visibility,large-visibility\"><div class=\"fusion-column-wrapper fusion-column-has-shadow fusion-flex-justify-content-flex-start fusion-content-layout-column\"><div class=\"fusion-title title fusion-title-3 fusion-sep-none fusion-title-center fusion-title-text fusion-title-size-three\" style=\"--awb-text-color:var(--awb-color5);--awb-margin-top-small:10px;--awb-margin-right-small:0px;--awb-margin-bottom-small:10px;--awb-margin-left-small:0px;\"><h3 class=\"fusion-title-heading title-heading-center\" style=\"margin:0;\"><p>Compare CALBRIA with our<br \/>\nother beds<\/p><\/h3><\/div><\/div><\/div><div class=\"fusion-layout-column fusion_builder_column fusion-builder-column-10 fusion_builder_column_1_1 1_1 fusion-flex-column table-compare-box\" style=\"--awb-bg-size:cover;--awb-width-large:100%;--awb-margin-top-large:0px;--awb-spacing-right-large:1.92%;--awb-margin-bottom-large:20px;--awb-spacing-left-large:1.92%;--awb-width-medium:100%;--awb-order-medium:0;--awb-spacing-right-medium:1.92%;--awb-spacing-left-medium:1.92%;--awb-width-small:100%;--awb-order-small:0;--awb-spacing-right-small:1.92%;--awb-spacing-left-small:1.92%;\" data-scroll-devices=\"small-visibility,medium-visibility,large-visibility\"><div class=\"fusion-column-wrapper fusion-column-has-shadow fusion-flex-justify-content-flex-start fusion-content-layout-column\">\n<div class=\"table-1 table-compare\">\n<table style=\"width: 100%; height: 552px;\" width=\"100%\">\n<thead>\n<tr style=\"height: 87px;\">\n<th style=\"width: 11.4065%; height: 87px;\" align=\"left\"><\/th>\n<th style=\"width: 20.3259%; height: 87px;\" align=\"left\"><img decoding=\"async\" class=\"alignnone wp-image-8600 size-full\" src=\"https:\/\/www.ada.at\/wp-content\/uploads\/2023\/11\/Nachhaltig-produziertes-Bett-Calabria-von-ADA-.-Mindful-Living-\u2013-Fuer-achtsames-Schlafen.jpg\" alt=\"Nachhaltig produziertes Bett Calabria von ADA . Mindful Living \u2013 F\u00fcr achtsames Schlafen\" width=\"300\" height=\"150\" \/><\/th>\n<th style=\"width: 37.2984%; height: 87px;\" align=\"left\"><img decoding=\"async\" class=\"alignnone wp-image-8596 size-full\" src=\"https:\/\/www.ada.at\/wp-content\/uploads\/2023\/11\/Entspanntes-Leben-mit-dem-luxurioesen-Bett-LIBRA-von-ADA-.-Mindful-Living.jpg\" alt=\"Entspanntes Leben mit dem luxuri\u00f6sen Bett LIBRA von ADA . Mindful Living\" width=\"300\" height=\"150\" \/><\/th>\n<th style=\"width: 29.9401%; height: 87px;\" align=\"left\"><img decoding=\"async\" class=\"alignnone wp-image-8603 size-full\" src=\"https:\/\/www.ada.at\/wp-content\/uploads\/2023\/11\/ADA-.-Mindful-Living-Bett-COMETA-\u2013-komplett-in-Europa-gefertigt-fuer-hoechste-Qualitaet.jpg\" alt=\"ADA . Mindful Living Bett COMETA \u2013 komplett in Europa gefertigt f\u00fcr h\u00f6chste Qualit\u00e4t\" width=\"300\" height=\"150\" \/><\/th>\n<\/tr>\n<\/thead>\n<tbody>\n<tr style=\"height: 24px;\">\n<td style=\"width: 11.4065%; height: 24px;\" align=\"left\"><strong>Model<\/strong><\/td>\n<td style=\"width: 20.3259%; height: 24px;\" align=\"left\">Calabria<\/td>\n<td style=\"width: 37.2984%; height: 24px;\" align=\"left\">Libra<\/td>\n<td style=\"width: 29.9401%; height: 24px;\" align=\"left\">Cometa<\/td>\n<\/tr>\n<tr style=\"height: 216px;\">\n<td style=\"width: 11.4065%; height: 216px;\"><strong>Brief description<\/strong><\/td>\n<td style=\"width: 20.3259%; height: 216px;\">The CALABRIA bed offers you two variants: one with a slatted base and spacious bed box for extra storage space, and one variant with a box-spring bed with multi-layered, individually configurable layers for unique sleeping comfort. Both variants come with extras such as adjustable head and foot areas, a selection of materials and an aesthetic design.<\/td>\n<td style=\"width: 37.2984%; height: 216px;\">The LIBRA box-spring bed offers extensive customisation options ranging from six headboards in three different heights to materials such as wood, fabric or leather to various bed boxes and bed legs. The solid wood base is the distinctive feature of LIBRA and creates a relaxed atmosphere in the bedroom. The mattress and topper of the multi-layered structure can be individually configured, offering customised comfort. LIBRA combines various design options to bring naturalness and personal style into your home.<\/td>\n<td style=\"width: 29.9401%; height: 216px;\">If you want to satisfy both a desire for cosy security and a need for flexibility, COMETA is the bed for you: the head and foot areas have a flexible design and can be effortlessly adjusted on both sides of the bed by remote control. COMETA also offers the unmistakable sleeping comfort of a box-spring bed, which is made possible by its multi-layer structure: gently springy layers such as the mattress and an optional topper lie on top of a solid bed base.<\/td>\n<\/tr>\n<tr style=\"height: 176px;\">\n<td style=\"height: 176px;\"><strong>Special features<\/strong><\/td>\n<td style=\"height: 176px;\">\n<ul>\n<li>Available as a slatted base bed or box-spring bed<\/li>\n<li>Huge selection of natural colours<\/li>\n<li>Practical storage space under the slatted base<\/li>\n<\/ul>\n<\/td>\n<td style=\"height: 176px;\">\n<ul>\n<li>Solid wood base in 2 variants<\/li>\n<li>Fixed or motor-adjustable headboard and footboard<\/li>\n<li>6 different headboards in 3 heights<\/li>\n<\/ul>\n<\/td>\n<td style=\"height: 176px;\">\n<ul>\n<li>Box-spring bed with high sleeping comfort<\/li>\n<li>Motor-adjustable head and foot areas<\/li>\n<li>Individually adjustable on each side of the bed<\/li>\n<\/ul>\n<\/td>\n<\/tr>\n<tr style=\"height: 24px;\">\n<td style=\"width: 11.4065%; height: 24px;\"><\/td>\n<td style=\"width: 20.3259%; height: 24px;\"><\/td>\n<td style=\"width: 37.2984%; height: 24px; text-align: left;\"><a class=\"button\" href=\"https:\/\/www.ada.at\/en\/produkte\/sleeping\/beds\/box-spring-beds\/libra\/\">To the product<\/a><\/td>\n<td style=\"width: 29.9401%; height: 24px; text-align: left;\"><a class=\"button\" href=\"https:\/\/www.ada.at\/en\/produkte\/sleeping\/beds\/box-spring-beds\/cometa\/\">To the product<\/a><\/td>\n<\/tr>\n<\/tbody>\n<\/table>\n<\/div>\n<\/div><\/div><\/div><\/div><\/p>\n","protected":false},"excerpt":{"rendered":"<p>The way you sleep at night has a big impact on your experience of the day. That\u2019s why CALABRIA offers two systems in one bed. If you choose the variant with a slatted base and a spacious bed box, you gain additional storage space in your bedroom. With the box-spring bed variant, the structure consists of multiple gently springy layers that you can configure as you like \u2013 a unique sleeping experience that turns your nights into extreme relaxation.<\/p>\n<ul>\n<li>Two systems: slatted base with bed box or box-spring bed<\/li>\n<li>Fabric or leather upholstery or exposed wood element<\/li>\n<li>Huge selection of natural colours<\/li>\n<li>Many individual functions<\/li>\n<li>100% made in Europe<\/li>\n<\/ul>\n","protected":false},"featured_media":9709,"template":"","meta":{"_acf_changed":false},"product_brand":[],"product_cat":[724,426,425,509,427],"product_tag":[511,512,442,443,444,438,439,445,440,441,446,435,428,516,431,510],"class_list":{"0":"post-15099","1":"product","2":"type-product","3":"status-publish","4":"has-post-thumbnail","6":"product_cat-ada-en","7":"product_cat-bed-with-slatted-base","8":"product_cat-beds","9":"product_cat-box-spring-beds","10":"product_cat-sleeping","11":"product_tag-100cm-en-2","12":"product_tag-120cm-en-3","13":"product_tag-140cm-en","14":"product_tag-160cm","15":"product_tag-180cm","16":"product_tag-190cm","17":"product_tag-200cm","18":"product_tag-200cm-en","19":"product_tag-210cm","20":"product_tag-220cm","21":"product_tag-floor-clear","22":"product_tag-motor-adjustable","23":"product_tag-new","24":"product_tag-storage-space","25":"product_tag-upholstered","26":"product_tag-upholstered-en","27":"post-status-publish","29":"first","30":"instock","31":"shipping-taxable","32":"product-type-simple","33":"add-to-wishlist-before_image"},"acf":[],"_links":{"self":[{"href":"https:\/\/www.ada.at\/en\/wp-json\/wp\/v2\/product\/15099","targetHints":{"allow":["GET"]}}],"collection":[{"href":"https:\/\/www.ada.at\/en\/wp-json\/wp\/v2\/product"}],"about":[{"href":"https:\/\/www.ada.at\/en\/wp-json\/wp\/v2\/types\/product"}],"version-history":[{"count":1,"href":"https:\/\/www.ada.at\/en\/wp-json\/wp\/v2\/product\/15099\/revisions"}],"predecessor-version":[{"id":23298,"href":"https:\/\/www.ada.at\/en\/wp-json\/wp\/v2\/product\/15099\/revisions\/23298"}],"wp:featuredmedia":[{"embeddable":true,"href":"https:\/\/www.ada.at\/en\/wp-json\/wp\/v2\/media\/9709"}],"wp:attachment":[{"href":"https:\/\/www.ada.at\/en\/wp-json\/wp\/v2\/media?parent=15099"}],"wp:term":[{"taxonomy":"product_brand","embeddable":true,"href":"https:\/\/www.ada.at\/en\/wp-json\/wp\/v2\/product_brand?post=15099"},{"taxonomy":"product_cat","embeddable":true,"href":"https:\/\/www.ada.at\/en\/wp-json\/wp\/v2\/product_cat?post=15099"},{"taxonomy":"product_tag","embeddable":true,"href":"https:\/\/www.ada.at\/en\/wp-json\/wp\/v2\/product_tag?post=15099"}],"curies":[{"name":"wp","href":"https:\/\/api.w.org\/{rel}","templated":true}]}}