{"id":15089,"date":"2023-07-28T23:59:54","date_gmt":"2023-07-28T21:59:54","guid":{"rendered":"https:\/\/www.ada.at\/produkte\/uncategorized\/suavis\/"},"modified":"2025-02-18T16:14:33","modified_gmt":"2025-02-18T15:14:33","slug":"suavis","status":"publish","type":"product","link":"https:\/\/www.ada.at\/en\/produkte\/sleeping\/beds\/suavis\/","title":{"rendered":"Suavis"},"content":{"rendered":"<p><div class=\"fusion-fullwidth fullwidth-box fusion-builder-row-1 fusion-flex-container has-pattern-background has-mask-background nonhundred-percent-fullwidth non-hundred-percent-height-scrolling top50 bottom-200\" style=\"--awb-border-radius-top-left:0px;--awb-border-radius-top-right:0px;--awb-border-radius-bottom-right:0px;--awb-border-radius-bottom-left:0px;--awb-padding-bottom:90px;--awb-flex-wrap:wrap;\" ><div class=\"fusion-builder-row fusion-row fusion-flex-align-items-flex-start fusion-flex-content-wrap\" style=\"max-width:1248px;margin-left: calc(-4% \/ 2 );margin-right: calc(-4% \/ 2 );\"><div class=\"fusion-layout-column fusion_builder_column fusion-builder-column-0 fusion_builder_column_1_1 1_1 fusion-flex-column\" style=\"--awb-bg-size:cover;--awb-width-large:100%;--awb-margin-top-large:0px;--awb-spacing-right-large:1.92%;--awb-margin-bottom-large:20px;--awb-spacing-left-large:1.92%;--awb-width-medium:100%;--awb-order-medium:0;--awb-spacing-right-medium:1.92%;--awb-spacing-left-medium:1.92%;--awb-width-small:100%;--awb-order-small:0;--awb-spacing-right-small:1.92%;--awb-spacing-left-small:1.92%;\"><div class=\"fusion-column-wrapper fusion-column-has-shadow fusion-flex-justify-content-flex-start fusion-content-layout-column\"><div class=\"fusion-image-element \" style=\"--awb-caption-title-font-family:var(--h2_typography-font-family);--awb-caption-title-font-weight:var(--h2_typography-font-weight);--awb-caption-title-font-style:var(--h2_typography-font-style);--awb-caption-title-size:var(--h2_typography-font-size);--awb-caption-title-transform:var(--h2_typography-text-transform);--awb-caption-title-line-height:var(--h2_typography-line-height);--awb-caption-title-letter-spacing:var(--h2_typography-letter-spacing);\"><span class=\" fusion-imageframe imageframe-none imageframe-1 hover-type-none\" style=\"border-radius:8px;\"><img decoding=\"async\" width=\"1400\" height=\"800\" alt=\"The Suavis box-spring bed from ADA M\u00f6bel \u2013 Mindful Living. \" title=\"Boxspringbett SUAVIS von ADA M\u00f6bel in wei\u00dfem Boucle Stoff\" src=\"https:\/\/www.ada.at\/wp-content\/uploads\/2024\/04\/3xl-Suavis_FB_SI11_SI50_TBG0_Details_08.png\" class=\"img-responsive wp-image-16621\"\/><\/span><\/div><\/div><\/div><\/div><\/div><div class=\"fusion-fullwidth fullwidth-box fusion-builder-row-2 fusion-flex-container has-pattern-background has-mask-background fusion-parallax-none nonhundred-percent-fullwidth non-hundred-percent-height-scrolling cp-nachhaltigkeitselement cp-textlogos \" style=\"--awb-border-radius-top-left:0px;--awb-border-radius-top-right:0px;--awb-border-radius-bottom-right:0px;--awb-border-radius-bottom-left:0px;--awb-background-image:url(&quot;\/wp-content\/uploads\/2023\/08\/Ada-Hintergrund_dgrau_2.jpg&quot;);--awb-background-size:cover;--awb-flex-wrap:wrap;\" ><div class=\"fusion-builder-row fusion-row fusion-flex-align-items-flex-start fusion-flex-content-wrap\" style=\"max-width:1248px;margin-left: calc(-4% \/ 2 );margin-right: calc(-4% \/ 2 );\"><div class=\"fusion-layout-column fusion_builder_column fusion-builder-column-1 fusion_builder_column_1_3 1_3 fusion-flex-column\" style=\"--awb-padding-top:90px;--awb-bg-size:cover;--awb-width-large:33.333333333333%;--awb-margin-top-large:0px;--awb-spacing-right-large:5.76%;--awb-margin-bottom-large:20px;--awb-spacing-left-large:5.76%;--awb-width-medium:33.333333333333%;--awb-order-medium:0;--awb-spacing-right-medium:5.76%;--awb-spacing-left-medium:5.76%;--awb-width-small:100%;--awb-order-small:0;--awb-spacing-right-small:1.92%;--awb-spacing-left-small:1.92%;\"><div class=\"fusion-column-wrapper fusion-column-has-shadow fusion-flex-justify-content-flex-start fusion-content-layout-column\"><div class=\"fusion-title title fusion-title-1 fusion-sep-none fusion-title-text fusion-title-size-two\" style=\"--awb-text-color:var(--awb-color1);--awb-margin-top-small:10px;--awb-margin-right-small:0px;--awb-margin-bottom-small:10px;--awb-margin-left-small:0px;\"><h2 class=\"fusion-title-heading title-heading-left\" style=\"margin:0;\">Do you prefer cuddly or more stringent?<\/h2><\/div><\/div><\/div><div class=\"fusion-layout-column fusion_builder_column fusion-builder-column-2 fusion_builder_column_2_3 2_3 fusion-flex-column bottom350\" style=\"--awb-padding-top:90px;--awb-bg-size:cover;--awb-width-large:66.666666666667%;--awb-margin-top-large:0px;--awb-spacing-right-large:2.88%;--awb-margin-bottom-large:20px;--awb-spacing-left-large:2.88%;--awb-width-medium:66.666666666667%;--awb-order-medium:0;--awb-spacing-right-medium:2.88%;--awb-spacing-left-medium:2.88%;--awb-width-small:100%;--awb-order-small:0;--awb-spacing-right-small:1.92%;--awb-spacing-left-small:1.92%;\" data-scroll-devices=\"small-visibility,medium-visibility,large-visibility\"><div class=\"fusion-column-wrapper fusion-column-has-shadow fusion-flex-justify-content-flex-start fusion-content-layout-column\"><div class=\"fusion-text fusion-text-1\" style=\"--awb-text-color:var(--awb-color1);\"><p>The SUAVIS box-spring bed gives you a thoroughly fluffy oasis where you can completely unwind. You can choose between several sizes, ensuring that the bed fits perfectly into your home. You can also have the headboard designed in two different versions: with a cuddly chequered pattern or stringent top-stitching \u2013 and by the way, the upholstery is available in a huge selection of beautiful natural colours!<\/p>\n<p>The sleeping comfort of a box-spring bed is unmistakable. Gently springy layers such as the mattress and a topper lie on top of the box. These adapt precisely to your movements, giving your body the support and relief it needs at the same time. This creates a balanced feeling of cosy security and lightness.<\/p>\n<\/div><\/div><\/div><\/div><\/div><div class=\"fusion-fullwidth fullwidth-box fusion-builder-row-3 fusion-flex-container has-pattern-background has-mask-background nonhundred-percent-fullwidth non-hundred-percent-height-scrolling cp-2images\" style=\"--awb-border-radius-top-left:0px;--awb-border-radius-top-right:0px;--awb-border-radius-bottom-right:0px;--awb-border-radius-bottom-left:0px;--awb-flex-wrap:wrap;\" ><div class=\"fusion-builder-row fusion-row fusion-flex-align-items-flex-start fusion-flex-content-wrap\" style=\"max-width:1248px;margin-left: calc(-4% \/ 2 );margin-right: calc(-4% \/ 2 );\"><div class=\"fusion-layout-column fusion_builder_column fusion-builder-column-3 fusion_builder_column_1_2 1_2 fusion-flex-column top-400\" style=\"--awb-bg-size:cover;--awb-width-large:50%;--awb-margin-top-large:0px;--awb-spacing-right-large:3.84%;--awb-margin-bottom-large:20px;--awb-spacing-left-large:3.84%;--awb-width-medium:50%;--awb-order-medium:0;--awb-spacing-right-medium:3.84%;--awb-spacing-left-medium:3.84%;--awb-width-small:100%;--awb-order-small:0;--awb-spacing-right-small:1.92%;--awb-spacing-left-small:1.92%;\" data-scroll-devices=\"small-visibility,medium-visibility,large-visibility\"><div class=\"fusion-column-wrapper fusion-column-has-shadow fusion-flex-justify-content-flex-start fusion-content-layout-column\"><div class=\"fusion-image-element \" style=\"--awb-caption-title-font-family:var(--h2_typography-font-family);--awb-caption-title-font-weight:var(--h2_typography-font-weight);--awb-caption-title-font-style:var(--h2_typography-font-style);--awb-caption-title-size:var(--h2_typography-font-size);--awb-caption-title-transform:var(--h2_typography-text-transform);--awb-caption-title-line-height:var(--h2_typography-line-height);--awb-caption-title-letter-spacing:var(--h2_typography-letter-spacing);\"><span class=\" fusion-imageframe imageframe-none imageframe-2 hover-type-none\" style=\"border-radius:8px;\"><img decoding=\"async\" width=\"1114\" height=\"1440\" alt=\"Boxspringbett SUAVIS von ADA M\u00f6bel in wei\u00dfem Boucle Stoff\" title=\"3xl-Suavis_FB_SI11_SI50_TBG0_HF_01_Model\" src=\"https:\/\/www.ada.at\/wp-content\/uploads\/2024\/04\/3xl-Suavis_FB_SI11_SI50_TBG0_HF_01_Model.png\" class=\"img-responsive wp-image-16624\"\/><\/span><\/div><\/div><\/div><div class=\"fusion-layout-column fusion_builder_column fusion-builder-column-4 fusion_builder_column_1_2 1_2 fusion-flex-column top-200\" style=\"--awb-bg-size:cover;--awb-width-large:50%;--awb-margin-top-large:0px;--awb-spacing-right-large:3.84%;--awb-margin-bottom-large:20px;--awb-spacing-left-large:3.84%;--awb-width-medium:50%;--awb-order-medium:0;--awb-spacing-right-medium:3.84%;--awb-spacing-left-medium:3.84%;--awb-width-small:100%;--awb-order-small:0;--awb-spacing-right-small:1.92%;--awb-spacing-left-small:1.92%;\" data-scroll-devices=\"small-visibility,medium-visibility,large-visibility\"><div class=\"fusion-column-wrapper fusion-column-has-shadow fusion-flex-justify-content-flex-start fusion-content-layout-column\"><div class=\"fusion-image-element \" style=\"--awb-caption-title-font-family:var(--h2_typography-font-family);--awb-caption-title-font-weight:var(--h2_typography-font-weight);--awb-caption-title-font-style:var(--h2_typography-font-style);--awb-caption-title-size:var(--h2_typography-font-size);--awb-caption-title-transform:var(--h2_typography-text-transform);--awb-caption-title-line-height:var(--h2_typography-line-height);--awb-caption-title-letter-spacing:var(--h2_typography-letter-spacing);\"><span class=\" fusion-imageframe imageframe-none imageframe-3 hover-type-none\" style=\"border-radius:8px;\"><img decoding=\"async\" width=\"1080\" height=\"1440\" alt=\"Boxspringbett SUAVIS mit Kopfhaupt im Detail von ADA M\u00f6bel in wei\u00dfem Boucle Stoff\" title=\"3xl-Suavis_FB_SI11_SI50_TBG0_Details_27\" src=\"https:\/\/www.ada.at\/wp-content\/uploads\/2024\/04\/3xl-Suavis_FB_SI11_SI50_TBG0_Details_27.png\" class=\"img-responsive wp-image-16627\"\/><\/span><\/div><\/div><\/div><\/div><\/div><div class=\"fusion-fullwidth fullwidth-box fusion-builder-row-4 fusion-flex-container has-pattern-background has-mask-background nonhundred-percent-fullwidth non-hundred-percent-height-scrolling cp-textlogos\" style=\"--awb-border-radius-top-left:0px;--awb-border-radius-top-right:0px;--awb-border-radius-bottom-right:0px;--awb-border-radius-bottom-left:0px;--awb-padding-top:50px;--awb-padding-bottom:77px;--awb-margin-bottom:60px;--awb-flex-wrap:wrap;\" ><div class=\"fusion-builder-row fusion-row fusion-flex-align-items-center fusion-flex-justify-content-center fusion-flex-content-wrap\" style=\"max-width:1248px;margin-left: calc(-4% \/ 2 );margin-right: calc(-4% \/ 2 );\"><div class=\"fusion-layout-column fusion_builder_column fusion-builder-column-5 fusion_builder_column_1_3 1_3 fusion-flex-column fusion-flex-align-self-flex-start\" style=\"--awb-bg-color:var(--awb-color1);--awb-bg-color-hover:var(--awb-color1);--awb-bg-size:cover;--awb-width-large:33.333333333333%;--awb-margin-top-large:0px;--awb-spacing-right-large:5.76%;--awb-margin-bottom-large:20px;--awb-spacing-left-large:5.76%;--awb-width-medium:33.333333333333%;--awb-order-medium:0;--awb-spacing-right-medium:5.76%;--awb-spacing-left-medium:5.76%;--awb-width-small:100%;--awb-order-small:0;--awb-spacing-right-small:1.92%;--awb-spacing-left-small:1.92%;\" data-scroll-devices=\"small-visibility,medium-visibility,large-visibility\"><div class=\"fusion-column-wrapper fusion-column-has-shadow fusion-flex-justify-content-flex-start fusion-content-layout-column\"><div class=\"fusion-title title fusion-title-2 fusion-sep-none fusion-title-text fusion-title-size-two\" style=\"--awb-text-color:var(--awb-color5);--awb-margin-top-small:10px;--awb-margin-right-small:0px;--awb-margin-bottom-small:10px;--awb-margin-left-small:0px;\"><h2 class=\"fusion-title-heading title-heading-left\" style=\"margin:0;\">Get more out of life<\/h2><\/div><\/div><\/div><div class=\"fusion-layout-column fusion_builder_column fusion-builder-column-6 fusion_builder_column_2_3 2_3 fusion-flex-column fusion-flex-align-self-flex-start\" style=\"--awb-bg-size:cover;--awb-width-large:66.666666666667%;--awb-margin-top-large:0px;--awb-spacing-right-large:2.88%;--awb-margin-bottom-large:20px;--awb-spacing-left-large:2.88%;--awb-width-medium:66.666666666667%;--awb-order-medium:0;--awb-spacing-right-medium:2.88%;--awb-spacing-left-medium:2.88%;--awb-width-small:100%;--awb-order-small:0;--awb-spacing-right-small:1.92%;--awb-spacing-left-small:1.92%;\" data-scroll-devices=\"small-visibility,medium-visibility,large-visibility\"><div class=\"fusion-column-wrapper fusion-column-has-shadow fusion-flex-justify-content-flex-start fusion-content-layout-column\"><div class=\"fusion-text fusion-text-2\" style=\"--awb-text-color:var(--awb-color5);\"><p>ADA beds offer a wealth of possibilities \u2013 and make a lasting impression on you. Because they fulfil the highest standards for healthy sleep, are manufactured in high quality, are durable and can stay with you for many years. That is true sustainability.<\/p>\n<\/div><\/div><\/div><\/div><\/div><div class=\"fusion-fullwidth fullwidth-box fusion-builder-row-5 fusion-flex-container has-pattern-background has-mask-background fusion-parallax-none nonhundred-percent-fullwidth non-hundred-percent-height-scrolling cp-nachhaltigkeitselement\" style=\"--awb-border-radius-top-left:0px;--awb-border-radius-top-right:0px;--awb-border-radius-bottom-right:0px;--awb-border-radius-bottom-left:0px;--awb-background-image:url(&quot;\/wp-content\/uploads\/2023\/09\/Ada-Hintergrund_blau.jpg&quot;);--awb-background-size:cover;--awb-flex-wrap:wrap;\" ><div class=\"fusion-builder-row fusion-row fusion-flex-align-items-flex-start fusion-flex-content-wrap\" style=\"max-width:1248px;margin-left: calc(-4% \/ 2 );margin-right: calc(-4% \/ 2 );\"><div class=\"fusion-layout-column fusion_builder_column fusion-builder-column-7 fusion_builder_column_1_1 1_1 fusion-flex-column\" style=\"--awb-bg-size:cover;--awb-width-large:100%;--awb-margin-top-large:0px;--awb-spacing-right-large:1.92%;--awb-margin-bottom-large:20px;--awb-spacing-left-large:1.92%;--awb-width-medium:100%;--awb-order-medium:0;--awb-spacing-right-medium:1.92%;--awb-spacing-left-medium:1.92%;--awb-width-small:100%;--awb-order-small:0;--awb-spacing-right-small:1.92%;--awb-spacing-left-small:1.92%;\" data-scroll-devices=\"small-visibility,medium-visibility,large-visibility\"><div class=\"fusion-column-wrapper fusion-column-has-shadow fusion-flex-justify-content-flex-start fusion-content-layout-column\"><div class=\"fusion-image-element \" style=\"text-align:center;--awb-caption-title-font-family:var(--h2_typography-font-family);--awb-caption-title-font-weight:var(--h2_typography-font-weight);--awb-caption-title-font-style:var(--h2_typography-font-style);--awb-caption-title-size:var(--h2_typography-font-size);--awb-caption-title-transform:var(--h2_typography-text-transform);--awb-caption-title-line-height:var(--h2_typography-line-height);--awb-caption-title-letter-spacing:var(--h2_typography-letter-spacing);\"><span class=\" fusion-imageframe imageframe-none imageframe-4 hover-type-none top-200 \" style=\"border-radius:8px;\"><img decoding=\"async\" width=\"1400\" height=\"803\" alt=\"Bett Suavis mit wei\u00dfem Boucl\u00e9-Stoff\" title=\"3xl-Suavis_FB_SI11_SI50_TBG0_Details_31\" src=\"https:\/\/www.ada.at\/wp-content\/uploads\/2023\/07\/3xl-Suavis_FB_SI11_SI50_TBG0_Details_31.png\" class=\"img-responsive wp-image-19982\"\/><\/span><\/div><\/div><\/div><\/div><\/div><div class=\"fusion-fullwidth fullwidth-box fusion-builder-row-6 fusion-flex-container has-pattern-background has-mask-background nonhundred-percent-fullwidth non-hundred-percent-height-scrolling fusion-no-small-visibility cp-vergleichstabelle top100 bottom100\" style=\"--awb-border-radius-top-left:0px;--awb-border-radius-top-right:0px;--awb-border-radius-bottom-right:0px;--awb-border-radius-bottom-left:0px;--awb-flex-wrap:wrap;\" ><div class=\"fusion-builder-row fusion-row fusion-flex-align-items-flex-start fusion-flex-content-wrap\" style=\"max-width:1248px;margin-left: calc(-4% \/ 2 );margin-right: calc(-4% \/ 2 );\"><div class=\"fusion-layout-column fusion_builder_column fusion-builder-column-8 fusion_builder_column_1_1 1_1 fusion-flex-column table-compare-hl\" style=\"--awb-bg-size:cover;--awb-width-large:100%;--awb-margin-top-large:0px;--awb-spacing-right-large:1.92%;--awb-margin-bottom-large:20px;--awb-spacing-left-large:1.92%;--awb-width-medium:100%;--awb-order-medium:0;--awb-spacing-right-medium:1.92%;--awb-spacing-left-medium:1.92%;--awb-width-small:100%;--awb-order-small:0;--awb-spacing-right-small:1.92%;--awb-spacing-left-small:1.92%;\" data-scroll-devices=\"small-visibility,medium-visibility,large-visibility\"><div class=\"fusion-column-wrapper fusion-column-has-shadow fusion-flex-justify-content-flex-start fusion-content-layout-column\"><div class=\"fusion-title title fusion-title-3 fusion-sep-none fusion-title-center fusion-title-text fusion-title-size-three\" style=\"--awb-text-color:var(--awb-color5);--awb-margin-top-small:10px;--awb-margin-right-small:0px;--awb-margin-bottom-small:10px;--awb-margin-left-small:0px;\"><h3 class=\"fusion-title-heading title-heading-center\" style=\"margin:0;\">Compare SUAVIS with our other beds<\/h3><\/div><\/div><\/div><div class=\"fusion-layout-column fusion_builder_column fusion-builder-column-9 fusion_builder_column_1_1 1_1 fusion-flex-column table-compare-box\" style=\"--awb-bg-size:cover;--awb-width-large:100%;--awb-margin-top-large:0px;--awb-spacing-right-large:1.92%;--awb-margin-bottom-large:20px;--awb-spacing-left-large:1.92%;--awb-width-medium:100%;--awb-order-medium:0;--awb-spacing-right-medium:1.92%;--awb-spacing-left-medium:1.92%;--awb-width-small:100%;--awb-order-small:0;--awb-spacing-right-small:1.92%;--awb-spacing-left-small:1.92%;\" data-scroll-devices=\"small-visibility,medium-visibility,large-visibility\"><div class=\"fusion-column-wrapper fusion-column-has-shadow fusion-flex-justify-content-flex-start fusion-content-layout-column\">\n<div class=\"table-1 table-compare\">\n<table style=\"width: 100%; height: 552px;\" width=\"100%\">\n<thead>\n<tr style=\"height: 87px;\">\n<th style=\"width: 11.4065%; height: 87px;\" align=\"left\"><\/th>\n<th style=\"width: 20.3259%; height: 87px;\" align=\"left\"><a href=\"https:\/\/www.ada.at\/wp-content\/uploads\/2023\/07\/md-Suavis_FB_SI11_SI50_TBG0_Freisteller_4-1.png\"><img decoding=\"async\" class=\"alignnone size-full wp-image-21114\" src=\"https:\/\/www.ada.at\/wp-content\/uploads\/2023\/07\/md-Suavis_FB_SI11_SI50_TBG0_Freisteller_4-1.png\" alt=\"\" width=\"300\" height=\"150\" \/><\/a><\/th>\n<th style=\"width: 37.2984%; height: 87px;\" align=\"left\"><a href=\"https:\/\/www.ada.at\/wp-content\/uploads\/2023\/11\/Nachhaltig-produziertes-Bett-Calabria-von-ADA-.-Mindful-Living-\u2013-Fuer-achtsames-Schlafen.jpg\"><img decoding=\"async\" class=\"alignnone size-full wp-image-12039\" src=\"https:\/\/www.ada.at\/wp-content\/uploads\/2023\/11\/Nachhaltig-produziertes-Bett-Calabria-von-ADA-.-Mindful-Living-\u2013-Fuer-achtsames-Schlafen.jpg\" alt=\"Nachhaltig produziertes Bett Calabria von ADA Mindful Living \u2013 F\u00fcr achtsames Schlafen\" width=\"300\" height=\"150\" \/><\/a><\/th>\n<th style=\"width: 29.9401%; height: 87px;\" align=\"left\"><img decoding=\"async\" class=\"alignnone wp-image-8603 size-full\" src=\"https:\/\/www.ada.at\/wp-content\/uploads\/2023\/11\/ADA-.-Mindful-Living-Bett-COMETA-\u2013-komplett-in-Europa-gefertigt-fuer-hoechste-Qualitaet.jpg\" alt=\"ADA . Mindful Living Bett COMETA \u2013 komplett in Europa gefertigt f\u00fcr h\u00f6chste Qualit\u00e4t\" width=\"300\" height=\"150\" \/><\/th>\n<\/tr>\n<\/thead>\n<tbody>\n<tr style=\"height: 24px;\">\n<td style=\"width: 11.4065%; height: 24px;\" align=\"left\"><strong>Model<\/strong><\/td>\n<td style=\"width: 20.3259%; height: 24px;\" align=\"left\">Suavis<\/td>\n<td style=\"width: 37.2984%; height: 24px;\" align=\"left\">Calabria<\/td>\n<td style=\"width: 29.9401%; height: 24px;\" align=\"left\">Cometa<\/td>\n<\/tr>\n<tr style=\"height: 216px;\">\n<td style=\"width: 11.4065%; height: 216px;\"><strong>Brief description<\/strong><\/td>\n<td style=\"width: 20.3259%; height: 216px;\">SUAVIS is a cosy box-spring bed that offers security and comfort in a close-to-floor, softly upholstered design. The rounded corners and shapes enhance the feeling of cosiness. It offers a multi-layered, gently springy structure that can be individually configured for a unique sleeping experience. The headboard is available in two designs \u2013 chequered or top-stitching \u2013 and the upholstery is available in a wide range of natural colours. SUAVIS combines a balanced feeling of cosy security and lightness, meets high standards for healthy sleep and boasts high durability, making it a sustainable choice for restful sleep.<\/td>\n<td style=\"width: 37.2984%;\">The CALABRIA bed offers you two variants: one with a slatted base and spacious bed box for extra storage space, and one variant with a box-spring bed with multi-layered, individually configurable layers for unique sleeping comfort. Both variants come with extras such as adjustable head and foot areas, a selection of materials and an aesthetic design.<\/td>\n<td style=\"width: 29.9401%; height: 216px;\">If you want to satisfy both a desire for cosy security and a need for flexibility, COMETA is the bed for you: the head and foot areas have a flexible design and can be effortlessly adjusted on both sides of the bed by remote control. COMETA also offers the unmistakable sleeping comfort of a box-spring bed, which is made possible by its multi-layer structure: gently springy layers such as the mattress and an optional topper lie on top of a solid bed base.<\/td>\n<\/tr>\n<tr style=\"height: 176px;\">\n<td style=\"height: 176px; width: 11.4065%;\"><strong>Special features<\/strong><\/td>\n<td style=\"height: 176px; width: 20.3259%;\">\n<ul>\n<li>Rounded, soft bed edges<\/li>\n<li>Upholstery with top-stitching<\/li>\n<li>Bed base close to the floor<\/li>\n<\/ul>\n<\/td>\n<td style=\"height: 176px; width: 37.2984%;\">\n<ul>\n<li>Available as a slatted base bed or box-spring bed<\/li>\n<li>Huge selection of natural colours<\/li>\n<li>Practical storage space under the slatted base<\/li>\n<\/ul>\n<\/td>\n<td style=\"height: 176px; width: 29.9401%;\">\n<ul>\n<li>Box-spring bed with high sleeping comfort<\/li>\n<li>Motor-adjustable head and foot areas<\/li>\n<li>Individually adjustable on each side of the bed<\/li>\n<\/ul>\n<\/td>\n<\/tr>\n<tr style=\"height: 24px;\">\n<td style=\"width: 11.4065%; height: 24px;\"><\/td>\n<td style=\"width: 20.3259%; height: 24px;\"><\/td>\n<td style=\"width: 37.2984%; height: 24px; text-align: left;\"><a class=\"button\" href=\"https:\/\/www.ada.at\/en\/produkte\/sleeping\/beds\/bed-with-slatted-base\/calabria\/\">To the product<\/a><\/td>\n<td style=\"width: 29.9401%; height: 24px; text-align: left;\"><a class=\"button\" href=\"https:\/\/www.ada.at\/en\/produkte\/sleeping\/beds\/box-spring-beds\/cometa\/\">To the product<\/a><\/td>\n<\/tr>\n<\/tbody>\n<\/table>\n<\/div>\n<\/div><\/div><\/div><\/div><\/p>\n","protected":false},"excerpt":{"rendered":"<p>SUAVIS is a box-spring bed that makes you feel the full cosiness of home: the close-to-floor design has a grounding effect, and the softly upholstered bed box with rounded corners caresses your body with every touch. The rounded shapes don\u2019t just look cosy, they really are \u2013 very much so! The multi-layered, gently springy structure of the box-spring bed, which you can configure to meet your needs, also ensures a cosy feeling \u2013 a unique sleeping experience!<\/p>\n<ul>\n<li>Fluffy, cuddly design<\/li>\n<li>Rounded, soft bed edges<\/li>\n<li>Upholstery with top-stitching<\/li>\n<li>Bed base close to the floor<\/li>\n<li>100% made in Europe<\/li>\n<\/ul>\n","protected":false},"featured_media":17920,"template":"","meta":{"_acf_changed":false},"product_brand":[],"product_cat":[724,425,509,427],"product_tag":[511,512,442,443,444,438,439,445,440,441,513,428,431,510],"class_list":{"0":"post-15089","1":"product","2":"type-product","3":"status-publish","4":"has-post-thumbnail","6":"product_cat-ada-en","7":"product_cat-beds","8":"product_cat-box-spring-beds","9":"product_cat-sleeping","10":"product_tag-100cm-en-2","11":"product_tag-120cm-en-3","12":"product_tag-140cm-en","13":"product_tag-160cm","14":"product_tag-180cm","15":"product_tag-190cm","16":"product_tag-200cm","17":"product_tag-200cm-en","18":"product_tag-210cm","19":"product_tag-220cm","20":"product_tag-floating-look","21":"product_tag-new","22":"product_tag-upholstered","23":"product_tag-upholstered-en","24":"post-status-publish","26":"first","27":"instock","28":"shipping-taxable","29":"product-type-simple","30":"add-to-wishlist-before_image"},"acf":[],"_links":{"self":[{"href":"https:\/\/www.ada.at\/en\/wp-json\/wp\/v2\/product\/15089","targetHints":{"allow":["GET"]}}],"collection":[{"href":"https:\/\/www.ada.at\/en\/wp-json\/wp\/v2\/product"}],"about":[{"href":"https:\/\/www.ada.at\/en\/wp-json\/wp\/v2\/types\/product"}],"version-history":[{"count":0,"href":"https:\/\/www.ada.at\/en\/wp-json\/wp\/v2\/product\/15089\/revisions"}],"wp:featuredmedia":[{"embeddable":true,"href":"https:\/\/www.ada.at\/en\/wp-json\/wp\/v2\/media\/17920"}],"wp:attachment":[{"href":"https:\/\/www.ada.at\/en\/wp-json\/wp\/v2\/media?parent=15089"}],"wp:term":[{"taxonomy":"product_brand","embeddable":true,"href":"https:\/\/www.ada.at\/en\/wp-json\/wp\/v2\/product_brand?post=15089"},{"taxonomy":"product_cat","embeddable":true,"href":"https:\/\/www.ada.at\/en\/wp-json\/wp\/v2\/product_cat?post=15089"},{"taxonomy":"product_tag","embeddable":true,"href":"https:\/\/www.ada.at\/en\/wp-json\/wp\/v2\/product_tag?post=15089"}],"curies":[{"name":"wp","href":"https:\/\/api.w.org\/{rel}","templated":true}]}}