{"id":14918,"date":"2023-10-25T14:40:03","date_gmt":"2023-10-25T12:40:03","guid":{"rendered":"https:\/\/www.ada.at\/produkte\/uncategorized\/starflex\/"},"modified":"2025-09-22T11:30:32","modified_gmt":"2025-09-22T09:30:32","slug":"starflex","status":"publish","type":"product","link":"https:\/\/www.ada.at\/en\/produkte\/sleeping\/slatted-bases\/starflex\/","title":{"rendered":"StarFlex"},"content":{"rendered":"<p><div class=\"fusion-fullwidth fullwidth-box fusion-builder-row-1 fusion-flex-container has-pattern-background has-mask-background nonhundred-percent-fullwidth non-hundred-percent-height-scrolling\" style=\"--awb-border-radius-top-left:0px;--awb-border-radius-top-right:0px;--awb-border-radius-bottom-right:0px;--awb-border-radius-bottom-left:0px;--awb-padding-top:50px;--awb-padding-bottom:50px;--awb-padding-left:0px;--awb-background-color:var(--awb-color6);--awb-flex-wrap:wrap;\" ><div class=\"fusion-builder-row fusion-row fusion-flex-align-items-flex-start fusion-flex-content-wrap\" style=\"max-width:1248px;margin-left: calc(-4% \/ 2 );margin-right: calc(-4% \/ 2 );\"><div class=\"fusion-layout-column fusion_builder_column fusion-builder-column-0 fusion_builder_column_1_1 1_1 fusion-flex-column\" style=\"--awb-bg-size:cover;--awb-width-large:100%;--awb-margin-top-large:0px;--awb-spacing-right-large:1.92%;--awb-margin-bottom-large:20px;--awb-spacing-left-large:1.92%;--awb-width-medium:100%;--awb-order-medium:0;--awb-spacing-right-medium:1.92%;--awb-spacing-left-medium:1.92%;--awb-width-small:100%;--awb-order-small:0;--awb-spacing-right-small:1.92%;--awb-spacing-left-small:1.92%;\"><div class=\"fusion-column-wrapper fusion-column-has-shadow fusion-flex-justify-content-flex-start fusion-content-layout-column\"><div class=\"accordian fusion-accordian\" style=\"--awb-border-size:1px;--awb-icon-size:16px;--awb-content-font-size:var(--awb-typography4-font-size);--awb-icon-alignment:right;--awb-hover-color:var(--awb-color2);--awb-border-color:var(--awb-color3);--awb-background-color:var(--awb-color1);--awb-divider-color:var(--awb-color3);--awb-divider-hover-color:var(--awb-color3);--awb-icon-color:var(--awb-color5);--awb-title-color:var(--awb-color5);--awb-content-color:var(--awb-color5);--awb-icon-box-color:var(--awb-color8);--awb-toggle-hover-accent-color:var(--awb-color5);--awb-toggle-active-accent-color:var(--awb-color5);--awb-title-font-family:&quot;sofia-pro&quot;;--awb-title-font-weight:700;--awb-title-font-style:normal;--awb-title-font-size:16px;--awb-content-font-family:&quot;sofia-pro&quot;;--awb-content-font-style:normal;--awb-content-font-weight:400;\"><div class=\"panel-group fusion-toggle-icon-right fusion-toggle-icon-unboxed\" id=\"accordion-14918-1\"><div class=\"fusion-panel panel-default panel-14d547ca31ddf71b5 fusion-toggle-has-divider\"><div class=\"panel-heading\"><h3 class=\"panel-title toggle\" id=\"toggle_14d547ca31ddf71b5\"><a aria-expanded=\"false\" aria-controls=\"14d547ca31ddf71b5\" role=\"button\" data-toggle=\"collapse\" data-parent=\"#accordion-14918-1\" data-target=\"#14d547ca31ddf71b5\" href=\"#14d547ca31ddf71b5\"><span class=\"fusion-toggle-icon-wrapper\" aria-hidden=\"true\"><i class=\"fa-fusion-box active-icon fa-angle-up fas\" aria-hidden=\"true\"><\/i><i class=\"fa-fusion-box inactive-icon fa-angle-down fas\" aria-hidden=\"true\"><\/i><\/span><span class=\"fusion-toggle-heading\">Widths<\/span><\/a><\/h3><\/div><div id=\"14d547ca31ddf71b5\" class=\"panel-collapse collapse \" aria-labelledby=\"toggle_14d547ca31ddf71b5\"><div class=\"panel-body toggle-content fusion-clearfix\">\n<ul>\n<li>80\u00a0cm<\/li>\n<li>90\u00a0cm<\/li>\n<li>100\u00a0cm<\/li>\n<li>120\u00a0cm<\/li>\n<li>140\u00a0cm<\/li>\n<\/ul>\n<\/div><\/div><\/div><div class=\"fusion-panel panel-default panel-8feae108caa604aac fusion-toggle-has-divider\"><div class=\"panel-heading\"><h3 class=\"panel-title toggle\" id=\"toggle_8feae108caa604aac\"><a aria-expanded=\"false\" aria-controls=\"8feae108caa604aac\" role=\"button\" data-toggle=\"collapse\" data-parent=\"#accordion-14918-1\" data-target=\"#8feae108caa604aac\" href=\"#8feae108caa604aac\"><span class=\"fusion-toggle-icon-wrapper\" aria-hidden=\"true\"><i class=\"fa-fusion-box active-icon fa-angle-up fas\" aria-hidden=\"true\"><\/i><i class=\"fa-fusion-box inactive-icon fa-angle-down fas\" aria-hidden=\"true\"><\/i><\/span><span class=\"fusion-toggle-heading\">Lengths<\/span><\/a><\/h3><\/div><div id=\"8feae108caa604aac\" class=\"panel-collapse collapse \" aria-labelledby=\"toggle_8feae108caa604aac\"><div class=\"panel-body toggle-content fusion-clearfix\">\n<ul>\n<li>190\u00a0cm<\/li>\n<li>200\u00a0cm<\/li>\n<\/ul>\n<\/div><\/div><\/div><div class=\"fusion-panel panel-default panel-42cb97602a18f609d fusion-toggle-has-divider\"><div class=\"panel-heading\"><h3 class=\"panel-title toggle\" id=\"toggle_42cb97602a18f609d\"><a aria-expanded=\"false\" aria-controls=\"42cb97602a18f609d\" role=\"button\" data-toggle=\"collapse\" data-parent=\"#accordion-14918-1\" data-target=\"#42cb97602a18f609d\" href=\"#42cb97602a18f609d\"><span class=\"fusion-toggle-icon-wrapper\" aria-hidden=\"true\"><i class=\"fa-fusion-box active-icon fa-angle-up fas\" aria-hidden=\"true\"><\/i><i class=\"fa-fusion-box inactive-icon fa-angle-down fas\" aria-hidden=\"true\"><\/i><\/span><span class=\"fusion-toggle-heading\">Functions<\/span><\/a><\/h3><\/div><div id=\"42cb97602a18f609d\" class=\"panel-collapse collapse \" aria-labelledby=\"toggle_42cb97602a18f609d\"><div class=\"panel-body toggle-content fusion-clearfix\">\n<ul>\n<li><span style=\"color: var(--awb-content-color); font-family: var(--awb-content-font-family); font-size: var(--awb-content-font-size); font-style: var(--awb-content-font-style); font-weight: var(--awb-content-font-weight); letter-spacing: var(--awb-content-letter-spacing); text-transform: var(--awb-content-text-transform); background-color: var(--awb-bg-color-hover);\">Headboard and footboard can be raised<\/span><\/li>\n<li><span style=\"color: var(--awb-content-color); font-family: var(--awb-content-font-family); font-size: var(--awb-content-font-size); font-style: var(--awb-content-font-style); font-weight: var(--awb-content-font-weight); letter-spacing: var(--awb-content-letter-spacing); text-transform: var(--awb-content-text-transform); background-color: var(--awb-bg-color-hover);\">Motor-adjustable<\/span><\/li>\n<li>Adjustable firmness<\/li>\n<\/ul>\n<\/div><\/div><\/div><\/div><\/div><\/div><\/div><\/div><\/div><div class=\"fusion-fullwidth fullwidth-box fusion-builder-row-2 fusion-flex-container has-pattern-background has-mask-background nonhundred-percent-fullwidth non-hundred-percent-height-scrolling fusion-no-small-visibility cp-vergleichstabelle top100 bottom100\" style=\"--awb-border-radius-top-left:0px;--awb-border-radius-top-right:0px;--awb-border-radius-bottom-right:0px;--awb-border-radius-bottom-left:0px;--awb-flex-wrap:wrap;\" ><div class=\"fusion-builder-row fusion-row fusion-flex-align-items-flex-start fusion-flex-content-wrap\" style=\"max-width:1248px;margin-left: calc(-4% \/ 2 );margin-right: calc(-4% \/ 2 );\"><div class=\"fusion-layout-column fusion_builder_column fusion-builder-column-1 fusion_builder_column_1_1 1_1 fusion-flex-column table-compare-hl\" style=\"--awb-bg-size:cover;--awb-width-large:100%;--awb-margin-top-large:0px;--awb-spacing-right-large:1.92%;--awb-margin-bottom-large:20px;--awb-spacing-left-large:1.92%;--awb-width-medium:100%;--awb-order-medium:0;--awb-spacing-right-medium:1.92%;--awb-spacing-left-medium:1.92%;--awb-width-small:100%;--awb-order-small:0;--awb-spacing-right-small:1.92%;--awb-spacing-left-small:1.92%;\" data-scroll-devices=\"small-visibility,medium-visibility,large-visibility\"><div class=\"fusion-column-wrapper fusion-column-has-shadow fusion-flex-justify-content-flex-start fusion-content-layout-column\"><div class=\"fusion-title title fusion-title-1 fusion-sep-none fusion-title-center fusion-title-text fusion-title-size-three\" style=\"--awb-text-color:var(--awb-color5);--awb-margin-top-small:10px;--awb-margin-right-small:0px;--awb-margin-bottom-small:10px;--awb-margin-left-small:0px;\"><h3 class=\"fusion-title-heading title-heading-center\" style=\"margin:0;\">Compare STARFLEX with our other slatted bases<\/h3><\/div><\/div><\/div><div class=\"fusion-layout-column fusion_builder_column fusion-builder-column-2 fusion_builder_column_1_1 1_1 fusion-flex-column table-compare-box\" style=\"--awb-bg-size:cover;--awb-width-large:100%;--awb-margin-top-large:0px;--awb-spacing-right-large:1.92%;--awb-margin-bottom-large:20px;--awb-spacing-left-large:1.92%;--awb-width-medium:100%;--awb-order-medium:0;--awb-spacing-right-medium:1.92%;--awb-spacing-left-medium:1.92%;--awb-width-small:100%;--awb-order-small:0;--awb-spacing-right-small:1.92%;--awb-spacing-left-small:1.92%;\" data-scroll-devices=\"small-visibility,medium-visibility,large-visibility\"><div class=\"fusion-column-wrapper fusion-column-has-shadow fusion-flex-justify-content-flex-start fusion-content-layout-column\">\n<div class=\"table-1 table-compare\">\n<table style=\"width: 100%; height: 552px;\" width=\"100%\">\n<thead>\n<tr style=\"height: 87px;\">\n<th style=\"width: 11.4065%; height: 87px;\" align=\"left\"><\/th>\n<th style=\"width: 20.3259%; height: 87px;\" align=\"left\"><img decoding=\"async\" class=\"alignnone wp-image-8617 size-full\" src=\"https:\/\/www.ada.at\/wp-content\/uploads\/2023\/11\/Moderner-und-langlebiger-Lattenrost-STARFLEX-von-ADA-.-Mindful-Living-\u2013-Fuer-gesunden-Schlaf.jpg\" alt=\"Moderner und langlebiger Lattenrost STARFLEX von ADA . Mindful Living \u2013 F\u00fcr gesunden Schlaf\" width=\"300\" height=\"150\" \/><\/th>\n<th style=\"width: 37.2984%; height: 87px;\" align=\"left\"><img decoding=\"async\" class=\"alignnone wp-image-8615 size-full\" src=\"https:\/\/www.ada.at\/wp-content\/uploads\/2023\/11\/ADA-.-Mindful-Living-Lattenrost-2654-\u2013-Oesterreichische-Qualitaet-fuer-Ihr-Bett.jpg\" alt=\"ADA . Mindful Living Lattenrost 2654 \u2013 \u00d6sterreichische Qualit\u00e4t f\u00fcr Ihr Bett\" width=\"300\" height=\"150\" \/><\/th>\n<th style=\"width: 29.9401%; height: 87px;\" align=\"left\"><a href=\"https:\/\/www.ada.at\/wp-content\/uploads\/2023\/10\/md-2564-MOS-1.png\"><img decoding=\"async\" class=\"alignnone size-full wp-image-21122\" src=\"https:\/\/www.ada.at\/wp-content\/uploads\/2023\/10\/md-2564-MOS-1.png\" alt=\"\" width=\"300\" height=\"150\" \/><\/a><\/th>\n<\/tr>\n<\/thead>\n<tbody>\n<tr style=\"height: 24px;\">\n<td style=\"width: 11.4065%; height: 24px;\" align=\"left\"><strong>Model<\/strong><\/td>\n<td style=\"width: 20.3259%; height: 24px;\" align=\"left\">Starflex<\/td>\n<td style=\"width: 37.2984%; height: 24px;\" align=\"left\">2563<\/td>\n<td style=\"width: 29.9401%; height: 24px;\" align=\"left\">2564<\/td>\n<\/tr>\n<tr style=\"height: 216px;\">\n<td style=\"width: 11.4065%; height: 216px;\"><strong>Brief description<\/strong><\/td>\n<td style=\"width: 20.3259%; height: 216px;\">The STARFLEX slatted base offers outstanding flexibility and promotes an ergonomically ideal posture, especially for side sleepers with broad shoulders. The innovative raised neck support feature allows the head and neck area to be raised manually or electrically to keep the spine straight, even when sleeping on the side. This function can be adjusted or deactivated as required. In addition, STARFLEX offers the option of individually adjusting the head and foot sections either manually or electrically.<\/td>\n<td style=\"width: 37.2984%; height: 216px;\">The 2563 slatted base is ideal for those looking for a high level of sleeping comfort and is based on the innovative tri-slat system. This system uses three pieces of wood per slat bonded together to ensure superior support for the mattress and more effective pressure relief. Thanks to this design, the slatted base adapts precisely to different body zones and pressure points, providing both optimum support and relief for the spine. Moreover, by protruding over the beams, the slats increase the surface area for the spring action, which gives the body a feeling of balance.<\/td>\n<td style=\"width: 29.9401%;\">The 2564 slatted base is ideal for giving your bed more bounce, with slats that protrude beyond the frame, offering a larger surface area for the spring action. This enables improved spring action and gentle oscillation, which increases the lying comfort. The double slat system responds to different body zones such as the shoulders, back and pelvis, distributes pressure more evenly and promotes a comfortable body balance. The slatted base also offers the option of a manually or electrically adjustable head and foot area.<\/td>\n<\/tr>\n<tr style=\"height: 176px;\">\n<td style=\"height: 176px; width: 11.4065%;\"><strong>Special features<\/strong><\/td>\n<td style=\"height: 176px; width: 20.3259%;\">\n<ul>\n<li>Very flexible sleeping comfort<\/li>\n<li>With raised neck support<\/li>\n<li>Adjustable firmness for pelvic area<\/li>\n<\/ul>\n<\/td>\n<td style=\"height: 176px; width: 37.2984%;\">\n<ul>\n<li>Precisely adjustable tri-slat system<\/li>\n<li>Slats over the beams<\/li>\n<li>Adjustable firmness for pelvic area<\/li>\n<\/ul>\n<\/td>\n<td style=\"height: 176px; width: 29.9401%;\">\n<ul>\n<li>Slats over the beams<\/li>\n<li>Adjustable firmness for pelvic area<\/li>\n<li>Headboard and footboard: rigid or flexible<\/li>\n<\/ul>\n<\/td>\n<\/tr>\n<tr style=\"height: 24px;\">\n<td style=\"width: 11.4065%; height: 24px;\"><\/td>\n<td style=\"width: 20.3259%; height: 24px;\"><\/td>\n<td style=\"width: 37.2984%; height: 24px; text-align: left;\"><a class=\"button\" href=\"https:\/\/www.ada.at\/en\/produkte\/sleeping\/slatted-bases\/slatted-bases-2563\/\">To the product<\/a><\/td>\n<td style=\"width: 29.9401%; height: 24px; text-align: left;\"><a class=\"button\" href=\"https:\/\/www.ada.at\/en\/produkte\/sleeping\/slatted-bases\/slatted-bases-2564\/\">To the product<\/a><\/td>\n<\/tr>\n<\/tbody>\n<\/table>\n<\/div>\n<\/div><\/div><\/div><\/div><\/p>\n","protected":false},"excerpt":{"rendered":"<p>The STARFLEX slatted base is as flexible as its name suggests. And it has an innovative function to ensure an ergonomically ideal posture: the raised neck support is good for you if have broad shoulders and prefer to sleep on your side. To keep your spine straight even when on your side, you can raise the head and neck area manually or electrically \u2013 like a small platform. And if you don\u2019t need a neck support you can also get the slatted base without it. As we said: wonderfully flexible! The same applies to the head and foot area: you can adjust the zones \u2013 the head area in addition to the raised neck support \u2013 manually or electrically or choose the fixed design. However you feel most comfortable in bed: the STARFLEX slatted base is a flexible companion.<\/p>\n<p>&nbsp;<\/p>\n<ul>\n<li>Very flexible sleeping comfort<\/li>\n<li>With raised neck support<\/li>\n<li>Optional: flexible head\/foot area<\/li>\n<li>Adjustable firmness for pelvic area<\/li>\n<li>Slats over the beams<\/li>\n<li>100% made in Europe<\/li>\n<\/ul>\n","protected":false},"featured_media":11367,"template":"","meta":{"_acf_changed":false},"product_brand":[],"product_cat":[447,427],"product_tag":[451,452,453,454,455,449,450,458,456,457,448],"class_list":{"0":"post-14918","1":"product","2":"type-product","3":"status-publish","4":"has-post-thumbnail","6":"product_cat-slatted-bases","7":"product_cat-sleeping","8":"product_tag-100cm","9":"product_tag-120cm-en","10":"product_tag-140cm-en-2","11":"product_tag-190cm-en","12":"product_tag-200cm-en-2","13":"product_tag-80cm","14":"product_tag-90cm","15":"product_tag-adjustable-firmness","16":"product_tag-adjustable-headboard-footboard","17":"product_tag-motor-adjustable-en","18":"product_tag-slatted-bases","19":"post-status-publish","21":"first","22":"instock","23":"shipping-taxable","24":"product-type-simple","25":"add-to-wishlist-before_image"},"acf":[],"_links":{"self":[{"href":"https:\/\/www.ada.at\/en\/wp-json\/wp\/v2\/product\/14918","targetHints":{"allow":["GET"]}}],"collection":[{"href":"https:\/\/www.ada.at\/en\/wp-json\/wp\/v2\/product"}],"about":[{"href":"https:\/\/www.ada.at\/en\/wp-json\/wp\/v2\/types\/product"}],"version-history":[{"count":2,"href":"https:\/\/www.ada.at\/en\/wp-json\/wp\/v2\/product\/14918\/revisions"}],"predecessor-version":[{"id":23643,"href":"https:\/\/www.ada.at\/en\/wp-json\/wp\/v2\/product\/14918\/revisions\/23643"}],"wp:featuredmedia":[{"embeddable":true,"href":"https:\/\/www.ada.at\/en\/wp-json\/wp\/v2\/media\/11367"}],"wp:attachment":[{"href":"https:\/\/www.ada.at\/en\/wp-json\/wp\/v2\/media?parent=14918"}],"wp:term":[{"taxonomy":"product_brand","embeddable":true,"href":"https:\/\/www.ada.at\/en\/wp-json\/wp\/v2\/product_brand?post=14918"},{"taxonomy":"product_cat","embeddable":true,"href":"https:\/\/www.ada.at\/en\/wp-json\/wp\/v2\/product_cat?post=14918"},{"taxonomy":"product_tag","embeddable":true,"href":"https:\/\/www.ada.at\/en\/wp-json\/wp\/v2\/product_tag?post=14918"}],"curies":[{"name":"wp","href":"https:\/\/api.w.org\/{rel}","templated":true}]}}