{"id":14909,"date":"2023-12-15T12:26:36","date_gmt":"2023-12-15T11:26:36","guid":{"rendered":"https:\/\/www.ada.at\/produkte\/uncategorized\/caltha\/"},"modified":"2026-03-23T14:08:21","modified_gmt":"2026-03-23T13:08:21","slug":"caltha","status":"publish","type":"product","link":"https:\/\/www.ada.at\/en\/produkte\/reside\/sofas\/caltha\/","title":{"rendered":"Caltha"},"content":{"rendered":"<p><div class=\"fusion-fullwidth fullwidth-box fusion-builder-row-1 fusion-flex-container has-pattern-background has-mask-background nonhundred-percent-fullwidth non-hundred-percent-height-scrolling top50 bottom-200\" style=\"--awb-border-radius-top-left:0px;--awb-border-radius-top-right:0px;--awb-border-radius-bottom-right:0px;--awb-border-radius-bottom-left:0px;--awb-padding-bottom:90px;--awb-flex-wrap:wrap;\" ><div class=\"fusion-builder-row fusion-row fusion-flex-align-items-flex-start fusion-flex-content-wrap\" style=\"max-width:1248px;margin-left: calc(-4% \/ 2 );margin-right: calc(-4% \/ 2 );\"><div class=\"fusion-layout-column fusion_builder_column fusion-builder-column-0 fusion_builder_column_1_1 1_1 fusion-flex-column\" style=\"--awb-bg-size:cover;--awb-width-large:100%;--awb-margin-top-large:0px;--awb-spacing-right-large:1.92%;--awb-margin-bottom-large:20px;--awb-spacing-left-large:1.92%;--awb-width-medium:100%;--awb-order-medium:0;--awb-spacing-right-medium:1.92%;--awb-spacing-left-medium:1.92%;--awb-width-small:100%;--awb-order-small:0;--awb-spacing-right-small:1.92%;--awb-spacing-left-small:1.92%;\"><div class=\"fusion-column-wrapper fusion-column-has-shadow fusion-flex-justify-content-flex-start fusion-content-layout-column\"><div class=\"fusion-image-element \" style=\"--awb-caption-title-font-family:var(--h2_typography-font-family);--awb-caption-title-font-weight:var(--h2_typography-font-weight);--awb-caption-title-font-style:var(--h2_typography-font-style);--awb-caption-title-size:var(--h2_typography-font-size);--awb-caption-title-transform:var(--h2_typography-text-transform);--awb-caption-title-line-height:var(--h2_typography-line-height);--awb-caption-title-letter-spacing:var(--h2_typography-letter-spacing);\"><span class=\" fusion-imageframe imageframe-none imageframe-1 hover-type-none\" style=\"border-radius:8px;\"><img decoding=\"async\" width=\"1440\" height=\"640\" alt=\"Couch Caltha - ADA Mindful Living Sofa vereint nachhaltige Produktion mit \u00f6sterreichischer Qualit\u00e4t f\u00fcr stilvolles Wohnen\" title=\"Couch Caltha &#8211; ADA Mindful Living Sofa vereint nachhaltige Produktion mit \u00f6sterreichischer Qualit\u00e4t f\u00fcr stilvolles Wohnen\" src=\"https:\/\/www.ada.at\/wp-content\/uploads\/2024\/01\/Couch-Caltha-ADA-Mindful-Living-Sofa-vereint-nachhaltige-Produktion-mit-oesterreichischer-Qualitaet-fuer-stilvolles-Wohnen.jpg\" class=\"img-responsive wp-image-12518\"\/><\/span><\/div><\/div><\/div><\/div><\/div><div class=\"fusion-fullwidth fullwidth-box fusion-builder-row-2 fusion-flex-container has-pattern-background has-mask-background fusion-parallax-none nonhundred-percent-fullwidth non-hundred-percent-height-scrolling cp-nachhaltigkeitselement cp-textlogos \" style=\"--awb-border-radius-top-left:0px;--awb-border-radius-top-right:0px;--awb-border-radius-bottom-right:0px;--awb-border-radius-bottom-left:0px;--awb-background-image:url(&quot;\/wp-content\/uploads\/2023\/08\/Ada-Hintergrund_dgrau_2.jpg&quot;);--awb-background-size:cover;--awb-flex-wrap:wrap;\" ><div class=\"fusion-builder-row fusion-row fusion-flex-align-items-flex-start fusion-flex-content-wrap\" style=\"max-width:1248px;margin-left: calc(-4% \/ 2 );margin-right: calc(-4% \/ 2 );\"><div class=\"fusion-layout-column fusion_builder_column fusion-builder-column-1 fusion_builder_column_1_3 1_3 fusion-flex-column\" style=\"--awb-padding-top:90px;--awb-bg-size:cover;--awb-width-large:33.333333333333%;--awb-margin-top-large:0px;--awb-spacing-right-large:5.76%;--awb-margin-bottom-large:20px;--awb-spacing-left-large:5.76%;--awb-width-medium:33.333333333333%;--awb-order-medium:0;--awb-spacing-right-medium:5.76%;--awb-spacing-left-medium:5.76%;--awb-width-small:100%;--awb-order-small:0;--awb-spacing-right-small:1.92%;--awb-spacing-left-small:1.92%;\"><div class=\"fusion-column-wrapper fusion-column-has-shadow fusion-flex-justify-content-flex-start fusion-content-layout-column\"><div class=\"fusion-title title fusion-title-1 fusion-sep-none fusion-title-text fusion-title-size-two\" style=\"--awb-text-color:var(--awb-color1);--awb-margin-top-small:10px;--awb-margin-right-small:0px;--awb-margin-bottom-small:10px;--awb-margin-left-small:0px;\"><h2 class=\"fusion-title-heading title-heading-left\" style=\"margin:0;\">Like a gentle embrace<\/h2><\/div><\/div><\/div><div class=\"fusion-layout-column fusion_builder_column fusion-builder-column-2 fusion_builder_column_2_3 2_3 fusion-flex-column bottom350\" style=\"--awb-padding-top:90px;--awb-bg-size:cover;--awb-width-large:66.666666666667%;--awb-margin-top-large:0px;--awb-spacing-right-large:2.88%;--awb-margin-bottom-large:20px;--awb-spacing-left-large:2.88%;--awb-width-medium:66.666666666667%;--awb-order-medium:0;--awb-spacing-right-medium:2.88%;--awb-spacing-left-medium:2.88%;--awb-width-small:100%;--awb-order-small:0;--awb-spacing-right-small:1.92%;--awb-spacing-left-small:1.92%;\" data-scroll-devices=\"small-visibility,medium-visibility,large-visibility\"><div class=\"fusion-column-wrapper fusion-column-has-shadow fusion-flex-justify-content-flex-start fusion-content-layout-column\"><div class=\"fusion-text fusion-text-1\" style=\"--awb-text-color:var(--awb-color1);\"><p>The CALTHA couch is like an old friend there to give you a loving hug after a hectic day. The soft cushions and generous seating areas welcome you home. The flexible back cushions adapt to your needs \u2013 whether you\u2019re spending convivial moments with family or friends or enjoying the evening with a book or a film. This is when you can let yourself go and give in to the pure, cosy feeling.<\/p>\n<p>And then there are also the little details that make all the difference. The fine top-stitching and the intricately designed welting \u2013 a reinforcement of the seam on the edge of the fabric \u2013 subtly enhance the look of the sofa. And for all the little odds and ends you need during your sofa time, CALTHA offers a solid wood side table with storage space. So you can relax and never have to search for remote controls, magazines or snacks.<\/p>\n<\/div><\/div><\/div><\/div><\/div><div class=\"fusion-fullwidth fullwidth-box fusion-builder-row-3 fusion-flex-container has-pattern-background has-mask-background nonhundred-percent-fullwidth non-hundred-percent-height-scrolling cp-2images\" style=\"--awb-border-radius-top-left:0px;--awb-border-radius-top-right:0px;--awb-border-radius-bottom-right:0px;--awb-border-radius-bottom-left:0px;--awb-flex-wrap:wrap;\" ><div class=\"fusion-builder-row fusion-row fusion-flex-align-items-flex-start fusion-flex-content-wrap\" style=\"max-width:1248px;margin-left: calc(-4% \/ 2 );margin-right: calc(-4% \/ 2 );\"><div class=\"fusion-layout-column fusion_builder_column fusion-builder-column-3 fusion_builder_column_1_2 1_2 fusion-flex-column top-400\" style=\"--awb-bg-size:cover;--awb-width-large:50%;--awb-margin-top-large:0px;--awb-spacing-right-large:3.84%;--awb-margin-bottom-large:20px;--awb-spacing-left-large:3.84%;--awb-width-medium:50%;--awb-order-medium:0;--awb-spacing-right-medium:3.84%;--awb-spacing-left-medium:3.84%;--awb-width-small:100%;--awb-order-small:0;--awb-spacing-right-small:1.92%;--awb-spacing-left-small:1.92%;\" data-scroll-devices=\"small-visibility,medium-visibility,large-visibility\"><div class=\"fusion-column-wrapper fusion-column-has-shadow fusion-flex-justify-content-flex-start fusion-content-layout-column\"><div class=\"fusion-image-element \" style=\"--awb-caption-title-font-family:var(--h2_typography-font-family);--awb-caption-title-font-weight:var(--h2_typography-font-weight);--awb-caption-title-font-style:var(--h2_typography-font-style);--awb-caption-title-size:var(--h2_typography-font-size);--awb-caption-title-transform:var(--h2_typography-text-transform);--awb-caption-title-line-height:var(--h2_typography-line-height);--awb-caption-title-letter-spacing:var(--h2_typography-letter-spacing);\"><span class=\" fusion-imageframe imageframe-none imageframe-2 hover-type-none\" style=\"border-radius:8px;\"><img decoding=\"async\" width=\"522\" height=\"703\" alt=\"ADA . Mindful Living - Caltha Sofa, nachhaltige Produktion und entspanntes Wohnen in \u00f6sterreichischer Qualit\u00e4t.\" title=\"ADA . Mindful Living &#8211; Caltha Sofa, nachhaltige Produktion und entspanntes Wohnen in \u00f6sterreichischer Qualit\u00e4t.\" src=\"https:\/\/www.ada.at\/wp-content\/uploads\/2024\/01\/ADA-.-Mindful-Living-Caltha-Sofa-nachhaltige-Produktion-und-entspanntes-Wohnen-in-oesterreichischer-Qualitaet.jpg\" class=\"img-responsive wp-image-12481\"\/><\/span><\/div><\/div><\/div><div class=\"fusion-layout-column fusion_builder_column fusion-builder-column-4 fusion_builder_column_1_2 1_2 fusion-flex-column top-200\" style=\"--awb-bg-size:cover;--awb-width-large:50%;--awb-margin-top-large:0px;--awb-spacing-right-large:3.84%;--awb-margin-bottom-large:20px;--awb-spacing-left-large:3.84%;--awb-width-medium:50%;--awb-order-medium:0;--awb-spacing-right-medium:3.84%;--awb-spacing-left-medium:3.84%;--awb-width-small:100%;--awb-order-small:0;--awb-spacing-right-small:1.92%;--awb-spacing-left-small:1.92%;\" data-scroll-devices=\"small-visibility,medium-visibility,large-visibility\"><div class=\"fusion-column-wrapper fusion-column-has-shadow fusion-flex-justify-content-flex-start fusion-content-layout-column\"><div class=\"fusion-image-element \" style=\"--awb-caption-title-font-family:var(--h2_typography-font-family);--awb-caption-title-font-weight:var(--h2_typography-font-weight);--awb-caption-title-font-style:var(--h2_typography-font-style);--awb-caption-title-size:var(--h2_typography-font-size);--awb-caption-title-transform:var(--h2_typography-text-transform);--awb-caption-title-line-height:var(--h2_typography-line-height);--awb-caption-title-letter-spacing:var(--h2_typography-letter-spacing);\"><span class=\" fusion-imageframe imageframe-none imageframe-3 hover-type-none\" style=\"border-radius:8px;\"><img decoding=\"async\" width=\"522\" height=\"703\" alt=\"ADA . Mindful Living Caltha Sofa - Ein Symbol f\u00fcr nachhaltige M\u00f6belproduktion und stilvolles, entspanntes Wohnen in Europa\" title=\"ADA . Mindful Living Caltha Sofa &#8211; Ein Symbol f\u00fcr nachhaltige M\u00f6belproduktion und stilvolles, entspanntes Wohnen in Europa\" src=\"https:\/\/www.ada.at\/wp-content\/uploads\/2024\/01\/ADA-.-Mindful-Living-Caltha-Sofa-Ein-Symbol-fuer-nachhaltige-Moebelproduktion-und-stilvolles-entspanntes-Wohnen-in-Europa.jpg\" class=\"img-responsive wp-image-12484\"\/><\/span><\/div><\/div><\/div><\/div><\/div><div class=\"fusion-fullwidth fullwidth-box fusion-builder-row-4 fusion-flex-container has-pattern-background has-mask-background nonhundred-percent-fullwidth non-hundred-percent-height-scrolling cp-textlogos\" style=\"--awb-border-radius-top-left:0px;--awb-border-radius-top-right:0px;--awb-border-radius-bottom-right:0px;--awb-border-radius-bottom-left:0px;--awb-padding-top:50px;--awb-padding-bottom:50px;--awb-flex-wrap:wrap;\" ><div class=\"fusion-builder-row fusion-row fusion-flex-align-items-center fusion-flex-justify-content-center fusion-flex-content-wrap\" style=\"max-width:1248px;margin-left: calc(-4% \/ 2 );margin-right: calc(-4% \/ 2 );\"><div class=\"fusion-layout-column fusion_builder_column fusion-builder-column-5 fusion_builder_column_1_3 1_3 fusion-flex-column fusion-flex-align-self-flex-start\" style=\"--awb-bg-color:var(--awb-color1);--awb-bg-color-hover:var(--awb-color1);--awb-bg-size:cover;--awb-width-large:33.333333333333%;--awb-margin-top-large:0px;--awb-spacing-right-large:5.76%;--awb-margin-bottom-large:20px;--awb-spacing-left-large:5.76%;--awb-width-medium:33.333333333333%;--awb-order-medium:0;--awb-spacing-right-medium:5.76%;--awb-spacing-left-medium:5.76%;--awb-width-small:100%;--awb-order-small:0;--awb-spacing-right-small:1.92%;--awb-spacing-left-small:1.92%;\" data-scroll-devices=\"small-visibility,medium-visibility,large-visibility\"><div class=\"fusion-column-wrapper fusion-column-has-shadow fusion-flex-justify-content-flex-start fusion-content-layout-column\"><div class=\"fusion-title title fusion-title-2 fusion-sep-none fusion-title-text fusion-title-size-two\" style=\"--awb-text-color:var(--awb-color5);--awb-margin-top-small:10px;--awb-margin-right-small:0px;--awb-margin-bottom-small:10px;--awb-margin-left-small:0px;\"><h2 class=\"fusion-title-heading title-heading-left\" style=\"margin:0;\">Truly<br \/>\npractical<\/h2><\/div><\/div><\/div><div class=\"fusion-layout-column fusion_builder_column fusion-builder-column-6 fusion_builder_column_2_3 2_3 fusion-flex-column fusion-flex-align-self-flex-start\" style=\"--awb-bg-size:cover;--awb-width-large:66.666666666667%;--awb-margin-top-large:0px;--awb-spacing-right-large:2.88%;--awb-margin-bottom-large:20px;--awb-spacing-left-large:2.88%;--awb-width-medium:66.666666666667%;--awb-order-medium:0;--awb-spacing-right-medium:2.88%;--awb-spacing-left-medium:2.88%;--awb-width-small:100%;--awb-order-small:0;--awb-spacing-right-small:1.92%;--awb-spacing-left-small:1.92%;\" data-scroll-devices=\"small-visibility,medium-visibility,large-visibility\"><div class=\"fusion-column-wrapper fusion-column-has-shadow fusion-flex-justify-content-flex-start fusion-content-layout-column\"><div class=\"fusion-text fusion-text-2\" style=\"--awb-text-color:var(--awb-color5);\"><p>CALTHA gives you relief even before assembly. Thanks to its modular design, the sofa can be easily dismantled into portable parts and transported in a standard passenger car \u2013 no heavy lifting required! Simply screw the metal frame together, place the pillows on top, sit down and take a deep breath. And it\u2019s not just you who should take a breather, but also the seat cushions themselves. The slatted spring base allows air to circulate wonderfully. This way, both you and your sofa always stay fresh and well rested.<\/p>\n<p>How about a personal touch? You can have CALTHA upholstered in fabric or leather in a wide range of beautiful natural colours. The choice of metal frame, whether black or titanium, is also up to you. And the ability to choose is a true comfort in life.<\/p>\n<\/div><\/div><\/div><\/div><\/div><div class=\"fusion-fullwidth fullwidth-box fusion-builder-row-5 fusion-flex-container has-pattern-background has-mask-background nonhundred-percent-fullwidth non-hundred-percent-height-scrolling cp-nachhaltigkeitselement bg-gruen\" style=\"--awb-border-radius-top-left:0px;--awb-border-radius-top-right:0px;--awb-border-radius-bottom-right:0px;--awb-border-radius-bottom-left:0px;--awb-flex-wrap:wrap;\" ><div class=\"fusion-builder-row fusion-row fusion-flex-align-items-flex-start fusion-flex-content-wrap\" style=\"max-width:1248px;margin-left: calc(-4% \/ 2 );margin-right: calc(-4% \/ 2 );\"><div class=\"fusion-layout-column fusion_builder_column fusion-builder-column-7 fusion_builder_column_1_1 1_1 fusion-flex-column\" style=\"--awb-bg-size:cover;--awb-width-large:100%;--awb-margin-top-large:0px;--awb-spacing-right-large:1.92%;--awb-margin-bottom-large:20px;--awb-spacing-left-large:1.92%;--awb-width-medium:100%;--awb-order-medium:0;--awb-spacing-right-medium:1.92%;--awb-spacing-left-medium:1.92%;--awb-width-small:100%;--awb-order-small:0;--awb-spacing-right-small:1.92%;--awb-spacing-left-small:1.92%;\" data-scroll-devices=\"small-visibility,medium-visibility,large-visibility\"><div class=\"fusion-column-wrapper fusion-column-has-shadow fusion-flex-justify-content-flex-start fusion-content-layout-column\"><div class=\"fusion-image-element \" style=\"text-align:center;--awb-caption-title-font-family:var(--h2_typography-font-family);--awb-caption-title-font-weight:var(--h2_typography-font-weight);--awb-caption-title-font-style:var(--h2_typography-font-style);--awb-caption-title-size:var(--h2_typography-font-size);--awb-caption-title-transform:var(--h2_typography-text-transform);--awb-caption-title-line-height:var(--h2_typography-line-height);--awb-caption-title-letter-spacing:var(--h2_typography-letter-spacing);\"><span class=\" fusion-imageframe imageframe-none imageframe-4 hover-type-none top-200 \" style=\"border-radius:8px;\"><img decoding=\"async\" width=\"1440\" height=\"640\" alt=\"Entspannt leben mit dem Caltha Sofa von ADA. Mindful Living - hergestellt in Europa mit besonderer Sorgfalt und Qualit\u00e4t\" title=\"Entspannt leben mit dem Caltha Sofa von ADA. Mindful Living &#8211; hergestellt in Europa mit besonderer Sorgfalt und Qualit\u00e4t\" src=\"https:\/\/www.ada.at\/wp-content\/uploads\/2024\/01\/Entspannt-leben-mit-dem-Caltha-Sofa-von-ADA.-Mindful-Living-hergestellt-in-Europa-mit-besonderer-Sorgfalt-und-Qualitaet.jpg\" class=\"img-responsive wp-image-12487\"\/><\/span><\/div><\/div><\/div><\/div><\/div><div class=\"fusion-fullwidth fullwidth-box fusion-builder-row-6 fusion-flex-container has-pattern-background has-mask-background nonhundred-percent-fullwidth non-hundred-percent-height-scrolling cp-vergleichstabelle top100 bottom100\" style=\"--awb-border-radius-top-left:0px;--awb-border-radius-top-right:0px;--awb-border-radius-bottom-right:0px;--awb-border-radius-bottom-left:0px;--awb-flex-wrap:wrap;\" ><div class=\"fusion-builder-row fusion-row fusion-flex-align-items-flex-start fusion-flex-content-wrap\" style=\"max-width:1248px;margin-left: calc(-4% \/ 2 );margin-right: calc(-4% \/ 2 );\"><div class=\"fusion-layout-column fusion_builder_column fusion-builder-column-8 fusion_builder_column_1_1 1_1 fusion-flex-column table-compare-hl\" style=\"--awb-bg-size:cover;--awb-width-large:100%;--awb-margin-top-large:0px;--awb-spacing-right-large:1.92%;--awb-margin-bottom-large:20px;--awb-spacing-left-large:1.92%;--awb-width-medium:100%;--awb-order-medium:0;--awb-spacing-right-medium:1.92%;--awb-spacing-left-medium:1.92%;--awb-width-small:100%;--awb-order-small:0;--awb-spacing-right-small:1.92%;--awb-spacing-left-small:1.92%;\" data-scroll-devices=\"small-visibility,medium-visibility,large-visibility\"><div class=\"fusion-column-wrapper fusion-column-has-shadow fusion-flex-justify-content-flex-start fusion-content-layout-column\"><div class=\"fusion-title title fusion-title-3 fusion-sep-none fusion-title-center fusion-title-text fusion-title-size-three\" style=\"--awb-text-color:var(--awb-color5);--awb-margin-top-small:10px;--awb-margin-right-small:0px;--awb-margin-bottom-small:10px;--awb-margin-left-small:0px;\"><h3 class=\"fusion-title-heading title-heading-center\" style=\"margin:0;\"><p>Compare CALTHA with our<br \/>\nother sofas<\/p><\/h3><\/div><\/div><\/div><div class=\"fusion-layout-column fusion_builder_column fusion-builder-column-9 fusion_builder_column_1_1 1_1 fusion-flex-column table-compare-box\" style=\"--awb-bg-size:cover;--awb-width-large:100%;--awb-margin-top-large:0px;--awb-spacing-right-large:1.92%;--awb-margin-bottom-large:20px;--awb-spacing-left-large:1.92%;--awb-width-medium:100%;--awb-order-medium:0;--awb-spacing-right-medium:1.92%;--awb-spacing-left-medium:1.92%;--awb-width-small:100%;--awb-order-small:0;--awb-spacing-right-small:1.92%;--awb-spacing-left-small:1.92%;\" data-scroll-devices=\"small-visibility,medium-visibility,large-visibility\"><div class=\"fusion-column-wrapper fusion-column-has-shadow fusion-flex-justify-content-flex-start fusion-content-layout-column\">\n<div class=\"table-1 table-compare\">\n<table style=\"width: 100%; height: 552px;\" width=\"100%\">\n<thead>\n<tr style=\"height: 87px;\">\n<th style=\"width: 11.7599%; height: 87px;\" align=\"left\"><\/th>\n<th style=\"width: 19.9725%; height: 87px;\" align=\"left\"><img decoding=\"async\" class=\"alignnone size-full wp-image-12590\" src=\"https:\/\/www.ada.at\/wp-content\/uploads\/2024\/01\/Couch-Caltha-Oesterreichische-Qualitaet-und-stilvolles-Design-im-ADA-.-Mindful-Living-Caltha-Sofa-nachhaltig-und-modern.jpg\" alt=\"Couch Caltha - \u00d6sterreichische Qualit\u00e4t und stilvolles Design im ADA . Mindful Living Caltha Sofa, nachhaltig und modern\" width=\"300\" height=\"150\" \/><\/th>\n<th style=\"width: 37.2984%; height: 87px;\" align=\"left\"><img decoding=\"async\" class=\"aligncenter wp-image-673 size-fusion-200\" src=\"https:\/\/www.ada.at\/wp-content\/uploads\/2023\/11\/sofa-alemere.jpg\" alt=\"\" width=\"200\" height=\"115\" \/><\/th>\n<th style=\"width: 29.9401%; height: 87px;\" align=\"left\"><img decoding=\"async\" class=\"alignnone size-full wp-image-12596\" src=\"https:\/\/www.ada.at\/wp-content\/uploads\/2024\/01\/Produktvergleich-Couch-Tivoli-Oesterreichische-Qualitaet-und-stilvolles-Design-im-ADA-.-Mindful-Living-Tivoli-Sofa-nachhaltig-und-skandinavisches-Design.jpg\" alt=\"Produktvergleich Couch Tivoli- \u00d6sterreichische Qualit\u00e4t und stilvolles Design im ADA . Mindful Living Tivoli Sofa, nachhaltig und skandinavisches Design\" width=\"300\" height=\"150\" \/><\/th>\n<\/tr>\n<\/thead>\n<tbody>\n<tr style=\"height: 24px;\">\n<td style=\"width: 11.7599%; height: 24px;\" align=\"left\"><strong>Model<\/strong><\/td>\n<td style=\"width: 19.9725%; height: 24px;\" align=\"left\">Caltha<\/td>\n<td style=\"width: 37.2984%; height: 24px;\" align=\"left\">Almere<\/td>\n<td style=\"width: 29.9401%; height: 24px;\" align=\"left\">Tivoli<\/td>\n<\/tr>\n<tr style=\"height: 216px;\">\n<td style=\"width: 11.7599%; height: 216px;\"><strong>Brief description<\/strong><\/td>\n<td style=\"width: 19.9725%; height: 216px;\">CALTHA is a sofa that combines comfort and convenience with a modular design for easy handling. It offers large, soft seat cushions and flexible back cushions that adapt to any position. Its smart design also makes it very easy to transport and assemble.<\/td>\n<td style=\"width: 37.2984%; height: 216px;\">With its soft, supportive upholstery, adjustable elements for optimum relaxation, an inviting chaise longue and a heart-balance position to support circulation, the ALMERE sofa is a perfect combination of comfort and functionality.<\/td>\n<td style=\"width: 29.9401%; height: 216px;\">TIVOLI is an inspiring, versatile sofa that captivates with its contrasts in design and shape, its large seats, slim backrests and variable elements, including adjustable armrests and a selectable chaise longue, making it your stage for comfort and style in your living room.<\/td>\n<\/tr>\n<tr style=\"height: 176px;\">\n<td style=\"height: 176px; width: 11.7599%;\"><strong>Special features<\/strong><\/td>\n<td style=\"height: 176px; width: 19.9725%;\">\n<ul>\n<li>Easy transport, assembly and dismantling<\/li>\n<li>Flexible functional cushions<\/li>\n<li>Practical solid wood side table with storage compartment<\/li>\n<\/ul>\n<\/td>\n<td style=\"height: 176px; width: 37.2984%;\">\n<ul>\n<li>Adjustable backrests and neckrests<\/li>\n<li>Solid wood side table for working at home<\/li>\n<li>Practical storage compartment with USB charging port<\/li>\n<\/ul>\n<\/td>\n<td style=\"height: 176px; width: 29.9401%;\">\n<ul>\n<li>Inspiring high-contrast design<\/li>\n<li>Solid wood base: Oak, Walnut or Beech<\/li>\n<li>Infinitely adjustable armrests<\/li>\n<\/ul>\n<\/td>\n<\/tr>\n<tr style=\"height: 24px;\">\n<td style=\"width: 11.7599%; height: 24px;\"><\/td>\n<td style=\"width: 19.9725%; height: 24px;\"><\/td>\n<td style=\"width: 37.2984%; height: 24px; text-align: left;\"><a class=\"button\" href=\"https:\/\/www.ada.at\/en\/produkte\/reside\/sofas\/i-shape\/almere\/\">To the product<\/a><\/td>\n<td style=\"width: 29.9401%; height: 24px; text-align: left;\"><a class=\"button\" href=\"https:\/\/www.ada.at\/en\/produkte\/reside\/sofas\/i-shape\/tivoli\/\">To the product<\/a><\/td>\n<\/tr>\n<\/tbody>\n<\/table>\n<\/div>\n<\/div><\/div><\/div><\/div><\/p>\n","protected":false},"excerpt":{"rendered":"<p>Just let yourself go? Exactly. CALTHA is there to catch you with its large, soft seat cushions while giving you wonderful support \u2013 something which, thanks to the flexible back cushions, it can even do in any position. And this sofa is as comfortable as it is easy to handle. Thanks to its modular design, transporting it from one place to another, setting it up and dismantling it is child\u2019s play.<\/p>\n<ul>\n<li>Modular design<\/li>\n<li>Easy transport, assembly and dismantling<\/li>\n<li>Flexible functional cushions<\/li>\n<li>Practical solid wood side table with storage compartment<\/li>\n<\/ul>\n","protected":false},"featured_media":21221,"template":"","meta":{"_acf_changed":false},"product_brand":[],"product_cat":[724,396,394,393,395],"product_tag":[408,409,406,401,404,398,403,397,405,407,399,400],"class_list":{"0":"post-14909","1":"product","2":"type-product","3":"status-publish","4":"has-post-thumbnail","6":"product_cat-ada-en","7":"product_cat-i-shape","8":"product_cat-l-shape","9":"product_cat-sofas","10":"product_cat-u-shape","11":"product_tag-130cm","12":"product_tag-140cm","13":"product_tag-adjustable-backrest-pillows","14":"product_tag-beech","15":"product_tag-firm","16":"product_tag-leather","17":"product_tag-medium","18":"product_tag-seating-groups","19":"product_tag-table-storage","20":"product_tag-table-storage-function","21":"product_tag-textile","22":"product_tag-vegan-leather","23":"post-status-publish","25":"first","26":"instock","27":"shipping-taxable","28":"product-type-simple","29":"add-to-wishlist-before_image"},"acf":[],"_links":{"self":[{"href":"https:\/\/www.ada.at\/en\/wp-json\/wp\/v2\/product\/14909","targetHints":{"allow":["GET"]}}],"collection":[{"href":"https:\/\/www.ada.at\/en\/wp-json\/wp\/v2\/product"}],"about":[{"href":"https:\/\/www.ada.at\/en\/wp-json\/wp\/v2\/types\/product"}],"version-history":[{"count":5,"href":"https:\/\/www.ada.at\/en\/wp-json\/wp\/v2\/product\/14909\/revisions"}],"predecessor-version":[{"id":26138,"href":"https:\/\/www.ada.at\/en\/wp-json\/wp\/v2\/product\/14909\/revisions\/26138"}],"wp:featuredmedia":[{"embeddable":true,"href":"https:\/\/www.ada.at\/en\/wp-json\/wp\/v2\/media\/21221"}],"wp:attachment":[{"href":"https:\/\/www.ada.at\/en\/wp-json\/wp\/v2\/media?parent=14909"}],"wp:term":[{"taxonomy":"product_brand","embeddable":true,"href":"https:\/\/www.ada.at\/en\/wp-json\/wp\/v2\/product_brand?post=14909"},{"taxonomy":"product_cat","embeddable":true,"href":"https:\/\/www.ada.at\/en\/wp-json\/wp\/v2\/product_cat?post=14909"},{"taxonomy":"product_tag","embeddable":true,"href":"https:\/\/www.ada.at\/en\/wp-json\/wp\/v2\/product_tag?post=14909"}],"curies":[{"name":"wp","href":"https:\/\/api.w.org\/{rel}","templated":true}]}}