{"id":12904,"date":"2023-08-19T13:42:43","date_gmt":"2023-08-19T11:42:43","guid":{"rendered":"https:\/\/www.ada.at\/12904-2\/"},"modified":"2025-07-28T15:21:49","modified_gmt":"2025-07-28T13:21:49","slug":"imprint","status":"publish","type":"page","link":"https:\/\/www.ada.at\/en\/imprint\/","title":{"rendered":"Imprint"},"content":{"rendered":"<p><div class=\"fusion-fullwidth fullwidth-box fusion-builder-row-1 fusion-flex-container has-pattern-background has-mask-background fusion-parallax-none nonhundred-percent-fullwidth non-hundred-percent-height-scrolling cpart-heroheader heroHeaderContainer\" style=\"--link_hover_color: var(--awb-color5);--link_color: var(--awb-color5);--awb-border-color:var(--awb-color1);--awb-border-radius-top-left:0px;--awb-border-radius-top-right:0px;--awb-border-radius-bottom-right:0px;--awb-border-radius-bottom-left:0px;--awb-padding-top:9vw;--awb-padding-bottom:0px;--awb-padding-top-small:70px;--awb-padding-right-small:40px;--awb-padding-bottom-small:0px;--awb-padding-left-small:40px;--awb-margin-bottom-medium:0px;--awb-margin-bottom-small:60px;--awb-min-height:600px;--awb-background-color:hsla(var(--awb-color8-h),var(--awb-color8-s),var(--awb-color8-l),calc(var(--awb-color8-a) - 30%));--awb-background-image:radial-gradient(circle at center center, rgba(255,255,255,0) 20%,rgba(0,0,0,0.7) 100%),url(\/wp-content\/uploads\/2023\/09\/header_impressum_ada-mindful-living.jpg);;--awb-background-size:cover;--awb-flex-wrap:wrap;\" ><div class=\"fusion-builder-row fusion-row fusion-flex-align-items-center fusion-flex-content-wrap\" style=\"max-width:1248px;margin-left: calc(-4% \/ 2 );margin-right: calc(-4% \/ 2 );\"><div class=\"fusion-layout-column fusion_builder_column fusion-builder-column-0 fusion_builder_column_1_1 1_1 fusion-flex-column\" style=\"--awb-padding-bottom-medium:0px;--awb-bg-size:cover;--awb-width-large:100%;--awb-margin-top-large:0px;--awb-spacing-right-large:1.92%;--awb-margin-bottom-large:85px;--awb-spacing-left-large:1.92%;--awb-width-medium:100%;--awb-order-medium:0;--awb-spacing-right-medium:1.92%;--awb-spacing-left-medium:1.92%;--awb-width-small:100%;--awb-order-small:0;--awb-spacing-right-small:1.92%;--awb-margin-bottom-small:44px;--awb-spacing-left-small:1.92%;\" data-scroll-devices=\"small-visibility,medium-visibility,large-visibility\"><div class=\"fusion-column-wrapper fusion-column-has-shadow fusion-flex-justify-content-flex-start fusion-content-layout-column\"><\/div><\/div><\/div><\/div><div class=\"fusion-fullwidth fullwidth-box fusion-builder-row-2 fusion-flex-container has-pattern-background has-mask-background nonhundred-percent-fullwidth non-hundred-percent-height-scrolling\" style=\"--awb-border-radius-top-left:0px;--awb-border-radius-top-right:0px;--awb-border-radius-bottom-right:0px;--awb-border-radius-bottom-left:0px;--awb-flex-wrap:wrap;\" ><div class=\"fusion-builder-row fusion-row fusion-flex-align-items-center fusion-flex-justify-content-center fusion-flex-content-wrap\" style=\"max-width:1248px;margin-left: calc(-4% \/ 2 );margin-right: calc(-4% \/ 2 );\"><div class=\"fusion-layout-column fusion_builder_column fusion-builder-column-1 fusion_builder_column_2_3 2_3 fusion-flex-column fusion-flex-align-self-center cpart-leadIntext\" style=\"--awb-bg-color:var(--awb-color1);--awb-bg-color-hover:var(--awb-color1);--awb-bg-size:cover;--awb-width-large:66.666666666667%;--awb-margin-top-large:0px;--awb-spacing-right-large:2.88%;--awb-margin-bottom-large:20px;--awb-spacing-left-large:2.88%;--awb-width-medium:66.666666666667%;--awb-order-medium:0;--awb-spacing-right-medium:2.88%;--awb-spacing-left-medium:2.88%;--awb-width-small:100%;--awb-order-small:0;--awb-spacing-right-small:1.92%;--awb-spacing-left-small:1.92%;\" data-scroll-devices=\"small-visibility,medium-visibility,large-visibility\"><div class=\"fusion-column-wrapper fusion-column-has-shadow fusion-flex-justify-content-flex-start fusion-content-layout-column\"><div class=\"fusion-title title fusion-title-1 fusion-sep-none fusion-title-text fusion-title-size-one left-50\" style=\"--awb-text-color:var(--awb-color5);--awb-margin-top-small:10px;--awb-margin-right-small:0px;--awb-margin-bottom-small:10px;--awb-margin-left-small:0px;\"><h1 class=\"fusion-title-heading title-heading-left\" style=\"margin:0;\">Legal notice<\/h1><\/div><div class=\"fusion-text fusion-text-1 left50\"><p>In our imprint, you will find all the official information about us: who is behind this website, how you can contact us and what legal conditions apply here. Dry material to be sure \u2013 but useful sometimes!<\/p>\n<\/div><\/div><\/div><\/div><\/div><div class=\"fusion-fullwidth fullwidth-box fusion-builder-row-3 fusion-flex-container has-pattern-background has-mask-background nonhundred-percent-fullwidth non-hundred-percent-height-scrolling\" style=\"--awb-border-radius-top-left:0px;--awb-border-radius-top-right:0px;--awb-border-radius-bottom-right:0px;--awb-border-radius-bottom-left:0px;--awb-flex-wrap:wrap;\" ><div class=\"fusion-builder-row fusion-row fusion-flex-align-items-flex-start fusion-flex-content-wrap\" style=\"max-width:1248px;margin-left: calc(-4% \/ 2 );margin-right: calc(-4% \/ 2 );\"><div class=\"fusion-layout-column fusion_builder_column fusion-builder-column-2 fusion_builder_column_1_1 1_1 fusion-flex-column\" style=\"--awb-bg-size:cover;--awb-width-large:100%;--awb-margin-top-large:0px;--awb-spacing-right-large:1.92%;--awb-margin-bottom-large:20px;--awb-spacing-left-large:1.92%;--awb-width-medium:100%;--awb-order-medium:0;--awb-spacing-right-medium:1.92%;--awb-spacing-left-medium:1.92%;--awb-width-small:100%;--awb-order-small:0;--awb-spacing-right-small:1.92%;--awb-spacing-left-small:1.92%;\"><div class=\"fusion-column-wrapper fusion-column-has-shadow fusion-flex-justify-content-flex-start fusion-content-layout-column\"><div class=\"fusion-text fusion-text-2\"><p><strong>ADA M\u00f6belwerke Holding AG<\/strong><br \/>\nBaierdorf-Umgebung 61<br \/>\nAT-8184 Anger<\/p>\n<p><strong>Contact<\/strong><br \/>\nTel.: <a href=\"tel:+43317571000\" target=\"_blank\" rel=\"noopener noreferrer\">+43 (0) 3175 \/ 7100-0<\/a><br \/>\nMail: <a href=\"mailto:office.anger@ada.at\">office.anger@ada.at<\/a><\/p>\n<p><strong>Business register number:<\/strong> FN 59301 h<br \/>\n<strong>Jurisdiction:<\/strong> Regional Court for Civil Matters Graz<br \/>\n<strong>VAT registration number:<\/strong> ATU28603507<\/p>\n<p><strong>Management: <\/strong><\/p>\n<ul>\n<li>Nikolaus Szlavik<\/li>\n<li>Wibmer Michael<\/li>\n<\/ul>\n<p><strong>Trade authority:<\/strong><br \/>\nWeiz District Authority<br \/>\nStyrian Economic Chamber, Section for the Wood Processing and Clothing Industry<\/p>\n<p>Trade law: <a href=\"https:\/\/www.ris.bka.gv.at\/\" target=\"_blank\" rel=\"noopener\">www.ris.bka.gv.at<\/a><\/p>\n<p>&#8212;&#8212;&#8212;&#8212;&#8212;&#8212;&#8212;&#8212;&#8212;&#8212;&#8212;&#8212;&#8212;&#8212;&#8212;&#8212;&#8212;&#8212;&#8212;&#8212;&#8212;&#8212;&#8212;&#8212;&#8212;&#8212;&#8212;&#8212;&#8212;&#8212;&#8212;&#8212;&#8212;&#8212;&#8212;&#8212;&#8212;&#8212;&#8212;&#8212;&#8212;&#8212;&#8212;&#8212;&#8212;&#8212;&#8212;&#8212;&#8212;&#8212;&#8212;&#8212;&#8212;&#8212;&#8212;&#8212;-<\/p>\n<p><strong>ADA M\u00f6belfabrik GmbH<\/strong><br \/>\nBaierdorf-Umgebung 61<br \/>\nAT-8184 Anger<\/p>\n<p><strong>Contact<\/strong><br \/>\nTel.: +43 (0) 3175 \/ 7100-0<br \/>\n<a href=\"mailto:office.anger@ada.at\">office.anger@ada.at<\/a><\/p>\n<p><strong>Trade law<\/strong>: FN 56021i<br \/>\n<strong>Jurisdiction:<\/strong> Regional Court for Civil Matters Graz<br \/>\n<strong>VAT registration number:<\/strong> ATU30418401<\/p>\n<p><strong>Management: <\/strong><\/p>\n<ul>\n<li>Hasenh\u00fctl Mario<\/li>\n<\/ul>\n<p><strong>Trade authority:<\/strong><br \/>\nWeiz District Authority<br \/>\nStyrian Economic Chamber, Section for the Wood Processing and Clothing Industry<\/p>\n<p>Trade law: <a href=\"https:\/\/www.ris.bka.gv.at\/\" target=\"_blank\" rel=\"noopener\">www.ris.bka.gv.at<\/a><\/p>\n<p>&#8212;&#8212;&#8212;&#8212;&#8212;&#8212;&#8212;&#8212;&#8212;&#8212;&#8212;&#8212;&#8212;&#8212;&#8212;&#8212;&#8212;&#8212;&#8212;&#8212;&#8212;&#8212;&#8212;&#8212;&#8212;&#8212;&#8212;&#8212;&#8212;&#8212;&#8212;&#8212;&#8212;&#8212;&#8212;&#8212;&#8212;&#8212;&#8212;&#8212;&#8212;&#8212;&#8212;&#8212;&#8212;&#8212;&#8212;&#8212;&#8212;&#8212;&#8212;&#8212;&#8212;&#8212;&#8212;&#8212;-<\/p>\n<p><strong>ADA M\u00f6belwerke GmbH<\/strong><br \/>\nDr.-Auner-Stra\u00dfe 19<br \/>\nA-8074 Raaba<\/p>\n<p><strong>Contact<\/strong><br \/>\nTel.: +43 (0) 3175 \/ 7100-0<br \/>\n<a href=\"mailto:office.raaba@ada.at\">office.raaba@ada.at<\/a><\/p>\n<p><strong>Business register number:<\/strong> FN 558052s<br \/>\n<strong>Jurisdiction:<\/strong> Regional Court for Civil Matters Graz<br \/>\n<strong>VAT registration number:<\/strong> ATU77056169<\/p>\n<p><strong>Management: <\/strong><\/p>\n<ul>\n<li>Neumann Thomas<\/li>\n<\/ul>\n<p><strong>Trade authority:<\/strong><br \/>\nGraz-Umgebung District Authority<br \/>\nStyrian Economic Chamber, Section for the Wood Processing and Clothing Industry<\/p>\n<p>Trade law: <a href=\"https:\/\/www.ris.bka.gv.at\/\" target=\"_blank\" rel=\"noopener\">www.ris.bka.gv.at<\/a><\/p>\n<p>&#8212;&#8212;&#8212;&#8212;&#8212;&#8212;&#8212;&#8212;&#8212;&#8212;&#8212;&#8212;&#8212;&#8212;&#8212;&#8212;&#8212;&#8212;&#8212;&#8212;&#8212;&#8212;&#8212;&#8212;&#8212;&#8212;&#8212;&#8212;&#8212;&#8212;&#8212;&#8212;&#8212;&#8212;&#8212;&#8212;&#8212;&#8212;&#8212;&#8212;&#8212;&#8212;&#8212;&#8212;&#8212;&#8212;&#8212;&#8212;&#8212;&#8212;&#8212;&#8212;&#8212;&#8212;&#8212;&#8212;-<\/p>\n<p><strong>ADA Hung\u00e1ria B\u00fatorgy\u00e1r Kft.<\/strong><br \/>\nHU-9900 K\u00f6rmend<br \/>\nR\u00e1k\u00f3czi \u00fat 154.<\/p>\n<p><strong>Contact<\/strong><br \/>\nTel.: +36 94 590-100<br \/>\n<a href=\"mailto:office.kormend@ada.at\">office.kormend@ada.at<\/a><\/p>\n<p><strong>Business register number:<\/strong> 18-09-101023<br \/>\n<strong>Jurisdiction:<\/strong> Commercial Register Court of the Szombathely Regional Court<br \/>\n<strong>VAT registration number:<\/strong> HU11300476<\/p>\n<p><strong>Management: <\/strong><\/p>\n<ul>\n<li>Beentjes Mark<\/li>\n<li>Binder Franz<\/li>\n<\/ul>\n<p>&#8212;&#8212;&#8212;&#8212;&#8212;&#8212;&#8212;&#8212;&#8212;&#8212;&#8212;&#8212;&#8212;&#8212;&#8212;&#8212;&#8212;&#8212;&#8212;&#8212;&#8212;&#8212;&#8212;&#8212;&#8212;&#8212;&#8212;&#8212;&#8212;&#8212;&#8212;&#8212;&#8212;&#8212;&#8212;&#8212;&#8212;&#8212;&#8212;&#8212;&#8212;&#8212;&#8212;&#8212;&#8212;&#8212;&#8212;&#8212;&#8212;&#8212;&#8212;&#8212;&#8212;&#8212;&#8212;&#8212;-<\/p>\n<p><strong>ADA Nova Kft.<\/strong><br \/>\nHU-9900 K\u00f6rmend<br \/>\nR\u00e1k\u00f3czi \u00fat 154.<\/p>\n<p><strong>Contact<\/strong><br \/>\nTel.: +36 92 577-110<br \/>\n<a href=\"mailto:office.nova@ada.at\">office.nova@ada.at<\/a><\/p>\n<p><strong>Business register number:<\/strong> 18-09-105138<br \/>\n<strong>Jurisdiction:<\/strong> Commercial Register Court of the Szombathely Regional Court<br \/>\n<strong>VAT registration number:<\/strong> HU12880122<\/p>\n<p><strong>Management: <\/strong><\/p>\n<ul>\n<li>Szabo Ferenc<\/li>\n<li>Tamas Lendvai<\/li>\n<\/ul>\n<p>&#8212;&#8212;&#8212;&#8212;&#8212;&#8212;&#8212;&#8212;&#8212;&#8212;&#8212;&#8212;&#8212;&#8212;&#8212;&#8212;&#8212;&#8212;&#8212;&#8212;&#8212;&#8212;&#8212;&#8212;&#8212;&#8212;&#8212;&#8212;&#8212;&#8212;&#8212;&#8212;&#8212;&#8212;&#8212;&#8212;&#8212;&#8212;&#8212;&#8212;&#8212;&#8212;&#8212;&#8212;&#8212;&#8212;&#8212;&#8212;&#8212;&#8212;&#8212;&#8212;&#8212;&#8212;&#8212;&#8212;-<\/p>\n<p><strong>ADA fabrica de mobila s.r.l.<\/strong><br \/>\nRO-415500 Salonta<br \/>\nStr. Iosif Vulcan 31<\/p>\n<p><strong>Contact<\/strong><br \/>\nTel.: +40 259 408-600<br \/>\n<a href=\"mailto:office.salonta@ada.at\">office.salonta@ada.at<\/a><\/p>\n<p><strong>Business register number:<\/strong> J05\/2140\/2004<br \/>\n<strong>Jurisdiction:<\/strong> Court of Oradea<br \/>\n<strong>VAT registration number:<\/strong> RO16957137<\/p>\n<p><strong>Management: <\/strong><\/p>\n<ul>\n<li>Bagdi Andrea<\/li>\n<li>Szilard Solti<\/li>\n<\/ul>\n<p>&#8212;&#8212;&#8212;&#8212;&#8212;&#8212;&#8212;&#8212;&#8212;&#8212;&#8212;&#8212;&#8212;&#8212;&#8212;&#8212;&#8212;&#8212;&#8212;&#8212;&#8212;&#8212;&#8212;&#8212;&#8212;&#8212;&#8212;&#8212;&#8212;&#8212;&#8212;&#8212;&#8212;&#8212;&#8212;&#8212;&#8212;&#8212;&#8212;&#8212;&#8212;&#8212;&#8212;&#8212;&#8212;&#8212;&#8212;&#8212;&#8212;&#8212;&#8212;&#8212;&#8212;&#8212;&#8212;&#8212;-<\/p>\n<p><span style=\"color: var(--awb-text-color); font-family: var(--awb-text-font-family); font-size: var(--awb-font-size); font-style: var(--awb-text-font-style); font-weight: var(--awb-text-font-weight); letter-spacing: var(--awb-letter-spacing); text-align: var(--awb-content-alignment); text-transform: var(--awb-text-transform); background-color: var(--awb-bg-color);\">ADA has established an anonymous whistleblowing system that employees, business partners, customers and potentially affected third parties can use to notify an independent lawyer about possible grievances within the company and\/or violations of the law. You can use this system as an anonymous way to report any grievances or violations of the law at ADA that you have noticed directly or in your environment. Berichten Sie hier anonym \u00fcber Missst\u00e4nde oder Gesetzesverst\u00f6\u00dfe bei ADA, die Sie unmittelbar oder in Ihrem Umfeld wahrgenommen haben. <\/span><\/p>\n<p><a href=\"https:\/\/sgp-lumen.de\/app\/ada\" target=\"_blank\" rel=\"noopener noreferrer\">Whistleblowing system<\/a><\/p>\n<p><strong>Photos:<\/strong><\/p>\n<p>\u00a9 ADA M\u00f6belwerke<\/p>\n<p>About us &#8211; Career: \u00a9 &#8220;Yuri Arcurs&#8221; \/ <a href=\"https:\/\/fotolia.com\/\" target=\"_blank\" rel=\"noopener\">Fotolia.com<\/a><\/p>\n<p>About us &#8211; Career: \u00a9 Adobe Stock \/ <a href=\"https:\/\/stock.adobe.com\/\" target=\"_blank\" rel=\"noopener\">stock.adobe.com<\/a><\/p>\n<p>About us &#8211; Company &#8211; Locations: \u00a9 &#8220;Markus Flicker&#8221; \/ <a href=\"https:\/\/markusflicker.com\/\" target=\"_blank\" rel=\"noopener\">markusflicker.com<\/a><\/p>\n<p>With \u2764\ufe0f and SEO magic by: <a href=\"https:\/\/wukonig.com\/\" target=\"_blank\" rel=\"noopener\">https:\/\/wukonig.com\/<\/a><\/p>\n<\/div><\/div><\/div><\/div><\/div><\/p>\n","protected":false},"excerpt":{"rendered":"","protected":false},"author":3,"featured_media":0,"parent":0,"menu_order":0,"comment_status":"closed","ping_status":"closed","template":"100-width.php","meta":{"_acf_changed":false,"footnotes":""},"class_list":["post-12904","page","type-page","status-publish","hentry","post-status-publish"],"acf":[],"_links":{"self":[{"href":"https:\/\/www.ada.at\/en\/wp-json\/wp\/v2\/pages\/12904","targetHints":{"allow":["GET"]}}],"collection":[{"href":"https:\/\/www.ada.at\/en\/wp-json\/wp\/v2\/pages"}],"about":[{"href":"https:\/\/www.ada.at\/en\/wp-json\/wp\/v2\/types\/page"}],"author":[{"embeddable":true,"href":"https:\/\/www.ada.at\/en\/wp-json\/wp\/v2\/users\/3"}],"replies":[{"embeddable":true,"href":"https:\/\/www.ada.at\/en\/wp-json\/wp\/v2\/comments?post=12904"}],"version-history":[{"count":2,"href":"https:\/\/www.ada.at\/en\/wp-json\/wp\/v2\/pages\/12904\/revisions"}],"predecessor-version":[{"id":23146,"href":"https:\/\/www.ada.at\/en\/wp-json\/wp\/v2\/pages\/12904\/revisions\/23146"}],"wp:attachment":[{"href":"https:\/\/www.ada.at\/en\/wp-json\/wp\/v2\/media?parent=12904"}],"curies":[{"name":"wp","href":"https:\/\/api.w.org\/{rel}","templated":true}]}}